{"id":1375,"date":"2023-10-09T14:17:40","date_gmt":"2023-10-09T14:17:40","guid":{"rendered":"https:\/\/loja.springschool.me\/?post_type=product&#038;p=1375"},"modified":"2024-07-17T16:08:18","modified_gmt":"2024-07-17T16:08:18","slug":"a-vantagem-decisiva","status":"publish","type":"product","link":"https:\/\/loja.springschool.me\/ja\/product\/a-vantagem-decisiva\/","title":{"rendered":"\u6c7a\u5b9a\u7684\u306a\u5229\u70b9"},"content":{"rendered":"<h3>\u8457\u8005\u306b\u3064\u3044\u3066<\/h3>\n<div class=\"a-section a-spacing-small a-padding-small\">PATRICK LENCIONI \u306f\u3001\u4f01\u696d\u306e\u5065\u5168\u6027\u3001\u30c1\u30fc\u30e0\u30ef\u30fc\u30af\u3001\u5f93\u696d\u54e1\u306e\u30a8\u30f3\u30b2\u30fc\u30b8\u30e1\u30f3\u30c8\u3092\u5411\u4e0a\u3055\u305b\u308b\u30a2\u30a4\u30c7\u30a2\u3001\u88fd\u54c1\u3001\u30b5\u30fc\u30d3\u30b9\u306e\u63d0\u4f9b\u306b\u5c02\u5ff5\u3059\u308b\u7d44\u7e54\u3067\u3042\u308b The Table Group \u306e\u5275\u8a2d\u8005\u517c\u793e\u9577\u3067\u3059\u3002\u5f7c\u306f\u3001Sextante \u304b\u3089\u51fa\u7248\u3055\u308c\u305f\u300eThe 5 Team Challenges\u300f\u3084\u300eThe Decisive Advantage\u300f\u306a\u3069\u3001\u5408\u308f\u305b\u3066 600 \u4e07\u90e8\u4ee5\u4e0a\u3092\u8ca9\u58f2\u3057\u300130 \u4ee5\u4e0a\u306e\u8a00\u8a9e\u306b\u7ffb\u8a33\u3055\u308c\u305f\u6570\u518a\u306e\u672c\u306e\u8457\u8005\u3067\u3059\u3002\u57f7\u7b46\u4ee5\u5916\u306e\u3068\u304d\u306f\u3001\u30ec\u30f3\u30b7\u30aa\u30fc\u30cb\u6c0f\u306f CEO \u304a\u3088\u3073\u305d\u306e\u7d4c\u55b6\u9663\u3068\u76f8\u8ac7\u3057\u307e\u3059\u3002\u305d\u306e\u9867\u5ba2\u30d9\u30fc\u30b9\u306b\u306f\u3001\u30d5\u30a9\u30fc\u30d6\u30b9 500 \u4f01\u696d\u6570\u793e\u3001\u30d7\u30ed \u30b9\u30dd\u30fc\u30c4\u7d44\u7e54\u3001\u7c73\u8ecd\u3001\u975e\u55b6\u5229\u6a5f\u95a2\u3001\u5927\u5b66\u3001\u6559\u4f1a\u304c\u542b\u307e\u308c\u307e\u3059\u3002\u3055\u3089\u306b\u3001\u5f7c\u306f\u6bce\u5e74\u3001\u5168\u56fd\u4f1a\u8b70\u3084\u5927\u898f\u6a21\u306a\u7d44\u7e54\u3067\u4f55\u5343\u4eba\u3082\u306e\u30ea\u30fc\u30c0\u30fc\u3068\u8b1b\u6f14\u3057\u3066\u3044\u307e\u3059\u3002<\/div>","protected":false},"excerpt":{"rendered":"<p><strong>\u5728\u5eab\u9650\u308a\u306e\u30b9\u30fc\u30d1\u30fc\u30d7\u30ed\u30e2\u30fc\u30b7\u30e7\u30f3\uff01 <\/strong><\/p>\n<p>\u6c7a\u5b9a\u7684\u306a\u5229\u70b9: \u5065\u5168\u306a\u6587\u5316\u3092\u6301\u3064\u3053\u3068\u304c\u4f01\u696d\u306e\u6210\u529f\u306b\u3068\u3063\u3066\u6700\u3082\u91cd\u8981\u306a\u8981\u7d20\u3067\u3042\u308b\u7406\u7531\u3002\u3053\u306e\u672c\u3068\u540c\u3058\u8457\u8005\u306e\u4f5c\u54c1\u00a0<em>5\u30c1\u30fc\u30e0\u304c\u6311\u6226\u3057\u307e\u3059\u3002<\/em><\/p>","protected":false},"featured_media":1376,"template":"","meta":[],"product_cat":[20],"product_tag":[59,60],"yoast_head":"<!-- This site is optimized with the Yoast SEO plugin v20.11 - https:\/\/yoast.com\/wordpress\/plugins\/seo\/ -->\n<title>A vantagem decisiva - Spring School - Loja Virtual<\/title>\n<meta name=\"description\" content=\"Promo\u00e7\u00e3o com estoque limitado! A vantagem decisiva: Por que ter uma cultura saud\u00e1vel \u00e9 o fator mais importante para o sucesso de uma empresa.\" \/>\n<meta name=\"robots\" content=\"index, follow, max-snippet:-1, max-image-preview:large, max-video-preview:-1\" \/>\n<link rel=\"canonical\" href=\"https:\/\/loja.springschool.me\/ja\/product\/a-vantagem-decisiva\/\" \/>\n<meta property=\"og:locale\" content=\"ja_JP\" \/>\n<meta property=\"og:type\" content=\"article\" \/>\n<meta property=\"og:title\" content=\"A vantagem decisiva - Spring School - Loja Virtual\" \/>\n<meta property=\"og:description\" content=\"Promo\u00e7\u00e3o com estoque limitado! A vantagem decisiva: Por que ter uma cultura saud\u00e1vel \u00e9 o fator mais importante para o sucesso de uma empresa.\" \/>\n<meta property=\"og:url\" content=\"https:\/\/loja.springschool.me\/ja\/product\/a-vantagem-decisiva\/\" \/>\n<meta property=\"og:site_name\" content=\"Spring School - Loja Virtual\" \/>\n<meta property=\"article:modified_time\" content=\"2024-07-17T16:08:18+00:00\" \/>\n<meta property=\"og:image\" content=\"https:\/\/loja.springschool.me\/wp-content\/uploads\/2023\/10\/spring-school-loja-livro-a-vantagem-decisiva-01.jpg\" \/>\n\t<meta property=\"og:image:width\" content=\"1000\" \/>\n\t<meta property=\"og:image:height\" content=\"1000\" \/>\n\t<meta property=\"og:image:type\" content=\"image\/jpeg\" \/>\n<meta name=\"twitter:card\" content=\"summary_large_image\" \/>\n<meta name=\"twitter:label1\" content=\"\u63a8\u5b9a\u8aad\u307f\u53d6\u308a\u6642\u9593\" \/>\n\t<meta name=\"twitter:data1\" content=\"1\u5206\" \/>\n<script type=\"application\/ld+json\" class=\"yoast-schema-graph\">{\"@context\":\"https:\/\/schema.org\",\"@graph\":[{\"@type\":\"WebPage\",\"@id\":\"https:\/\/loja.springschool.me\/produto\/a-vantagem-decisiva\/\",\"url\":\"https:\/\/loja.springschool.me\/produto\/a-vantagem-decisiva\/\",\"name\":\"A vantagem decisiva - Spring School - Loja Virtual\",\"isPartOf\":{\"@id\":\"https:\/\/loja.springschool.me\/#website\"},\"datePublished\":\"2023-10-09T14:17:40+00:00\",\"dateModified\":\"2024-07-17T16:08:18+00:00\",\"description\":\"Promo\u00e7\u00e3o com estoque limitado! A vantagem decisiva: Por que ter uma cultura saud\u00e1vel \u00e9 o fator mais importante para o sucesso de uma empresa.\",\"breadcrumb\":{\"@id\":\"https:\/\/loja.springschool.me\/produto\/a-vantagem-decisiva\/#breadcrumb\"},\"inLanguage\":\"ja\",\"potentialAction\":[{\"@type\":\"ReadAction\",\"target\":[\"https:\/\/loja.springschool.me\/produto\/a-vantagem-decisiva\/\"]}]},{\"@type\":\"BreadcrumbList\",\"@id\":\"https:\/\/loja.springschool.me\/produto\/a-vantagem-decisiva\/#breadcrumb\",\"itemListElement\":[{\"@type\":\"ListItem\",\"position\":1,\"name\":\"In\u00edcio\",\"item\":\"https:\/\/loja.springschool.me\/\"},{\"@type\":\"ListItem\",\"position\":2,\"name\":\"Shop\",\"item\":\"https:\/\/loja.springschool.me\/shop\/\"},{\"@type\":\"ListItem\",\"position\":3,\"name\":\"A vantagem decisiva\"}]},{\"@type\":\"WebSite\",\"@id\":\"https:\/\/loja.springschool.me\/#website\",\"url\":\"https:\/\/loja.springschool.me\/\",\"name\":\"Spring School - Loja Virtual\",\"description\":\"Just another WordPress site\",\"potentialAction\":[{\"@type\":\"SearchAction\",\"target\":{\"@type\":\"EntryPoint\",\"urlTemplate\":\"https:\/\/loja.springschool.me\/?s={search_term_string}\"},\"query-input\":\"required name=search_term_string\"}],\"inLanguage\":\"ja\"}]}<\/script>\n<!-- \/ Yoast SEO plugin. -->","yoast_head_json":{"title":"A vantagem decisiva - Spring School - Loja Virtual","description":"Promo\u00e7\u00e3o com estoque limitado! A vantagem decisiva: Por que ter uma cultura saud\u00e1vel \u00e9 o fator mais importante para o sucesso de uma empresa.","robots":{"index":"index","follow":"follow","max-snippet":"max-snippet:-1","max-image-preview":"max-image-preview:large","max-video-preview":"max-video-preview:-1"},"canonical":"https:\/\/loja.springschool.me\/ja\/product\/a-vantagem-decisiva\/","og_locale":"ja_JP","og_type":"article","og_title":"A vantagem decisiva - Spring School - Loja Virtual","og_description":"Promo\u00e7\u00e3o com estoque limitado! A vantagem decisiva: Por que ter uma cultura saud\u00e1vel \u00e9 o fator mais importante para o sucesso de uma empresa.","og_url":"https:\/\/loja.springschool.me\/ja\/product\/a-vantagem-decisiva\/","og_site_name":"Spring School - Loja Virtual","article_modified_time":"2024-07-17T16:08:18+00:00","og_image":[{"width":1000,"height":1000,"url":"https:\/\/loja.springschool.me\/wp-content\/uploads\/2023\/10\/spring-school-loja-livro-a-vantagem-decisiva-01.jpg","type":"image\/jpeg"}],"twitter_card":"summary_large_image","twitter_misc":{"\u63a8\u5b9a\u8aad\u307f\u53d6\u308a\u6642\u9593":"1\u5206"},"schema":{"@context":"https:\/\/schema.org","@graph":[{"@type":"WebPage","@id":"https:\/\/loja.springschool.me\/produto\/a-vantagem-decisiva\/","url":"https:\/\/loja.springschool.me\/produto\/a-vantagem-decisiva\/","name":"A vantagem decisiva - Spring School - Loja Virtual","isPartOf":{"@id":"https:\/\/loja.springschool.me\/#website"},"datePublished":"2023-10-09T14:17:40+00:00","dateModified":"2024-07-17T16:08:18+00:00","description":"Promo\u00e7\u00e3o com estoque limitado! A vantagem decisiva: Por que ter uma cultura saud\u00e1vel \u00e9 o fator mais importante para o sucesso de uma empresa.","breadcrumb":{"@id":"https:\/\/loja.springschool.me\/produto\/a-vantagem-decisiva\/#breadcrumb"},"inLanguage":"ja","potentialAction":[{"@type":"ReadAction","target":["https:\/\/loja.springschool.me\/produto\/a-vantagem-decisiva\/"]}]},{"@type":"BreadcrumbList","@id":"https:\/\/loja.springschool.me\/produto\/a-vantagem-decisiva\/#breadcrumb","itemListElement":[{"@type":"ListItem","position":1,"name":"In\u00edcio","item":"https:\/\/loja.springschool.me\/"},{"@type":"ListItem","position":2,"name":"Shop","item":"https:\/\/loja.springschool.me\/shop\/"},{"@type":"ListItem","position":3,"name":"A vantagem decisiva"}]},{"@type":"WebSite","@id":"https:\/\/loja.springschool.me\/#website","url":"https:\/\/loja.springschool.me\/","name":"Spring School - Loja Virtual","description":"Just another WordPress site","potentialAction":[{"@type":"SearchAction","target":{"@type":"EntryPoint","urlTemplate":"https:\/\/loja.springschool.me\/?s={search_term_string}"},"query-input":"required name=search_term_string"}],"inLanguage":"ja"}]}},"_links":{"self":[{"href":"https:\/\/loja.springschool.me\/ja\/wp-json\/wp\/v2\/product\/1375"}],"collection":[{"href":"https:\/\/loja.springschool.me\/ja\/wp-json\/wp\/v2\/product"}],"about":[{"href":"https:\/\/loja.springschool.me\/ja\/wp-json\/wp\/v2\/types\/product"}],"version-history":[{"count":1,"href":"https:\/\/loja.springschool.me\/ja\/wp-json\/wp\/v2\/product\/1375\/revisions"}],"predecessor-version":[{"id":1377,"href":"https:\/\/loja.springschool.me\/ja\/wp-json\/wp\/v2\/product\/1375\/revisions\/1377"}],"wp:featuredmedia":[{"embeddable":true,"href":"https:\/\/loja.springschool.me\/ja\/wp-json\/wp\/v2\/media\/1376"}],"wp:attachment":[{"href":"https:\/\/loja.springschool.me\/ja\/wp-json\/wp\/v2\/media?parent=1375"}],"wp:term":[{"taxonomy":"product_cat","embeddable":true,"href":"https:\/\/loja.springschool.me\/ja\/wp-json\/wp\/v2\/product_cat?post=1375"},{"taxonomy":"product_tag","embeddable":true,"href":"https:\/\/loja.springschool.me\/ja\/wp-json\/wp\/v2\/product_tag?post=1375"}],"curies":[{"name":"wp","href":"https:\/\/api.w.org\/{rel}","templated":true}]}}