{"id":1367,"date":"2023-10-09T13:56:12","date_gmt":"2023-10-09T13:56:12","guid":{"rendered":"https:\/\/loja.springschool.me\/?post_type=product&#038;p=1367"},"modified":"2024-07-25T00:08:14","modified_gmt":"2024-07-25T00:08:14","slug":"mais-importante-que-o-dinheiro-equipe-de-empreendedores","status":"publish","type":"product","link":"https:\/\/loja.springschool.me\/ja\/product\/mais-importante-que-o-dinheiro-equipe-de-empreendedores\/","title":{"rendered":"\u304a\u91d1\u3088\u308a\u3082\u91cd\u8981: \u8d77\u696d\u5bb6\u30c1\u30fc\u30e0"},"content":{"rendered":"<h3>\u8457\u8005\u306b\u3064\u3044\u3066<\/h3>\n<p>\u30cb\u30e5\u30fc\u30e8\u30fc\u30af\u30fb\u30bf\u30a4\u30e0\u30ba\u306e\u30d9\u30b9\u30c8\u30bb\u30e9\u30fc\u30ea\u30b9\u30c8\u30676\u5e74\u4ee5\u4e0a\u3082\u4e0a\u4f4d\u3092\u5360\u3081\u3066\u3044\u308b\u4e16\u754c\u7684\u30d9\u30b9\u30c8\u30bb\u30e9\u30fc\u300e\u91d1\u6301\u3061\u7236\u3055\u3093\u8ca7\u4e4f\u7236\u3055\u3093\u300f\u306e\u8457\u8005\u30ed\u30d0\u30fc\u30c8\u30fb\u30ad\u30e8\u30b5\u30ad\u6c0f\u306f\u3001\u6295\u8cc7\u5bb6\u3001\u8d77\u696d\u5bb6\u3001\u6559\u80b2\u8005\u3067\u3042\u308a\u3001\u304a\u91d1\u3068\u6295\u8cc7\u306b\u3064\u3044\u3066\u306e\u8996\u70b9\u306f\u6b21\u306e\u3088\u3046\u306a\u3082\u306e\u306b\u898b\u3089\u308c\u307e\u3059\u3002\u5927\u8846\u306e\u77e5\u6075\u306e\u9854\u3002\u5f7c\u306f\u307b\u307c\u72ec\u529b\u3067\u4e16\u754c\u4e2d\u306e\u4f55\u5343\u4e07\u4eba\u3082\u306e\u304a\u91d1\u306b\u5bfe\u3059\u308b\u8003\u3048\u65b9\u306b\u6311\u6226\u3057\u3001\u305d\u306e\u8003\u3048\u65b9\u3092\u5909\u3048\u3066\u304d\u307e\u3057\u305f\u3002\u30ed\u30d0\u30fc\u30c8\u306f\u3001\u300c\u53e4\u3044\u300d\u30a2\u30c9\u30d0\u30a4\u30b9\uff08\u826f\u3044\u4ed5\u4e8b\u306b\u5c31\u304d\u3001\u304a\u91d1\u3092\u8caf\u3081\u3066\u501f\u91d1\u3092\u306a\u304f\u3057\u3001\u9577\u671f\u6295\u8cc7\u3057\u3001\u5206\u6563\u3059\u308b\uff09\u304c\u306a\u305c\u300c\u60aa\u3044\u300d\uff08\u6642\u4ee3\u9045\u308c\u3067\u4e0d\u5b8c\u5168\u306a\uff09\u30a2\u30c9\u30d0\u30a4\u30b9\u306a\u306e\u304b\u306b\u3064\u3044\u3066\u306e\u898b\u89e3\u3092\u4f1d\u3048\u308b\u3053\u3068\u3067\u3001\u6b21\u306e\u3088\u3046\u306a\u8a55\u5224\u3092\u5f97\u305f\u3002\u7387\u76f4\u306a\u7269\u8a00\u3044\u3001\u4e0d\u905c\u3055\u3001\u305d\u3057\u3066\u52c7\u6c17\u3002 \u300e\u91d1\u6301\u3061\u7236\u3055\u3093\u8ca7\u4e4f\u7236\u3055\u3093\u300f\u306f\u30014 \u304b\u56fd\u3059\u3079\u3066\u3067\u6700\u3082\u9577\u304f\u58f2\u308c\u3066\u3044\u308b\u30d9\u30b9\u30c8\u30bb\u30e9\u30fc\u3067\u3059\u3002 Publisher&#039;s Weekly (\u30cb\u30e5\u30fc\u30e8\u30fc\u30af \u30bf\u30a4\u30e0\u30ba\u3001\u30d3\u30b8\u30cd\u30b9 \u30a6\u30a3\u30fc\u30af\u3001\u30a6\u30a9\u30fc\u30eb \u30b9\u30c8\u30ea\u30fc\u30c8 \u30b8\u30e3\u30fc\u30ca\u30eb\u3001USA Today) \u306b\u63b2\u8f09\u3055\u308c\u3066\u3044\u308b\u30ea\u30b9\u30c8\u3067\u30012 \u5e74\u9023\u7d9a\u3067\u300cUSA Today&#039;s No. 1 Money Book\u300d\u306b\u9078\u3070\u308c\u3066\u3044\u307e\u3059\u3002 \u300c\u91d1\u6301\u3061\u7236\u3055\u3093\u300d\u30b7\u30ea\u30fc\u30ba\u306f 51 \u306e\u8a00\u8a9e\u306b\u7ffb\u8a33\u3055\u308c\u3001109 \u304b\u56fd\u3067\u8ca9\u58f2\u3055\u308c\u3066\u304a\u308a\u3001\u4e16\u754c\u4e2d\u3067 2,700 \u4e07\u90e8\u4ee5\u4e0a\u3092\u8ca9\u58f2\u3057\u3001\u30a2\u30b8\u30a2\u3001\u30aa\u30fc\u30b9\u30c8\u30e9\u30ea\u30a2\u3001\u5357\u7c73\u3001\u30e1\u30ad\u30b7\u30b3\u3001\u30e8\u30fc\u30ed\u30c3\u30d1\u306e\u30d9\u30b9\u30c8\u30bb\u30e9\u30fc \u30ea\u30b9\u30c8\u3092\u72ec\u5360\u3057\u3066\u3044\u307e\u3059\u3002 2005 \u5e74\u3001\u30ed\u30d0\u30fc\u30c8\u306f\u66f8\u5e97\u54e1\u306e\u30c8\u30c3\u30d7 25 \u4f5c\u5bb6\u306e 1 \u4eba\u3068\u3057\u3066\u30a2\u30de\u30be\u30f3\u306e\u6bbf\u5802\u5165\u308a\u3092\u679c\u305f\u3057\u307e\u3057\u305f\u3002\u91d1\u6301\u3061\u7236\u3055\u3093\u30b7\u30ea\u30fc\u30ba\u306f\u73fe\u572826\u518a\u3042\u308a\u307e\u3059\u3002 2006\u5e74\u3001\u30ed\u30d0\u30fc\u30c8\u306f\u30c9\u30ca\u30eb\u30c9\u30fb\u30c8\u30e9\u30f3\u30d7\u3068\u5354\u529b\u3057\u3066\u3001\u300e\u306a\u305c\u3042\u306a\u305f\u306b\u91d1\u6301\u3061\u306b\u306a\u3063\u3066\u307b\u3057\u3044\u306e\u304b \u2013 Two Men \u2013 One Message\u300f\u3092\u5171\u8457\u3057\u307e\u3057\u305f\u3002\u30cb\u30e5\u30fc\u30e8\u30fc\u30af\u30fb\u30bf\u30a4\u30e0\u30ba\u306e\u30d9\u30b9\u30c8\u30bb\u30e9\u30fc\u30ea\u30b9\u30c8\u3067\u521d\u767b\u58341\u4f4d\u3068\u306a\u3063\u305f\u3002\u30ed\u30d0\u30fc\u30c8\u306f\u3001Yahoo! \u3067\u9694\u9031\u306e\u30b3\u30e9\u30e0\u300c\u306a\u305c\u91d1\u6301\u3061\u306f\u3088\u308a\u91d1\u6301\u3061\u306b\u306a\u3063\u3066\u3044\u308b\u306e\u304b\u300d\u3092\u57f7\u7b46\u3057\u3066\u3044\u307e\u3059\u3002 \u300e\u91d1\u6301\u3061\u7236\u3055\u3093\u8ca7\u4e4f\u7236\u3055\u3093\u300f\u3092\u66f8\u304f\u524d\u306b\u3001\u30ed\u30d0\u30fc\u30c8\u306f\u3001\u91d1\u6301\u3061\u7236\u3055\u3093\u304c\u4f55\u5e74\u3082\u304b\u3051\u3066\u6559\u3048\u3066\u304f\u308c\u305f\u91d1\u878d\u6226\u7565\u3084\u6295\u8cc7\u6226\u7565\u3092\u4eba\u3005\u306b\u6559\u3048\u308b\u305f\u3081\u306b\u3001\u6559\u80b2\u7528\u30dc\u30fc\u30c9\u30b2\u30fc\u30e0\u300cCASHFLOW 101\u300d\u3092\u4f5c\u6210\u3057\u307e\u3057\u305f\u3002\u30ed\u30d0\u30fc\u30c8\u304c 47 \u6b73\u3067\u5f15\u9000\u3059\u308b\u3053\u3068\u304c\u3067\u304d\u305f\u306e\u3082\u3001\u3053\u308c\u3089\u3068\u540c\u3058\u6226\u7565\u3067\u3057\u305f\u3002\u73fe\u5728\u3001\u4e16\u754c\u4e2d\u306e\u90fd\u5e02\u306b 2,100 \u4ee5\u4e0a\u306e CASHFLOW \u30af\u30e9\u30d6 (Rich Dad Company \u306e\u72ec\u7acb\u7cfb\u30b2\u30fc\u30e0 \u30b0\u30eb\u30fc\u30d7) \u304c\u5b58\u5728\u3057\u307e\u3059\u3002\u30cf\u30ef\u30a4\u3067\u751f\u307e\u308c\u80b2\u3063\u305f\u30ed\u30d0\u30fc\u30c8\u30fb\u30ad\u30e8\u30b5\u30ad\u306f\u65e5\u7cfb\u30a2\u30e1\u30ea\u30ab\u4eba 4 \u4e16\u3067\u3059\u3002\u30cb\u30e5\u30fc\u30e8\u30fc\u30af\u306e\u5927\u5b66\u3092\u5352\u696d\u3057\u305f\u5f8c\u3001\u30ed\u30d0\u30fc\u30c8\u306f\u6d77\u5175\u968a\u306b\u5165\u968a\u3057\u3001\u58eb\u5b98\u304a\u3088\u3073\u30d8\u30ea\u30b3\u30d7\u30bf\u30fc\u306e\u30d1\u30a4\u30ed\u30c3\u30c8\u3068\u3057\u3066\u30d9\u30c8\u30ca\u30e0\u3067\u52e4\u52d9\u3057\u307e\u3057\u305f\u3002\u6226\u5f8c\u3001\u30ed\u30d0\u30fc\u30c8\u306f\u30bc\u30ed\u30c3\u30af\u30b9\u793e\u3067\u55b6\u696d\u306e\u4ed5\u4e8b\u3092\u59cb\u3081\u30011977 \u5e74\u306b\u4f1a\u793e\u3092\u8a2d\u7acb\u3057\u3001\u30ca\u30a4\u30ed\u30f3\u3068\u30d9\u30eb\u30af\u30ed\u3092\u4f7f\u7528\u3057\u305f\u6700\u521d\u306e\u300c\u30b5\u30fc\u30d5\u30a1\u30fc \u30a6\u30a9\u30ec\u30c3\u30c8\u300d\u3092\u5e02\u5834\u306b\u9001\u308a\u51fa\u3057\u307e\u3057\u305f\u3002\u5f7c\u306f 1985 \u5e74\u306b\u56fd\u969b\u6559\u80b2\u4f1a\u793e\u3092\u8a2d\u7acb\u3057\u3001\u4e16\u754c\u4e2d\u306e\u4f55\u4e07\u4eba\u3082\u306e\u5b66\u751f\u306b\u30d3\u30b8\u30cd\u30b9\u3068\u6295\u8cc7\u3092\u6559\u3048\u307e\u3057\u305f\u3002 1994 \u5e74\u306b\u30ed\u30d0\u30fc\u30c8\u306f\u4e8b\u696d\u3092\u58f2\u5374\u3057\u3001\u6295\u8cc7\u3092\u901a\u3058\u3066 47 \u6b73\u3067\u9000\u8077\u3059\u308b\u3053\u3068\u304c\u3067\u304d\u307e\u3057\u305f\u3002\u5f15\u9000\u4e2d\u306b\u5f7c\u306f\u300e\u91d1\u6301\u3061\u7236\u3055\u3093\u3001\u8ca7\u4e4f\u7236\u3055\u3093\u300f\u3092\u66f8\u304d\u307e\u3057\u305f\u3002<\/p>","protected":false},"excerpt":{"rendered":"<p><strong>\u5728\u5eab\u9650\u308a\u306e\u30b9\u30fc\u30d1\u30fc\u30d7\u30ed\u30e2\u30fc\u30b7\u30e7\u30f3\uff01<\/strong><\/p>\n<p>\u300e\u304a\u91d1\u3088\u308a\u3082\u91cd\u8981\u300f\u3067\u306f\u3001\u30c1\u30fc\u30e0\u30ef\u30fc\u30af\u304c\u3044\u304b\u306b\u91cd\u8981\u3067\u3042\u308b\u304b\u3001\u305d\u3057\u3066\u305d\u308c\u304c\u3044\u304b\u306b\u3057\u3066\u672c\u5f53\u306e\u5bcc\u306e\u6e90\u3068\u306a\u308a\u5f97\u308b\u304b\u3092\u6559\u3048\u3066\u304f\u308c\u307e\u3059\u3002\u305f\u3060\u3057\u3001\u30c1\u30fc\u30e0\u306e\u69cb\u7bc9\u3092\u3069\u306e\u3088\u3046\u306b\u59cb\u3081\u308c\u3070\u3088\u3044\u304b\u5206\u304b\u3089\u306a\u3044\u5834\u5408\u3067\u3082\u3001\u5fc3\u914d\u3057\u306a\u3044\u3067\u304f\u3060\u3055\u3044\u3002\u3053\u306e\u672c\u3067\u306f\u3001\u9762\u63a5\u3084\u30b3\u30f3\u30b5\u30eb\u30bf\u30f3\u30c8\u306e\u63a1\u7528\u306e\u969b\u306b\u77e5\u3063\u3066\u304a\u304f\u3079\u304d\u3053\u3068\u3092\u793a\u3059\u306a\u3069\u3001\u3053\u306e\u9053\u306b\u6cbf\u3063\u3066\u30ac\u30a4\u30c9\u3057\u307e\u3059\u3002\u91d1\u6301\u3061\u7236\u3055\u3093\u306e\u30c1\u30e3\u30f3\u30d4\u30aa\u30f3\u30c1\u30fc\u30e0\u3068\u51fa\u4f1a\u3044\u3001\u305d\u3053\u304b\u3089\u5b66\u3073\u3001\u91d1\u6301\u3061\u7236\u3055\u3093\u306e\u3088\u3046\u306a\u9ad8\u8cb4\u3067\u8c4a\u304b\u306a\u4fa1\u5024\u89b3\u3068\u4f7f\u547d\u3092\u6301\u3063\u305f\u81ea\u5206\u306e\u30c1\u30fc\u30e0\u3092\u69cb\u7bc9\u3067\u304d\u308b\u3088\u3046\u306b\u306a\u308a\u307e\u3059\u3002\u4eca\u3059\u3050\u59cb\u3081\u307e\u3057\u3087\u3046\u3002<\/p>","protected":false},"featured_media":1374,"template":"","meta":[],"product_cat":[20],"product_tag":[59,58],"yoast_head":"<!-- This site is optimized with the Yoast SEO plugin v20.11 - https:\/\/yoast.com\/wordpress\/plugins\/seo\/ -->\n<title>Mais importante que o dinheiro: equipe de empreendedores - Spring School - Loja Virtual<\/title>\n<meta name=\"description\" content=\"Promo\u00e7\u00e3o com estoque limitado! Mais Importante que o Dinheiro ensina o quanto o trabalho em equipe \u00e9 essencial e como pode ser sua real fonte de riqueza.\" \/>\n<meta name=\"robots\" content=\"index, follow, max-snippet:-1, max-image-preview:large, max-video-preview:-1\" \/>\n<link rel=\"canonical\" href=\"https:\/\/loja.springschool.me\/ja\/product\/mais-importante-que-o-dinheiro-equipe-de-empreendedores\/\" \/>\n<meta property=\"og:locale\" content=\"ja_JP\" \/>\n<meta property=\"og:type\" content=\"article\" \/>\n<meta property=\"og:title\" content=\"Mais importante que o dinheiro: equipe de empreendedores - Spring School - Loja Virtual\" \/>\n<meta property=\"og:description\" content=\"Promo\u00e7\u00e3o com estoque limitado! Mais Importante que o Dinheiro ensina o quanto o trabalho em equipe \u00e9 essencial e como pode ser sua real fonte de riqueza.\" \/>\n<meta property=\"og:url\" content=\"https:\/\/loja.springschool.me\/ja\/product\/mais-importante-que-o-dinheiro-equipe-de-empreendedores\/\" \/>\n<meta property=\"og:site_name\" content=\"Spring School - Loja Virtual\" \/>\n<meta property=\"article:modified_time\" content=\"2024-07-25T00:08:14+00:00\" \/>\n<meta property=\"og:image\" content=\"https:\/\/loja.springschool.me\/wp-content\/uploads\/2023\/10\/spring-school-loja-livro-mais-importante-que-o-dinheiro-02.jpg\" \/>\n\t<meta property=\"og:image:width\" content=\"1000\" \/>\n\t<meta property=\"og:image:height\" content=\"1000\" \/>\n\t<meta property=\"og:image:type\" content=\"image\/jpeg\" \/>\n<meta name=\"twitter:card\" content=\"summary_large_image\" \/>\n<meta name=\"twitter:label1\" content=\"\u63a8\u5b9a\u8aad\u307f\u53d6\u308a\u6642\u9593\" \/>\n\t<meta name=\"twitter:data1\" content=\"3\u5206\" \/>\n<script type=\"application\/ld+json\" class=\"yoast-schema-graph\">{\"@context\":\"https:\/\/schema.org\",\"@graph\":[{\"@type\":\"WebPage\",\"@id\":\"https:\/\/loja.springschool.me\/produto\/mais-importante-que-o-dinheiro-equipe-de-empreendedores\/\",\"url\":\"https:\/\/loja.springschool.me\/produto\/mais-importante-que-o-dinheiro-equipe-de-empreendedores\/\",\"name\":\"Mais importante que o dinheiro: equipe de empreendedores - Spring School - Loja Virtual\",\"isPartOf\":{\"@id\":\"https:\/\/loja.springschool.me\/#website\"},\"datePublished\":\"2023-10-09T13:56:12+00:00\",\"dateModified\":\"2024-07-25T00:08:14+00:00\",\"description\":\"Promo\u00e7\u00e3o com estoque limitado! Mais Importante que o Dinheiro ensina o quanto o trabalho em equipe \u00e9 essencial e como pode ser sua real fonte de riqueza.\",\"breadcrumb\":{\"@id\":\"https:\/\/loja.springschool.me\/produto\/mais-importante-que-o-dinheiro-equipe-de-empreendedores\/#breadcrumb\"},\"inLanguage\":\"ja\",\"potentialAction\":[{\"@type\":\"ReadAction\",\"target\":[\"https:\/\/loja.springschool.me\/produto\/mais-importante-que-o-dinheiro-equipe-de-empreendedores\/\"]}]},{\"@type\":\"BreadcrumbList\",\"@id\":\"https:\/\/loja.springschool.me\/produto\/mais-importante-que-o-dinheiro-equipe-de-empreendedores\/#breadcrumb\",\"itemListElement\":[{\"@type\":\"ListItem\",\"position\":1,\"name\":\"In\u00edcio\",\"item\":\"https:\/\/loja.springschool.me\/\"},{\"@type\":\"ListItem\",\"position\":2,\"name\":\"Shop\",\"item\":\"https:\/\/loja.springschool.me\/shop\/\"},{\"@type\":\"ListItem\",\"position\":3,\"name\":\"Mais importante que o dinheiro: equipe de empreendedores\"}]},{\"@type\":\"WebSite\",\"@id\":\"https:\/\/loja.springschool.me\/#website\",\"url\":\"https:\/\/loja.springschool.me\/\",\"name\":\"Spring School - Loja Virtual\",\"description\":\"Just another WordPress site\",\"potentialAction\":[{\"@type\":\"SearchAction\",\"target\":{\"@type\":\"EntryPoint\",\"urlTemplate\":\"https:\/\/loja.springschool.me\/?s={search_term_string}\"},\"query-input\":\"required name=search_term_string\"}],\"inLanguage\":\"ja\"}]}<\/script>\n<!-- \/ Yoast SEO plugin. -->","yoast_head_json":{"title":"Mais importante que o dinheiro: equipe de empreendedores - Spring School - Loja Virtual","description":"Promo\u00e7\u00e3o com estoque limitado! Mais Importante que o Dinheiro ensina o quanto o trabalho em equipe \u00e9 essencial e como pode ser sua real fonte de riqueza.","robots":{"index":"index","follow":"follow","max-snippet":"max-snippet:-1","max-image-preview":"max-image-preview:large","max-video-preview":"max-video-preview:-1"},"canonical":"https:\/\/loja.springschool.me\/ja\/product\/mais-importante-que-o-dinheiro-equipe-de-empreendedores\/","og_locale":"ja_JP","og_type":"article","og_title":"Mais importante que o dinheiro: equipe de empreendedores - Spring School - Loja Virtual","og_description":"Promo\u00e7\u00e3o com estoque limitado! Mais Importante que o Dinheiro ensina o quanto o trabalho em equipe \u00e9 essencial e como pode ser sua real fonte de riqueza.","og_url":"https:\/\/loja.springschool.me\/ja\/product\/mais-importante-que-o-dinheiro-equipe-de-empreendedores\/","og_site_name":"Spring School - Loja Virtual","article_modified_time":"2024-07-25T00:08:14+00:00","og_image":[{"width":1000,"height":1000,"url":"https:\/\/loja.springschool.me\/wp-content\/uploads\/2023\/10\/spring-school-loja-livro-mais-importante-que-o-dinheiro-02.jpg","type":"image\/jpeg"}],"twitter_card":"summary_large_image","twitter_misc":{"\u63a8\u5b9a\u8aad\u307f\u53d6\u308a\u6642\u9593":"3\u5206"},"schema":{"@context":"https:\/\/schema.org","@graph":[{"@type":"WebPage","@id":"https:\/\/loja.springschool.me\/produto\/mais-importante-que-o-dinheiro-equipe-de-empreendedores\/","url":"https:\/\/loja.springschool.me\/produto\/mais-importante-que-o-dinheiro-equipe-de-empreendedores\/","name":"Mais importante que o dinheiro: equipe de empreendedores - Spring School - Loja Virtual","isPartOf":{"@id":"https:\/\/loja.springschool.me\/#website"},"datePublished":"2023-10-09T13:56:12+00:00","dateModified":"2024-07-25T00:08:14+00:00","description":"Promo\u00e7\u00e3o com estoque limitado! Mais Importante que o Dinheiro ensina o quanto o trabalho em equipe \u00e9 essencial e como pode ser sua real fonte de riqueza.","breadcrumb":{"@id":"https:\/\/loja.springschool.me\/produto\/mais-importante-que-o-dinheiro-equipe-de-empreendedores\/#breadcrumb"},"inLanguage":"ja","potentialAction":[{"@type":"ReadAction","target":["https:\/\/loja.springschool.me\/produto\/mais-importante-que-o-dinheiro-equipe-de-empreendedores\/"]}]},{"@type":"BreadcrumbList","@id":"https:\/\/loja.springschool.me\/produto\/mais-importante-que-o-dinheiro-equipe-de-empreendedores\/#breadcrumb","itemListElement":[{"@type":"ListItem","position":1,"name":"In\u00edcio","item":"https:\/\/loja.springschool.me\/"},{"@type":"ListItem","position":2,"name":"Shop","item":"https:\/\/loja.springschool.me\/shop\/"},{"@type":"ListItem","position":3,"name":"Mais importante que o dinheiro: equipe de empreendedores"}]},{"@type":"WebSite","@id":"https:\/\/loja.springschool.me\/#website","url":"https:\/\/loja.springschool.me\/","name":"Spring School - Loja Virtual","description":"Just another WordPress site","potentialAction":[{"@type":"SearchAction","target":{"@type":"EntryPoint","urlTemplate":"https:\/\/loja.springschool.me\/?s={search_term_string}"},"query-input":"required name=search_term_string"}],"inLanguage":"ja"}]}},"_links":{"self":[{"href":"https:\/\/loja.springschool.me\/ja\/wp-json\/wp\/v2\/product\/1367"}],"collection":[{"href":"https:\/\/loja.springschool.me\/ja\/wp-json\/wp\/v2\/product"}],"about":[{"href":"https:\/\/loja.springschool.me\/ja\/wp-json\/wp\/v2\/types\/product"}],"version-history":[{"count":5,"href":"https:\/\/loja.springschool.me\/ja\/wp-json\/wp\/v2\/product\/1367\/revisions"}],"predecessor-version":[{"id":1373,"href":"https:\/\/loja.springschool.me\/ja\/wp-json\/wp\/v2\/product\/1367\/revisions\/1373"}],"wp:featuredmedia":[{"embeddable":true,"href":"https:\/\/loja.springschool.me\/ja\/wp-json\/wp\/v2\/media\/1374"}],"wp:attachment":[{"href":"https:\/\/loja.springschool.me\/ja\/wp-json\/wp\/v2\/media?parent=1367"}],"wp:term":[{"taxonomy":"product_cat","embeddable":true,"href":"https:\/\/loja.springschool.me\/ja\/wp-json\/wp\/v2\/product_cat?post=1367"},{"taxonomy":"product_tag","embeddable":true,"href":"https:\/\/loja.springschool.me\/ja\/wp-json\/wp\/v2\/product_tag?post=1367"}],"curies":[{"name":"wp","href":"https:\/\/api.w.org\/{rel}","templated":true}]}}