{"id":727,"date":"2022-12-19T13:40:28","date_gmt":"2022-12-19T13:40:28","guid":{"rendered":"https:\/\/loja.springschool.me\/?page_id=727"},"modified":"2022-12-20T14:20:56","modified_gmt":"2022-12-20T14:20:56","slug":"politica-de-compras-e-trocas","status":"publish","type":"page","link":"https:\/\/loja.springschool.me\/ja\/politica-de-compras-e-trocas\/","title":{"rendered":"\u8cfc\u5165\u304a\u3088\u3073\u4ea4\u63db\u30dd\u30ea\u30b7\u30fc"},"content":{"rendered":"<div data-elementor-type=\"wp-page\" data-elementor-id=\"727\" class=\"elementor elementor-727\">\n\t\t\t\t\t\t\t\t\t<section data-particle_enable=\"false\" data-particle-mobile-disabled=\"false\" class=\"elementor-section elementor-top-section elementor-element elementor-element-240d441 elementor-section-stretched elementor-section-boxed elementor-section-height-default elementor-section-height-default\" data-id=\"240d441\" data-element_type=\"section\" data-settings=\"{&quot;stretch_section&quot;:&quot;section-stretched&quot;}\">\n\t\t\t\t\t\t<div class=\"elementor-container elementor-column-gap-default\">\n\t\t\t\t\t<div class=\"elementor-column elementor-col-100 elementor-top-column elementor-element elementor-element-b6796d1\" data-id=\"b6796d1\" data-element_type=\"column\">\n\t\t\t<div class=\"elementor-widget-wrap elementor-element-populated\">\n\t\t\t\t\t\t\t\t<div class=\"elementor-element elementor-element-689d96c elementor-widget elementor-widget-text-editor\" data-id=\"689d96c\" data-element_type=\"widget\" data-widget_type=\"text-editor.default\">\n\t\t\t\t<div class=\"elementor-widget-container\">\n\t\t\t<style>\/*! elementor - v3.14.0 - 26-06-2023 *\/\n.elementor-widget-text-editor.elementor-drop-cap-view-stacked .elementor-drop-cap{background-color:#69727d;color:#fff}.elementor-widget-text-editor.elementor-drop-cap-view-framed .elementor-drop-cap{color:#69727d;border:3px solid;background-color:transparent}.elementor-widget-text-editor:not(.elementor-drop-cap-view-default) .elementor-drop-cap{margin-top:8px}.elementor-widget-text-editor:not(.elementor-drop-cap-view-default) .elementor-drop-cap-letter{width:1em;height:1em}.elementor-widget-text-editor .elementor-drop-cap{float:left;text-align:center;line-height:1;font-size:50px}.elementor-widget-text-editor .elementor-drop-cap-letter{display:inline-block}<\/style>\t\t\t\t<h1><span style=\"font-weight: 400;\">\u4ea4\u63db\u30dd\u30ea\u30b7\u30fc<\/span><\/h1><p><span style=\"font-weight: 400;\">\u30aa\u30f3\u30e9\u30a4\u30f3\u8ca9\u58f2\u306e\u8fd4\u54c1\u30dd\u30ea\u30b7\u30fc\u3002<\/span><\/p><p><span style=\"font-weight: 400;\">\u4ea4\u63db\u307e\u305f\u306f\u8fd4\u54c1\u3092\u4f34\u3046\u3059\u3079\u3066\u306e\u767a\u751f\u306f\u3001\u914d\u9054\u65e5\u304b\u3089\u6700\u5927 24 \u6642\u9593\u4ee5\u5185\u306b\u884c\u3046\u5fc5\u8981\u304c\u3042\u308a\u3001\u30ab\u30b9\u30bf\u30de\u30fc \u30b5\u30fc\u30d3\u30b9\u90e8\u9580\u306b\u9023\u7d61\u3059\u308b\u5fc5\u8981\u304c\u3042\u308a\u307e\u3059\u3002<\/span><\/p><ol><li><span style=\"font-weight: 400;\"> \u88fd\u54c1\u3092\u62d2\u5426\u3059\u308b\u5834\u5408<\/span><\/li><\/ol><p><span style=\"font-weight: 400;\">\u88fd\u54c1\u306f\u3001\u30e1\u30fc\u30ab\u30fc\u304b\u3089\u51fa\u8377\u3055\u308c\u305f\u307e\u307e\u306e\u72b6\u614b\u3067\u304a\u5ba2\u69d8\u306b\u767a\u9001\u3055\u308c\u307e\u3059\u3002\u4ee5\u4e0b\u306e\u4eee\u8aac\u306e\u3044\u305a\u308c\u304b\u304c\u767a\u751f\u3057\u305f\u5834\u5408\u306f\u3001\u53d7\u9818\u3092\u62d2\u5426\u3057\u3001\u62d2\u5426\u306e\u7406\u7531\u3092 DANFE (\u96fb\u5b50\u8acb\u6c42\u66f8\u88dc\u52a9\u6587\u66f8) \u306e\u88cf\u306b\u8a18\u5165\u3057\u3066\u304f\u3060\u3055\u3044\u3002<\/span><\/p><p><span style=\"font-weight: 400;\">\u2013 \u30d1\u30c3\u30b1\u30fc\u30b8\u306e\u958b\u5c01\u307e\u305f\u306f\u640d\u50b7\u3002<\/span><\/p><p><span style=\"font-weight: 400;\">- \u4e0d\u826f\u54c1;<\/span><\/p><p><span style=\"font-weight: 400;\">\u2013 \u88fd\u54c1\u304c\u6ce8\u6587\u3069\u304a\u308a\u3067\u306a\u3044;<\/span><\/p><p><span style=\"font-weight: 400;\">\u2013 \u4ed8\u5c5e\u54c1\u306e\u4e0d\u8db3\u3002<\/span><\/p><p><span style=\"font-weight: 400;\">\u305d\u308c\u3067\u3082\u88fd\u54c1\u3092\u53d7\u3051\u5165\u308c\u308b\u5834\u5408\u306f\u300172 \u6642\u9593\u4ee5\u5185\u306b\u30ab\u30b9\u30bf\u30de\u30fc \u30b5\u30fc\u30d3\u30b9\u306b\u3054\u9023\u7d61\u304f\u3060\u3055\u3044\u3002<\/span><\/p><p><span style=\"font-weight: 400;\">\u8fd4\u54c1\u306e\u5834\u5408\u306f\u3001\u6b21\u306e\u6307\u793a\u306b\u5f93\u3046\u3053\u3068\u304c\u4e0d\u53ef\u6b20\u3067\u3059\u3002<\/span><\/p><p><span style=\"font-weight: 400;\">\u2013 \u88fd\u54c1\u3092\u5143\u306e\u30d1\u30c3\u30b1\u30fc\u30b8\u307e\u305f\u306f\u985e\u4f3c\u306e\u30d1\u30c3\u30b1\u30fc\u30b8\u306b\u68b1\u5305\u3057\u307e\u3059\u3002<\/span><\/p><p><span style=\"font-weight: 400;\">\u2013 \u88fd\u54c1\u306b\u4ed8\u5c5e\u3057\u3066\u3044\u305f\u3059\u3079\u3066\u306e\u30a2\u30a4\u30c6\u30e0\/\u4ed8\u5c5e\u54c1\u3092\u8fd4\u54c1\u3057\u307e\u3059\u3002<\/span><\/p><p><span style=\"font-weight: 400;\">\u2013 \u3059\u3050\u306b\u5f53\u793e\u306e\u30b5\u30fc\u30d3\u30b9\u304a\u3088\u3073\u30b5\u30dd\u30fc\u30c8 \u30c1\u30fc\u30e0\u306b\u9023\u7d61\u3057\u3066\u304f\u3060\u3055\u3044\u3002<\/span><\/p><p><span style=\"font-weight: 400;\">\u652f\u6255\u3063\u305f\u91d1\u984d\u306e\u8fd4\u91d1<\/span><\/p><p><span style=\"font-weight: 400;\">\u652f\u6255\u3063\u305f\u91d1\u984d\u306e\u6255\u3044\u623b\u3057\u306f\u3001\u8cfc\u5165\u30d7\u30ed\u30bb\u30b9\u3067\u9078\u629e\u3057\u305f\u306e\u3068\u540c\u3058\u652f\u6255\u3044\u65b9\u6cd5\u3092\u4f7f\u7528\u3057\u3066\u884c\u308f\u308c\u307e\u3059\u3002<\/span><\/p><p><span style=\"font-weight: 400;\">\u30af\u30ec\u30b8\u30c3\u30c8\u30ab\u30fc\u30c9\u3067\u304a\u652f\u6255\u3044\u306e\u5834\u5408\u306f\u3001\u30ab\u30fc\u30c9\u4f1a\u793e\u306b\u901a\u77e5\u3055\u308c\u3001\u8cfc\u5165\u306b\u4f7f\u7528\u3055\u308c\u305f\u5206\u5272\u56de\u6570\u306b\u95a2\u4fc2\u306a\u304f\u3001\u6b21\u56de\u4ee5\u964d\u306e\u8acb\u6c42\u66f8\u3067\u4e00\u5ea6\u306b\u53d6\u308a\u6d88\u3057\u304c\u884c\u308f\u308c\u307e\u3059\u3002\u6255\u3044\u623b\u3057\u671f\u9593\u306f\u30ab\u30fc\u30c9\u767a\u884c\u4f1a\u793e\u306b\u3088\u3063\u3066\u7570\u306a\u308a\u307e\u3059\u3002<\/span><\/p><p><span style=\"font-weight: 400;\">\u9280\u884c\u4f1d\u7968\u307e\u305f\u306f\u53e3\u5ea7\u5f15\u304d\u843d\u3068\u3057\u3067\u652f\u6255\u308f\u308c\u305f\u8cfc\u5165\u306e\u5834\u5408\u3001\u6255\u3044\u623b\u3057\u306f\u9280\u884c\u9810\u91d1\u3092\u901a\u3058\u3066 10 \u55b6\u696d\u65e5\u4ee5\u5185\u306b\u3001\u8cfc\u5165\u8005\u306e\u5f53\u5ea7\u9810\u91d1\u53e3\u5ea7\u3067\u306e\u307f\u884c\u308f\u308c\u307e\u3059\u3002\u00a0<\/span><\/p><p><span style=\"font-weight: 400;\">\u91d1\u984d\u306e\u6255\u3044\u623b\u3057\u306f\u3001\u914d\u9001\u30bb\u30f3\u30bf\u30fc\u3067\u306e\u88fd\u54c1\u306e\u53d7\u9818\u304a\u3088\u3073\u5206\u6790\u5f8c\u306b\u306e\u307f\u51e6\u7406\u3055\u308c\u307e\u3059\u3002<\/span><\/p>\t\t\t\t\t\t<\/div>\n\t\t\t\t<\/div>\n\t\t\t\t\t<\/div>\n\t\t<\/div>\n\t\t\t\t\t\t\t<\/div>\n\t\t<\/section>\n\t\t\t\t\t\t\t<\/div>","protected":false},"excerpt":{"rendered":"<p>\u30aa\u30f3\u30e9\u30a4\u30f3\u8ca9\u58f2\u306e\u4ea4\u63db\u30dd\u30ea\u30b7\u30fc\u8fd4\u54c1\u30dd\u30ea\u30b7\u30fc\u3002\u4ea4\u63db\u307e\u305f\u306f\u8fd4\u54c1\u3092\u4f34\u3046\u3059\u3079\u3066\u306e\u30a4\u30d9\u30f3\u30c8\u306f\u3001\u914d\u9054\u65e5\u304b\u3089\u6570\u3048\u3066 24 \u6642\u9593\u4ee5\u5185\u306b\u884c\u308f\u308c\u3001\u5f53\u793e\u306e\u30ab\u30b9\u30bf\u30de\u30fc \u30b5\u30fc\u30d3\u30b9\u90e8\u9580\u306b\u901a\u77e5\u3055\u308c\u308b\u5fc5\u8981\u304c\u3042\u308a\u307e\u3059\u3002\u88fd\u54c1\u3092\u62d2\u5426\u3059\u308b\u5834\u5408 \u88fd\u54c1\u306f\u3001\u30e1\u30fc\u30ab\u30fc\u304b\u3089\u7d0d\u54c1\u3055\u308c\u305f\u307e\u307e\u306e\u72b6\u614b\u3067\u304a\u5ba2\u69d8\u306b\u9001\u3089\u308c\u307e\u3059\u3002\u4ee5\u4e0b\u306e\u72b6\u6cc1\u306e\u3044\u305a\u308c\u304b\u304c\u767a\u751f\u3057\u305f\u5834\u5408\u306f\u3001\u53d7\u3051\u53d6\u308a\u3092\u62d2\u5426\u3057\u3001DANFE (\u96fb\u5b50\u8acb\u6c42\u66f8\u88dc\u52a9\u6587\u66f8) \u306e\u88cf\u9762\u306b\u62d2\u5426\u306e\u7406\u7531\u3092\u66f8\u3044\u3066\u304f\u3060\u3055\u3044\u3002 \u2013 \u30d1\u30c3\u30b1\u30fc\u30b8\u304c\u958b\u3044\u3066\u3044\u308b\u304b\u7834\u640d\u3057\u3066\u3044\u308b\u3002 \u2013 \u7834\u640d\u3057\u305f\u88fd\u54c1\u3002 \u2013 \u88fd\u54c1\u304c\u6ce8\u6587\u3068\u7570\u306a\u308b\u5834\u5408\u3002 \u2013 \u4ed8\u5c5e\u54c1\u304c\u4e0d\u8db3\u3057\u3066\u3044\u308b\u3002\u305d\u308c\u3067\u3082\u88fd\u54c1\u3092\u53d7\u3051\u5165\u308c\u308b\u5834\u5408\u306f\u3001\u2026 <br \/><a href=\"https:\/\/loja.springschool.me\/ja\/politica-de-compras-e-trocas\/\" class=\"more-link\">\u8aad\u307f\u7d9a\u3051\u3066 <span class=\"screen-reader-text\">\u8cfc\u5165\u304a\u3088\u3073\u4ea4\u63db\u30dd\u30ea\u30b7\u30fc<\/span><\/a><\/p>","protected":false},"author":1,"featured_media":694,"parent":0,"menu_order":0,"comment_status":"closed","ping_status":"closed","template":"","meta":{"footnotes":""},"yoast_head":"<!-- This site is optimized with the Yoast SEO plugin v20.11 - https:\/\/yoast.com\/wordpress\/plugins\/seo\/ -->\n<title>Pol\u00edtica de Compras e Trocas - Spring School - Loja Virtual<\/title>\n<meta name=\"description\" content=\"Ao acessar ao site Spring School, concorda em cumprir estes termos de servi\u00e7o, todas as leis e regulamentos aplic\u00e1veis \u200b\u200be concorda que \u00e9 respons\u00e1vel pelo cumprimento de todas as leis locais aplic\u00e1veis. Se voc\u00ea n\u00e3o concordar com algum desses termos, est\u00e1 proibido de usar ou acessar este site.\" \/>\n<meta name=\"robots\" content=\"index, follow, max-snippet:-1, max-image-preview:large, max-video-preview:-1\" \/>\n<link rel=\"canonical\" href=\"https:\/\/loja.springschool.me\/ja\/politica-de-compras-e-trocas\/\" \/>\n<meta property=\"og:locale\" content=\"ja_JP\" \/>\n<meta property=\"og:type\" content=\"article\" \/>\n<meta property=\"og:title\" content=\"Pol\u00edtica de Compras e Trocas - Spring School - Loja Virtual\" \/>\n<meta property=\"og:description\" content=\"Ao acessar ao site Spring School, concorda em cumprir estes termos de servi\u00e7o, todas as leis e regulamentos aplic\u00e1veis \u200b\u200be concorda que \u00e9 respons\u00e1vel pelo cumprimento de todas as leis locais aplic\u00e1veis. Se voc\u00ea n\u00e3o concordar com algum desses termos, est\u00e1 proibido de usar ou acessar este site.\" \/>\n<meta property=\"og:url\" content=\"https:\/\/loja.springschool.me\/ja\/politica-de-compras-e-trocas\/\" \/>\n<meta property=\"og:site_name\" content=\"Spring School - Loja Virtual\" \/>\n<meta property=\"article:modified_time\" content=\"2022-12-20T14:20:56+00:00\" \/>\n<meta property=\"og:image\" content=\"http:\/\/loja.springschool.me\/wp-content\/uploads\/2022\/12\/spring-logo-OG.jpg\" \/>\n\t<meta property=\"og:image:width\" content=\"800\" \/>\n\t<meta property=\"og:image:height\" content=\"800\" \/>\n\t<meta property=\"og:image:type\" content=\"image\/jpeg\" \/>\n<meta name=\"twitter:card\" content=\"summary_large_image\" \/>\n<meta name=\"twitter:label1\" content=\"\u63a8\u5b9a\u8aad\u307f\u53d6\u308a\u6642\u9593\" \/>\n\t<meta name=\"twitter:data1\" content=\"2\u5206\" \/>\n<script type=\"application\/ld+json\" class=\"yoast-schema-graph\">{\"@context\":\"https:\/\/schema.org\",\"@graph\":[{\"@type\":\"WebPage\",\"@id\":\"https:\/\/loja.springschool.me\/politica-de-compras-e-trocas\/\",\"url\":\"https:\/\/loja.springschool.me\/politica-de-compras-e-trocas\/\",\"name\":\"Pol\u00edtica de Compras e Trocas - Spring School - Loja Virtual\",\"isPartOf\":{\"@id\":\"https:\/\/loja.springschool.me\/#website\"},\"datePublished\":\"2022-12-19T13:40:28+00:00\",\"dateModified\":\"2022-12-20T14:20:56+00:00\",\"description\":\"Ao acessar ao site Spring School, concorda em cumprir estes termos de servi\u00e7o, todas as leis e regulamentos aplic\u00e1veis \u200b\u200be concorda que \u00e9 respons\u00e1vel pelo cumprimento de todas as leis locais aplic\u00e1veis. Se voc\u00ea n\u00e3o concordar com algum desses termos, est\u00e1 proibido de usar ou acessar este site.\",\"breadcrumb\":{\"@id\":\"https:\/\/loja.springschool.me\/politica-de-compras-e-trocas\/#breadcrumb\"},\"inLanguage\":\"ja\",\"potentialAction\":[{\"@type\":\"ReadAction\",\"target\":[\"https:\/\/loja.springschool.me\/politica-de-compras-e-trocas\/\"]}]},{\"@type\":\"BreadcrumbList\",\"@id\":\"https:\/\/loja.springschool.me\/politica-de-compras-e-trocas\/#breadcrumb\",\"itemListElement\":[{\"@type\":\"ListItem\",\"position\":1,\"name\":\"In\u00edcio\",\"item\":\"https:\/\/loja.springschool.me\/\"},{\"@type\":\"ListItem\",\"position\":2,\"name\":\"Pol\u00edtica de Compras e Trocas\"}]},{\"@type\":\"WebSite\",\"@id\":\"https:\/\/loja.springschool.me\/#website\",\"url\":\"https:\/\/loja.springschool.me\/\",\"name\":\"Spring School - Loja Virtual\",\"description\":\"Just another WordPress site\",\"potentialAction\":[{\"@type\":\"SearchAction\",\"target\":{\"@type\":\"EntryPoint\",\"urlTemplate\":\"https:\/\/loja.springschool.me\/?s={search_term_string}\"},\"query-input\":\"required name=search_term_string\"}],\"inLanguage\":\"ja\"}]}<\/script>\n<!-- \/ Yoast SEO plugin. -->","yoast_head_json":{"title":"Pol\u00edtica de Compras e Trocas - Spring School - Loja Virtual","description":"Ao acessar ao site Spring School, concorda em cumprir estes termos de servi\u00e7o, todas as leis e regulamentos aplic\u00e1veis \u200b\u200be concorda que \u00e9 respons\u00e1vel pelo cumprimento de todas as leis locais aplic\u00e1veis. Se voc\u00ea n\u00e3o concordar com algum desses termos, est\u00e1 proibido de usar ou acessar este site.","robots":{"index":"index","follow":"follow","max-snippet":"max-snippet:-1","max-image-preview":"max-image-preview:large","max-video-preview":"max-video-preview:-1"},"canonical":"https:\/\/loja.springschool.me\/ja\/politica-de-compras-e-trocas\/","og_locale":"ja_JP","og_type":"article","og_title":"Pol\u00edtica de Compras e Trocas - Spring School - Loja Virtual","og_description":"Ao acessar ao site Spring School, concorda em cumprir estes termos de servi\u00e7o, todas as leis e regulamentos aplic\u00e1veis \u200b\u200be concorda que \u00e9 respons\u00e1vel pelo cumprimento de todas as leis locais aplic\u00e1veis. Se voc\u00ea n\u00e3o concordar com algum desses termos, est\u00e1 proibido de usar ou acessar este site.","og_url":"https:\/\/loja.springschool.me\/ja\/politica-de-compras-e-trocas\/","og_site_name":"Spring School - Loja Virtual","article_modified_time":"2022-12-20T14:20:56+00:00","og_image":[{"width":800,"height":800,"url":"http:\/\/loja.springschool.me\/wp-content\/uploads\/2022\/12\/spring-logo-OG.jpg","type":"image\/jpeg"}],"twitter_card":"summary_large_image","twitter_misc":{"\u63a8\u5b9a\u8aad\u307f\u53d6\u308a\u6642\u9593":"2\u5206"},"schema":{"@context":"https:\/\/schema.org","@graph":[{"@type":"WebPage","@id":"https:\/\/loja.springschool.me\/politica-de-compras-e-trocas\/","url":"https:\/\/loja.springschool.me\/politica-de-compras-e-trocas\/","name":"Pol\u00edtica de Compras e Trocas - Spring School - Loja Virtual","isPartOf":{"@id":"https:\/\/loja.springschool.me\/#website"},"datePublished":"2022-12-19T13:40:28+00:00","dateModified":"2022-12-20T14:20:56+00:00","description":"Ao acessar ao site Spring School, concorda em cumprir estes termos de servi\u00e7o, todas as leis e regulamentos aplic\u00e1veis \u200b\u200be concorda que \u00e9 respons\u00e1vel pelo cumprimento de todas as leis locais aplic\u00e1veis. Se voc\u00ea n\u00e3o concordar com algum desses termos, est\u00e1 proibido de usar ou acessar este site.","breadcrumb":{"@id":"https:\/\/loja.springschool.me\/politica-de-compras-e-trocas\/#breadcrumb"},"inLanguage":"ja","potentialAction":[{"@type":"ReadAction","target":["https:\/\/loja.springschool.me\/politica-de-compras-e-trocas\/"]}]},{"@type":"BreadcrumbList","@id":"https:\/\/loja.springschool.me\/politica-de-compras-e-trocas\/#breadcrumb","itemListElement":[{"@type":"ListItem","position":1,"name":"In\u00edcio","item":"https:\/\/loja.springschool.me\/"},{"@type":"ListItem","position":2,"name":"Pol\u00edtica de Compras e Trocas"}]},{"@type":"WebSite","@id":"https:\/\/loja.springschool.me\/#website","url":"https:\/\/loja.springschool.me\/","name":"Spring School - Loja Virtual","description":"Just another WordPress site","potentialAction":[{"@type":"SearchAction","target":{"@type":"EntryPoint","urlTemplate":"https:\/\/loja.springschool.me\/?s={search_term_string}"},"query-input":"required name=search_term_string"}],"inLanguage":"ja"}]}},"_links":{"self":[{"href":"https:\/\/loja.springschool.me\/ja\/wp-json\/wp\/v2\/pages\/727"}],"collection":[{"href":"https:\/\/loja.springschool.me\/ja\/wp-json\/wp\/v2\/pages"}],"about":[{"href":"https:\/\/loja.springschool.me\/ja\/wp-json\/wp\/v2\/types\/page"}],"author":[{"embeddable":true,"href":"https:\/\/loja.springschool.me\/ja\/wp-json\/wp\/v2\/users\/1"}],"replies":[{"embeddable":true,"href":"https:\/\/loja.springschool.me\/ja\/wp-json\/wp\/v2\/comments?post=727"}],"version-history":[{"count":8,"href":"https:\/\/loja.springschool.me\/ja\/wp-json\/wp\/v2\/pages\/727\/revisions"}],"predecessor-version":[{"id":796,"href":"https:\/\/loja.springschool.me\/ja\/wp-json\/wp\/v2\/pages\/727\/revisions\/796"}],"wp:featuredmedia":[{"embeddable":true,"href":"https:\/\/loja.springschool.me\/ja\/wp-json\/wp\/v2\/media\/694"}],"wp:attachment":[{"href":"https:\/\/loja.springschool.me\/ja\/wp-json\/wp\/v2\/media?parent=727"}],"curies":[{"name":"wp","href":"https:\/\/api.w.org\/{rel}","templated":true}]}}