{"id":722,"date":"2022-12-19T12:47:53","date_gmt":"2022-12-19T12:47:53","guid":{"rendered":"https:\/\/loja.springschool.me\/?page_id=722"},"modified":"2022-12-19T12:49:34","modified_gmt":"2022-12-19T12:49:34","slug":"politica-de-privacidade","status":"publish","type":"page","link":"https:\/\/loja.springschool.me\/ja\/politica-de-privacidade\/","title":{"rendered":"\u30d7\u30e9\u30a4\u30d0\u30b7\u30fc\u30dd\u30ea\u30b7\u30fc"},"content":{"rendered":"<div data-elementor-type=\"wp-page\" data-elementor-id=\"722\" class=\"elementor elementor-722\">\n\t\t\t\t\t\t\t\t\t<section data-particle_enable=\"false\" data-particle-mobile-disabled=\"false\" class=\"elementor-section elementor-top-section elementor-element elementor-element-7d2be2e elementor-section-stretched elementor-section-boxed elementor-section-height-default elementor-section-height-default\" data-id=\"7d2be2e\" data-element_type=\"section\" data-settings=\"{&quot;stretch_section&quot;:&quot;section-stretched&quot;}\">\n\t\t\t\t\t\t<div class=\"elementor-container elementor-column-gap-default\">\n\t\t\t\t\t<div class=\"elementor-column elementor-col-100 elementor-top-column elementor-element elementor-element-76bc9a9\" data-id=\"76bc9a9\" data-element_type=\"column\">\n\t\t\t<div class=\"elementor-widget-wrap elementor-element-populated\">\n\t\t\t\t\t\t\t\t<div class=\"elementor-element elementor-element-ea94f4e elementor-widget elementor-widget-html\" data-id=\"ea94f4e\" data-element_type=\"widget\" data-widget_type=\"html.default\">\n\t\t\t\t<div class=\"elementor-widget-container\">\n\t\t\t<h2><span style=\"color: rgb(68, 68, 68);\">\u30d7\u30e9\u30a4\u30d0\u30b7\u30fc\u30dd\u30ea\u30b7\u30fc<\/span><\/h2><p><span style=\"color: rgb(68, 68, 68);\">\u3042\u306a\u305f\u306e\u30d7\u30e9\u30a4\u30d0\u30b7\u30fc\u306f\u79c1\u305f\u3061\u306b\u3068\u3063\u3066\u91cd\u8981\u3067\u3059\u3002 Spring School \u306e\u30dd\u30ea\u30b7\u30fc\u306f\u3001Web \u30b5\u30a4\u30c8\u3067\u53ce\u96c6\u3059\u308b\u53ef\u80fd\u6027\u306e\u3042\u308b\u60c5\u5831\u306b\u95a2\u3057\u3066\u3001\u304a\u5ba2\u69d8\u306e\u30d7\u30e9\u30a4\u30d0\u30b7\u30fc\u3092\u5c0a\u91cd\u3059\u308b\u3053\u3068\u3067\u3059\u3002 <a href=\"https:\/\/loja.springschool.me\/ja\/\">\u30b9\u30d7\u30ea\u30f3\u30b0\u30b9\u30af\u30fc\u30eb<\/a>\u3001\u304a\u3088\u3073\u5f53\u793e\u304c\u6240\u6709\u304a\u3088\u3073\u904b\u55b6\u3059\u308b\u305d\u306e\u4ed6\u306e Web \u30b5\u30a4\u30c8\u3002<\/span><\/p><p><span style=\"color: rgb(68, 68, 68);\">\u304a\u5ba2\u69d8\u306b\u30b5\u30fc\u30d3\u30b9\u3092\u63d0\u4f9b\u3059\u308b\u305f\u3081\u306b\u672c\u5f53\u306b\u5fc5\u8981\u306a\u5834\u5408\u306b\u306e\u307f\u3001\u500b\u4eba\u60c5\u5831\u3092\u304a\u5c0b\u306d\u3057\u307e\u3059\u3002\u3053\u308c\u306f\u3001\u304a\u5ba2\u69d8\u306e\u8a8d\u8b58\u3068\u540c\u610f\u3092\u5f97\u305f\u4e0a\u3067\u3001\u516c\u6b63\u304b\u3064\u5408\u6cd5\u7684\u306a\u624b\u6bb5\u3067\u884c\u3044\u307e\u3059\u3002\u307e\u305f\u3001\u53ce\u96c6\u3059\u308b\u7406\u7531\u3068\u4f7f\u7528\u65b9\u6cd5\u306b\u3064\u3044\u3066\u3082\u304a\u77e5\u3089\u305b\u3057\u307e\u3059\u3002<\/span><\/p><p><span style=\"color: rgb(68, 68, 68);\">\u53ce\u96c6\u3057\u305f\u60c5\u5831\u306f\u3001\u8981\u6c42\u3055\u308c\u305f\u30b5\u30fc\u30d3\u30b9\u3092\u63d0\u4f9b\u3059\u308b\u305f\u3081\u306b\u5fc5\u8981\u306a\u671f\u9593\u306e\u307f\u4fdd\u6301\u3057\u307e\u3059\u3002\u30c7\u30fc\u30bf\u3092\u4fdd\u5b58\u3059\u308b\u3068\u304d\u306f\u3001\u5546\u696d\u7684\u306b\u8a31\u5bb9\u3055\u308c\u308b\u624b\u6bb5\u306e\u7bc4\u56f2\u5185\u3067\u30c7\u30fc\u30bf\u3092\u4fdd\u8b77\u3057\u3001\u7d1b\u5931\u3084\u76d7\u96e3\u3001\u4e0d\u6b63\u30a2\u30af\u30bb\u30b9\u3001\u958b\u793a\u3001\u30b3\u30d4\u30fc\u3001\u4f7f\u7528\u3001\u307e\u305f\u306f\u5909\u66f4\u3092\u9632\u304e\u307e\u3059\u3002<\/span><\/p><p><span style=\"color: rgb(68, 68, 68);\">\u6cd5\u5f8b\u3067\u7fa9\u52d9\u4ed8\u3051\u3089\u308c\u3066\u3044\u308b\u5834\u5408\u3092\u9664\u304d\u3001\u500b\u4eba\u3092\u7279\u5b9a\u3067\u304d\u308b\u60c5\u5831\u3092\u516c\u306b\u3001\u307e\u305f\u306f\u7b2c\u4e09\u8005\u3068\u5171\u6709\u3059\u308b\u3053\u3068\u306f\u3042\u308a\u307e\u305b\u3093\u3002<\/span><\/p><p><span style=\"color: rgb(68, 68, 68);\">\u5f53\u793e\u306e\u30a6\u30a7\u30d6\u30b5\u30a4\u30c8\u306b\u306f\u3001\u5f53\u793e\u304c\u904b\u55b6\u3057\u3066\u3044\u306a\u3044\u5916\u90e8\u306e\u30a6\u30a7\u30d6\u30b5\u30a4\u30c8\u3078\u306e\u30ea\u30f3\u30af\u304c\u542b\u307e\u308c\u3066\u3044\u308b\u5834\u5408\u304c\u3042\u308a\u307e\u3059\u3002\u3053\u308c\u3089\u306e\u30b5\u30a4\u30c8\u306e\u30b3\u30f3\u30c6\u30f3\u30c4\u3068\u6163\u884c\u3092\u7ba1\u7406\u3059\u308b\u3053\u3068\u306f\u3067\u304d\u305a\u3001\u305d\u308c\u305e\u308c\u306e\u8cac\u4efb\u3092\u8ca0\u3046\u3053\u3068\u306f\u3067\u304d\u307e\u305b\u3093\u306e\u3067\u3054\u6ce8\u610f\u304f\u3060\u3055\u3044\u3002&nbsp;<\/span><a href=\"https:\/\/politicaprivacidade.com\/\" rel=\"noopener noreferrer\" target=\"_blank\" style=\"background-color: transparent; color: rgb(68, 68, 68);\">\u30d7\u30e9\u30a4\u30d0\u30b7\u30fc \u30dd\u30ea\u30b7\u30fc<\/a><span style=\"color: rgb(68, 68, 68);\">.<\/span><\/p><p><span style=\"color: rgb(68, 68, 68);\">\u304a\u5ba2\u69d8\u306f\u3001\u304a\u5ba2\u69d8\u304c\u5e0c\u671b\u3059\u308b\u30b5\u30fc\u30d3\u30b9\u306e\u4e00\u90e8\u3092\u63d0\u4f9b\u3067\u304d\u306a\u3044\u5834\u5408\u304c\u3042\u308b\u3053\u3068\u3092\u7406\u89e3\u3057\u305f\u4e0a\u3067\u3001\u500b\u4eba\u60c5\u5831\u306e\u8981\u6c42\u3092\u62d2\u5426\u3059\u308b\u3053\u3068\u304c\u3067\u304d\u307e\u3059\u3002<\/span><\/p><p><span style=\"color: rgb(68, 68, 68);\">\u5f53\u793e\u306e\u30a6\u30a7\u30d6\u30b5\u30a4\u30c8\u3092\u7d99\u7d9a\u3057\u3066\u4f7f\u7528\u3059\u308b\u3053\u3068\u306b\u3088\u308a\u3001\u30d7\u30e9\u30a4\u30d0\u30b7\u30fc\u304a\u3088\u3073\u500b\u4eba\u60c5\u5831\u306b\u95a2\u3059\u308b\u5f53\u793e\u306e\u6163\u884c\u306b\u540c\u610f\u3057\u305f\u3082\u306e\u3068\u307f\u306a\u3055\u308c\u307e\u3059\u3002\u30e6\u30fc\u30b6\u30fc\u30c7\u30fc\u30bf\u304a\u3088\u3073\u500b\u4eba\u60c5\u5831\u306e\u53d6\u308a\u6271\u3044\u306b\u3064\u3044\u3066\u3054\u4e0d\u660e\u306a\u70b9\u304c\u3054\u3056\u3044\u307e\u3057\u305f\u3089\u3001\u304a\u554f\u3044\u5408\u308f\u305b\u304f\u3060\u3055\u3044\u3002<\/span><\/p><p><span style=\"color: rgb(68, 68, 68);\"><ul><li><span style=\"color: rgb(68, 68, 68);\">\u5e83\u544a\u914d\u4fe1\u306b\u4f7f\u7528\u3059\u308b Google AdSense \u30b5\u30fc\u30d3\u30b9\u3067\u306f\u3001DoubleClick Cookie \u3092\u4f7f\u7528\u3057\u3066\u3001\u3088\u308a\u95a2\u9023\u6027\u306e\u9ad8\u3044\u5e83\u544a\u3092\u30a6\u30a7\u30d6\u4e0a\u3067\u914d\u4fe1\u3057\u3001\u7279\u5b9a\u306e\u5e83\u544a\u304c\u8868\u793a\u3055\u308c\u308b\u56de\u6570\u3092\u5236\u9650\u3057\u3066\u3044\u307e\u3059\u3002<\/span><\/li><li><span style=\"color: rgb(68, 68, 68);\">AdSense \u306e\u8a73\u7d30\u306b\u3064\u3044\u3066\u306f\u3001\u516c\u5f0f\u306e AdSense \u30d7\u30e9\u30a4\u30d0\u30b7\u30fc\u306b\u95a2\u3059\u308b\u3088\u304f\u3042\u308b\u8cea\u554f\u3092\u3054\u89a7\u304f\u3060\u3055\u3044\u3002<\/span><\/li><li><span style=\"color: rgb(68, 68, 68);\">\u3053\u306e\u30a6\u30a7\u30d6\u30b5\u30a4\u30c8\u3092\u904b\u55b6\u3059\u308b\u305f\u3081\u306e\u8cbb\u7528\u3092\u76f8\u6bba\u3057\u3001\u5c06\u6765\u306e\u958b\u767a\u306e\u305f\u3081\u306e\u8cc7\u91d1\u3092\u63d0\u4f9b\u3059\u308b\u305f\u3081\u306b\u5e83\u544a\u3092\u4f7f\u7528\u3057\u307e\u3059\u3002\u3053\u306e Web \u30b5\u30a4\u30c8\u3067\u4f7f\u7528\u3055\u308c\u308b\u884c\u52d5\u5e83\u544a Cookie \u306f\u3001\u53ef\u80fd\u306a\u9650\u308a\u6700\u3082\u95a2\u9023\u6027\u306e\u9ad8\u3044\u5e83\u544a\u3092\u63d0\u4f9b\u3059\u308b\u3088\u3046\u306b\u8a2d\u8a08\u3055\u308c\u3066\u304a\u308a\u3001\u533f\u540d\u3067\u3042\u306a\u305f\u306e\u8208\u5473\u3092\u8ffd\u8de1\u3057\u3001\u3042\u306a\u305f\u304c\u8208\u5473\u3092\u6301\u3064\u53ef\u80fd\u6027\u306e\u3042\u308b\u985e\u4f3c\u306e\u3082\u306e\u3092\u63d0\u793a\u3057\u307e\u3059\u3002<\/span><\/li><li><span style=\"color: rgb(68, 68, 68);\">\u3055\u307e\u3056\u307e\u306a\u30d1\u30fc\u30c8\u30ca\u30fc\u304c\u5f53\u793e\u306b\u4ee3\u308f\u3063\u3066\u5e83\u544a\u3092\u51fa\u3057\u3001\u30a2\u30d5\u30a3\u30ea\u30a8\u30a4\u30c8 \u30c8\u30e9\u30c3\u30ad\u30f3\u30b0 Cookie \u3092\u4f7f\u7528\u3059\u308b\u3068\u3001\u304a\u5ba2\u69d8\u304c\u5f53\u793e\u306e\u30d1\u30fc\u30c8\u30ca\u30fc \u30b5\u30a4\u30c8\u306e\u3044\u305a\u308c\u304b\u3092\u4ecb\u3057\u3066\u30b5\u30a4\u30c8\u306b\u30a2\u30af\u30bb\u30b9\u3057\u305f\u304b\u3069\u3046\u304b\u3092\u78ba\u8a8d\u3067\u304d\u308b\u305f\u3081\u3001\u9069\u5207\u306b\u30af\u30ec\u30b8\u30c3\u30c8\u3092\u4ed8\u4e0e\u3057\u3001\u8a72\u5f53\u3059\u308b\u5834\u5408\u306f\u3001\u30a2\u30d5\u30a3\u30ea\u30a8\u30a4\u30c8 \u30d1\u30fc\u30c8\u30ca\u30fc\u304c\u30d7\u30ed\u30e2\u30fc\u30b7\u30e7\u30f3\u3092\u63d0\u4f9b\u3067\u304d\u308b\u3088\u3046\u306b\u306a\u308a\u307e\u3059\u8cfc\u5165\u3059\u308b\u3053\u3068\u304c\u3067\u304d\u307e\u3059\u3002<\/span><\/li><\/ul><p><br><\/p><\/span><\/p><h3><span style=\"color: rgb(68, 68, 68);\">\u30e6\u30fc\u30b6\u30fc\u30b3\u30df\u30c3\u30c8\u30e1\u30f3\u30c8<\/span><\/h3><p><span style=\"color: rgb(68, 68, 68);\">\u30e6\u30fc\u30b6\u30fc\u306f\u3001Spring School \u304c\u30a6\u30a7\u30d6\u30b5\u30a4\u30c8\u4e0a\u3067\u63d0\u4f9b\u3059\u308b\u30b3\u30f3\u30c6\u30f3\u30c4\u3068\u60c5\u5831\u3092\u9069\u5207\u306b\u4f7f\u7528\u3059\u308b\u3053\u3068\u3092\u7d04\u675f\u3057\u307e\u3059\u3002<\/span><\/p><ul><li><span style=\"color: rgb(68, 68, 68);\">A) \u9055\u6cd5\u306a\u6d3b\u52d5\u3001\u307e\u305f\u306f\u5584\u610f\u3068\u516c\u5e8f\u826f\u4fd7\u306b\u53cd\u3059\u308b\u6d3b\u52d5\u306b\u5f93\u4e8b\u3057\u306a\u3044\u3053\u3068\u3002<\/span><\/li><li><span style=\"color: rgb(68, 68, 68);\">B) \u4eba\u7a2e\u5dee\u5225\u4e3b\u7fa9\u8005\u3001\u6392\u5916\u4e3b\u7fa9\u8005\u3001 <\/span><span style=\"color: rgb(33, 37, 41);\"><a href='https:\/\/apostasonline.guru\/betano-apostas\/' rel='nofollow' target='_BLANK' style='color:inherit !important; text-decoration: none !important; font-size: inherit !important;'> \u30d9\u30bf\u30f3\u30d9\u30c3\u30c8<\/a><\/span><span style=\"color: rgb(68, 68, 68);\"> \u307e\u305f\u306f\u4e0d\u904b\u3001\u30c6\u30ed\u3092\u652f\u6301\u3059\u308b\u3001\u307e\u305f\u306f\u4eba\u6a29\u306b\u53cd\u3059\u308b\u3001\u3042\u3089\u3086\u308b\u7a2e\u985e\u306e\u9055\u6cd5\u306a\u30dd\u30eb\u30ce\u3002<\/span><\/li><li><span style=\"color: rgb(68, 68, 68);\">C) Spring School\u3001\u305d\u306e\u30b5\u30d7\u30e9\u30a4\u30e4\u30fc\u307e\u305f\u306f\u7b2c\u4e09\u8005\u306e\u7269\u7406\u7684 (\u30cf\u30fc\u30c9\u30a6\u30a7\u30a2) \u304a\u3088\u3073\u8ad6\u7406\u7684 (\u30bd\u30d5\u30c8\u30a6\u30a7\u30a2) \u30b7\u30b9\u30c6\u30e0\u306b\u640d\u5bb3\u3092\u4e0e\u3048\u3066\u3001\u30b3\u30f3\u30d4\u30e5\u30fc\u30bf \u30a6\u30a4\u30eb\u30b9\u307e\u305f\u306f\u4e0a\u8a18\u306e\u640d\u5bb3\u3092\u5f15\u304d\u8d77\u3053\u3059\u53ef\u80fd\u6027\u306e\u3042\u308b\u305d\u306e\u4ed6\u306e\u30cf\u30fc\u30c9\u30a6\u30a7\u30a2\u307e\u305f\u306f\u30bd\u30d5\u30c8\u30a6\u30a7\u30a2 \u30b7\u30b9\u30c6\u30e0\u3092\u5c0e\u5165\u307e\u305f\u306f\u62e1\u6563\u3057\u306a\u3044\u3053\u3068\u3002<\/span><\/li><\/ul><h3><span style=\"color: rgb(68, 68, 68);\">\u8a73\u3057\u304f\u306f<\/span><\/h3><p><span style=\"color: rgb(68, 68, 68);\">\u5148\u306b\u8ff0\u3079\u305f\u3088\u3046\u306b\u3001\u5fc5\u8981\u304b\u3069\u3046\u304b\u4e0d\u660e\u306a\u70b9\u304c\u3042\u308b\u5834\u5408\u306f\u3001\u901a\u5e38\u3001Cookie \u3092\u6709\u52b9\u306b\u3057\u3066\u304a\u304f\u65b9\u304c\u5b89\u5168\u3067\u3059\u3002<\/span><\/p><p><span style=\"color: rgb(68, 68, 68);\">\u3053\u306e\u30dd\u30ea\u30b7\u30fc\u306f 2022 \u5e74 12 \u6708 19 \u65e5 12:46 \u304b\u3089\u6709\u52b9\u306b\u306a\u308a\u307e\u3059\u3002<\/span><\/p>\t\t<\/div>\n\t\t\t\t<\/div>\n\t\t\t\t\t<\/div>\n\t\t<\/div>\n\t\t\t\t\t\t\t<\/div>\n\t\t<\/section>\n\t\t\t\t\t\t\t<\/div>","protected":false},"excerpt":{"rendered":"<p>\u30d7\u30e9\u30a4\u30d0\u30b7\u30fc \u30dd\u30ea\u30b7\u30fc \u304a\u5ba2\u69d8\u306e\u30d7\u30e9\u30a4\u30d0\u30b7\u30fc\u306f\u5f53\u793e\u306b\u3068\u3063\u3066\u91cd\u8981\u3067\u3059\u3002 Spring School \u306e Web \u30b5\u30a4\u30c8\u304a\u3088\u3073\u5f53\u793e\u304c\u6240\u6709\u304a\u3088\u3073\u904b\u55b6\u3059\u308b\u305d\u306e\u4ed6\u306e\u30b5\u30a4\u30c8\u3067\u304a\u5ba2\u69d8\u304b\u3089\u53ce\u96c6\u3059\u308b\u60c5\u5831\u306b\u95a2\u3057\u3066\u3001\u304a\u5ba2\u69d8\u306e\u30d7\u30e9\u30a4\u30d0\u30b7\u30fc\u3092\u5c0a\u91cd\u3059\u308b\u3053\u3068\u304c Spring School \u306e\u30dd\u30ea\u30b7\u30fc\u3067\u3059\u3002\u5f53\u793e\u306f\u3001\u30b5\u30fc\u30d3\u30b9\u3092\u63d0\u4f9b\u3059\u308b\u305f\u3081\u306b\u672c\u5f53\u306b\u5fc5\u8981\u306a\u5834\u5408\u306b\u306e\u307f\u500b\u4eba\u60c5\u5831\u3092\u8981\u6c42\u3057\u307e\u3059\u3002\u5f53\u793e\u306f\u3001\u304a\u5ba2\u69d8\u306e\u77e5\u8b58\u3068\u540c\u610f\u3092\u5f97\u305f\u4e0a\u3067\u3001\u516c\u6b63\u304b\u3064\u5408\u6cd5\u7684\u306a\u624b\u6bb5\u306b\u3088\u3063\u3066\u3053\u308c\u3092\u884c\u3044\u307e\u3059\u3002\u307e\u305f\u3001\u53ce\u96c6\u3059\u308b\u7406\u7531\u3068\u305d\u306e\u4f7f\u7528\u65b9\u6cd5\u306b\u3064\u3044\u3066\u3082\u8aac\u660e\u3057\u307e\u3059\u3002\u5f53\u793e\u306f\u3001\u53ce\u96c6\u3055\u308c\u305f\u60c5\u5831\u3092\u3001\u8981\u6c42\u3055\u308c\u305f\u30b5\u30fc\u30d3\u30b9\u3092\u63d0\u4f9b\u3059\u308b\u305f\u3081\u306b\u5fc5\u8981\u306a\u671f\u9593\u306e\u307f\u4fdd\u6301\u3057\u307e\u3059\u3002\u30c7\u30fc\u30bf\u3092\u4fdd\u5b58\u3059\u308b\u5834\u5408\u3001\u5f53\u793e\u306f\u7d1b\u5931\u3084\u76d7\u96e3\u3001\u4e0d\u6b63\u306a\u30a2\u30af\u30bb\u30b9\u3001\u958b\u793a\u3001\u30b3\u30d4\u30fc\u3001\u4f7f\u7528\u3001\u5909\u66f4\u3092\u9632\u3050\u305f\u3081\u306b\u3001\u5546\u696d\u7684\u306b\u8a31\u5bb9\u3055\u308c\u308b\u624b\u6bb5\u306e\u7bc4\u56f2\u5185\u3067\u30c7\u30fc\u30bf\u3092\u4fdd\u8b77\u3057\u307e\u3059\u3002 \u2026 <br \/><a href=\"https:\/\/loja.springschool.me\/ja\/politica-de-privacidade\/\" class=\"more-link\">\u8aad\u307f\u7d9a\u3051\u3066 <span class=\"screen-reader-text\">\u30d7\u30e9\u30a4\u30d0\u30b7\u30fc\u30dd\u30ea\u30b7\u30fc<\/span><\/a><\/p>","protected":false},"author":1,"featured_media":694,"parent":0,"menu_order":0,"comment_status":"closed","ping_status":"closed","template":"","meta":{"footnotes":""},"yoast_head":"<!-- This site is optimized with the Yoast SEO plugin v20.11 - https:\/\/yoast.com\/wordpress\/plugins\/seo\/ -->\n<title>Pol\u00edtica de Privacidade - Spring School - Loja Virtual<\/title>\n<meta name=\"description\" content=\"Pol\u00edtica Privacidade - A sua privacidade \u00e9 importante para n\u00f3s. \u00c9 pol\u00edtica do Spring School respeitar a sua privacidade em rela\u00e7\u00e3o a qualquer informa\u00e7\u00e3o sua que possamos coletar no site Spring School, e outros sites que possu\u00edmos e operamos.\" \/>\n<meta name=\"robots\" content=\"index, follow, max-snippet:-1, max-image-preview:large, max-video-preview:-1\" \/>\n<link rel=\"canonical\" href=\"https:\/\/loja.springschool.me\/ja\/politica-de-privacidade\/\" \/>\n<meta property=\"og:locale\" content=\"ja_JP\" \/>\n<meta property=\"og:type\" content=\"article\" \/>\n<meta property=\"og:title\" content=\"Pol\u00edtica de Privacidade - Spring School - Loja Virtual\" \/>\n<meta property=\"og:description\" content=\"Pol\u00edtica Privacidade - A sua privacidade \u00e9 importante para n\u00f3s. \u00c9 pol\u00edtica do Spring School respeitar a sua privacidade em rela\u00e7\u00e3o a qualquer informa\u00e7\u00e3o sua que possamos coletar no site Spring School, e outros sites que possu\u00edmos e operamos.\" \/>\n<meta property=\"og:url\" content=\"https:\/\/loja.springschool.me\/ja\/politica-de-privacidade\/\" \/>\n<meta property=\"og:site_name\" content=\"Spring School - Loja Virtual\" \/>\n<meta property=\"article:modified_time\" content=\"2022-12-19T12:49:34+00:00\" \/>\n<meta property=\"og:image\" content=\"http:\/\/loja.springschool.me\/wp-content\/uploads\/2022\/12\/spring-logo-OG.jpg\" \/>\n\t<meta property=\"og:image:width\" content=\"800\" \/>\n\t<meta property=\"og:image:height\" content=\"800\" \/>\n\t<meta property=\"og:image:type\" content=\"image\/jpeg\" \/>\n<meta name=\"twitter:card\" content=\"summary_large_image\" \/>\n<meta name=\"twitter:label1\" content=\"\u63a8\u5b9a\u8aad\u307f\u53d6\u308a\u6642\u9593\" \/>\n\t<meta name=\"twitter:data1\" content=\"4\u5206\" \/>\n<script type=\"application\/ld+json\" class=\"yoast-schema-graph\">{\"@context\":\"https:\/\/schema.org\",\"@graph\":[{\"@type\":\"WebPage\",\"@id\":\"https:\/\/loja.springschool.me\/politica-de-privacidade\/\",\"url\":\"https:\/\/loja.springschool.me\/politica-de-privacidade\/\",\"name\":\"Pol\u00edtica de Privacidade - Spring School - Loja Virtual\",\"isPartOf\":{\"@id\":\"https:\/\/loja.springschool.me\/#website\"},\"datePublished\":\"2022-12-19T12:47:53+00:00\",\"dateModified\":\"2022-12-19T12:49:34+00:00\",\"description\":\"Pol\u00edtica Privacidade - A sua privacidade \u00e9 importante para n\u00f3s. \u00c9 pol\u00edtica do Spring School respeitar a sua privacidade em rela\u00e7\u00e3o a qualquer informa\u00e7\u00e3o sua que possamos coletar no site Spring School, e outros sites que possu\u00edmos e operamos.\",\"breadcrumb\":{\"@id\":\"https:\/\/loja.springschool.me\/politica-de-privacidade\/#breadcrumb\"},\"inLanguage\":\"ja\",\"potentialAction\":[{\"@type\":\"ReadAction\",\"target\":[\"https:\/\/loja.springschool.me\/politica-de-privacidade\/\"]}]},{\"@type\":\"BreadcrumbList\",\"@id\":\"https:\/\/loja.springschool.me\/politica-de-privacidade\/#breadcrumb\",\"itemListElement\":[{\"@type\":\"ListItem\",\"position\":1,\"name\":\"In\u00edcio\",\"item\":\"https:\/\/loja.springschool.me\/\"},{\"@type\":\"ListItem\",\"position\":2,\"name\":\"Pol\u00edtica de Privacidade\"}]},{\"@type\":\"WebSite\",\"@id\":\"https:\/\/loja.springschool.me\/#website\",\"url\":\"https:\/\/loja.springschool.me\/\",\"name\":\"Spring School - Loja Virtual\",\"description\":\"Just another WordPress site\",\"potentialAction\":[{\"@type\":\"SearchAction\",\"target\":{\"@type\":\"EntryPoint\",\"urlTemplate\":\"https:\/\/loja.springschool.me\/?s={search_term_string}\"},\"query-input\":\"required name=search_term_string\"}],\"inLanguage\":\"ja\"}]}<\/script>\n<!-- \/ Yoast SEO plugin. -->","yoast_head_json":{"title":"Pol\u00edtica de Privacidade - Spring School - Loja Virtual","description":"Pol\u00edtica Privacidade - A sua privacidade \u00e9 importante para n\u00f3s. \u00c9 pol\u00edtica do Spring School respeitar a sua privacidade em rela\u00e7\u00e3o a qualquer informa\u00e7\u00e3o sua que possamos coletar no site Spring School, e outros sites que possu\u00edmos e operamos.","robots":{"index":"index","follow":"follow","max-snippet":"max-snippet:-1","max-image-preview":"max-image-preview:large","max-video-preview":"max-video-preview:-1"},"canonical":"https:\/\/loja.springschool.me\/ja\/politica-de-privacidade\/","og_locale":"ja_JP","og_type":"article","og_title":"Pol\u00edtica de Privacidade - Spring School - Loja Virtual","og_description":"Pol\u00edtica Privacidade - A sua privacidade \u00e9 importante para n\u00f3s. \u00c9 pol\u00edtica do Spring School respeitar a sua privacidade em rela\u00e7\u00e3o a qualquer informa\u00e7\u00e3o sua que possamos coletar no site Spring School, e outros sites que possu\u00edmos e operamos.","og_url":"https:\/\/loja.springschool.me\/ja\/politica-de-privacidade\/","og_site_name":"Spring School - Loja Virtual","article_modified_time":"2022-12-19T12:49:34+00:00","og_image":[{"width":800,"height":800,"url":"http:\/\/loja.springschool.me\/wp-content\/uploads\/2022\/12\/spring-logo-OG.jpg","type":"image\/jpeg"}],"twitter_card":"summary_large_image","twitter_misc":{"\u63a8\u5b9a\u8aad\u307f\u53d6\u308a\u6642\u9593":"4\u5206"},"schema":{"@context":"https:\/\/schema.org","@graph":[{"@type":"WebPage","@id":"https:\/\/loja.springschool.me\/politica-de-privacidade\/","url":"https:\/\/loja.springschool.me\/politica-de-privacidade\/","name":"Pol\u00edtica de Privacidade - Spring School - Loja Virtual","isPartOf":{"@id":"https:\/\/loja.springschool.me\/#website"},"datePublished":"2022-12-19T12:47:53+00:00","dateModified":"2022-12-19T12:49:34+00:00","description":"Pol\u00edtica Privacidade - A sua privacidade \u00e9 importante para n\u00f3s. \u00c9 pol\u00edtica do Spring School respeitar a sua privacidade em rela\u00e7\u00e3o a qualquer informa\u00e7\u00e3o sua que possamos coletar no site Spring School, e outros sites que possu\u00edmos e operamos.","breadcrumb":{"@id":"https:\/\/loja.springschool.me\/politica-de-privacidade\/#breadcrumb"},"inLanguage":"ja","potentialAction":[{"@type":"ReadAction","target":["https:\/\/loja.springschool.me\/politica-de-privacidade\/"]}]},{"@type":"BreadcrumbList","@id":"https:\/\/loja.springschool.me\/politica-de-privacidade\/#breadcrumb","itemListElement":[{"@type":"ListItem","position":1,"name":"In\u00edcio","item":"https:\/\/loja.springschool.me\/"},{"@type":"ListItem","position":2,"name":"Pol\u00edtica de Privacidade"}]},{"@type":"WebSite","@id":"https:\/\/loja.springschool.me\/#website","url":"https:\/\/loja.springschool.me\/","name":"Spring School - Loja Virtual","description":"Just another WordPress site","potentialAction":[{"@type":"SearchAction","target":{"@type":"EntryPoint","urlTemplate":"https:\/\/loja.springschool.me\/?s={search_term_string}"},"query-input":"required name=search_term_string"}],"inLanguage":"ja"}]}},"_links":{"self":[{"href":"https:\/\/loja.springschool.me\/ja\/wp-json\/wp\/v2\/pages\/722"}],"collection":[{"href":"https:\/\/loja.springschool.me\/ja\/wp-json\/wp\/v2\/pages"}],"about":[{"href":"https:\/\/loja.springschool.me\/ja\/wp-json\/wp\/v2\/types\/page"}],"author":[{"embeddable":true,"href":"https:\/\/loja.springschool.me\/ja\/wp-json\/wp\/v2\/users\/1"}],"replies":[{"embeddable":true,"href":"https:\/\/loja.springschool.me\/ja\/wp-json\/wp\/v2\/comments?post=722"}],"version-history":[{"count":4,"href":"https:\/\/loja.springschool.me\/ja\/wp-json\/wp\/v2\/pages\/722\/revisions"}],"predecessor-version":[{"id":726,"href":"https:\/\/loja.springschool.me\/ja\/wp-json\/wp\/v2\/pages\/722\/revisions\/726"}],"wp:featuredmedia":[{"embeddable":true,"href":"https:\/\/loja.springschool.me\/ja\/wp-json\/wp\/v2\/media\/694"}],"wp:attachment":[{"href":"https:\/\/loja.springschool.me\/ja\/wp-json\/wp\/v2\/media?parent=722"}],"curies":[{"name":"wp","href":"https:\/\/api.w.org\/{rel}","templated":true}]}}