{"id":13,"date":"2022-10-27T17:43:31","date_gmt":"2022-10-27T17:43:31","guid":{"rendered":"https:\/\/loja.springschool.me\/index.php\/my-account\/"},"modified":"2022-12-12T13:11:54","modified_gmt":"2022-12-12T13:11:54","slug":"minha-conta","status":"publish","type":"page","link":"https:\/\/loja.springschool.me\/ja\/minha-conta\/","title":{"rendered":"\u30de\u30a4\u30a2\u30ab\u30a6\u30f3\u30c8"},"content":{"rendered":"<div class=\"woocommerce\"><div class=\"user\">\n\n\t<div id=\"customer_login_9KrIw\" class=\"register_login_wrapper active\">\n\t\t<h2 class=\"title\">\u30ed\u30b0\u30a4\u30f3<\/h2>\n\t\t<form method=\"post\" class=\"login\" role=\"form\" action=\"\">\n\n\t\t\t\n\t\t\t<p class=\"form-group form-row-wide\">\n\t\t\t\t<input type=\"text\" class=\"form-control\" name=\"username\" id=\"username\" value=\"\" placeholder=\"\u30e6\u30fc\u30b6\u30fc\u540d\u307e\u305f\u306f\u96fb\u5b50\u30e1\u30fc\u30eb *\" \/>\n\t\t\t<\/p>\n\t\t\t<p class=\"form-group form-row-wide\">\n\t\t\t\t<input class=\"form-control\" type=\"password\" name=\"password\" id=\"password\" placeholder=\"\u30d1\u30b9\u30ef\u30fc\u30c9 *\" \/>\n\t\t\t<\/p>\n\n\t\t\t\n\t\t\t<div class=\"form-group\">\n\t\t\t\t<input type=\"hidden\" id=\"woocommerce-login-nonce\" name=\"woocommerce-login-nonce\" value=\"cc7986ae6d\" \/><input type=\"hidden\" name=\"_wp_http_referer\" value=\"\/ja\/wp-json\/wp\/v2\/pages\/13\" \/>\t\t\t\t<div class=\"form-group clearfix\">\n\t\t\t\t\t<span class=\"inline pull-left\">\n\t\t\t\t\t\t<input name=\"rememberme\" type=\"checkbox\" id=\"rememberme\" value=\"forever\" \/> \u79c1\u3092\u899a\u3048\u3066\u307e\u3059\u304b\t\t\t\t\t<\/span>\n\t\t\t\t\t<span class=\"lost_password pull-right\">\n\t\t\t\t\t\t<a href=\"https:\/\/loja.springschool.me\/ja\/minha-conta\/lost-password\/\">\u30d1\u30b9\u30ef\u30fc\u30c9\u3092\u5fd8\u308c\u307e\u3057\u305f\u304b\uff1f<\/a>\n\t\t\t\t\t<\/span>\n\t\t\t\t<\/div>\n\t\t\t\t<input type=\"submit\" class=\"btn btn-theme btn-block\" name=\"login\" value=\"\u30ed\u30b0\u30a4\u30f3\" \/>\n\t\t\t<\/div>\n\n\t\t\t\n\t\t<input type=\"hidden\" name=\"trp-form-language\" value=\"ja\"\/><\/form>\n\n\t\t\t\t\t<div class=\"create text-center\">\n\t\t\t\t\u307e\u3060\u30a2\u30ab\u30a6\u30f3\u30c8\u3092\u304a\u6301\u3061\u3067\u3059\u304b? <a class=\"creat-account text-theme register-login-action\" href=\"#customer_register_9KrIw\"> \u30a2\u30ab\u30a6\u30f3\u30c8\u3092\u4f5c\u6210\u3059\u308b<\/a>\n\t\t\t<\/div>\n\t\t\n\t<\/div>\n\n\n\t<div id=\"customer_register_9KrIw\" class=\"content-register register_login_wrapper\">\n\n\t\t<h2 class=\"title\">\u767b\u9332\u3059\u308b<\/h2>\n\t\t<form method=\"post\" class=\"register widget\" action=\"\"  >\n\n\t\t\t\n\t\t\t\n\t\t\t<p class=\"form-group form-row-wide\">\n\t\t\t\t<input type=\"email\" class=\"form-control\" name=\"email\" id=\"reg_email\" value=\"\" placeholder=\"\u96fb\u5b50\u30e1\u30fc\u30eb\u30a2\u30c9\u30ec\u30b9 *\" \/>\n\t\t\t<\/p>\n\n\t\t\t\n\t\t\t\t<p>\u30d1\u30b9\u30ef\u30fc\u30c9\u304c\u3042\u306a\u305f\u306e\u30e1\u30fc\u30eb\u30a2\u30c9\u30ec\u30b9\u306b\u9001\u4fe1\u3055\u308c\u307e\u3059\u3002<\/p>\n\n\t\t\t\n\n\t\t\t\n\t\t\t<p class=\"form-group wrapper-submit\">\n\t\t\t\t<input type=\"hidden\" id=\"woocommerce-register-nonce\" name=\"woocommerce-register-nonce\" value=\"57bb3717b3\" \/><input type=\"hidden\" name=\"_wp_http_referer\" value=\"\/ja\/wp-json\/wp\/v2\/pages\/13\" \/>\t\t\t\t<button type=\"submit\" class=\"btn btn-theme btn-block\" name=\"register\" value=\"Register\">\u767b\u9332\u3059\u308b<\/button>\n\t\t\t<\/p>\n\n\t\t\t\n\t\t<input type=\"hidden\" name=\"trp-form-language\" value=\"ja\"\/><\/form>\n\n\t\t<div class=\"create text-center\">\n\t\t\t\u30a2\u30ab\u30a6\u30f3\u30c8\u3092\u6301\u3063\u3066\u3044\u307e\u3059\u3002 <a class=\"login-account text-theme register-login-action\" href=\"#customer_login_9KrIw\"> \u30ed\u30b0\u30a4\u30f3<\/a>\n\t\t<\/div>\n\n\t<\/div>\n\n<\/div>\n<\/div>","protected":false},"excerpt":{"rendered":"","protected":false},"author":1,"featured_media":694,"parent":0,"menu_order":0,"comment_status":"closed","ping_status":"closed","template":"","meta":{"footnotes":""},"yoast_head":"<!-- This site is optimized with the Yoast SEO plugin v20.11 - https:\/\/yoast.com\/wordpress\/plugins\/seo\/ -->\n<title>Minha conta - Spring School - Loja Virtual<\/title>\n<meta name=\"description\" content=\"P\u00e1gina para acessar configura\u00e7\u00f5es da conta pessoal da Loja Virtual Spring School, podendo alterar detalhes da mesma e algumas outras configura\u00e7\u00f5es...\" \/>\n<meta name=\"robots\" content=\"index, follow, max-snippet:-1, max-image-preview:large, max-video-preview:-1\" \/>\n<link rel=\"canonical\" href=\"https:\/\/loja.springschool.me\/ja\/minha-conta\/\" \/>\n<meta property=\"og:locale\" content=\"ja_JP\" \/>\n<meta property=\"og:type\" content=\"article\" \/>\n<meta property=\"og:title\" content=\"Minha conta - Spring School - Loja Virtual\" \/>\n<meta property=\"og:description\" content=\"P\u00e1gina para acessar configura\u00e7\u00f5es da conta pessoal da Loja Virtual Spring School, podendo alterar detalhes da mesma e algumas outras configura\u00e7\u00f5es...\" \/>\n<meta property=\"og:url\" content=\"https:\/\/loja.springschool.me\/ja\/minha-conta\/\" \/>\n<meta property=\"og:site_name\" content=\"Spring School - Loja Virtual\" \/>\n<meta property=\"article:modified_time\" content=\"2022-12-12T13:11:54+00:00\" \/>\n<meta property=\"og:image\" content=\"http:\/\/loja.springschool.me\/wp-content\/uploads\/2022\/12\/spring-logo-OG.jpg\" \/>\n\t<meta property=\"og:image:width\" content=\"800\" \/>\n\t<meta property=\"og:image:height\" content=\"800\" \/>\n\t<meta property=\"og:image:type\" content=\"image\/jpeg\" \/>\n<meta name=\"twitter:card\" content=\"summary_large_image\" \/>\n<meta name=\"twitter:label1\" content=\"\u63a8\u5b9a\u8aad\u307f\u53d6\u308a\u6642\u9593\" \/>\n\t<meta name=\"twitter:data1\" content=\"1\u5206\" \/>\n<script type=\"application\/ld+json\" class=\"yoast-schema-graph\">{\"@context\":\"https:\/\/schema.org\",\"@graph\":[{\"@type\":\"WebPage\",\"@id\":\"https:\/\/loja.springschool.me\/minha-conta\/\",\"url\":\"https:\/\/loja.springschool.me\/minha-conta\/\",\"name\":\"Minha conta - Spring School - Loja Virtual\",\"isPartOf\":{\"@id\":\"https:\/\/loja.springschool.me\/#website\"},\"datePublished\":\"2022-10-27T17:43:31+00:00\",\"dateModified\":\"2022-12-12T13:11:54+00:00\",\"description\":\"P\u00e1gina para acessar configura\u00e7\u00f5es da conta pessoal da Loja Virtual Spring School, podendo alterar detalhes da mesma e algumas outras configura\u00e7\u00f5es...\",\"breadcrumb\":{\"@id\":\"https:\/\/loja.springschool.me\/minha-conta\/#breadcrumb\"},\"inLanguage\":\"ja\",\"potentialAction\":[{\"@type\":\"ReadAction\",\"target\":[\"https:\/\/loja.springschool.me\/minha-conta\/\"]}]},{\"@type\":\"BreadcrumbList\",\"@id\":\"https:\/\/loja.springschool.me\/minha-conta\/#breadcrumb\",\"itemListElement\":[{\"@type\":\"ListItem\",\"position\":1,\"name\":\"In\u00edcio\",\"item\":\"https:\/\/loja.springschool.me\/\"},{\"@type\":\"ListItem\",\"position\":2,\"name\":\"Minha conta\"}]},{\"@type\":\"WebSite\",\"@id\":\"https:\/\/loja.springschool.me\/#website\",\"url\":\"https:\/\/loja.springschool.me\/\",\"name\":\"Spring School - Loja Virtual\",\"description\":\"Just another WordPress site\",\"potentialAction\":[{\"@type\":\"SearchAction\",\"target\":{\"@type\":\"EntryPoint\",\"urlTemplate\":\"https:\/\/loja.springschool.me\/?s={search_term_string}\"},\"query-input\":\"required name=search_term_string\"}],\"inLanguage\":\"ja\"}]}<\/script>\n<!-- \/ Yoast SEO plugin. -->","yoast_head_json":{"title":"Minha conta - Spring School - Loja Virtual","description":"P\u00e1gina para acessar configura\u00e7\u00f5es da conta pessoal da Loja Virtual Spring School, podendo alterar detalhes da mesma e algumas outras configura\u00e7\u00f5es...","robots":{"index":"index","follow":"follow","max-snippet":"max-snippet:-1","max-image-preview":"max-image-preview:large","max-video-preview":"max-video-preview:-1"},"canonical":"https:\/\/loja.springschool.me\/ja\/minha-conta\/","og_locale":"ja_JP","og_type":"article","og_title":"Minha conta - Spring School - Loja Virtual","og_description":"P\u00e1gina para acessar configura\u00e7\u00f5es da conta pessoal da Loja Virtual Spring School, podendo alterar detalhes da mesma e algumas outras configura\u00e7\u00f5es...","og_url":"https:\/\/loja.springschool.me\/ja\/minha-conta\/","og_site_name":"Spring School - Loja Virtual","article_modified_time":"2022-12-12T13:11:54+00:00","og_image":[{"width":800,"height":800,"url":"http:\/\/loja.springschool.me\/wp-content\/uploads\/2022\/12\/spring-logo-OG.jpg","type":"image\/jpeg"}],"twitter_card":"summary_large_image","twitter_misc":{"\u63a8\u5b9a\u8aad\u307f\u53d6\u308a\u6642\u9593":"1\u5206"},"schema":{"@context":"https:\/\/schema.org","@graph":[{"@type":"WebPage","@id":"https:\/\/loja.springschool.me\/minha-conta\/","url":"https:\/\/loja.springschool.me\/minha-conta\/","name":"Minha conta - Spring School - Loja Virtual","isPartOf":{"@id":"https:\/\/loja.springschool.me\/#website"},"datePublished":"2022-10-27T17:43:31+00:00","dateModified":"2022-12-12T13:11:54+00:00","description":"P\u00e1gina para acessar configura\u00e7\u00f5es da conta pessoal da Loja Virtual Spring School, podendo alterar detalhes da mesma e algumas outras configura\u00e7\u00f5es...","breadcrumb":{"@id":"https:\/\/loja.springschool.me\/minha-conta\/#breadcrumb"},"inLanguage":"ja","potentialAction":[{"@type":"ReadAction","target":["https:\/\/loja.springschool.me\/minha-conta\/"]}]},{"@type":"BreadcrumbList","@id":"https:\/\/loja.springschool.me\/minha-conta\/#breadcrumb","itemListElement":[{"@type":"ListItem","position":1,"name":"In\u00edcio","item":"https:\/\/loja.springschool.me\/"},{"@type":"ListItem","position":2,"name":"Minha conta"}]},{"@type":"WebSite","@id":"https:\/\/loja.springschool.me\/#website","url":"https:\/\/loja.springschool.me\/","name":"Spring School - Loja Virtual","description":"Just another WordPress site","potentialAction":[{"@type":"SearchAction","target":{"@type":"EntryPoint","urlTemplate":"https:\/\/loja.springschool.me\/?s={search_term_string}"},"query-input":"required name=search_term_string"}],"inLanguage":"ja"}]}},"_links":{"self":[{"href":"https:\/\/loja.springschool.me\/ja\/wp-json\/wp\/v2\/pages\/13"}],"collection":[{"href":"https:\/\/loja.springschool.me\/ja\/wp-json\/wp\/v2\/pages"}],"about":[{"href":"https:\/\/loja.springschool.me\/ja\/wp-json\/wp\/v2\/types\/page"}],"author":[{"embeddable":true,"href":"https:\/\/loja.springschool.me\/ja\/wp-json\/wp\/v2\/users\/1"}],"replies":[{"embeddable":true,"href":"https:\/\/loja.springschool.me\/ja\/wp-json\/wp\/v2\/comments?post=13"}],"version-history":[{"count":1,"href":"https:\/\/loja.springschool.me\/ja\/wp-json\/wp\/v2\/pages\/13\/revisions"}],"predecessor-version":[{"id":692,"href":"https:\/\/loja.springschool.me\/ja\/wp-json\/wp\/v2\/pages\/13\/revisions\/692"}],"wp:featuredmedia":[{"embeddable":true,"href":"https:\/\/loja.springschool.me\/ja\/wp-json\/wp\/v2\/media\/694"}],"wp:attachment":[{"href":"https:\/\/loja.springschool.me\/ja\/wp-json\/wp\/v2\/media?parent=13"}],"curies":[{"name":"wp","href":"https:\/\/api.w.org\/{rel}","templated":true}]}}