{"id":564,"date":"2022-11-30T16:12:28","date_gmt":"2022-11-30T16:12:28","guid":{"rendered":"https:\/\/loja.springschool.me\/?post_type=product&#038;p=564"},"modified":"2023-02-03T16:40:48","modified_gmt":"2023-02-03T16:40:48","slug":"gestao-facil-oseias-gomes","status":"publish","type":"product","link":"https:\/\/loja.springschool.me\/en\/product\/gestao-facil-oseias-gomes\/","title":{"rendered":"Easy Management (Os\u00e9ias Gomes)"},"content":{"rendered":"<p>Although there are several profiles of entrepreneurs, there is a common feature to all: they do not sleep! This is due to many factors: bureaucratic barriers, misaligned teams, financial difficulties, pressure to innovate quickly, etc. Thus, after overcoming the most diverse challenges that can occur in a manager&#039;s career, Os\u00e9ias Gomes, founder of Odonto Excellence Franchising, brings in Easy Management the secret recipe so that you can generate facilities, assemble a successful team and multiply your company quickly and easily. Not to mention, of course, being able to enjoy better nights sleep with the certainty that everything is working as it should! Management is the basis for those who want to multiply their business and grow exponentially. The grandeur of this pillar carries challenges and responsibilities that make us, managers, often feel in a constant race against delay, market crises, fear of failure. For this reason, it is essential that all leaders commit to investing in their preparation to deal quickly and efficiently with the scenario that presents itself. In his first book, Gest\u00e3o F\u00e1cil, Os\u00e9ias Gomes talks directly with entrepreneurs who share this pressure and seek the best strategies and practices to adopt to keep their businesses competitive in a market that is increasingly being swallowed up.<\/p>","protected":false},"excerpt":{"rendered":"<p>In his first book, Gest\u00e3o F\u00e1cil, Os\u00e9ias Gomes talks directly with entrepreneurs who share this pressure and seek the best strategies and practices to adopt to keep their businesses competitive in a market that is increasingly being swallowed up.<\/p>","protected":false},"featured_media":606,"template":"","meta":[],"product_cat":[20],"product_tag":[],"yoast_head":"<!-- This site is optimized with the Yoast SEO plugin v20.11 - https:\/\/yoast.com\/wordpress\/plugins\/seo\/ -->\n<title>Gest\u00e3o F\u00e1cil (Os\u00e9ias Gomes) - Spring School - Loja Virtual<\/title>\n<meta name=\"description\" content=\"Embora existam diversos perfis de empres\u00e1rios, h\u00e1 uma caracter\u00edstica comum a todos: eles n\u00e3o dormem! Isso se deve a muitos fatores: barreiras burocr\u00e1ticas, equipes desalinhadas, dificuldades financeiras, press\u00e3o por inovar rapidamente etc...\" \/>\n<meta name=\"robots\" content=\"index, follow, max-snippet:-1, max-image-preview:large, max-video-preview:-1\" \/>\n<link rel=\"canonical\" href=\"https:\/\/loja.springschool.me\/en\/product\/gestao-facil-oseias-gomes\/\" \/>\n<meta property=\"og:locale\" content=\"en_US\" \/>\n<meta property=\"og:type\" content=\"article\" \/>\n<meta property=\"og:title\" content=\"Gest\u00e3o F\u00e1cil (Os\u00e9ias Gomes) - Spring School - Loja Virtual\" \/>\n<meta property=\"og:description\" content=\"Embora existam diversos perfis de empres\u00e1rios, h\u00e1 uma caracter\u00edstica comum a todos: eles n\u00e3o dormem! Isso se deve a muitos fatores: barreiras burocr\u00e1ticas, equipes desalinhadas, dificuldades financeiras, press\u00e3o por inovar rapidamente etc...\" \/>\n<meta property=\"og:url\" content=\"https:\/\/loja.springschool.me\/en\/product\/gestao-facil-oseias-gomes\/\" \/>\n<meta property=\"og:site_name\" content=\"Spring School - Loja Virtual\" \/>\n<meta property=\"article:modified_time\" content=\"2023-02-03T16:40:48+00:00\" \/>\n<meta property=\"og:image\" content=\"https:\/\/loja.springschool.me\/wp-content\/uploads\/2022\/11\/spring-loja-livro-27-1.jpg\" \/>\n\t<meta property=\"og:image:width\" content=\"1000\" \/>\n\t<meta property=\"og:image:height\" content=\"1000\" \/>\n\t<meta property=\"og:image:type\" content=\"image\/jpeg\" \/>\n<meta name=\"twitter:card\" content=\"summary_large_image\" \/>\n<meta name=\"twitter:label1\" content=\"Est. reading time\" \/>\n\t<meta name=\"twitter:data1\" content=\"2 minutes\" \/>\n<script type=\"application\/ld+json\" class=\"yoast-schema-graph\">{\"@context\":\"https:\/\/schema.org\",\"@graph\":[{\"@type\":\"WebPage\",\"@id\":\"https:\/\/loja.springschool.me\/ja\/product\/gestao-facil-oseias-gomes\/\",\"url\":\"https:\/\/loja.springschool.me\/ja\/product\/gestao-facil-oseias-gomes\/\",\"name\":\"Gest\u00e3o F\u00e1cil (Os\u00e9ias Gomes) - Spring School - Loja Virtual\",\"isPartOf\":{\"@id\":\"https:\/\/loja.springschool.me\/#website\"},\"datePublished\":\"2022-11-30T16:12:28+00:00\",\"dateModified\":\"2023-02-03T16:40:48+00:00\",\"description\":\"Embora existam diversos perfis de empres\u00e1rios, h\u00e1 uma caracter\u00edstica comum a todos: eles n\u00e3o dormem! Isso se deve a muitos fatores: barreiras burocr\u00e1ticas, equipes desalinhadas, dificuldades financeiras, press\u00e3o por inovar rapidamente etc...\",\"breadcrumb\":{\"@id\":\"https:\/\/loja.springschool.me\/ja\/product\/gestao-facil-oseias-gomes\/#breadcrumb\"},\"inLanguage\":\"en-US\",\"potentialAction\":[{\"@type\":\"ReadAction\",\"target\":[\"https:\/\/loja.springschool.me\/ja\/product\/gestao-facil-oseias-gomes\/\"]}]},{\"@type\":\"BreadcrumbList\",\"@id\":\"https:\/\/loja.springschool.me\/ja\/product\/gestao-facil-oseias-gomes\/#breadcrumb\",\"itemListElement\":[{\"@type\":\"ListItem\",\"position\":1,\"name\":\"In\u00edcio\",\"item\":\"https:\/\/loja.springschool.me\/\"},{\"@type\":\"ListItem\",\"position\":2,\"name\":\"Shop\",\"item\":\"https:\/\/loja.springschool.me\/shop\/\"},{\"@type\":\"ListItem\",\"position\":3,\"name\":\"Gest\u00e3o F\u00e1cil (Os\u00e9ias Gomes)\"}]},{\"@type\":\"WebSite\",\"@id\":\"https:\/\/loja.springschool.me\/#website\",\"url\":\"https:\/\/loja.springschool.me\/\",\"name\":\"Spring School - Loja Virtual\",\"description\":\"Just another WordPress site\",\"potentialAction\":[{\"@type\":\"SearchAction\",\"target\":{\"@type\":\"EntryPoint\",\"urlTemplate\":\"https:\/\/loja.springschool.me\/?s={search_term_string}\"},\"query-input\":\"required name=search_term_string\"}],\"inLanguage\":\"en-US\"}]}<\/script>\n<!-- \/ Yoast SEO plugin. -->","yoast_head_json":{"title":"Gest\u00e3o F\u00e1cil (Os\u00e9ias Gomes) - Spring School - Loja Virtual","description":"Embora existam diversos perfis de empres\u00e1rios, h\u00e1 uma caracter\u00edstica comum a todos: eles n\u00e3o dormem! Isso se deve a muitos fatores: barreiras burocr\u00e1ticas, equipes desalinhadas, dificuldades financeiras, press\u00e3o por inovar rapidamente etc...","robots":{"index":"index","follow":"follow","max-snippet":"max-snippet:-1","max-image-preview":"max-image-preview:large","max-video-preview":"max-video-preview:-1"},"canonical":"https:\/\/loja.springschool.me\/en\/product\/gestao-facil-oseias-gomes\/","og_locale":"en_US","og_type":"article","og_title":"Gest\u00e3o F\u00e1cil (Os\u00e9ias Gomes) - Spring School - Loja Virtual","og_description":"Embora existam diversos perfis de empres\u00e1rios, h\u00e1 uma caracter\u00edstica comum a todos: eles n\u00e3o dormem! Isso se deve a muitos fatores: barreiras burocr\u00e1ticas, equipes desalinhadas, dificuldades financeiras, press\u00e3o por inovar rapidamente etc...","og_url":"https:\/\/loja.springschool.me\/en\/product\/gestao-facil-oseias-gomes\/","og_site_name":"Spring School - Loja Virtual","article_modified_time":"2023-02-03T16:40:48+00:00","og_image":[{"width":1000,"height":1000,"url":"https:\/\/loja.springschool.me\/wp-content\/uploads\/2022\/11\/spring-loja-livro-27-1.jpg","type":"image\/jpeg"}],"twitter_card":"summary_large_image","twitter_misc":{"Est. reading time":"2 minutes"},"schema":{"@context":"https:\/\/schema.org","@graph":[{"@type":"WebPage","@id":"https:\/\/loja.springschool.me\/ja\/product\/gestao-facil-oseias-gomes\/","url":"https:\/\/loja.springschool.me\/ja\/product\/gestao-facil-oseias-gomes\/","name":"Gest\u00e3o F\u00e1cil (Os\u00e9ias Gomes) - Spring School - Loja Virtual","isPartOf":{"@id":"https:\/\/loja.springschool.me\/#website"},"datePublished":"2022-11-30T16:12:28+00:00","dateModified":"2023-02-03T16:40:48+00:00","description":"Embora existam diversos perfis de empres\u00e1rios, h\u00e1 uma caracter\u00edstica comum a todos: eles n\u00e3o dormem! Isso se deve a muitos fatores: barreiras burocr\u00e1ticas, equipes desalinhadas, dificuldades financeiras, press\u00e3o por inovar rapidamente etc...","breadcrumb":{"@id":"https:\/\/loja.springschool.me\/ja\/product\/gestao-facil-oseias-gomes\/#breadcrumb"},"inLanguage":"en-US","potentialAction":[{"@type":"ReadAction","target":["https:\/\/loja.springschool.me\/ja\/product\/gestao-facil-oseias-gomes\/"]}]},{"@type":"BreadcrumbList","@id":"https:\/\/loja.springschool.me\/ja\/product\/gestao-facil-oseias-gomes\/#breadcrumb","itemListElement":[{"@type":"ListItem","position":1,"name":"In\u00edcio","item":"https:\/\/loja.springschool.me\/"},{"@type":"ListItem","position":2,"name":"Shop","item":"https:\/\/loja.springschool.me\/shop\/"},{"@type":"ListItem","position":3,"name":"Gest\u00e3o F\u00e1cil (Os\u00e9ias Gomes)"}]},{"@type":"WebSite","@id":"https:\/\/loja.springschool.me\/#website","url":"https:\/\/loja.springschool.me\/","name":"Spring School - Loja Virtual","description":"Just another WordPress site","potentialAction":[{"@type":"SearchAction","target":{"@type":"EntryPoint","urlTemplate":"https:\/\/loja.springschool.me\/?s={search_term_string}"},"query-input":"required name=search_term_string"}],"inLanguage":"en-US"}]}},"_links":{"self":[{"href":"https:\/\/loja.springschool.me\/en\/wp-json\/wp\/v2\/product\/564"}],"collection":[{"href":"https:\/\/loja.springschool.me\/en\/wp-json\/wp\/v2\/product"}],"about":[{"href":"https:\/\/loja.springschool.me\/en\/wp-json\/wp\/v2\/types\/product"}],"version-history":[{"count":2,"href":"https:\/\/loja.springschool.me\/en\/wp-json\/wp\/v2\/product\/564\/revisions"}],"predecessor-version":[{"id":1302,"href":"https:\/\/loja.springschool.me\/en\/wp-json\/wp\/v2\/product\/564\/revisions\/1302"}],"wp:featuredmedia":[{"embeddable":true,"href":"https:\/\/loja.springschool.me\/en\/wp-json\/wp\/v2\/media\/606"}],"wp:attachment":[{"href":"https:\/\/loja.springschool.me\/en\/wp-json\/wp\/v2\/media?parent=564"}],"wp:term":[{"taxonomy":"product_cat","embeddable":true,"href":"https:\/\/loja.springschool.me\/en\/wp-json\/wp\/v2\/product_cat?post=564"},{"taxonomy":"product_tag","embeddable":true,"href":"https:\/\/loja.springschool.me\/en\/wp-json\/wp\/v2\/product_tag?post=564"}],"curies":[{"name":"wp","href":"https:\/\/api.w.org\/{rel}","templated":true}]}}