{"id":561,"date":"2022-11-30T16:09:13","date_gmt":"2022-11-30T16:09:13","guid":{"rendered":"https:\/\/loja.springschool.me\/?post_type=product&#038;p=561"},"modified":"2024-06-24T17:04:33","modified_gmt":"2024-06-24T17:04:33","slug":"faca-suas-proprias-leis-sam-jolen","status":"publish","type":"product","link":"https:\/\/loja.springschool.me\/en\/product\/faca-suas-proprias-leis-sam-jolen\/","title":{"rendered":"Make Your Own Laws (Sam Jolen)"},"content":{"rendered":"<p>What is success? How to turn your dreams into reality? How to shield your life from self-sabotage? We know everything we need to do in theory, but when it comes to putting it into practice, it&#039;s like an abyss opens up in front of us. Our dreams and plans seem unattainable and, even knowing all the potential we have, we don&#039;t know how to take the right steps towards the changes we want to experience. To eliminate these and other limitations in your life, Sam Jolen, one of the most important names in the human development market in Latin America, invites you to a self-revolution. He will show you that failure is a state of mind while success is a state of action. You&#039;ll question the invisible rules and limitations you&#039;ve been conditioned to believe in, freeing yourself to achieve anything you want in your life. You will learn to: Revolutionize your own history; Control your mind, understanding how it works and why we get stuck in negative patterns and self-sabotage; Balance the areas of your life and achieve extraordinary results; Strengthen your self-confidence and shield yourself against fear and insecurity; Create your own laws and do what you want with your life. Let&#039;s change the world, starting with you! A revolution from the inside out!<\/p>","protected":false},"excerpt":{"rendered":"<p>In this book, you will learn to revolutionize your own history; Control your mind, understanding how it works and why we get stuck in negative patterns and self-sabotage; Balancing the areas of your life and achieving extraordinary results among other things.<\/p>","protected":false},"featured_media":605,"template":"","meta":[],"product_cat":[20],"product_tag":[],"yoast_head":"<!-- This site is optimized with the Yoast SEO plugin v20.11 - https:\/\/yoast.com\/wordpress\/plugins\/seo\/ -->\n<title>Fa\u00e7a suas pr\u00f3prias Leis (Sam Jolen) - Spring School - Loja Virtual<\/title>\n<meta name=\"description\" content=\"Fa\u00e7a suas pr\u00f3prias Leis (Sam Jolen)O que \u00e9 o sucesso? Como transformar seus sonhos em realidade? Como blindar sua vida da autossabotagem? Sabemos tudo o que precisamos fazer na teoria, mas na hora de colocar em pr\u00e1tica \u00e9 como se um abismo se abrisse diante de n\u00f3s.\" \/>\n<meta name=\"robots\" content=\"index, follow, max-snippet:-1, max-image-preview:large, max-video-preview:-1\" \/>\n<link rel=\"canonical\" href=\"https:\/\/loja.springschool.me\/en\/product\/faca-suas-proprias-leis-sam-jolen\/\" \/>\n<meta property=\"og:locale\" content=\"en_US\" \/>\n<meta property=\"og:type\" content=\"article\" \/>\n<meta property=\"og:title\" content=\"Fa\u00e7a suas pr\u00f3prias Leis (Sam Jolen) - Spring School - Loja Virtual\" \/>\n<meta property=\"og:description\" content=\"Fa\u00e7a suas pr\u00f3prias Leis (Sam Jolen)O que \u00e9 o sucesso? Como transformar seus sonhos em realidade? Como blindar sua vida da autossabotagem? Sabemos tudo o que precisamos fazer na teoria, mas na hora de colocar em pr\u00e1tica \u00e9 como se um abismo se abrisse diante de n\u00f3s.\" \/>\n<meta property=\"og:url\" content=\"https:\/\/loja.springschool.me\/en\/product\/faca-suas-proprias-leis-sam-jolen\/\" \/>\n<meta property=\"og:site_name\" content=\"Spring School - Loja Virtual\" \/>\n<meta property=\"article:modified_time\" content=\"2024-06-24T17:04:33+00:00\" \/>\n<meta property=\"og:image\" content=\"https:\/\/loja.springschool.me\/wp-content\/uploads\/2022\/11\/spring-loja-livro-26-1.jpg\" \/>\n\t<meta property=\"og:image:width\" content=\"1000\" \/>\n\t<meta property=\"og:image:height\" content=\"1000\" \/>\n\t<meta property=\"og:image:type\" content=\"image\/jpeg\" \/>\n<meta name=\"twitter:card\" content=\"summary_large_image\" \/>\n<meta name=\"twitter:label1\" content=\"Est. reading time\" \/>\n\t<meta name=\"twitter:data1\" content=\"2 minutes\" \/>\n<script type=\"application\/ld+json\" class=\"yoast-schema-graph\">{\"@context\":\"https:\/\/schema.org\",\"@graph\":[{\"@type\":\"WebPage\",\"@id\":\"https:\/\/loja.springschool.me\/en\/product\/faca-suas-proprias-leis-sam-jolen\/\",\"url\":\"https:\/\/loja.springschool.me\/en\/product\/faca-suas-proprias-leis-sam-jolen\/\",\"name\":\"Fa\u00e7a suas pr\u00f3prias Leis (Sam Jolen) - Spring School - Loja Virtual\",\"isPartOf\":{\"@id\":\"https:\/\/loja.springschool.me\/#website\"},\"datePublished\":\"2022-11-30T16:09:13+00:00\",\"dateModified\":\"2024-06-24T17:04:33+00:00\",\"description\":\"Fa\u00e7a suas pr\u00f3prias Leis (Sam Jolen)O que \u00e9 o sucesso? Como transformar seus sonhos em realidade? Como blindar sua vida da autossabotagem? Sabemos tudo o que precisamos fazer na teoria, mas na hora de colocar em pr\u00e1tica \u00e9 como se um abismo se abrisse diante de n\u00f3s.\",\"breadcrumb\":{\"@id\":\"https:\/\/loja.springschool.me\/en\/product\/faca-suas-proprias-leis-sam-jolen\/#breadcrumb\"},\"inLanguage\":\"en-US\",\"potentialAction\":[{\"@type\":\"ReadAction\",\"target\":[\"https:\/\/loja.springschool.me\/en\/product\/faca-suas-proprias-leis-sam-jolen\/\"]}]},{\"@type\":\"BreadcrumbList\",\"@id\":\"https:\/\/loja.springschool.me\/en\/product\/faca-suas-proprias-leis-sam-jolen\/#breadcrumb\",\"itemListElement\":[{\"@type\":\"ListItem\",\"position\":1,\"name\":\"In\u00edcio\",\"item\":\"https:\/\/loja.springschool.me\/\"},{\"@type\":\"ListItem\",\"position\":2,\"name\":\"Shop\",\"item\":\"https:\/\/loja.springschool.me\/shop\/\"},{\"@type\":\"ListItem\",\"position\":3,\"name\":\"Fa\u00e7a suas pr\u00f3prias Leis (Sam Jolen)\"}]},{\"@type\":\"WebSite\",\"@id\":\"https:\/\/loja.springschool.me\/#website\",\"url\":\"https:\/\/loja.springschool.me\/\",\"name\":\"Spring School - Loja Virtual\",\"description\":\"Just another WordPress site\",\"potentialAction\":[{\"@type\":\"SearchAction\",\"target\":{\"@type\":\"EntryPoint\",\"urlTemplate\":\"https:\/\/loja.springschool.me\/?s={search_term_string}\"},\"query-input\":\"required name=search_term_string\"}],\"inLanguage\":\"en-US\"}]}<\/script>\n<!-- \/ Yoast SEO plugin. -->","yoast_head_json":{"title":"Fa\u00e7a suas pr\u00f3prias Leis (Sam Jolen) - Spring School - Loja Virtual","description":"Fa\u00e7a suas pr\u00f3prias Leis (Sam Jolen)O que \u00e9 o sucesso? Como transformar seus sonhos em realidade? Como blindar sua vida da autossabotagem? Sabemos tudo o que precisamos fazer na teoria, mas na hora de colocar em pr\u00e1tica \u00e9 como se um abismo se abrisse diante de n\u00f3s.","robots":{"index":"index","follow":"follow","max-snippet":"max-snippet:-1","max-image-preview":"max-image-preview:large","max-video-preview":"max-video-preview:-1"},"canonical":"https:\/\/loja.springschool.me\/en\/product\/faca-suas-proprias-leis-sam-jolen\/","og_locale":"en_US","og_type":"article","og_title":"Fa\u00e7a suas pr\u00f3prias Leis (Sam Jolen) - Spring School - Loja Virtual","og_description":"Fa\u00e7a suas pr\u00f3prias Leis (Sam Jolen)O que \u00e9 o sucesso? Como transformar seus sonhos em realidade? Como blindar sua vida da autossabotagem? Sabemos tudo o que precisamos fazer na teoria, mas na hora de colocar em pr\u00e1tica \u00e9 como se um abismo se abrisse diante de n\u00f3s.","og_url":"https:\/\/loja.springschool.me\/en\/product\/faca-suas-proprias-leis-sam-jolen\/","og_site_name":"Spring School - Loja Virtual","article_modified_time":"2024-06-24T17:04:33+00:00","og_image":[{"width":1000,"height":1000,"url":"https:\/\/loja.springschool.me\/wp-content\/uploads\/2022\/11\/spring-loja-livro-26-1.jpg","type":"image\/jpeg"}],"twitter_card":"summary_large_image","twitter_misc":{"Est. reading time":"2 minutes"},"schema":{"@context":"https:\/\/schema.org","@graph":[{"@type":"WebPage","@id":"https:\/\/loja.springschool.me\/en\/product\/faca-suas-proprias-leis-sam-jolen\/","url":"https:\/\/loja.springschool.me\/en\/product\/faca-suas-proprias-leis-sam-jolen\/","name":"Fa\u00e7a suas pr\u00f3prias Leis (Sam Jolen) - Spring School - Loja Virtual","isPartOf":{"@id":"https:\/\/loja.springschool.me\/#website"},"datePublished":"2022-11-30T16:09:13+00:00","dateModified":"2024-06-24T17:04:33+00:00","description":"Fa\u00e7a suas pr\u00f3prias Leis (Sam Jolen)O que \u00e9 o sucesso? Como transformar seus sonhos em realidade? Como blindar sua vida da autossabotagem? Sabemos tudo o que precisamos fazer na teoria, mas na hora de colocar em pr\u00e1tica \u00e9 como se um abismo se abrisse diante de n\u00f3s.","breadcrumb":{"@id":"https:\/\/loja.springschool.me\/en\/product\/faca-suas-proprias-leis-sam-jolen\/#breadcrumb"},"inLanguage":"en-US","potentialAction":[{"@type":"ReadAction","target":["https:\/\/loja.springschool.me\/en\/product\/faca-suas-proprias-leis-sam-jolen\/"]}]},{"@type":"BreadcrumbList","@id":"https:\/\/loja.springschool.me\/en\/product\/faca-suas-proprias-leis-sam-jolen\/#breadcrumb","itemListElement":[{"@type":"ListItem","position":1,"name":"In\u00edcio","item":"https:\/\/loja.springschool.me\/"},{"@type":"ListItem","position":2,"name":"Shop","item":"https:\/\/loja.springschool.me\/shop\/"},{"@type":"ListItem","position":3,"name":"Fa\u00e7a suas pr\u00f3prias Leis (Sam Jolen)"}]},{"@type":"WebSite","@id":"https:\/\/loja.springschool.me\/#website","url":"https:\/\/loja.springschool.me\/","name":"Spring School - Loja Virtual","description":"Just another WordPress site","potentialAction":[{"@type":"SearchAction","target":{"@type":"EntryPoint","urlTemplate":"https:\/\/loja.springschool.me\/?s={search_term_string}"},"query-input":"required name=search_term_string"}],"inLanguage":"en-US"}]}},"_links":{"self":[{"href":"https:\/\/loja.springschool.me\/en\/wp-json\/wp\/v2\/product\/561"}],"collection":[{"href":"https:\/\/loja.springschool.me\/en\/wp-json\/wp\/v2\/product"}],"about":[{"href":"https:\/\/loja.springschool.me\/en\/wp-json\/wp\/v2\/types\/product"}],"version-history":[{"count":2,"href":"https:\/\/loja.springschool.me\/en\/wp-json\/wp\/v2\/product\/561\/revisions"}],"predecessor-version":[{"id":1301,"href":"https:\/\/loja.springschool.me\/en\/wp-json\/wp\/v2\/product\/561\/revisions\/1301"}],"wp:featuredmedia":[{"embeddable":true,"href":"https:\/\/loja.springschool.me\/en\/wp-json\/wp\/v2\/media\/605"}],"wp:attachment":[{"href":"https:\/\/loja.springschool.me\/en\/wp-json\/wp\/v2\/media?parent=561"}],"wp:term":[{"taxonomy":"product_cat","embeddable":true,"href":"https:\/\/loja.springschool.me\/en\/wp-json\/wp\/v2\/product_cat?post=561"},{"taxonomy":"product_tag","embeddable":true,"href":"https:\/\/loja.springschool.me\/en\/wp-json\/wp\/v2\/product_tag?post=561"}],"curies":[{"name":"wp","href":"https:\/\/api.w.org\/{rel}","templated":true}]}}