{"id":559,"date":"2022-11-30T16:05:54","date_gmt":"2022-11-30T16:05:54","guid":{"rendered":"https:\/\/loja.springschool.me\/?post_type=product&#038;p=559"},"modified":"2023-02-03T16:30:50","modified_gmt":"2023-02-03T16:30:50","slug":"espiritualidade-todo-santo-dia-andreza-caricio","status":"publish","type":"product","link":"https:\/\/loja.springschool.me\/en\/product\/espiritualidade-todo-santo-dia-andreza-caricio\/","title":{"rendered":"Spirituality \u2013 Every Holy Day (Andreza Caricio)"},"content":{"rendered":"<p>Featured in the PublishNews Best Sellers list, in the General List and in the Self-Help category.<br \/>\n\u201cTodo santo dia\u201d is no longer a \u201cwoah-hoo self-help\u201d book that proposes changes that are impossible to follow.<br \/>\nAndreza Car\u00edcio proposes practical and applicable attitudes that will modify your neural synapses to have a more prosperous and meaningful life.<br \/>\nWith all her wishes fulfilled, beloved daughters, a husband she had always been in love with, the house of her dreams, a stable and satisfactory job, there was wear and tear, an exhaustion in the routine.<br \/>\nThe lack of strength and life to sustain everything he fought for years to achieve was terrifying.<br \/>\nThe writer wondered where the happy girl was, full of energy and enthusiasm, with that vital flame that made her eyes shine.<br \/>\nIn the face of so many questions came the insight that made her go in search of changes to get answers.<br \/>\nWhat transformed Andreza Car\u00edcio&#039;s life and can change yours is also in the pages of Todo santo dia.<br \/>\nThe book does not contain magic formulas or impossible-to-perform exercise routines.<br \/>\nThe rich and pragmatic content that comes to readers as a gift, serves to fill their days with powerful attitudes and strengthen them in the face of everyday adversities, with high energy, with health, happiness in relationships and prosperity in all scopes of life.<br \/>\nThe purpose of the work is that Every holy day is an opportunity, literally a gift, to see routine events with discernment and evaluate them as: learning or inspiration.<br \/>\nThat by opening the mind and heart to the new, the reader can look in the mirror, with gratitude and compassion, and ask himself: what can I do for you today that will fill your heart with happiness?\u201d<\/p>","protected":false},"excerpt":{"rendered":"<p>\u201cTodo santo dia\u201d is no longer a \u201cwoah-hoo self-help\u201d book that proposes changes that are impossible to follow. Andreza Car\u00edcio proposes practical and applicable attitudes that will modify your neural synapses to have a more prosperous and meaningful life.<\/p>","protected":false},"featured_media":604,"template":"","meta":[],"product_cat":[20],"product_tag":[],"yoast_head":"<!-- This site is optimized with the Yoast SEO plugin v20.11 - https:\/\/yoast.com\/wordpress\/plugins\/seo\/ -->\n<title>Espiritualidade - Todo Santo Dia (Andreza Caricio) - Spring School - Loja Virtual<\/title>\n<meta name=\"description\" content=\"Espiritualidade - Todo Santo Dia (Andreza Caricio) - Destaque na lista dos livros Mais Vendidos da PublishNews, na Lista Geral e na categoria Autoajuda.&quot;Todo santo dia&quot; n\u00e3o \u00e9 mais um livro de &quot;autoajuda oba-oba&quot; que prop\u00f5e mudan\u00e7as imposs\u00edveis de serem seguidas.\" \/>\n<meta name=\"robots\" content=\"index, follow, max-snippet:-1, max-image-preview:large, max-video-preview:-1\" \/>\n<link rel=\"canonical\" href=\"https:\/\/loja.springschool.me\/en\/product\/espiritualidade-todo-santo-dia-andreza-caricio\/\" \/>\n<meta property=\"og:locale\" content=\"en_US\" \/>\n<meta property=\"og:type\" content=\"article\" \/>\n<meta property=\"og:title\" content=\"Espiritualidade - Todo Santo Dia (Andreza Caricio) - Spring School - Loja Virtual\" \/>\n<meta property=\"og:description\" content=\"Espiritualidade - Todo Santo Dia (Andreza Caricio) - Destaque na lista dos livros Mais Vendidos da PublishNews, na Lista Geral e na categoria Autoajuda.&quot;Todo santo dia&quot; n\u00e3o \u00e9 mais um livro de &quot;autoajuda oba-oba&quot; que prop\u00f5e mudan\u00e7as imposs\u00edveis de serem seguidas.\" \/>\n<meta property=\"og:url\" content=\"https:\/\/loja.springschool.me\/en\/product\/espiritualidade-todo-santo-dia-andreza-caricio\/\" \/>\n<meta property=\"og:site_name\" content=\"Spring School - Loja Virtual\" \/>\n<meta property=\"article:modified_time\" content=\"2023-02-03T16:30:50+00:00\" \/>\n<meta property=\"og:image\" content=\"https:\/\/loja.springschool.me\/wp-content\/uploads\/2022\/11\/spring-loja-livro-25-1.jpg\" \/>\n\t<meta property=\"og:image:width\" content=\"1000\" \/>\n\t<meta property=\"og:image:height\" content=\"1000\" \/>\n\t<meta property=\"og:image:type\" content=\"image\/jpeg\" \/>\n<meta name=\"twitter:card\" content=\"summary_large_image\" \/>\n<meta name=\"twitter:label1\" content=\"Est. reading time\" \/>\n\t<meta name=\"twitter:data1\" content=\"2 minutes\" \/>\n<script type=\"application\/ld+json\" class=\"yoast-schema-graph\">{\"@context\":\"https:\/\/schema.org\",\"@graph\":[{\"@type\":\"WebPage\",\"@id\":\"https:\/\/loja.springschool.me\/produto\/espiritualidade-todo-santo-dia-andreza-caricio\/\",\"url\":\"https:\/\/loja.springschool.me\/produto\/espiritualidade-todo-santo-dia-andreza-caricio\/\",\"name\":\"Espiritualidade - Todo Santo Dia (Andreza Caricio) - Spring School - Loja Virtual\",\"isPartOf\":{\"@id\":\"https:\/\/loja.springschool.me\/#website\"},\"datePublished\":\"2022-11-30T16:05:54+00:00\",\"dateModified\":\"2023-02-03T16:30:50+00:00\",\"description\":\"Espiritualidade - Todo Santo Dia (Andreza Caricio) - Destaque na lista dos livros Mais Vendidos da PublishNews, na Lista Geral e na categoria Autoajuda.\\\"Todo santo dia\\\" n\u00e3o \u00e9 mais um livro de \\\"autoajuda oba-oba\\\" que prop\u00f5e mudan\u00e7as imposs\u00edveis de serem seguidas.\",\"breadcrumb\":{\"@id\":\"https:\/\/loja.springschool.me\/produto\/espiritualidade-todo-santo-dia-andreza-caricio\/#breadcrumb\"},\"inLanguage\":\"en-US\",\"potentialAction\":[{\"@type\":\"ReadAction\",\"target\":[\"https:\/\/loja.springschool.me\/produto\/espiritualidade-todo-santo-dia-andreza-caricio\/\"]}]},{\"@type\":\"BreadcrumbList\",\"@id\":\"https:\/\/loja.springschool.me\/produto\/espiritualidade-todo-santo-dia-andreza-caricio\/#breadcrumb\",\"itemListElement\":[{\"@type\":\"ListItem\",\"position\":1,\"name\":\"In\u00edcio\",\"item\":\"https:\/\/loja.springschool.me\/\"},{\"@type\":\"ListItem\",\"position\":2,\"name\":\"Shop\",\"item\":\"https:\/\/loja.springschool.me\/shop\/\"},{\"@type\":\"ListItem\",\"position\":3,\"name\":\"Espiritualidade &#8211; Todo Santo Dia (Andreza Caricio)\"}]},{\"@type\":\"WebSite\",\"@id\":\"https:\/\/loja.springschool.me\/#website\",\"url\":\"https:\/\/loja.springschool.me\/\",\"name\":\"Spring School - Loja Virtual\",\"description\":\"Just another WordPress site\",\"potentialAction\":[{\"@type\":\"SearchAction\",\"target\":{\"@type\":\"EntryPoint\",\"urlTemplate\":\"https:\/\/loja.springschool.me\/?s={search_term_string}\"},\"query-input\":\"required name=search_term_string\"}],\"inLanguage\":\"en-US\"}]}<\/script>\n<!-- \/ Yoast SEO plugin. -->","yoast_head_json":{"title":"Espiritualidade - Todo Santo Dia (Andreza Caricio) - Spring School - Loja Virtual","description":"Espiritualidade - Todo Santo Dia (Andreza Caricio) - Destaque na lista dos livros Mais Vendidos da PublishNews, na Lista Geral e na categoria Autoajuda.\"Todo santo dia\" n\u00e3o \u00e9 mais um livro de \"autoajuda oba-oba\" que prop\u00f5e mudan\u00e7as imposs\u00edveis de serem seguidas.","robots":{"index":"index","follow":"follow","max-snippet":"max-snippet:-1","max-image-preview":"max-image-preview:large","max-video-preview":"max-video-preview:-1"},"canonical":"https:\/\/loja.springschool.me\/en\/product\/espiritualidade-todo-santo-dia-andreza-caricio\/","og_locale":"en_US","og_type":"article","og_title":"Espiritualidade - Todo Santo Dia (Andreza Caricio) - Spring School - Loja Virtual","og_description":"Espiritualidade - Todo Santo Dia (Andreza Caricio) - Destaque na lista dos livros Mais Vendidos da PublishNews, na Lista Geral e na categoria Autoajuda.\"Todo santo dia\" n\u00e3o \u00e9 mais um livro de \"autoajuda oba-oba\" que prop\u00f5e mudan\u00e7as imposs\u00edveis de serem seguidas.","og_url":"https:\/\/loja.springschool.me\/en\/product\/espiritualidade-todo-santo-dia-andreza-caricio\/","og_site_name":"Spring School - Loja Virtual","article_modified_time":"2023-02-03T16:30:50+00:00","og_image":[{"width":1000,"height":1000,"url":"https:\/\/loja.springschool.me\/wp-content\/uploads\/2022\/11\/spring-loja-livro-25-1.jpg","type":"image\/jpeg"}],"twitter_card":"summary_large_image","twitter_misc":{"Est. reading time":"2 minutes"},"schema":{"@context":"https:\/\/schema.org","@graph":[{"@type":"WebPage","@id":"https:\/\/loja.springschool.me\/produto\/espiritualidade-todo-santo-dia-andreza-caricio\/","url":"https:\/\/loja.springschool.me\/produto\/espiritualidade-todo-santo-dia-andreza-caricio\/","name":"Espiritualidade - Todo Santo Dia (Andreza Caricio) - Spring School - Loja Virtual","isPartOf":{"@id":"https:\/\/loja.springschool.me\/#website"},"datePublished":"2022-11-30T16:05:54+00:00","dateModified":"2023-02-03T16:30:50+00:00","description":"Espiritualidade - Todo Santo Dia (Andreza Caricio) - Destaque na lista dos livros Mais Vendidos da PublishNews, na Lista Geral e na categoria Autoajuda.\"Todo santo dia\" n\u00e3o \u00e9 mais um livro de \"autoajuda oba-oba\" que prop\u00f5e mudan\u00e7as imposs\u00edveis de serem seguidas.","breadcrumb":{"@id":"https:\/\/loja.springschool.me\/produto\/espiritualidade-todo-santo-dia-andreza-caricio\/#breadcrumb"},"inLanguage":"en-US","potentialAction":[{"@type":"ReadAction","target":["https:\/\/loja.springschool.me\/produto\/espiritualidade-todo-santo-dia-andreza-caricio\/"]}]},{"@type":"BreadcrumbList","@id":"https:\/\/loja.springschool.me\/produto\/espiritualidade-todo-santo-dia-andreza-caricio\/#breadcrumb","itemListElement":[{"@type":"ListItem","position":1,"name":"In\u00edcio","item":"https:\/\/loja.springschool.me\/"},{"@type":"ListItem","position":2,"name":"Shop","item":"https:\/\/loja.springschool.me\/shop\/"},{"@type":"ListItem","position":3,"name":"Espiritualidade &#8211; Todo Santo Dia (Andreza Caricio)"}]},{"@type":"WebSite","@id":"https:\/\/loja.springschool.me\/#website","url":"https:\/\/loja.springschool.me\/","name":"Spring School - Loja Virtual","description":"Just another WordPress site","potentialAction":[{"@type":"SearchAction","target":{"@type":"EntryPoint","urlTemplate":"https:\/\/loja.springschool.me\/?s={search_term_string}"},"query-input":"required name=search_term_string"}],"inLanguage":"en-US"}]}},"_links":{"self":[{"href":"https:\/\/loja.springschool.me\/en\/wp-json\/wp\/v2\/product\/559"}],"collection":[{"href":"https:\/\/loja.springschool.me\/en\/wp-json\/wp\/v2\/product"}],"about":[{"href":"https:\/\/loja.springschool.me\/en\/wp-json\/wp\/v2\/types\/product"}],"version-history":[{"count":3,"href":"https:\/\/loja.springschool.me\/en\/wp-json\/wp\/v2\/product\/559\/revisions"}],"predecessor-version":[{"id":1300,"href":"https:\/\/loja.springschool.me\/en\/wp-json\/wp\/v2\/product\/559\/revisions\/1300"}],"wp:featuredmedia":[{"embeddable":true,"href":"https:\/\/loja.springschool.me\/en\/wp-json\/wp\/v2\/media\/604"}],"wp:attachment":[{"href":"https:\/\/loja.springschool.me\/en\/wp-json\/wp\/v2\/media?parent=559"}],"wp:term":[{"taxonomy":"product_cat","embeddable":true,"href":"https:\/\/loja.springschool.me\/en\/wp-json\/wp\/v2\/product_cat?post=559"},{"taxonomy":"product_tag","embeddable":true,"href":"https:\/\/loja.springschool.me\/en\/wp-json\/wp\/v2\/product_tag?post=559"}],"curies":[{"name":"wp","href":"https:\/\/api.w.org\/{rel}","templated":true}]}}