{"id":556,"date":"2022-11-30T15:47:29","date_gmt":"2022-11-30T15:47:29","guid":{"rendered":"https:\/\/loja.springschool.me\/?post_type=product&#038;p=556"},"modified":"2023-02-03T16:30:07","modified_gmt":"2023-02-03T16:30:07","slug":"o-poder-de-dar-a-volta-por-cima-edgar-ueda","status":"publish","type":"product","link":"https:\/\/loja.springschool.me\/en\/product\/o-poder-de-dar-a-volta-por-cima-edgar-ueda\/","title":{"rendered":"The Power of Turning Around (Edgar Ueda)"},"content":{"rendered":"<p>You will fail. Or has already failed At some point, in some situation or more than once. What are you going to do with adversity? Will give up? Will you feel sorry for yourself? Will you think why this had to happen to you? Or are you going to get up and make a plan to get back into battle with more experience, more maturity and a lot more knowledge? The scars of this struggle will make you stronger, more beautiful and more valuable! In \u201cKintsugi \u2013 The power of turning things around\u201d, Edgar Ueda, businessman, investor and speaker, presents the TurnAround method based on the millenary philosophy he discovered in Japan and which transformed his life.<\/p>","protected":false},"excerpt":{"rendered":"<p>In \u201cKintsugi \u2013 The power of turning things around\u201d, Edgar Ueda, businessman, investor and speaker, presents the TurnAround method based on the millenary philosophy he discovered in Japan and which transformed his life.<\/p>","protected":false},"featured_media":602,"template":"","meta":[],"product_cat":[20],"product_tag":[],"yoast_head":"<!-- This site is optimized with the Yoast SEO plugin v20.11 - https:\/\/yoast.com\/wordpress\/plugins\/seo\/ -->\n<title>O poder de dar a volta por cima (Edgar Ueda) - Spring School - Loja Virtual<\/title>\n<meta name=\"description\" content=\"Voc\u00ea vai fracassar. Ou j\u00e1 fracassou Em algum momento, em alguma situa\u00e7\u00e3o ou mais de uma vez. O que voc\u00ea vai fazer com a adversidade? Vai desistir? Vai sentir pena de si mesmo?\" \/>\n<meta name=\"robots\" content=\"index, follow, max-snippet:-1, max-image-preview:large, max-video-preview:-1\" \/>\n<link rel=\"canonical\" href=\"https:\/\/loja.springschool.me\/en\/product\/o-poder-de-dar-a-volta-por-cima-edgar-ueda\/\" \/>\n<meta property=\"og:locale\" content=\"en_US\" \/>\n<meta property=\"og:type\" content=\"article\" \/>\n<meta property=\"og:title\" content=\"O poder de dar a volta por cima (Edgar Ueda) - Spring School - Loja Virtual\" \/>\n<meta property=\"og:description\" content=\"Voc\u00ea vai fracassar. Ou j\u00e1 fracassou Em algum momento, em alguma situa\u00e7\u00e3o ou mais de uma vez. O que voc\u00ea vai fazer com a adversidade? Vai desistir? Vai sentir pena de si mesmo?\" \/>\n<meta property=\"og:url\" content=\"https:\/\/loja.springschool.me\/en\/product\/o-poder-de-dar-a-volta-por-cima-edgar-ueda\/\" \/>\n<meta property=\"og:site_name\" content=\"Spring School - Loja Virtual\" \/>\n<meta property=\"article:modified_time\" content=\"2023-02-03T16:30:07+00:00\" \/>\n<meta property=\"og:image\" content=\"https:\/\/loja.springschool.me\/wp-content\/uploads\/2022\/11\/spring-loja-livro-24-1.jpg\" \/>\n\t<meta property=\"og:image:width\" content=\"1000\" \/>\n\t<meta property=\"og:image:height\" content=\"1000\" \/>\n\t<meta property=\"og:image:type\" content=\"image\/jpeg\" \/>\n<meta name=\"twitter:card\" content=\"summary_large_image\" \/>\n<meta name=\"twitter:label1\" content=\"Est. reading time\" \/>\n\t<meta name=\"twitter:data1\" content=\"1 minute\" \/>\n<script type=\"application\/ld+json\" class=\"yoast-schema-graph\">{\"@context\":\"https:\/\/schema.org\",\"@graph\":[{\"@type\":\"WebPage\",\"@id\":\"https:\/\/loja.springschool.me\/en\/product\/o-poder-de-dar-a-volta-por-cima-edgar-ueda\/\",\"url\":\"https:\/\/loja.springschool.me\/en\/product\/o-poder-de-dar-a-volta-por-cima-edgar-ueda\/\",\"name\":\"O poder de dar a volta por cima (Edgar Ueda) - Spring School - Loja Virtual\",\"isPartOf\":{\"@id\":\"https:\/\/loja.springschool.me\/#website\"},\"datePublished\":\"2022-11-30T15:47:29+00:00\",\"dateModified\":\"2023-02-03T16:30:07+00:00\",\"description\":\"Voc\u00ea vai fracassar. Ou j\u00e1 fracassou Em algum momento, em alguma situa\u00e7\u00e3o ou mais de uma vez. O que voc\u00ea vai fazer com a adversidade? Vai desistir? Vai sentir pena de si mesmo?\",\"breadcrumb\":{\"@id\":\"https:\/\/loja.springschool.me\/en\/product\/o-poder-de-dar-a-volta-por-cima-edgar-ueda\/#breadcrumb\"},\"inLanguage\":\"en-US\",\"potentialAction\":[{\"@type\":\"ReadAction\",\"target\":[\"https:\/\/loja.springschool.me\/en\/product\/o-poder-de-dar-a-volta-por-cima-edgar-ueda\/\"]}]},{\"@type\":\"BreadcrumbList\",\"@id\":\"https:\/\/loja.springschool.me\/en\/product\/o-poder-de-dar-a-volta-por-cima-edgar-ueda\/#breadcrumb\",\"itemListElement\":[{\"@type\":\"ListItem\",\"position\":1,\"name\":\"In\u00edcio\",\"item\":\"https:\/\/loja.springschool.me\/\"},{\"@type\":\"ListItem\",\"position\":2,\"name\":\"Shop\",\"item\":\"https:\/\/loja.springschool.me\/shop\/\"},{\"@type\":\"ListItem\",\"position\":3,\"name\":\"O poder de dar a volta por cima (Edgar Ueda)\"}]},{\"@type\":\"WebSite\",\"@id\":\"https:\/\/loja.springschool.me\/#website\",\"url\":\"https:\/\/loja.springschool.me\/\",\"name\":\"Spring School - Loja Virtual\",\"description\":\"Just another WordPress site\",\"potentialAction\":[{\"@type\":\"SearchAction\",\"target\":{\"@type\":\"EntryPoint\",\"urlTemplate\":\"https:\/\/loja.springschool.me\/?s={search_term_string}\"},\"query-input\":\"required name=search_term_string\"}],\"inLanguage\":\"en-US\"}]}<\/script>\n<!-- \/ Yoast SEO plugin. -->","yoast_head_json":{"title":"O poder de dar a volta por cima (Edgar Ueda) - Spring School - Loja Virtual","description":"Voc\u00ea vai fracassar. Ou j\u00e1 fracassou Em algum momento, em alguma situa\u00e7\u00e3o ou mais de uma vez. O que voc\u00ea vai fazer com a adversidade? Vai desistir? Vai sentir pena de si mesmo?","robots":{"index":"index","follow":"follow","max-snippet":"max-snippet:-1","max-image-preview":"max-image-preview:large","max-video-preview":"max-video-preview:-1"},"canonical":"https:\/\/loja.springschool.me\/en\/product\/o-poder-de-dar-a-volta-por-cima-edgar-ueda\/","og_locale":"en_US","og_type":"article","og_title":"O poder de dar a volta por cima (Edgar Ueda) - Spring School - Loja Virtual","og_description":"Voc\u00ea vai fracassar. Ou j\u00e1 fracassou Em algum momento, em alguma situa\u00e7\u00e3o ou mais de uma vez. O que voc\u00ea vai fazer com a adversidade? Vai desistir? Vai sentir pena de si mesmo?","og_url":"https:\/\/loja.springschool.me\/en\/product\/o-poder-de-dar-a-volta-por-cima-edgar-ueda\/","og_site_name":"Spring School - Loja Virtual","article_modified_time":"2023-02-03T16:30:07+00:00","og_image":[{"width":1000,"height":1000,"url":"https:\/\/loja.springschool.me\/wp-content\/uploads\/2022\/11\/spring-loja-livro-24-1.jpg","type":"image\/jpeg"}],"twitter_card":"summary_large_image","twitter_misc":{"Est. reading time":"1 minute"},"schema":{"@context":"https:\/\/schema.org","@graph":[{"@type":"WebPage","@id":"https:\/\/loja.springschool.me\/en\/product\/o-poder-de-dar-a-volta-por-cima-edgar-ueda\/","url":"https:\/\/loja.springschool.me\/en\/product\/o-poder-de-dar-a-volta-por-cima-edgar-ueda\/","name":"O poder de dar a volta por cima (Edgar Ueda) - Spring School - Loja Virtual","isPartOf":{"@id":"https:\/\/loja.springschool.me\/#website"},"datePublished":"2022-11-30T15:47:29+00:00","dateModified":"2023-02-03T16:30:07+00:00","description":"Voc\u00ea vai fracassar. Ou j\u00e1 fracassou Em algum momento, em alguma situa\u00e7\u00e3o ou mais de uma vez. O que voc\u00ea vai fazer com a adversidade? Vai desistir? Vai sentir pena de si mesmo?","breadcrumb":{"@id":"https:\/\/loja.springschool.me\/en\/product\/o-poder-de-dar-a-volta-por-cima-edgar-ueda\/#breadcrumb"},"inLanguage":"en-US","potentialAction":[{"@type":"ReadAction","target":["https:\/\/loja.springschool.me\/en\/product\/o-poder-de-dar-a-volta-por-cima-edgar-ueda\/"]}]},{"@type":"BreadcrumbList","@id":"https:\/\/loja.springschool.me\/en\/product\/o-poder-de-dar-a-volta-por-cima-edgar-ueda\/#breadcrumb","itemListElement":[{"@type":"ListItem","position":1,"name":"In\u00edcio","item":"https:\/\/loja.springschool.me\/"},{"@type":"ListItem","position":2,"name":"Shop","item":"https:\/\/loja.springschool.me\/shop\/"},{"@type":"ListItem","position":3,"name":"O poder de dar a volta por cima (Edgar Ueda)"}]},{"@type":"WebSite","@id":"https:\/\/loja.springschool.me\/#website","url":"https:\/\/loja.springschool.me\/","name":"Spring School - Loja Virtual","description":"Just another WordPress site","potentialAction":[{"@type":"SearchAction","target":{"@type":"EntryPoint","urlTemplate":"https:\/\/loja.springschool.me\/?s={search_term_string}"},"query-input":"required name=search_term_string"}],"inLanguage":"en-US"}]}},"_links":{"self":[{"href":"https:\/\/loja.springschool.me\/en\/wp-json\/wp\/v2\/product\/556"}],"collection":[{"href":"https:\/\/loja.springschool.me\/en\/wp-json\/wp\/v2\/product"}],"about":[{"href":"https:\/\/loja.springschool.me\/en\/wp-json\/wp\/v2\/types\/product"}],"version-history":[{"count":2,"href":"https:\/\/loja.springschool.me\/en\/wp-json\/wp\/v2\/product\/556\/revisions"}],"predecessor-version":[{"id":1299,"href":"https:\/\/loja.springschool.me\/en\/wp-json\/wp\/v2\/product\/556\/revisions\/1299"}],"wp:featuredmedia":[{"embeddable":true,"href":"https:\/\/loja.springschool.me\/en\/wp-json\/wp\/v2\/media\/602"}],"wp:attachment":[{"href":"https:\/\/loja.springschool.me\/en\/wp-json\/wp\/v2\/media?parent=556"}],"wp:term":[{"taxonomy":"product_cat","embeddable":true,"href":"https:\/\/loja.springschool.me\/en\/wp-json\/wp\/v2\/product_cat?post=556"},{"taxonomy":"product_tag","embeddable":true,"href":"https:\/\/loja.springschool.me\/en\/wp-json\/wp\/v2\/product_tag?post=556"}],"curies":[{"name":"wp","href":"https:\/\/api.w.org\/{rel}","templated":true}]}}