{"id":553,"date":"2022-11-30T15:44:52","date_gmt":"2022-11-30T15:44:52","guid":{"rendered":"https:\/\/loja.springschool.me\/?post_type=product&#038;p=553"},"modified":"2023-02-03T16:27:14","modified_gmt":"2023-02-03T16:27:14","slug":"biblia-sagrada-king-james","status":"publish","type":"product","link":"https:\/\/loja.springschool.me\/en\/product\/biblia-sagrada-king-james\/","title":{"rendered":"Holy Bible (King James)"},"content":{"rendered":"<p>Traditional and historic, the King James Bible possesses these and many other qualities. This translation of the word of God has its roots in classical England, William Shakespeare, but also in the conflicts between kings and the Protestant church and in the intention of giving the people the Bible in their own language. King James I was a lover of the Word of God and saw the people&#039;s need to know the Word of God clearly, for these reasons, when he received the invitation to assist in the translation of the Bible into the English language, he did not hesitate, but gave himself up wholeheartedly. He selected fifty scholars, making sure of their knowledge so that the translation was reliable. Today you have access to this faithful and rich translation that impacted a nation, a language and several other translations of the Bible, in addition to the impact on faith, which became accessible to all Christians. Get the updated version of the King James Bible now and have in your hands a little bit of the history of translations of the Bible and the English language.<\/p>","protected":false},"excerpt":{"rendered":"<p>The King James Bible is a historic and traditional translation of the Word of God with roots in classical England and the conflict between the Protestant church and kings.<\/p>","protected":false},"featured_media":601,"template":"","meta":[],"product_cat":[20],"product_tag":[],"yoast_head":"<!-- This site is optimized with the Yoast SEO plugin v20.11 - https:\/\/yoast.com\/wordpress\/plugins\/seo\/ -->\n<title>B\u00edblia Sagrada (King James) - Spring School - Loja Virtual<\/title>\n<meta name=\"description\" content=\"Tradicional e hist\u00f3rica, a B\u00edblia King James, possui essas al\u00e9m de muitas outras qualidades. Essa tradu\u00e7\u00e3o da palavra de Deus tem a sua raiz na Inglaterra cl\u00e1ssica, de William Shakespeare, mas tamb\u00e9m nos conflitos entre reis e igreja protestante e na inten\u00e7\u00e3o de dar ao povo a B\u00edblia em sua pr\u00f3pria l\u00edngua.\" \/>\n<meta name=\"robots\" content=\"index, follow, max-snippet:-1, max-image-preview:large, max-video-preview:-1\" \/>\n<link rel=\"canonical\" href=\"https:\/\/loja.springschool.me\/en\/product\/biblia-sagrada-king-james\/\" \/>\n<meta property=\"og:locale\" content=\"en_US\" \/>\n<meta property=\"og:type\" content=\"article\" \/>\n<meta property=\"og:title\" content=\"B\u00edblia Sagrada (King James) - Spring School - Loja Virtual\" \/>\n<meta property=\"og:description\" content=\"Tradicional e hist\u00f3rica, a B\u00edblia King James, possui essas al\u00e9m de muitas outras qualidades. Essa tradu\u00e7\u00e3o da palavra de Deus tem a sua raiz na Inglaterra cl\u00e1ssica, de William Shakespeare, mas tamb\u00e9m nos conflitos entre reis e igreja protestante e na inten\u00e7\u00e3o de dar ao povo a B\u00edblia em sua pr\u00f3pria l\u00edngua.\" \/>\n<meta property=\"og:url\" content=\"https:\/\/loja.springschool.me\/en\/product\/biblia-sagrada-king-james\/\" \/>\n<meta property=\"og:site_name\" content=\"Spring School - Loja Virtual\" \/>\n<meta property=\"article:modified_time\" content=\"2023-02-03T16:27:14+00:00\" \/>\n<meta property=\"og:image\" content=\"https:\/\/loja.springschool.me\/wp-content\/uploads\/2022\/11\/spring-loja-livro-23-1.jpg\" \/>\n\t<meta property=\"og:image:width\" content=\"1000\" \/>\n\t<meta property=\"og:image:height\" content=\"1000\" \/>\n\t<meta property=\"og:image:type\" content=\"image\/jpeg\" \/>\n<meta name=\"twitter:card\" content=\"summary_large_image\" \/>\n<meta name=\"twitter:label1\" content=\"Est. reading time\" \/>\n\t<meta name=\"twitter:data1\" content=\"1 minute\" \/>\n<script type=\"application\/ld+json\" class=\"yoast-schema-graph\">{\"@context\":\"https:\/\/schema.org\",\"@graph\":[{\"@type\":\"WebPage\",\"@id\":\"https:\/\/loja.springschool.me\/produto\/biblia-sagrada-king-james\/\",\"url\":\"https:\/\/loja.springschool.me\/produto\/biblia-sagrada-king-james\/\",\"name\":\"B\u00edblia Sagrada (King James) - Spring School - Loja Virtual\",\"isPartOf\":{\"@id\":\"https:\/\/loja.springschool.me\/#website\"},\"datePublished\":\"2022-11-30T15:44:52+00:00\",\"dateModified\":\"2023-02-03T16:27:14+00:00\",\"description\":\"Tradicional e hist\u00f3rica, a B\u00edblia King James, possui essas al\u00e9m de muitas outras qualidades. Essa tradu\u00e7\u00e3o da palavra de Deus tem a sua raiz na Inglaterra cl\u00e1ssica, de William Shakespeare, mas tamb\u00e9m nos conflitos entre reis e igreja protestante e na inten\u00e7\u00e3o de dar ao povo a B\u00edblia em sua pr\u00f3pria l\u00edngua.\",\"breadcrumb\":{\"@id\":\"https:\/\/loja.springschool.me\/produto\/biblia-sagrada-king-james\/#breadcrumb\"},\"inLanguage\":\"en-US\",\"potentialAction\":[{\"@type\":\"ReadAction\",\"target\":[\"https:\/\/loja.springschool.me\/produto\/biblia-sagrada-king-james\/\"]}]},{\"@type\":\"BreadcrumbList\",\"@id\":\"https:\/\/loja.springschool.me\/produto\/biblia-sagrada-king-james\/#breadcrumb\",\"itemListElement\":[{\"@type\":\"ListItem\",\"position\":1,\"name\":\"In\u00edcio\",\"item\":\"https:\/\/loja.springschool.me\/\"},{\"@type\":\"ListItem\",\"position\":2,\"name\":\"Shop\",\"item\":\"https:\/\/loja.springschool.me\/shop\/\"},{\"@type\":\"ListItem\",\"position\":3,\"name\":\"B\u00edblia Sagrada (King James)\"}]},{\"@type\":\"WebSite\",\"@id\":\"https:\/\/loja.springschool.me\/#website\",\"url\":\"https:\/\/loja.springschool.me\/\",\"name\":\"Spring School - Loja Virtual\",\"description\":\"Just another WordPress site\",\"potentialAction\":[{\"@type\":\"SearchAction\",\"target\":{\"@type\":\"EntryPoint\",\"urlTemplate\":\"https:\/\/loja.springschool.me\/?s={search_term_string}\"},\"query-input\":\"required name=search_term_string\"}],\"inLanguage\":\"en-US\"}]}<\/script>\n<!-- \/ Yoast SEO plugin. -->","yoast_head_json":{"title":"B\u00edblia Sagrada (King James) - Spring School - Loja Virtual","description":"Tradicional e hist\u00f3rica, a B\u00edblia King James, possui essas al\u00e9m de muitas outras qualidades. Essa tradu\u00e7\u00e3o da palavra de Deus tem a sua raiz na Inglaterra cl\u00e1ssica, de William Shakespeare, mas tamb\u00e9m nos conflitos entre reis e igreja protestante e na inten\u00e7\u00e3o de dar ao povo a B\u00edblia em sua pr\u00f3pria l\u00edngua.","robots":{"index":"index","follow":"follow","max-snippet":"max-snippet:-1","max-image-preview":"max-image-preview:large","max-video-preview":"max-video-preview:-1"},"canonical":"https:\/\/loja.springschool.me\/en\/product\/biblia-sagrada-king-james\/","og_locale":"en_US","og_type":"article","og_title":"B\u00edblia Sagrada (King James) - Spring School - Loja Virtual","og_description":"Tradicional e hist\u00f3rica, a B\u00edblia King James, possui essas al\u00e9m de muitas outras qualidades. Essa tradu\u00e7\u00e3o da palavra de Deus tem a sua raiz na Inglaterra cl\u00e1ssica, de William Shakespeare, mas tamb\u00e9m nos conflitos entre reis e igreja protestante e na inten\u00e7\u00e3o de dar ao povo a B\u00edblia em sua pr\u00f3pria l\u00edngua.","og_url":"https:\/\/loja.springschool.me\/en\/product\/biblia-sagrada-king-james\/","og_site_name":"Spring School - Loja Virtual","article_modified_time":"2023-02-03T16:27:14+00:00","og_image":[{"width":1000,"height":1000,"url":"https:\/\/loja.springschool.me\/wp-content\/uploads\/2022\/11\/spring-loja-livro-23-1.jpg","type":"image\/jpeg"}],"twitter_card":"summary_large_image","twitter_misc":{"Est. reading time":"1 minute"},"schema":{"@context":"https:\/\/schema.org","@graph":[{"@type":"WebPage","@id":"https:\/\/loja.springschool.me\/produto\/biblia-sagrada-king-james\/","url":"https:\/\/loja.springschool.me\/produto\/biblia-sagrada-king-james\/","name":"B\u00edblia Sagrada (King James) - Spring School - Loja Virtual","isPartOf":{"@id":"https:\/\/loja.springschool.me\/#website"},"datePublished":"2022-11-30T15:44:52+00:00","dateModified":"2023-02-03T16:27:14+00:00","description":"Tradicional e hist\u00f3rica, a B\u00edblia King James, possui essas al\u00e9m de muitas outras qualidades. Essa tradu\u00e7\u00e3o da palavra de Deus tem a sua raiz na Inglaterra cl\u00e1ssica, de William Shakespeare, mas tamb\u00e9m nos conflitos entre reis e igreja protestante e na inten\u00e7\u00e3o de dar ao povo a B\u00edblia em sua pr\u00f3pria l\u00edngua.","breadcrumb":{"@id":"https:\/\/loja.springschool.me\/produto\/biblia-sagrada-king-james\/#breadcrumb"},"inLanguage":"en-US","potentialAction":[{"@type":"ReadAction","target":["https:\/\/loja.springschool.me\/produto\/biblia-sagrada-king-james\/"]}]},{"@type":"BreadcrumbList","@id":"https:\/\/loja.springschool.me\/produto\/biblia-sagrada-king-james\/#breadcrumb","itemListElement":[{"@type":"ListItem","position":1,"name":"In\u00edcio","item":"https:\/\/loja.springschool.me\/"},{"@type":"ListItem","position":2,"name":"Shop","item":"https:\/\/loja.springschool.me\/shop\/"},{"@type":"ListItem","position":3,"name":"B\u00edblia Sagrada (King James)"}]},{"@type":"WebSite","@id":"https:\/\/loja.springschool.me\/#website","url":"https:\/\/loja.springschool.me\/","name":"Spring School - Loja Virtual","description":"Just another WordPress site","potentialAction":[{"@type":"SearchAction","target":{"@type":"EntryPoint","urlTemplate":"https:\/\/loja.springschool.me\/?s={search_term_string}"},"query-input":"required name=search_term_string"}],"inLanguage":"en-US"}]}},"_links":{"self":[{"href":"https:\/\/loja.springschool.me\/en\/wp-json\/wp\/v2\/product\/553"}],"collection":[{"href":"https:\/\/loja.springschool.me\/en\/wp-json\/wp\/v2\/product"}],"about":[{"href":"https:\/\/loja.springschool.me\/en\/wp-json\/wp\/v2\/types\/product"}],"version-history":[{"count":2,"href":"https:\/\/loja.springschool.me\/en\/wp-json\/wp\/v2\/product\/553\/revisions"}],"predecessor-version":[{"id":1298,"href":"https:\/\/loja.springschool.me\/en\/wp-json\/wp\/v2\/product\/553\/revisions\/1298"}],"wp:featuredmedia":[{"embeddable":true,"href":"https:\/\/loja.springschool.me\/en\/wp-json\/wp\/v2\/media\/601"}],"wp:attachment":[{"href":"https:\/\/loja.springschool.me\/en\/wp-json\/wp\/v2\/media?parent=553"}],"wp:term":[{"taxonomy":"product_cat","embeddable":true,"href":"https:\/\/loja.springschool.me\/en\/wp-json\/wp\/v2\/product_cat?post=553"},{"taxonomy":"product_tag","embeddable":true,"href":"https:\/\/loja.springschool.me\/en\/wp-json\/wp\/v2\/product_tag?post=553"}],"curies":[{"name":"wp","href":"https:\/\/api.w.org\/{rel}","templated":true}]}}