{"id":550,"date":"2022-11-30T15:38:12","date_gmt":"2022-11-30T15:38:12","guid":{"rendered":"https:\/\/loja.springschool.me\/?post_type=product&#038;p=550"},"modified":"2023-02-03T16:17:01","modified_gmt":"2023-02-03T16:17:01","slug":"novo-mindset-novos-resultados-dr-kerry-johnson","status":"publish","type":"product","link":"https:\/\/loja.springschool.me\/en\/product\/novo-mindset-novos-resultados-dr-kerry-johnson\/","title":{"rendered":"New Mindset New Results (Dr.Kerry Johnson)"},"content":{"rendered":"<p>This book will not only show you what an effective mindset looks like, it will also help you modify and adapt your mindset, developing one that will enable you to achieve all your dreams.<\/p>\n<p>Your mindset affects everything you think, say and do.<\/p>\n<p>It creates hope and despair, success and failure.<br \/>\nIt&#039;s the software your brain uses to define attitude, experience, and achievement.<br \/>\nIt is also the filter that shapes your behavior.<br \/>\nYour mindset makes you blame others for your failure or learn from experience.<br \/>\nIt helps to understand everything that happens.<br \/>\nIt is the prism through which you experience life.<\/p>\n<p>Research shows that those with a results-oriented growth mindset make more money and are happier than those who choose to limit themselves. Those with the fixed mindset make excuses for setbacks instead of learning from mistakes.<\/p>\n<p>Your mindset will help you build self-confidence and self-discipline.<br \/>\nAnd, with that, to overcome any obstacles and any problems that arise.<br \/>\nAll you need is a new mindset, one focused on results.<\/p>\n<p>\u2022 ACHIEVE YOUR GOALS WITH YOUR NEW MINDSET.<br \/>\n\u2022 CREATE A MINDSET FOCUSED ON RESULTS.<br \/>\n\u2022 DISCOVER HOW MINDSET CHANGES YOUR BRAIN.<br \/>\n\u2022 LEARN HOW GREAT LEADERS USE A RESULTS-FOCUSED MINDSET TO ACHIEVE THEIR OBJECTIVES.<br \/>\n\u2022 DEVELOP A RESULTS-FOCUSED MINDSET IN YOUR CHILDREN.<\/p>\n<p>Compliments:<\/p>\n<p>\u201cThe best mindset always wins. The difference between earnings of US$20 million and US$2 million from the PGA tour comes down to mindset. Every golfer involved is exceptional. Those who stand out also have an exceptional mindset. I recommend New Mindset, New Results. It is the most important component in building champions.\u201d<br \/>\n\u2014Gin Kim, PGA Tour Professional<\/p>\n<p>\u201cWhen working with the best tennis players in the world, I noticed that those with a more refined mindset reached even higher levels.<br \/>\nhigher than their talents would take them. I recommend New Mindset, New Results because it will make you reach your highest goals.\u201d<br \/>\n\u2014Robert Van&#039;t Hof, former ATP top 20 player; former coach of Lindsay Davenport, women&#039;s tennis champion<\/p>","protected":false},"excerpt":{"rendered":"<p>\u201cNew Mindset, New Results\u201d is a book that focuses on how the mindset affects all areas of life and how developing a results-focused growth mindset can lead to increased self-confidence, self-discipline and success.<\/p>","protected":false},"featured_media":600,"template":"","meta":[],"product_cat":[20],"product_tag":[],"yoast_head":"<!-- This site is optimized with the Yoast SEO plugin v20.11 - https:\/\/yoast.com\/wordpress\/plugins\/seo\/ -->\n<title>Novo Mindset Novos Resultados (Dr.Kerry Johnson) - Spring School - Loja Virtual<\/title>\n<meta name=\"description\" content=\"Este livro n\u00e3o apenas mostrar\u00e1 como \u00e9 um mindset eficaz, mas tamb\u00e9m o ajudar\u00e1 a modificar e a adaptar seu mindset, desenvolvendo um que lhe possibilitar\u00e1 realizar todos os seus sonhos.\" \/>\n<meta name=\"robots\" content=\"index, follow, max-snippet:-1, max-image-preview:large, max-video-preview:-1\" \/>\n<link rel=\"canonical\" href=\"https:\/\/loja.springschool.me\/en\/product\/novo-mindset-novos-resultados-dr-kerry-johnson\/\" \/>\n<meta property=\"og:locale\" content=\"en_US\" \/>\n<meta property=\"og:type\" content=\"article\" \/>\n<meta property=\"og:title\" content=\"Novo Mindset Novos Resultados (Dr.Kerry Johnson) - Spring School - Loja Virtual\" \/>\n<meta property=\"og:description\" content=\"Este livro n\u00e3o apenas mostrar\u00e1 como \u00e9 um mindset eficaz, mas tamb\u00e9m o ajudar\u00e1 a modificar e a adaptar seu mindset, desenvolvendo um que lhe possibilitar\u00e1 realizar todos os seus sonhos.\" \/>\n<meta property=\"og:url\" content=\"https:\/\/loja.springschool.me\/en\/product\/novo-mindset-novos-resultados-dr-kerry-johnson\/\" \/>\n<meta property=\"og:site_name\" content=\"Spring School - Loja Virtual\" \/>\n<meta property=\"article:modified_time\" content=\"2023-02-03T16:17:01+00:00\" \/>\n<meta property=\"og:image\" content=\"https:\/\/loja.springschool.me\/wp-content\/uploads\/2022\/11\/spring-loja-livro-22-1.jpg\" \/>\n\t<meta property=\"og:image:width\" content=\"1000\" \/>\n\t<meta property=\"og:image:height\" content=\"1000\" \/>\n\t<meta property=\"og:image:type\" content=\"image\/jpeg\" \/>\n<meta name=\"twitter:card\" content=\"summary_large_image\" \/>\n<meta name=\"twitter:label1\" content=\"Est. reading time\" \/>\n\t<meta name=\"twitter:data1\" content=\"2 minutes\" \/>\n<script type=\"application\/ld+json\" class=\"yoast-schema-graph\">{\"@context\":\"https:\/\/schema.org\",\"@graph\":[{\"@type\":\"WebPage\",\"@id\":\"https:\/\/loja.springschool.me\/produto\/novo-mindset-novos-resultados-dr-kerry-johnson\/\",\"url\":\"https:\/\/loja.springschool.me\/produto\/novo-mindset-novos-resultados-dr-kerry-johnson\/\",\"name\":\"Novo Mindset Novos Resultados (Dr.Kerry Johnson) - Spring School - Loja Virtual\",\"isPartOf\":{\"@id\":\"https:\/\/loja.springschool.me\/#website\"},\"datePublished\":\"2022-11-30T15:38:12+00:00\",\"dateModified\":\"2023-02-03T16:17:01+00:00\",\"description\":\"Este livro n\u00e3o apenas mostrar\u00e1 como \u00e9 um mindset eficaz, mas tamb\u00e9m o ajudar\u00e1 a modificar e a adaptar seu mindset, desenvolvendo um que lhe possibilitar\u00e1 realizar todos os seus sonhos.\",\"breadcrumb\":{\"@id\":\"https:\/\/loja.springschool.me\/produto\/novo-mindset-novos-resultados-dr-kerry-johnson\/#breadcrumb\"},\"inLanguage\":\"en-US\",\"potentialAction\":[{\"@type\":\"ReadAction\",\"target\":[\"https:\/\/loja.springschool.me\/produto\/novo-mindset-novos-resultados-dr-kerry-johnson\/\"]}]},{\"@type\":\"BreadcrumbList\",\"@id\":\"https:\/\/loja.springschool.me\/produto\/novo-mindset-novos-resultados-dr-kerry-johnson\/#breadcrumb\",\"itemListElement\":[{\"@type\":\"ListItem\",\"position\":1,\"name\":\"In\u00edcio\",\"item\":\"https:\/\/loja.springschool.me\/\"},{\"@type\":\"ListItem\",\"position\":2,\"name\":\"Shop\",\"item\":\"https:\/\/loja.springschool.me\/shop\/\"},{\"@type\":\"ListItem\",\"position\":3,\"name\":\"Novo Mindset Novos Resultados (Dr.Kerry Johnson)\"}]},{\"@type\":\"WebSite\",\"@id\":\"https:\/\/loja.springschool.me\/#website\",\"url\":\"https:\/\/loja.springschool.me\/\",\"name\":\"Spring School - Loja Virtual\",\"description\":\"Just another WordPress site\",\"potentialAction\":[{\"@type\":\"SearchAction\",\"target\":{\"@type\":\"EntryPoint\",\"urlTemplate\":\"https:\/\/loja.springschool.me\/?s={search_term_string}\"},\"query-input\":\"required name=search_term_string\"}],\"inLanguage\":\"en-US\"}]}<\/script>\n<!-- \/ Yoast SEO plugin. -->","yoast_head_json":{"title":"Novo Mindset Novos Resultados (Dr.Kerry Johnson) - Spring School - Loja Virtual","description":"Este livro n\u00e3o apenas mostrar\u00e1 como \u00e9 um mindset eficaz, mas tamb\u00e9m o ajudar\u00e1 a modificar e a adaptar seu mindset, desenvolvendo um que lhe possibilitar\u00e1 realizar todos os seus sonhos.","robots":{"index":"index","follow":"follow","max-snippet":"max-snippet:-1","max-image-preview":"max-image-preview:large","max-video-preview":"max-video-preview:-1"},"canonical":"https:\/\/loja.springschool.me\/en\/product\/novo-mindset-novos-resultados-dr-kerry-johnson\/","og_locale":"en_US","og_type":"article","og_title":"Novo Mindset Novos Resultados (Dr.Kerry Johnson) - Spring School - Loja Virtual","og_description":"Este livro n\u00e3o apenas mostrar\u00e1 como \u00e9 um mindset eficaz, mas tamb\u00e9m o ajudar\u00e1 a modificar e a adaptar seu mindset, desenvolvendo um que lhe possibilitar\u00e1 realizar todos os seus sonhos.","og_url":"https:\/\/loja.springschool.me\/en\/product\/novo-mindset-novos-resultados-dr-kerry-johnson\/","og_site_name":"Spring School - Loja Virtual","article_modified_time":"2023-02-03T16:17:01+00:00","og_image":[{"width":1000,"height":1000,"url":"https:\/\/loja.springschool.me\/wp-content\/uploads\/2022\/11\/spring-loja-livro-22-1.jpg","type":"image\/jpeg"}],"twitter_card":"summary_large_image","twitter_misc":{"Est. reading time":"2 minutes"},"schema":{"@context":"https:\/\/schema.org","@graph":[{"@type":"WebPage","@id":"https:\/\/loja.springschool.me\/produto\/novo-mindset-novos-resultados-dr-kerry-johnson\/","url":"https:\/\/loja.springschool.me\/produto\/novo-mindset-novos-resultados-dr-kerry-johnson\/","name":"Novo Mindset Novos Resultados (Dr.Kerry Johnson) - Spring School - Loja Virtual","isPartOf":{"@id":"https:\/\/loja.springschool.me\/#website"},"datePublished":"2022-11-30T15:38:12+00:00","dateModified":"2023-02-03T16:17:01+00:00","description":"Este livro n\u00e3o apenas mostrar\u00e1 como \u00e9 um mindset eficaz, mas tamb\u00e9m o ajudar\u00e1 a modificar e a adaptar seu mindset, desenvolvendo um que lhe possibilitar\u00e1 realizar todos os seus sonhos.","breadcrumb":{"@id":"https:\/\/loja.springschool.me\/produto\/novo-mindset-novos-resultados-dr-kerry-johnson\/#breadcrumb"},"inLanguage":"en-US","potentialAction":[{"@type":"ReadAction","target":["https:\/\/loja.springschool.me\/produto\/novo-mindset-novos-resultados-dr-kerry-johnson\/"]}]},{"@type":"BreadcrumbList","@id":"https:\/\/loja.springschool.me\/produto\/novo-mindset-novos-resultados-dr-kerry-johnson\/#breadcrumb","itemListElement":[{"@type":"ListItem","position":1,"name":"In\u00edcio","item":"https:\/\/loja.springschool.me\/"},{"@type":"ListItem","position":2,"name":"Shop","item":"https:\/\/loja.springschool.me\/shop\/"},{"@type":"ListItem","position":3,"name":"Novo Mindset Novos Resultados (Dr.Kerry Johnson)"}]},{"@type":"WebSite","@id":"https:\/\/loja.springschool.me\/#website","url":"https:\/\/loja.springschool.me\/","name":"Spring School - Loja Virtual","description":"Just another WordPress site","potentialAction":[{"@type":"SearchAction","target":{"@type":"EntryPoint","urlTemplate":"https:\/\/loja.springschool.me\/?s={search_term_string}"},"query-input":"required name=search_term_string"}],"inLanguage":"en-US"}]}},"_links":{"self":[{"href":"https:\/\/loja.springschool.me\/en\/wp-json\/wp\/v2\/product\/550"}],"collection":[{"href":"https:\/\/loja.springschool.me\/en\/wp-json\/wp\/v2\/product"}],"about":[{"href":"https:\/\/loja.springschool.me\/en\/wp-json\/wp\/v2\/types\/product"}],"version-history":[{"count":2,"href":"https:\/\/loja.springschool.me\/en\/wp-json\/wp\/v2\/product\/550\/revisions"}],"predecessor-version":[{"id":1297,"href":"https:\/\/loja.springschool.me\/en\/wp-json\/wp\/v2\/product\/550\/revisions\/1297"}],"wp:featuredmedia":[{"embeddable":true,"href":"https:\/\/loja.springschool.me\/en\/wp-json\/wp\/v2\/media\/600"}],"wp:attachment":[{"href":"https:\/\/loja.springschool.me\/en\/wp-json\/wp\/v2\/media?parent=550"}],"wp:term":[{"taxonomy":"product_cat","embeddable":true,"href":"https:\/\/loja.springschool.me\/en\/wp-json\/wp\/v2\/product_cat?post=550"},{"taxonomy":"product_tag","embeddable":true,"href":"https:\/\/loja.springschool.me\/en\/wp-json\/wp\/v2\/product_tag?post=550"}],"curies":[{"name":"wp","href":"https:\/\/api.w.org\/{rel}","templated":true}]}}