{"id":547,"date":"2022-11-30T15:34:56","date_gmt":"2022-11-30T15:34:56","guid":{"rendered":"https:\/\/loja.springschool.me\/?post_type=product&#038;p=547"},"modified":"2023-02-03T16:15:55","modified_gmt":"2023-02-03T16:15:55","slug":"faca-a-sua-pergunta-flavio-augusto","status":"publish","type":"product","link":"https:\/\/loja.springschool.me\/en\/product\/faca-a-sua-pergunta-flavio-augusto\/","title":{"rendered":"Ask your question! (Flavio Augusto)"},"content":{"rendered":"<p>\u201cDon&#039;t miss any more stories. What Instagram deletes, Buzz posts. Fl\u00e1vio Augusto da Silva is one of the biggest names in entrepreneurship and also an active voice on social networks, sharing great lessons about career, business and life. In this book from the collection Ask your question!, you will check out Fl\u00e1vio Augusto&#039;s best answers to the best questions and you can read and reread whenever and wherever you want.\u201d<\/p>","protected":false},"excerpt":{"rendered":"<p>In this book from the Ask your question! collection, you&#039;ll check Fl\u00e1vio Augusto&#039;s best answers to the best questions and you can read and reread whenever and wherever you want<\/p>","protected":false},"featured_media":599,"template":"","meta":[],"product_cat":[20],"product_tag":[],"yoast_head":"<!-- This site is optimized with the Yoast SEO plugin v20.11 - https:\/\/yoast.com\/wordpress\/plugins\/seo\/ -->\n<title>Fa\u00e7a a sua pergunta! (Flavio Augusto) - Spring School - Loja Virtual<\/title>\n<meta name=\"description\" content=\"Fa\u00e7a a sua pergunta! (Flavio Augusto) - N\u00e3o perca mais nenhum story. O que o Instagram apaga a Buzz publica. Fl\u00e1vio Augusto da Silva \u00e9 um dos maiores...\" \/>\n<meta name=\"robots\" content=\"index, follow, max-snippet:-1, max-image-preview:large, max-video-preview:-1\" \/>\n<link rel=\"canonical\" href=\"https:\/\/loja.springschool.me\/en\/product\/faca-a-sua-pergunta-flavio-augusto\/\" \/>\n<meta property=\"og:locale\" content=\"en_US\" \/>\n<meta property=\"og:type\" content=\"article\" \/>\n<meta property=\"og:title\" content=\"Fa\u00e7a a sua pergunta! (Flavio Augusto) - Spring School - Loja Virtual\" \/>\n<meta property=\"og:description\" content=\"Fa\u00e7a a sua pergunta! (Flavio Augusto) - N\u00e3o perca mais nenhum story. O que o Instagram apaga a Buzz publica. Fl\u00e1vio Augusto da Silva \u00e9 um dos maiores...\" \/>\n<meta property=\"og:url\" content=\"https:\/\/loja.springschool.me\/en\/product\/faca-a-sua-pergunta-flavio-augusto\/\" \/>\n<meta property=\"og:site_name\" content=\"Spring School - Loja Virtual\" \/>\n<meta property=\"article:modified_time\" content=\"2023-02-03T16:15:55+00:00\" \/>\n<meta property=\"og:image\" content=\"https:\/\/loja.springschool.me\/wp-content\/uploads\/2022\/11\/spring-loja-livro-21-1.jpg\" \/>\n\t<meta property=\"og:image:width\" content=\"1000\" \/>\n\t<meta property=\"og:image:height\" content=\"1000\" \/>\n\t<meta property=\"og:image:type\" content=\"image\/jpeg\" \/>\n<meta name=\"twitter:card\" content=\"summary_large_image\" \/>\n<meta name=\"twitter:label1\" content=\"Est. reading time\" \/>\n\t<meta name=\"twitter:data1\" content=\"1 minute\" \/>\n<script type=\"application\/ld+json\" class=\"yoast-schema-graph\">{\"@context\":\"https:\/\/schema.org\",\"@graph\":[{\"@type\":\"WebPage\",\"@id\":\"https:\/\/loja.springschool.me\/en\/product\/faca-a-sua-pergunta-flavio-augusto\/\",\"url\":\"https:\/\/loja.springschool.me\/en\/product\/faca-a-sua-pergunta-flavio-augusto\/\",\"name\":\"Fa\u00e7a a sua pergunta! (Flavio Augusto) - Spring School - Loja Virtual\",\"isPartOf\":{\"@id\":\"https:\/\/loja.springschool.me\/#website\"},\"datePublished\":\"2022-11-30T15:34:56+00:00\",\"dateModified\":\"2023-02-03T16:15:55+00:00\",\"description\":\"Fa\u00e7a a sua pergunta! (Flavio Augusto) - N\u00e3o perca mais nenhum story. O que o Instagram apaga a Buzz publica. Fl\u00e1vio Augusto da Silva \u00e9 um dos maiores...\",\"breadcrumb\":{\"@id\":\"https:\/\/loja.springschool.me\/en\/product\/faca-a-sua-pergunta-flavio-augusto\/#breadcrumb\"},\"inLanguage\":\"en-US\",\"potentialAction\":[{\"@type\":\"ReadAction\",\"target\":[\"https:\/\/loja.springschool.me\/en\/product\/faca-a-sua-pergunta-flavio-augusto\/\"]}]},{\"@type\":\"BreadcrumbList\",\"@id\":\"https:\/\/loja.springschool.me\/en\/product\/faca-a-sua-pergunta-flavio-augusto\/#breadcrumb\",\"itemListElement\":[{\"@type\":\"ListItem\",\"position\":1,\"name\":\"In\u00edcio\",\"item\":\"https:\/\/loja.springschool.me\/\"},{\"@type\":\"ListItem\",\"position\":2,\"name\":\"Shop\",\"item\":\"https:\/\/loja.springschool.me\/shop\/\"},{\"@type\":\"ListItem\",\"position\":3,\"name\":\"Fa\u00e7a a sua pergunta! (Flavio Augusto)\"}]},{\"@type\":\"WebSite\",\"@id\":\"https:\/\/loja.springschool.me\/#website\",\"url\":\"https:\/\/loja.springschool.me\/\",\"name\":\"Spring School - Loja Virtual\",\"description\":\"Just another WordPress site\",\"potentialAction\":[{\"@type\":\"SearchAction\",\"target\":{\"@type\":\"EntryPoint\",\"urlTemplate\":\"https:\/\/loja.springschool.me\/?s={search_term_string}\"},\"query-input\":\"required name=search_term_string\"}],\"inLanguage\":\"en-US\"}]}<\/script>\n<!-- \/ Yoast SEO plugin. -->","yoast_head_json":{"title":"Fa\u00e7a a sua pergunta! (Flavio Augusto) - Spring School - Loja Virtual","description":"Fa\u00e7a a sua pergunta! (Flavio Augusto) - N\u00e3o perca mais nenhum story. O que o Instagram apaga a Buzz publica. Fl\u00e1vio Augusto da Silva \u00e9 um dos maiores...","robots":{"index":"index","follow":"follow","max-snippet":"max-snippet:-1","max-image-preview":"max-image-preview:large","max-video-preview":"max-video-preview:-1"},"canonical":"https:\/\/loja.springschool.me\/en\/product\/faca-a-sua-pergunta-flavio-augusto\/","og_locale":"en_US","og_type":"article","og_title":"Fa\u00e7a a sua pergunta! (Flavio Augusto) - Spring School - Loja Virtual","og_description":"Fa\u00e7a a sua pergunta! (Flavio Augusto) - N\u00e3o perca mais nenhum story. O que o Instagram apaga a Buzz publica. Fl\u00e1vio Augusto da Silva \u00e9 um dos maiores...","og_url":"https:\/\/loja.springschool.me\/en\/product\/faca-a-sua-pergunta-flavio-augusto\/","og_site_name":"Spring School - Loja Virtual","article_modified_time":"2023-02-03T16:15:55+00:00","og_image":[{"width":1000,"height":1000,"url":"https:\/\/loja.springschool.me\/wp-content\/uploads\/2022\/11\/spring-loja-livro-21-1.jpg","type":"image\/jpeg"}],"twitter_card":"summary_large_image","twitter_misc":{"Est. reading time":"1 minute"},"schema":{"@context":"https:\/\/schema.org","@graph":[{"@type":"WebPage","@id":"https:\/\/loja.springschool.me\/en\/product\/faca-a-sua-pergunta-flavio-augusto\/","url":"https:\/\/loja.springschool.me\/en\/product\/faca-a-sua-pergunta-flavio-augusto\/","name":"Fa\u00e7a a sua pergunta! (Flavio Augusto) - Spring School - Loja Virtual","isPartOf":{"@id":"https:\/\/loja.springschool.me\/#website"},"datePublished":"2022-11-30T15:34:56+00:00","dateModified":"2023-02-03T16:15:55+00:00","description":"Fa\u00e7a a sua pergunta! (Flavio Augusto) - N\u00e3o perca mais nenhum story. O que o Instagram apaga a Buzz publica. Fl\u00e1vio Augusto da Silva \u00e9 um dos maiores...","breadcrumb":{"@id":"https:\/\/loja.springschool.me\/en\/product\/faca-a-sua-pergunta-flavio-augusto\/#breadcrumb"},"inLanguage":"en-US","potentialAction":[{"@type":"ReadAction","target":["https:\/\/loja.springschool.me\/en\/product\/faca-a-sua-pergunta-flavio-augusto\/"]}]},{"@type":"BreadcrumbList","@id":"https:\/\/loja.springschool.me\/en\/product\/faca-a-sua-pergunta-flavio-augusto\/#breadcrumb","itemListElement":[{"@type":"ListItem","position":1,"name":"In\u00edcio","item":"https:\/\/loja.springschool.me\/"},{"@type":"ListItem","position":2,"name":"Shop","item":"https:\/\/loja.springschool.me\/shop\/"},{"@type":"ListItem","position":3,"name":"Fa\u00e7a a sua pergunta! (Flavio Augusto)"}]},{"@type":"WebSite","@id":"https:\/\/loja.springschool.me\/#website","url":"https:\/\/loja.springschool.me\/","name":"Spring School - Loja Virtual","description":"Just another WordPress site","potentialAction":[{"@type":"SearchAction","target":{"@type":"EntryPoint","urlTemplate":"https:\/\/loja.springschool.me\/?s={search_term_string}"},"query-input":"required name=search_term_string"}],"inLanguage":"en-US"}]}},"_links":{"self":[{"href":"https:\/\/loja.springschool.me\/en\/wp-json\/wp\/v2\/product\/547"}],"collection":[{"href":"https:\/\/loja.springschool.me\/en\/wp-json\/wp\/v2\/product"}],"about":[{"href":"https:\/\/loja.springschool.me\/en\/wp-json\/wp\/v2\/types\/product"}],"version-history":[{"count":3,"href":"https:\/\/loja.springschool.me\/en\/wp-json\/wp\/v2\/product\/547\/revisions"}],"predecessor-version":[{"id":1295,"href":"https:\/\/loja.springschool.me\/en\/wp-json\/wp\/v2\/product\/547\/revisions\/1295"}],"wp:featuredmedia":[{"embeddable":true,"href":"https:\/\/loja.springschool.me\/en\/wp-json\/wp\/v2\/media\/599"}],"wp:attachment":[{"href":"https:\/\/loja.springschool.me\/en\/wp-json\/wp\/v2\/media?parent=547"}],"wp:term":[{"taxonomy":"product_cat","embeddable":true,"href":"https:\/\/loja.springschool.me\/en\/wp-json\/wp\/v2\/product_cat?post=547"},{"taxonomy":"product_tag","embeddable":true,"href":"https:\/\/loja.springschool.me\/en\/wp-json\/wp\/v2\/product_tag?post=547"}],"curies":[{"name":"wp","href":"https:\/\/api.w.org\/{rel}","templated":true}]}}