{"id":544,"date":"2022-11-30T15:29:37","date_gmt":"2022-11-30T15:29:37","guid":{"rendered":"https:\/\/loja.springschool.me\/?post_type=product&#038;p=544"},"modified":"2023-02-03T16:15:15","modified_gmt":"2023-02-03T16:15:15","slug":"conquiste-a-sua-liberdade-financeira-leandro-rassier","status":"publish","type":"product","link":"https:\/\/loja.springschool.me\/en\/product\/conquiste-a-sua-liberdade-financeira-leandro-rassier\/","title":{"rendered":"Conquer your Financial Freedom (Leandro Rassier)"},"content":{"rendered":"<p>Conquer your financial freedom brings the necessary information for the reader to understand what really contributes to an effective administration of personal resources. Although it is not a very tempting challenge to have to give up some pleasures in the present in exchange for a future benefit, Leandro Rassier shows that financial education does not need to be treated in a formal and sophisticated way to be understood by all and proves that, much more than writing down expenses, it is essential that people learn to earn, spend and save money. After all, one day in their life, everyone is going to have some money to manage, no matter how much.<\/p>","protected":false},"excerpt":{"rendered":"<p>The book \u201cConquer your financial freedom\u201d by Leandro Rassier is a guide to financial education, which helps the reader to understand what is needed to have an effective management of personal resources.<\/p>","protected":false},"featured_media":597,"template":"","meta":[],"product_cat":[20],"product_tag":[],"yoast_head":"<!-- This site is optimized with the Yoast SEO plugin v20.11 - https:\/\/yoast.com\/wordpress\/plugins\/seo\/ -->\n<title>Conquiste a sua Liberdade Financeira (Leandro Rassier) - Spring School - Loja Virtual<\/title>\n<meta name=\"description\" content=\"Conquiste sua liberdade financeira traz as informa\u00e7\u00f5es necess\u00e1rias para que o leitor entenda o que realmente contribui para uma administra\u00e7\u00e3o de recursos pessoais eficaz.\" \/>\n<meta name=\"robots\" content=\"index, follow, max-snippet:-1, max-image-preview:large, max-video-preview:-1\" \/>\n<link rel=\"canonical\" href=\"https:\/\/loja.springschool.me\/en\/product\/conquiste-a-sua-liberdade-financeira-leandro-rassier\/\" \/>\n<meta property=\"og:locale\" content=\"en_US\" \/>\n<meta property=\"og:type\" content=\"article\" \/>\n<meta property=\"og:title\" content=\"Conquiste a sua Liberdade Financeira (Leandro Rassier) - Spring School - Loja Virtual\" \/>\n<meta property=\"og:description\" content=\"Conquiste sua liberdade financeira traz as informa\u00e7\u00f5es necess\u00e1rias para que o leitor entenda o que realmente contribui para uma administra\u00e7\u00e3o de recursos pessoais eficaz.\" \/>\n<meta property=\"og:url\" content=\"https:\/\/loja.springschool.me\/en\/product\/conquiste-a-sua-liberdade-financeira-leandro-rassier\/\" \/>\n<meta property=\"og:site_name\" content=\"Spring School - Loja Virtual\" \/>\n<meta property=\"article:modified_time\" content=\"2023-02-03T16:15:15+00:00\" \/>\n<meta property=\"og:image\" content=\"https:\/\/loja.springschool.me\/wp-content\/uploads\/2022\/11\/spring-loja-livro-20-1.jpg\" \/>\n\t<meta property=\"og:image:width\" content=\"1000\" \/>\n\t<meta property=\"og:image:height\" content=\"1000\" \/>\n\t<meta property=\"og:image:type\" content=\"image\/jpeg\" \/>\n<meta name=\"twitter:card\" content=\"summary_large_image\" \/>\n<meta name=\"twitter:label1\" content=\"Est. reading time\" \/>\n\t<meta name=\"twitter:data1\" content=\"1 minute\" \/>\n<script type=\"application\/ld+json\" class=\"yoast-schema-graph\">{\"@context\":\"https:\/\/schema.org\",\"@graph\":[{\"@type\":\"WebPage\",\"@id\":\"https:\/\/loja.springschool.me\/ja\/product\/conquiste-a-sua-liberdade-financeira-leandro-rassier\/\",\"url\":\"https:\/\/loja.springschool.me\/ja\/product\/conquiste-a-sua-liberdade-financeira-leandro-rassier\/\",\"name\":\"Conquiste a sua Liberdade Financeira (Leandro Rassier) - Spring School - Loja Virtual\",\"isPartOf\":{\"@id\":\"https:\/\/loja.springschool.me\/#website\"},\"datePublished\":\"2022-11-30T15:29:37+00:00\",\"dateModified\":\"2023-02-03T16:15:15+00:00\",\"description\":\"Conquiste sua liberdade financeira traz as informa\u00e7\u00f5es necess\u00e1rias para que o leitor entenda o que realmente contribui para uma administra\u00e7\u00e3o de recursos pessoais eficaz.\",\"breadcrumb\":{\"@id\":\"https:\/\/loja.springschool.me\/ja\/product\/conquiste-a-sua-liberdade-financeira-leandro-rassier\/#breadcrumb\"},\"inLanguage\":\"en-US\",\"potentialAction\":[{\"@type\":\"ReadAction\",\"target\":[\"https:\/\/loja.springschool.me\/ja\/product\/conquiste-a-sua-liberdade-financeira-leandro-rassier\/\"]}]},{\"@type\":\"BreadcrumbList\",\"@id\":\"https:\/\/loja.springschool.me\/ja\/product\/conquiste-a-sua-liberdade-financeira-leandro-rassier\/#breadcrumb\",\"itemListElement\":[{\"@type\":\"ListItem\",\"position\":1,\"name\":\"In\u00edcio\",\"item\":\"https:\/\/loja.springschool.me\/\"},{\"@type\":\"ListItem\",\"position\":2,\"name\":\"Shop\",\"item\":\"https:\/\/loja.springschool.me\/shop\/\"},{\"@type\":\"ListItem\",\"position\":3,\"name\":\"Conquiste a sua Liberdade Financeira (Leandro Rassier)\"}]},{\"@type\":\"WebSite\",\"@id\":\"https:\/\/loja.springschool.me\/#website\",\"url\":\"https:\/\/loja.springschool.me\/\",\"name\":\"Spring School - Loja Virtual\",\"description\":\"Just another WordPress site\",\"potentialAction\":[{\"@type\":\"SearchAction\",\"target\":{\"@type\":\"EntryPoint\",\"urlTemplate\":\"https:\/\/loja.springschool.me\/?s={search_term_string}\"},\"query-input\":\"required name=search_term_string\"}],\"inLanguage\":\"en-US\"}]}<\/script>\n<!-- \/ Yoast SEO plugin. -->","yoast_head_json":{"title":"Conquiste a sua Liberdade Financeira (Leandro Rassier) - Spring School - Loja Virtual","description":"Conquiste sua liberdade financeira traz as informa\u00e7\u00f5es necess\u00e1rias para que o leitor entenda o que realmente contribui para uma administra\u00e7\u00e3o de recursos pessoais eficaz.","robots":{"index":"index","follow":"follow","max-snippet":"max-snippet:-1","max-image-preview":"max-image-preview:large","max-video-preview":"max-video-preview:-1"},"canonical":"https:\/\/loja.springschool.me\/en\/product\/conquiste-a-sua-liberdade-financeira-leandro-rassier\/","og_locale":"en_US","og_type":"article","og_title":"Conquiste a sua Liberdade Financeira (Leandro Rassier) - Spring School - Loja Virtual","og_description":"Conquiste sua liberdade financeira traz as informa\u00e7\u00f5es necess\u00e1rias para que o leitor entenda o que realmente contribui para uma administra\u00e7\u00e3o de recursos pessoais eficaz.","og_url":"https:\/\/loja.springschool.me\/en\/product\/conquiste-a-sua-liberdade-financeira-leandro-rassier\/","og_site_name":"Spring School - Loja Virtual","article_modified_time":"2023-02-03T16:15:15+00:00","og_image":[{"width":1000,"height":1000,"url":"https:\/\/loja.springschool.me\/wp-content\/uploads\/2022\/11\/spring-loja-livro-20-1.jpg","type":"image\/jpeg"}],"twitter_card":"summary_large_image","twitter_misc":{"Est. reading time":"1 minute"},"schema":{"@context":"https:\/\/schema.org","@graph":[{"@type":"WebPage","@id":"https:\/\/loja.springschool.me\/ja\/product\/conquiste-a-sua-liberdade-financeira-leandro-rassier\/","url":"https:\/\/loja.springschool.me\/ja\/product\/conquiste-a-sua-liberdade-financeira-leandro-rassier\/","name":"Conquiste a sua Liberdade Financeira (Leandro Rassier) - Spring School - Loja Virtual","isPartOf":{"@id":"https:\/\/loja.springschool.me\/#website"},"datePublished":"2022-11-30T15:29:37+00:00","dateModified":"2023-02-03T16:15:15+00:00","description":"Conquiste sua liberdade financeira traz as informa\u00e7\u00f5es necess\u00e1rias para que o leitor entenda o que realmente contribui para uma administra\u00e7\u00e3o de recursos pessoais eficaz.","breadcrumb":{"@id":"https:\/\/loja.springschool.me\/ja\/product\/conquiste-a-sua-liberdade-financeira-leandro-rassier\/#breadcrumb"},"inLanguage":"en-US","potentialAction":[{"@type":"ReadAction","target":["https:\/\/loja.springschool.me\/ja\/product\/conquiste-a-sua-liberdade-financeira-leandro-rassier\/"]}]},{"@type":"BreadcrumbList","@id":"https:\/\/loja.springschool.me\/ja\/product\/conquiste-a-sua-liberdade-financeira-leandro-rassier\/#breadcrumb","itemListElement":[{"@type":"ListItem","position":1,"name":"In\u00edcio","item":"https:\/\/loja.springschool.me\/"},{"@type":"ListItem","position":2,"name":"Shop","item":"https:\/\/loja.springschool.me\/shop\/"},{"@type":"ListItem","position":3,"name":"Conquiste a sua Liberdade Financeira (Leandro Rassier)"}]},{"@type":"WebSite","@id":"https:\/\/loja.springschool.me\/#website","url":"https:\/\/loja.springschool.me\/","name":"Spring School - Loja Virtual","description":"Just another WordPress site","potentialAction":[{"@type":"SearchAction","target":{"@type":"EntryPoint","urlTemplate":"https:\/\/loja.springschool.me\/?s={search_term_string}"},"query-input":"required name=search_term_string"}],"inLanguage":"en-US"}]}},"_links":{"self":[{"href":"https:\/\/loja.springschool.me\/en\/wp-json\/wp\/v2\/product\/544"}],"collection":[{"href":"https:\/\/loja.springschool.me\/en\/wp-json\/wp\/v2\/product"}],"about":[{"href":"https:\/\/loja.springschool.me\/en\/wp-json\/wp\/v2\/types\/product"}],"version-history":[{"count":2,"href":"https:\/\/loja.springschool.me\/en\/wp-json\/wp\/v2\/product\/544\/revisions"}],"predecessor-version":[{"id":1294,"href":"https:\/\/loja.springschool.me\/en\/wp-json\/wp\/v2\/product\/544\/revisions\/1294"}],"wp:featuredmedia":[{"embeddable":true,"href":"https:\/\/loja.springschool.me\/en\/wp-json\/wp\/v2\/media\/597"}],"wp:attachment":[{"href":"https:\/\/loja.springschool.me\/en\/wp-json\/wp\/v2\/media?parent=544"}],"wp:term":[{"taxonomy":"product_cat","embeddable":true,"href":"https:\/\/loja.springschool.me\/en\/wp-json\/wp\/v2\/product_cat?post=544"},{"taxonomy":"product_tag","embeddable":true,"href":"https:\/\/loja.springschool.me\/en\/wp-json\/wp\/v2\/product_tag?post=544"}],"curies":[{"name":"wp","href":"https:\/\/api.w.org\/{rel}","templated":true}]}}