{"id":541,"date":"2022-11-30T15:26:44","date_gmt":"2022-11-30T15:26:44","guid":{"rendered":"https:\/\/loja.springschool.me\/?post_type=product&#038;p=541"},"modified":"2023-02-03T16:13:28","modified_gmt":"2023-02-03T16:13:28","slug":"va-em-frente-romi-neustadt","status":"publish","type":"product","link":"https:\/\/loja.springschool.me\/en\/product\/va-em-frente-romi-neustadt\/","title":{"rendered":"Go Forward (Romi Neustadt)"},"content":{"rendered":"<p>WINNER OF THE 2016 BEST INDEPENDENT NON-FICTION BOOK AWARD.<\/p>\n<p>A clear, no-nonsense plan for building a profitable network marketing business.<\/p>\n<p>Building a successful sales business is not just about business development. It has to do with your development.<\/p>\n<p>Tired of being divided between work and family, Romi Neustadt abandoned her career and decided to invest in network marketing.<\/p>\n<p>In less than three years, he gained the freedom he wanted to organize his life, in addition to a much higher salary than he expected.<\/p>\n<p>In this book, she teaches how to adopt a positive mindset, leaving behind the limiting beliefs and excuses that hinder our development.<\/p>\n<p>\u201cI will teach you the skills you need to build a profitable business. We&#039;ll work through the basics and look at how to efficiently run income-producing activities.<\/p>\n<p>But it takes more than skill to reach a new level. It is also important to have an understanding of the mindset and behaviors required to achieve your goals. This thing needs a brain, and I&#039;m going to shake yours.<\/p>\n<p>What I share here is everything I know about how to have more authentic and effective conversations with the people you already know and the people you will meet.<\/p>\n<p>And about reconfiguring the most important conversations: the ones you have with yourself.\u201d<\/p>\n<p>ROMI NEUSTADT<\/p>","protected":false},"excerpt":{"rendered":"<p>\u201cGo Forward\u201d is a book written by Romi Neustadt, winner of the 2016 Best Independent Non-Fiction Book award. The book offers a clear, no-nonsense look at how to build a profitable network marketing business.<\/p>","protected":false},"featured_media":596,"template":"","meta":[],"product_cat":[20],"product_tag":[],"yoast_head":"<!-- This site is optimized with the Yoast SEO plugin v20.11 - https:\/\/yoast.com\/wordpress\/plugins\/seo\/ -->\n<title>V\u00e1 em frente (Romi Neustadt) - Spring School - Loja Virtual<\/title>\n<meta name=\"description\" content=\"GANHADOR DO PR\u00caMIO MELHOR LIVRO INDEPENDENTE DE N\u00c3O FIC\u00c7\u00c3O DE 2016. Um plano claro e sem enrola\u00e7\u00e3o para montar um neg\u00f3cio lucrativo de marketing de rede.\" \/>\n<meta name=\"robots\" content=\"index, follow, max-snippet:-1, max-image-preview:large, max-video-preview:-1\" \/>\n<link rel=\"canonical\" href=\"https:\/\/loja.springschool.me\/en\/product\/va-em-frente-romi-neustadt\/\" \/>\n<meta property=\"og:locale\" content=\"en_US\" \/>\n<meta property=\"og:type\" content=\"article\" \/>\n<meta property=\"og:title\" content=\"V\u00e1 em frente (Romi Neustadt) - Spring School - Loja Virtual\" \/>\n<meta property=\"og:description\" content=\"GANHADOR DO PR\u00caMIO MELHOR LIVRO INDEPENDENTE DE N\u00c3O FIC\u00c7\u00c3O DE 2016. Um plano claro e sem enrola\u00e7\u00e3o para montar um neg\u00f3cio lucrativo de marketing de rede.\" \/>\n<meta property=\"og:url\" content=\"https:\/\/loja.springschool.me\/en\/product\/va-em-frente-romi-neustadt\/\" \/>\n<meta property=\"og:site_name\" content=\"Spring School - Loja Virtual\" \/>\n<meta property=\"article:modified_time\" content=\"2023-02-03T16:13:28+00:00\" \/>\n<meta property=\"og:image\" content=\"https:\/\/loja.springschool.me\/wp-content\/uploads\/2022\/11\/spring-loja-livro-19-1.jpg\" \/>\n\t<meta property=\"og:image:width\" content=\"1000\" \/>\n\t<meta property=\"og:image:height\" content=\"1000\" \/>\n\t<meta property=\"og:image:type\" content=\"image\/jpeg\" \/>\n<meta name=\"twitter:card\" content=\"summary_large_image\" \/>\n<meta name=\"twitter:label1\" content=\"Est. reading time\" \/>\n\t<meta name=\"twitter:data1\" content=\"2 minutes\" \/>\n<script type=\"application\/ld+json\" class=\"yoast-schema-graph\">{\"@context\":\"https:\/\/schema.org\",\"@graph\":[{\"@type\":\"WebPage\",\"@id\":\"https:\/\/loja.springschool.me\/produto\/va-em-frente-romi-neustadt\/\",\"url\":\"https:\/\/loja.springschool.me\/produto\/va-em-frente-romi-neustadt\/\",\"name\":\"V\u00e1 em frente (Romi Neustadt) - Spring School - Loja Virtual\",\"isPartOf\":{\"@id\":\"https:\/\/loja.springschool.me\/#website\"},\"datePublished\":\"2022-11-30T15:26:44+00:00\",\"dateModified\":\"2023-02-03T16:13:28+00:00\",\"description\":\"GANHADOR DO PR\u00caMIO MELHOR LIVRO INDEPENDENTE DE N\u00c3O FIC\u00c7\u00c3O DE 2016. Um plano claro e sem enrola\u00e7\u00e3o para montar um neg\u00f3cio lucrativo de marketing de rede.\",\"breadcrumb\":{\"@id\":\"https:\/\/loja.springschool.me\/produto\/va-em-frente-romi-neustadt\/#breadcrumb\"},\"inLanguage\":\"en-US\",\"potentialAction\":[{\"@type\":\"ReadAction\",\"target\":[\"https:\/\/loja.springschool.me\/produto\/va-em-frente-romi-neustadt\/\"]}]},{\"@type\":\"BreadcrumbList\",\"@id\":\"https:\/\/loja.springschool.me\/produto\/va-em-frente-romi-neustadt\/#breadcrumb\",\"itemListElement\":[{\"@type\":\"ListItem\",\"position\":1,\"name\":\"In\u00edcio\",\"item\":\"https:\/\/loja.springschool.me\/\"},{\"@type\":\"ListItem\",\"position\":2,\"name\":\"Shop\",\"item\":\"https:\/\/loja.springschool.me\/shop\/\"},{\"@type\":\"ListItem\",\"position\":3,\"name\":\"V\u00e1 em frente (Romi Neustadt)\"}]},{\"@type\":\"WebSite\",\"@id\":\"https:\/\/loja.springschool.me\/#website\",\"url\":\"https:\/\/loja.springschool.me\/\",\"name\":\"Spring School - Loja Virtual\",\"description\":\"Just another WordPress site\",\"potentialAction\":[{\"@type\":\"SearchAction\",\"target\":{\"@type\":\"EntryPoint\",\"urlTemplate\":\"https:\/\/loja.springschool.me\/?s={search_term_string}\"},\"query-input\":\"required name=search_term_string\"}],\"inLanguage\":\"en-US\"}]}<\/script>\n<!-- \/ Yoast SEO plugin. -->","yoast_head_json":{"title":"V\u00e1 em frente (Romi Neustadt) - Spring School - Loja Virtual","description":"GANHADOR DO PR\u00caMIO MELHOR LIVRO INDEPENDENTE DE N\u00c3O FIC\u00c7\u00c3O DE 2016. Um plano claro e sem enrola\u00e7\u00e3o para montar um neg\u00f3cio lucrativo de marketing de rede.","robots":{"index":"index","follow":"follow","max-snippet":"max-snippet:-1","max-image-preview":"max-image-preview:large","max-video-preview":"max-video-preview:-1"},"canonical":"https:\/\/loja.springschool.me\/en\/product\/va-em-frente-romi-neustadt\/","og_locale":"en_US","og_type":"article","og_title":"V\u00e1 em frente (Romi Neustadt) - Spring School - Loja Virtual","og_description":"GANHADOR DO PR\u00caMIO MELHOR LIVRO INDEPENDENTE DE N\u00c3O FIC\u00c7\u00c3O DE 2016. Um plano claro e sem enrola\u00e7\u00e3o para montar um neg\u00f3cio lucrativo de marketing de rede.","og_url":"https:\/\/loja.springschool.me\/en\/product\/va-em-frente-romi-neustadt\/","og_site_name":"Spring School - Loja Virtual","article_modified_time":"2023-02-03T16:13:28+00:00","og_image":[{"width":1000,"height":1000,"url":"https:\/\/loja.springschool.me\/wp-content\/uploads\/2022\/11\/spring-loja-livro-19-1.jpg","type":"image\/jpeg"}],"twitter_card":"summary_large_image","twitter_misc":{"Est. reading time":"2 minutes"},"schema":{"@context":"https:\/\/schema.org","@graph":[{"@type":"WebPage","@id":"https:\/\/loja.springschool.me\/produto\/va-em-frente-romi-neustadt\/","url":"https:\/\/loja.springschool.me\/produto\/va-em-frente-romi-neustadt\/","name":"V\u00e1 em frente (Romi Neustadt) - Spring School - Loja Virtual","isPartOf":{"@id":"https:\/\/loja.springschool.me\/#website"},"datePublished":"2022-11-30T15:26:44+00:00","dateModified":"2023-02-03T16:13:28+00:00","description":"GANHADOR DO PR\u00caMIO MELHOR LIVRO INDEPENDENTE DE N\u00c3O FIC\u00c7\u00c3O DE 2016. Um plano claro e sem enrola\u00e7\u00e3o para montar um neg\u00f3cio lucrativo de marketing de rede.","breadcrumb":{"@id":"https:\/\/loja.springschool.me\/produto\/va-em-frente-romi-neustadt\/#breadcrumb"},"inLanguage":"en-US","potentialAction":[{"@type":"ReadAction","target":["https:\/\/loja.springschool.me\/produto\/va-em-frente-romi-neustadt\/"]}]},{"@type":"BreadcrumbList","@id":"https:\/\/loja.springschool.me\/produto\/va-em-frente-romi-neustadt\/#breadcrumb","itemListElement":[{"@type":"ListItem","position":1,"name":"In\u00edcio","item":"https:\/\/loja.springschool.me\/"},{"@type":"ListItem","position":2,"name":"Shop","item":"https:\/\/loja.springschool.me\/shop\/"},{"@type":"ListItem","position":3,"name":"V\u00e1 em frente (Romi Neustadt)"}]},{"@type":"WebSite","@id":"https:\/\/loja.springschool.me\/#website","url":"https:\/\/loja.springschool.me\/","name":"Spring School - Loja Virtual","description":"Just another WordPress site","potentialAction":[{"@type":"SearchAction","target":{"@type":"EntryPoint","urlTemplate":"https:\/\/loja.springschool.me\/?s={search_term_string}"},"query-input":"required name=search_term_string"}],"inLanguage":"en-US"}]}},"_links":{"self":[{"href":"https:\/\/loja.springschool.me\/en\/wp-json\/wp\/v2\/product\/541"}],"collection":[{"href":"https:\/\/loja.springschool.me\/en\/wp-json\/wp\/v2\/product"}],"about":[{"href":"https:\/\/loja.springschool.me\/en\/wp-json\/wp\/v2\/types\/product"}],"version-history":[{"count":2,"href":"https:\/\/loja.springschool.me\/en\/wp-json\/wp\/v2\/product\/541\/revisions"}],"predecessor-version":[{"id":1293,"href":"https:\/\/loja.springschool.me\/en\/wp-json\/wp\/v2\/product\/541\/revisions\/1293"}],"wp:featuredmedia":[{"embeddable":true,"href":"https:\/\/loja.springschool.me\/en\/wp-json\/wp\/v2\/media\/596"}],"wp:attachment":[{"href":"https:\/\/loja.springschool.me\/en\/wp-json\/wp\/v2\/media?parent=541"}],"wp:term":[{"taxonomy":"product_cat","embeddable":true,"href":"https:\/\/loja.springschool.me\/en\/wp-json\/wp\/v2\/product_cat?post=541"},{"taxonomy":"product_tag","embeddable":true,"href":"https:\/\/loja.springschool.me\/en\/wp-json\/wp\/v2\/product_tag?post=541"}],"curies":[{"name":"wp","href":"https:\/\/api.w.org\/{rel}","templated":true}]}}