{"id":538,"date":"2022-11-30T15:24:09","date_gmt":"2022-11-30T15:24:09","guid":{"rendered":"https:\/\/loja.springschool.me\/?post_type=product&#038;p=538"},"modified":"2023-02-03T16:12:16","modified_gmt":"2023-02-03T16:12:16","slug":"bezonomics-brian-dumaine","status":"publish","type":"product","link":"https:\/\/loja.springschool.me\/en\/product\/bezonomics-brian-dumaine\/","title":{"rendered":"Bezonomics (Brian Dumaine)"},"content":{"rendered":"<p>AN IN-DEPTH, REVEALING AND IMPARTIAL ANALYSIS OF THE AMAZON BUSINESS MODEL THAT HAS BEEN CONQUERING THE WORLD OF AMAZON&#039;S COMPETITORS TRYING TO IMITATE OR BEAT IT SMARTLY, AND THE WAYS IN WHICH BEZONOMICS IS SHAPING THE LIVES OF ALL CONSUMERS \u2015 WRITTEN BY AN AWARD-WINNING EDITOR FOR FORTUNE MAGAZINE. Like Henry Ford, Sam Walton or Steve Jobs at the start of Ford, Walmart and Apple, Jeff Bezos is the business story of the decade. Bezos, the richest man on the planet, has built one of the most efficient wealth-generating machines in history, with 2% of US household income being spent on nearly 500 million items shipped from its warehouses to 17 countries. Amazon&#039;s business model has not only turned the retail and cloud computing industry on its head, its tentacles are also now choking the media and advertising industries, creating a disruption in the state of technology, the economy, job creation and of much of society. Amazon&#039;s impact is so pervasive that business leaders in nearly every industry around the world need to understand how this force of nature works. Based on reports from 150 sources inside and outside Amazon, Bezonomics reveals the fundamental principles used by Jeff Bezos to achieve his dominance \u2015 customer obsession, extreme innovation and long-term management, all supported by artificial intelligence \u2015 and shows how the same principles are being borrowed and replicated by companies in the United States, China, and elsewhere. Brian Dumaine shares tips for Amazon-proofing your business. Even more important, Bezonomics answers the big question: How are Amazon and its imitators affecting the way we live and what can we learn from them? A gold mine for some and a threat to others, Bezonomics has become a force capable of shaping our lives, both in the present and in the future, that the world needs to know better.<\/p>","protected":false},"excerpt":{"rendered":"<p>Bezonomics is an in-depth, revealing, and unbiased look at Amazon&#039;s business model.<\/p>","protected":false},"featured_media":595,"template":"","meta":[],"product_cat":[20],"product_tag":[],"yoast_head":"<!-- This site is optimized with the Yoast SEO plugin v20.11 - https:\/\/yoast.com\/wordpress\/plugins\/seo\/ -->\n<title>Bezonomics (Brian Dumaine) - Spring School - Loja Virtual<\/title>\n<meta name=\"description\" content=\"Bezonomics (Brian Dumaine) - Assim como Henry Ford, Sam Walton ou Steve Jobs no come\u00e7o da Ford, Walmart e Apple, Jeff Bezos \u00e9 a hist\u00f3ria de neg\u00f3cios da d\u00e9cada. Bezos, o homem mais rico do planeta, construiu uma das m\u00e1quinas de gera\u00e7\u00e3o de riqueza mais eficientes da hist\u00f3ria, com 2% da renda familiar norte- americana...\" \/>\n<meta name=\"robots\" content=\"index, follow, max-snippet:-1, max-image-preview:large, max-video-preview:-1\" \/>\n<link rel=\"canonical\" href=\"https:\/\/loja.springschool.me\/en\/product\/bezonomics-brian-dumaine\/\" \/>\n<meta property=\"og:locale\" content=\"en_US\" \/>\n<meta property=\"og:type\" content=\"article\" \/>\n<meta property=\"og:title\" content=\"Bezonomics (Brian Dumaine) - Spring School - Loja Virtual\" \/>\n<meta property=\"og:description\" content=\"Bezonomics (Brian Dumaine) - Assim como Henry Ford, Sam Walton ou Steve Jobs no come\u00e7o da Ford, Walmart e Apple, Jeff Bezos \u00e9 a hist\u00f3ria de neg\u00f3cios da d\u00e9cada. Bezos, o homem mais rico do planeta, construiu uma das m\u00e1quinas de gera\u00e7\u00e3o de riqueza mais eficientes da hist\u00f3ria, com 2% da renda familiar norte- americana...\" \/>\n<meta property=\"og:url\" content=\"https:\/\/loja.springschool.me\/en\/product\/bezonomics-brian-dumaine\/\" \/>\n<meta property=\"og:site_name\" content=\"Spring School - Loja Virtual\" \/>\n<meta property=\"article:modified_time\" content=\"2023-02-03T16:12:16+00:00\" \/>\n<meta property=\"og:image\" content=\"https:\/\/loja.springschool.me\/wp-content\/uploads\/2022\/11\/spring-loja-livro-18-1.jpg\" \/>\n\t<meta property=\"og:image:width\" content=\"1000\" \/>\n\t<meta property=\"og:image:height\" content=\"1000\" \/>\n\t<meta property=\"og:image:type\" content=\"image\/jpeg\" \/>\n<meta name=\"twitter:card\" content=\"summary_large_image\" \/>\n<meta name=\"twitter:label1\" content=\"Est. reading time\" \/>\n\t<meta name=\"twitter:data1\" content=\"2 minutes\" \/>\n<script type=\"application\/ld+json\" class=\"yoast-schema-graph\">{\"@context\":\"https:\/\/schema.org\",\"@graph\":[{\"@type\":\"WebPage\",\"@id\":\"https:\/\/loja.springschool.me\/produto\/bezonomics-brian-dumaine\/\",\"url\":\"https:\/\/loja.springschool.me\/produto\/bezonomics-brian-dumaine\/\",\"name\":\"Bezonomics (Brian Dumaine) - Spring School - Loja Virtual\",\"isPartOf\":{\"@id\":\"https:\/\/loja.springschool.me\/#website\"},\"datePublished\":\"2022-11-30T15:24:09+00:00\",\"dateModified\":\"2023-02-03T16:12:16+00:00\",\"description\":\"Bezonomics (Brian Dumaine) - Assim como Henry Ford, Sam Walton ou Steve Jobs no come\u00e7o da Ford, Walmart e Apple, Jeff Bezos \u00e9 a hist\u00f3ria de neg\u00f3cios da d\u00e9cada. Bezos, o homem mais rico do planeta, construiu uma das m\u00e1quinas de gera\u00e7\u00e3o de riqueza mais eficientes da hist\u00f3ria, com 2% da renda familiar norte- americana...\",\"breadcrumb\":{\"@id\":\"https:\/\/loja.springschool.me\/produto\/bezonomics-brian-dumaine\/#breadcrumb\"},\"inLanguage\":\"en-US\",\"potentialAction\":[{\"@type\":\"ReadAction\",\"target\":[\"https:\/\/loja.springschool.me\/produto\/bezonomics-brian-dumaine\/\"]}]},{\"@type\":\"BreadcrumbList\",\"@id\":\"https:\/\/loja.springschool.me\/produto\/bezonomics-brian-dumaine\/#breadcrumb\",\"itemListElement\":[{\"@type\":\"ListItem\",\"position\":1,\"name\":\"In\u00edcio\",\"item\":\"https:\/\/loja.springschool.me\/\"},{\"@type\":\"ListItem\",\"position\":2,\"name\":\"Shop\",\"item\":\"https:\/\/loja.springschool.me\/shop\/\"},{\"@type\":\"ListItem\",\"position\":3,\"name\":\"Bezonomics (Brian Dumaine)\"}]},{\"@type\":\"WebSite\",\"@id\":\"https:\/\/loja.springschool.me\/#website\",\"url\":\"https:\/\/loja.springschool.me\/\",\"name\":\"Spring School - Loja Virtual\",\"description\":\"Just another WordPress site\",\"potentialAction\":[{\"@type\":\"SearchAction\",\"target\":{\"@type\":\"EntryPoint\",\"urlTemplate\":\"https:\/\/loja.springschool.me\/?s={search_term_string}\"},\"query-input\":\"required name=search_term_string\"}],\"inLanguage\":\"en-US\"}]}<\/script>\n<!-- \/ Yoast SEO plugin. -->","yoast_head_json":{"title":"Bezonomics (Brian Dumaine) - Spring School - Loja Virtual","description":"Bezonomics (Brian Dumaine) - Assim como Henry Ford, Sam Walton ou Steve Jobs no come\u00e7o da Ford, Walmart e Apple, Jeff Bezos \u00e9 a hist\u00f3ria de neg\u00f3cios da d\u00e9cada. Bezos, o homem mais rico do planeta, construiu uma das m\u00e1quinas de gera\u00e7\u00e3o de riqueza mais eficientes da hist\u00f3ria, com 2% da renda familiar norte- americana...","robots":{"index":"index","follow":"follow","max-snippet":"max-snippet:-1","max-image-preview":"max-image-preview:large","max-video-preview":"max-video-preview:-1"},"canonical":"https:\/\/loja.springschool.me\/en\/product\/bezonomics-brian-dumaine\/","og_locale":"en_US","og_type":"article","og_title":"Bezonomics (Brian Dumaine) - Spring School - Loja Virtual","og_description":"Bezonomics (Brian Dumaine) - Assim como Henry Ford, Sam Walton ou Steve Jobs no come\u00e7o da Ford, Walmart e Apple, Jeff Bezos \u00e9 a hist\u00f3ria de neg\u00f3cios da d\u00e9cada. Bezos, o homem mais rico do planeta, construiu uma das m\u00e1quinas de gera\u00e7\u00e3o de riqueza mais eficientes da hist\u00f3ria, com 2% da renda familiar norte- americana...","og_url":"https:\/\/loja.springschool.me\/en\/product\/bezonomics-brian-dumaine\/","og_site_name":"Spring School - Loja Virtual","article_modified_time":"2023-02-03T16:12:16+00:00","og_image":[{"width":1000,"height":1000,"url":"https:\/\/loja.springschool.me\/wp-content\/uploads\/2022\/11\/spring-loja-livro-18-1.jpg","type":"image\/jpeg"}],"twitter_card":"summary_large_image","twitter_misc":{"Est. reading time":"2 minutes"},"schema":{"@context":"https:\/\/schema.org","@graph":[{"@type":"WebPage","@id":"https:\/\/loja.springschool.me\/produto\/bezonomics-brian-dumaine\/","url":"https:\/\/loja.springschool.me\/produto\/bezonomics-brian-dumaine\/","name":"Bezonomics (Brian Dumaine) - Spring School - Loja Virtual","isPartOf":{"@id":"https:\/\/loja.springschool.me\/#website"},"datePublished":"2022-11-30T15:24:09+00:00","dateModified":"2023-02-03T16:12:16+00:00","description":"Bezonomics (Brian Dumaine) - Assim como Henry Ford, Sam Walton ou Steve Jobs no come\u00e7o da Ford, Walmart e Apple, Jeff Bezos \u00e9 a hist\u00f3ria de neg\u00f3cios da d\u00e9cada. Bezos, o homem mais rico do planeta, construiu uma das m\u00e1quinas de gera\u00e7\u00e3o de riqueza mais eficientes da hist\u00f3ria, com 2% da renda familiar norte- americana...","breadcrumb":{"@id":"https:\/\/loja.springschool.me\/produto\/bezonomics-brian-dumaine\/#breadcrumb"},"inLanguage":"en-US","potentialAction":[{"@type":"ReadAction","target":["https:\/\/loja.springschool.me\/produto\/bezonomics-brian-dumaine\/"]}]},{"@type":"BreadcrumbList","@id":"https:\/\/loja.springschool.me\/produto\/bezonomics-brian-dumaine\/#breadcrumb","itemListElement":[{"@type":"ListItem","position":1,"name":"In\u00edcio","item":"https:\/\/loja.springschool.me\/"},{"@type":"ListItem","position":2,"name":"Shop","item":"https:\/\/loja.springschool.me\/shop\/"},{"@type":"ListItem","position":3,"name":"Bezonomics (Brian Dumaine)"}]},{"@type":"WebSite","@id":"https:\/\/loja.springschool.me\/#website","url":"https:\/\/loja.springschool.me\/","name":"Spring School - Loja Virtual","description":"Just another WordPress site","potentialAction":[{"@type":"SearchAction","target":{"@type":"EntryPoint","urlTemplate":"https:\/\/loja.springschool.me\/?s={search_term_string}"},"query-input":"required name=search_term_string"}],"inLanguage":"en-US"}]}},"_links":{"self":[{"href":"https:\/\/loja.springschool.me\/en\/wp-json\/wp\/v2\/product\/538"}],"collection":[{"href":"https:\/\/loja.springschool.me\/en\/wp-json\/wp\/v2\/product"}],"about":[{"href":"https:\/\/loja.springschool.me\/en\/wp-json\/wp\/v2\/types\/product"}],"version-history":[{"count":2,"href":"https:\/\/loja.springschool.me\/en\/wp-json\/wp\/v2\/product\/538\/revisions"}],"predecessor-version":[{"id":1292,"href":"https:\/\/loja.springschool.me\/en\/wp-json\/wp\/v2\/product\/538\/revisions\/1292"}],"wp:featuredmedia":[{"embeddable":true,"href":"https:\/\/loja.springschool.me\/en\/wp-json\/wp\/v2\/media\/595"}],"wp:attachment":[{"href":"https:\/\/loja.springschool.me\/en\/wp-json\/wp\/v2\/media?parent=538"}],"wp:term":[{"taxonomy":"product_cat","embeddable":true,"href":"https:\/\/loja.springschool.me\/en\/wp-json\/wp\/v2\/product_cat?post=538"},{"taxonomy":"product_tag","embeddable":true,"href":"https:\/\/loja.springschool.me\/en\/wp-json\/wp\/v2\/product_tag?post=538"}],"curies":[{"name":"wp","href":"https:\/\/api.w.org\/{rel}","templated":true}]}}