{"id":532,"date":"2022-11-30T15:16:20","date_gmt":"2022-11-30T15:16:20","guid":{"rendered":"https:\/\/loja.springschool.me\/?post_type=product&#038;p=532"},"modified":"2023-02-03T16:07:02","modified_gmt":"2023-02-03T16:07:02","slug":"localizacao-ainda-e-tudo-david-bell","status":"publish","type":"product","link":"https:\/\/loja.springschool.me\/en\/product\/localizacao-ainda-e-tudo-david-bell\/","title":{"rendered":"Location (still) is everything (David Bell)"},"content":{"rendered":"<p>You can use consumer location to build worldwide demand for your products and services on the internet. In this book, Wharton School marketing expert David Bell explains why and how a person&#039;s journey through the real world influences their behavior in the virtual world, and teaches e-commerce managers to consider the city of their potential customers in their e-commerce strategy, as well as the neighborhood they chose to live in and the physical stores in the area. This book is organized into seven chapters, which correspond to the seven elements of the GRAVITY model; you must put them all to work in your favor: Geography. It explains in depth why where we live largely determines our preferences and how we use the internet. Resistance. It lets you know how the internet is used to eliminate search friction (in large cities) and geographic friction (in smaller municipalities). Adjacency. It addresses the fact that being similar to our neighbors induces contagion. Neighborhood. He explains that initial sales come from proximity; future sales, similarity. Isolation. If local commerce is dedicated to satisfying the preferences of the majority, minorities will buy online, creating an opportunity, you know? Topography. Rates, delivery time and shopping environment vary from place to place. Testimonials: \u201cPowerful rejoinder to everyone who predicted the irrelevance of the three most important factors for retail: location, location, location.\u201d \u2015BRAD STONE, author of The Everything Store: Jeff Bezos and the Age of Amazon \u201cDavid Bell writes a practical book on how to win online and paves the way for a smarter way to buy, sell, share and live.\u201d \u2015NEIL BLUMENTHAL and DAVE GILBOA, CEOs and Co-Founders of Warby Parker \u201cIf you are interested in understanding consumer behavior online, you will benefit tremendously from this book.\u201d \u2015SUNIL GUPTA, Professor, Harvard Business School \u201cThe author reveals how location still matters in the most surprising ways, even in the supposedly &#039;flat&#039; world of e-commerce.\u201d \u2015Inc.<\/p>","protected":false},"excerpt":{"rendered":"<p>Location is (still) everything\u201d is a book written by David Bell that addresses the importance of location in relation to the success of a business.<\/p>","protected":false},"featured_media":593,"template":"","meta":[],"product_cat":[20],"product_tag":[],"yoast_head":"<!-- This site is optimized with the Yoast SEO plugin v20.11 - https:\/\/yoast.com\/wordpress\/plugins\/seo\/ -->\n<title>Localiza\u00e7\u00e3o (ainda) \u00e9 tudo (David Bell) - Spring School - Loja Virtual<\/title>\n<meta name=\"description\" content=\"Voc\u00ea pode utilizar a localiza\u00e7\u00e3o dos consumidores para construir uma demanda mundial por seus produtos e servi\u00e7os na internet. ..\" \/>\n<meta name=\"robots\" content=\"index, follow, max-snippet:-1, max-image-preview:large, max-video-preview:-1\" \/>\n<link rel=\"canonical\" href=\"https:\/\/loja.springschool.me\/en\/product\/localizacao-ainda-e-tudo-david-bell\/\" \/>\n<meta property=\"og:locale\" content=\"en_US\" \/>\n<meta property=\"og:type\" content=\"article\" \/>\n<meta property=\"og:title\" content=\"Localiza\u00e7\u00e3o (ainda) \u00e9 tudo (David Bell) - Spring School - Loja Virtual\" \/>\n<meta property=\"og:description\" content=\"Voc\u00ea pode utilizar a localiza\u00e7\u00e3o dos consumidores para construir uma demanda mundial por seus produtos e servi\u00e7os na internet. ..\" \/>\n<meta property=\"og:url\" content=\"https:\/\/loja.springschool.me\/en\/product\/localizacao-ainda-e-tudo-david-bell\/\" \/>\n<meta property=\"og:site_name\" content=\"Spring School - Loja Virtual\" \/>\n<meta property=\"article:modified_time\" content=\"2023-02-03T16:07:02+00:00\" \/>\n<meta property=\"og:image\" content=\"https:\/\/loja.springschool.me\/wp-content\/uploads\/2022\/11\/spring-loja-livro-16-1.jpg\" \/>\n\t<meta property=\"og:image:width\" content=\"1000\" \/>\n\t<meta property=\"og:image:height\" content=\"1000\" \/>\n\t<meta property=\"og:image:type\" content=\"image\/jpeg\" \/>\n<meta name=\"twitter:card\" content=\"summary_large_image\" \/>\n<meta name=\"twitter:label1\" content=\"Est. reading time\" \/>\n\t<meta name=\"twitter:data1\" content=\"2 minutes\" \/>\n<script type=\"application\/ld+json\" class=\"yoast-schema-graph\">{\"@context\":\"https:\/\/schema.org\",\"@graph\":[{\"@type\":\"WebPage\",\"@id\":\"https:\/\/loja.springschool.me\/en\/product\/localizacao-ainda-e-tudo-david-bell\/\",\"url\":\"https:\/\/loja.springschool.me\/en\/product\/localizacao-ainda-e-tudo-david-bell\/\",\"name\":\"Localiza\u00e7\u00e3o (ainda) \u00e9 tudo (David Bell) - Spring School - Loja Virtual\",\"isPartOf\":{\"@id\":\"https:\/\/loja.springschool.me\/#website\"},\"datePublished\":\"2022-11-30T15:16:20+00:00\",\"dateModified\":\"2023-02-03T16:07:02+00:00\",\"description\":\"Voc\u00ea pode utilizar a localiza\u00e7\u00e3o dos consumidores para construir uma demanda mundial por seus produtos e servi\u00e7os na internet. ..\",\"breadcrumb\":{\"@id\":\"https:\/\/loja.springschool.me\/en\/product\/localizacao-ainda-e-tudo-david-bell\/#breadcrumb\"},\"inLanguage\":\"en-US\",\"potentialAction\":[{\"@type\":\"ReadAction\",\"target\":[\"https:\/\/loja.springschool.me\/en\/product\/localizacao-ainda-e-tudo-david-bell\/\"]}]},{\"@type\":\"BreadcrumbList\",\"@id\":\"https:\/\/loja.springschool.me\/en\/product\/localizacao-ainda-e-tudo-david-bell\/#breadcrumb\",\"itemListElement\":[{\"@type\":\"ListItem\",\"position\":1,\"name\":\"In\u00edcio\",\"item\":\"https:\/\/loja.springschool.me\/\"},{\"@type\":\"ListItem\",\"position\":2,\"name\":\"Shop\",\"item\":\"https:\/\/loja.springschool.me\/shop\/\"},{\"@type\":\"ListItem\",\"position\":3,\"name\":\"Localiza\u00e7\u00e3o (ainda) \u00e9 tudo (David Bell)\"}]},{\"@type\":\"WebSite\",\"@id\":\"https:\/\/loja.springschool.me\/#website\",\"url\":\"https:\/\/loja.springschool.me\/\",\"name\":\"Spring School - Loja Virtual\",\"description\":\"Just another WordPress site\",\"potentialAction\":[{\"@type\":\"SearchAction\",\"target\":{\"@type\":\"EntryPoint\",\"urlTemplate\":\"https:\/\/loja.springschool.me\/?s={search_term_string}\"},\"query-input\":\"required name=search_term_string\"}],\"inLanguage\":\"en-US\"}]}<\/script>\n<!-- \/ Yoast SEO plugin. -->","yoast_head_json":{"title":"Localiza\u00e7\u00e3o (ainda) \u00e9 tudo (David Bell) - Spring School - Loja Virtual","description":"Voc\u00ea pode utilizar a localiza\u00e7\u00e3o dos consumidores para construir uma demanda mundial por seus produtos e servi\u00e7os na internet. ..","robots":{"index":"index","follow":"follow","max-snippet":"max-snippet:-1","max-image-preview":"max-image-preview:large","max-video-preview":"max-video-preview:-1"},"canonical":"https:\/\/loja.springschool.me\/en\/product\/localizacao-ainda-e-tudo-david-bell\/","og_locale":"en_US","og_type":"article","og_title":"Localiza\u00e7\u00e3o (ainda) \u00e9 tudo (David Bell) - Spring School - Loja Virtual","og_description":"Voc\u00ea pode utilizar a localiza\u00e7\u00e3o dos consumidores para construir uma demanda mundial por seus produtos e servi\u00e7os na internet. ..","og_url":"https:\/\/loja.springschool.me\/en\/product\/localizacao-ainda-e-tudo-david-bell\/","og_site_name":"Spring School - Loja Virtual","article_modified_time":"2023-02-03T16:07:02+00:00","og_image":[{"width":1000,"height":1000,"url":"https:\/\/loja.springschool.me\/wp-content\/uploads\/2022\/11\/spring-loja-livro-16-1.jpg","type":"image\/jpeg"}],"twitter_card":"summary_large_image","twitter_misc":{"Est. reading time":"2 minutes"},"schema":{"@context":"https:\/\/schema.org","@graph":[{"@type":"WebPage","@id":"https:\/\/loja.springschool.me\/en\/product\/localizacao-ainda-e-tudo-david-bell\/","url":"https:\/\/loja.springschool.me\/en\/product\/localizacao-ainda-e-tudo-david-bell\/","name":"Localiza\u00e7\u00e3o (ainda) \u00e9 tudo (David Bell) - Spring School - Loja Virtual","isPartOf":{"@id":"https:\/\/loja.springschool.me\/#website"},"datePublished":"2022-11-30T15:16:20+00:00","dateModified":"2023-02-03T16:07:02+00:00","description":"Voc\u00ea pode utilizar a localiza\u00e7\u00e3o dos consumidores para construir uma demanda mundial por seus produtos e servi\u00e7os na internet. ..","breadcrumb":{"@id":"https:\/\/loja.springschool.me\/en\/product\/localizacao-ainda-e-tudo-david-bell\/#breadcrumb"},"inLanguage":"en-US","potentialAction":[{"@type":"ReadAction","target":["https:\/\/loja.springschool.me\/en\/product\/localizacao-ainda-e-tudo-david-bell\/"]}]},{"@type":"BreadcrumbList","@id":"https:\/\/loja.springschool.me\/en\/product\/localizacao-ainda-e-tudo-david-bell\/#breadcrumb","itemListElement":[{"@type":"ListItem","position":1,"name":"In\u00edcio","item":"https:\/\/loja.springschool.me\/"},{"@type":"ListItem","position":2,"name":"Shop","item":"https:\/\/loja.springschool.me\/shop\/"},{"@type":"ListItem","position":3,"name":"Localiza\u00e7\u00e3o (ainda) \u00e9 tudo (David Bell)"}]},{"@type":"WebSite","@id":"https:\/\/loja.springschool.me\/#website","url":"https:\/\/loja.springschool.me\/","name":"Spring School - Loja Virtual","description":"Just another WordPress site","potentialAction":[{"@type":"SearchAction","target":{"@type":"EntryPoint","urlTemplate":"https:\/\/loja.springschool.me\/?s={search_term_string}"},"query-input":"required name=search_term_string"}],"inLanguage":"en-US"}]}},"_links":{"self":[{"href":"https:\/\/loja.springschool.me\/en\/wp-json\/wp\/v2\/product\/532"}],"collection":[{"href":"https:\/\/loja.springschool.me\/en\/wp-json\/wp\/v2\/product"}],"about":[{"href":"https:\/\/loja.springschool.me\/en\/wp-json\/wp\/v2\/types\/product"}],"version-history":[{"count":3,"href":"https:\/\/loja.springschool.me\/en\/wp-json\/wp\/v2\/product\/532\/revisions"}],"predecessor-version":[{"id":1290,"href":"https:\/\/loja.springschool.me\/en\/wp-json\/wp\/v2\/product\/532\/revisions\/1290"}],"wp:featuredmedia":[{"embeddable":true,"href":"https:\/\/loja.springschool.me\/en\/wp-json\/wp\/v2\/media\/593"}],"wp:attachment":[{"href":"https:\/\/loja.springschool.me\/en\/wp-json\/wp\/v2\/media?parent=532"}],"wp:term":[{"taxonomy":"product_cat","embeddable":true,"href":"https:\/\/loja.springschool.me\/en\/wp-json\/wp\/v2\/product_cat?post=532"},{"taxonomy":"product_tag","embeddable":true,"href":"https:\/\/loja.springschool.me\/en\/wp-json\/wp\/v2\/product_tag?post=532"}],"curies":[{"name":"wp","href":"https:\/\/api.w.org\/{rel}","templated":true}]}}