{"id":526,"date":"2022-11-30T15:09:36","date_gmt":"2022-11-30T15:09:36","guid":{"rendered":"https:\/\/loja.springschool.me\/?post_type=product&#038;p=526"},"modified":"2023-02-03T16:04:02","modified_gmt":"2023-02-03T16:04:02","slug":"mais-esperto-que-o-diabo-napoleon-hill","status":"publish","type":"product","link":"https:\/\/loja.springschool.me\/en\/product\/mais-esperto-que-o-diabo-napoleon-hill\/","title":{"rendered":"Outwitting the Devil (Napoleon Hill)"},"content":{"rendered":"<p>In this book, unpublished in Brazil, you will discover, after 75 years of secrecy, through this exclusive interview that Napoleon Hill did, breaking the secret code of the Devil&#039;s mind: Who is the Devil? Where does he live? What are your main mental weapons? Who are the alienated and how do they alienate themselves? How does the Devil influence our everyday lives? How does their dominance influence our attitudes? What is fear? How are our religious leaders and our teachers affected by the Devil? What weapons do we human beings have to fight the Devil&#039;s domination? What is the Devil&#039;s view of sexual energy? How to seek a life full of achievements, valuing happiness and freedom? These questions and many more are answered by the Devil himself, who calls himself &quot;His Majesty&quot; according to Napoleon Hill. Its purpose, written in his own words, is to help human beings discover their real potential, unraveling the mental traps that men and women of this world create for themselves, sabotaging their own freedom and their own right to live a life full of challenges, joy and freedom. Written in 1938, after one of the greatest economic crises, and preceding the Second World War, this book is not only a source of inspiration and courage, but should be considered a handbook for all those people who wish to<\/p>","protected":false},"excerpt":{"rendered":"<p>&quot;Smarter than the Devil&quot; is a revolutionary book by Napoleon Hill that explores the mindset and tactics of the Devil, portrayed as the personification of obstacles and difficulties that prevent human success.<\/p>","protected":false},"featured_media":590,"template":"","meta":[],"product_cat":[20],"product_tag":[],"yoast_head":"<!-- This site is optimized with the Yoast SEO plugin v20.11 - https:\/\/yoast.com\/wordpress\/plugins\/seo\/ -->\n<title>Mais Esperto que o Diabo (Napoleon Hill) - Spring School - Loja Virtual<\/title>\n<meta name=\"description\" content=\"Mais Esperto que o Diabo (Napoleon Hill) - Neste livro, in\u00e9dito no Brasil, voc\u00ea vai descobrir, ap\u00f3s 75 anos de segredo, por meio dessa entrevista exclusiva que Napoleon Hill fez, quebrando o c\u00f3digo secreto da mente do Diabo: Quem \u00e9 o Diabo? Onde ele habita?\" \/>\n<meta name=\"robots\" content=\"index, follow, max-snippet:-1, max-image-preview:large, max-video-preview:-1\" \/>\n<link rel=\"canonical\" href=\"https:\/\/loja.springschool.me\/en\/product\/mais-esperto-que-o-diabo-napoleon-hill\/\" \/>\n<meta property=\"og:locale\" content=\"en_US\" \/>\n<meta property=\"og:type\" content=\"article\" \/>\n<meta property=\"og:title\" content=\"Mais Esperto que o Diabo (Napoleon Hill) - Spring School - Loja Virtual\" \/>\n<meta property=\"og:description\" content=\"Mais Esperto que o Diabo (Napoleon Hill) - Neste livro, in\u00e9dito no Brasil, voc\u00ea vai descobrir, ap\u00f3s 75 anos de segredo, por meio dessa entrevista exclusiva que Napoleon Hill fez, quebrando o c\u00f3digo secreto da mente do Diabo: Quem \u00e9 o Diabo? Onde ele habita?\" \/>\n<meta property=\"og:url\" content=\"https:\/\/loja.springschool.me\/en\/product\/mais-esperto-que-o-diabo-napoleon-hill\/\" \/>\n<meta property=\"og:site_name\" content=\"Spring School - Loja Virtual\" \/>\n<meta property=\"article:modified_time\" content=\"2023-02-03T16:04:02+00:00\" \/>\n<meta property=\"og:image\" content=\"https:\/\/loja.springschool.me\/wp-content\/uploads\/2022\/11\/spring-loja-livro-14-1.jpg\" \/>\n\t<meta property=\"og:image:width\" content=\"1000\" \/>\n\t<meta property=\"og:image:height\" content=\"1000\" \/>\n\t<meta property=\"og:image:type\" content=\"image\/jpeg\" \/>\n<meta name=\"twitter:card\" content=\"summary_large_image\" \/>\n<meta name=\"twitter:label1\" content=\"Est. reading time\" \/>\n\t<meta name=\"twitter:data1\" content=\"2 minutes\" \/>\n<script type=\"application\/ld+json\" class=\"yoast-schema-graph\">{\"@context\":\"https:\/\/schema.org\",\"@graph\":[{\"@type\":\"WebPage\",\"@id\":\"https:\/\/loja.springschool.me\/ja\/product\/mais-esperto-que-o-diabo-napoleon-hill\/\",\"url\":\"https:\/\/loja.springschool.me\/ja\/product\/mais-esperto-que-o-diabo-napoleon-hill\/\",\"name\":\"Mais Esperto que o Diabo (Napoleon Hill) - Spring School - Loja Virtual\",\"isPartOf\":{\"@id\":\"https:\/\/loja.springschool.me\/#website\"},\"datePublished\":\"2022-11-30T15:09:36+00:00\",\"dateModified\":\"2023-02-03T16:04:02+00:00\",\"description\":\"Mais Esperto que o Diabo (Napoleon Hill) - Neste livro, in\u00e9dito no Brasil, voc\u00ea vai descobrir, ap\u00f3s 75 anos de segredo, por meio dessa entrevista exclusiva que Napoleon Hill fez, quebrando o c\u00f3digo secreto da mente do Diabo: Quem \u00e9 o Diabo? Onde ele habita?\",\"breadcrumb\":{\"@id\":\"https:\/\/loja.springschool.me\/ja\/product\/mais-esperto-que-o-diabo-napoleon-hill\/#breadcrumb\"},\"inLanguage\":\"en-US\",\"potentialAction\":[{\"@type\":\"ReadAction\",\"target\":[\"https:\/\/loja.springschool.me\/ja\/product\/mais-esperto-que-o-diabo-napoleon-hill\/\"]}]},{\"@type\":\"BreadcrumbList\",\"@id\":\"https:\/\/loja.springschool.me\/ja\/product\/mais-esperto-que-o-diabo-napoleon-hill\/#breadcrumb\",\"itemListElement\":[{\"@type\":\"ListItem\",\"position\":1,\"name\":\"In\u00edcio\",\"item\":\"https:\/\/loja.springschool.me\/\"},{\"@type\":\"ListItem\",\"position\":2,\"name\":\"Shop\",\"item\":\"https:\/\/loja.springschool.me\/shop\/\"},{\"@type\":\"ListItem\",\"position\":3,\"name\":\"Mais Esperto que o Diabo (Napoleon Hill)\"}]},{\"@type\":\"WebSite\",\"@id\":\"https:\/\/loja.springschool.me\/#website\",\"url\":\"https:\/\/loja.springschool.me\/\",\"name\":\"Spring School - Loja Virtual\",\"description\":\"Just another WordPress site\",\"potentialAction\":[{\"@type\":\"SearchAction\",\"target\":{\"@type\":\"EntryPoint\",\"urlTemplate\":\"https:\/\/loja.springschool.me\/?s={search_term_string}\"},\"query-input\":\"required name=search_term_string\"}],\"inLanguage\":\"en-US\"}]}<\/script>\n<!-- \/ Yoast SEO plugin. -->","yoast_head_json":{"title":"Mais Esperto que o Diabo (Napoleon Hill) - Spring School - Loja Virtual","description":"Mais Esperto que o Diabo (Napoleon Hill) - Neste livro, in\u00e9dito no Brasil, voc\u00ea vai descobrir, ap\u00f3s 75 anos de segredo, por meio dessa entrevista exclusiva que Napoleon Hill fez, quebrando o c\u00f3digo secreto da mente do Diabo: Quem \u00e9 o Diabo? Onde ele habita?","robots":{"index":"index","follow":"follow","max-snippet":"max-snippet:-1","max-image-preview":"max-image-preview:large","max-video-preview":"max-video-preview:-1"},"canonical":"https:\/\/loja.springschool.me\/en\/product\/mais-esperto-que-o-diabo-napoleon-hill\/","og_locale":"en_US","og_type":"article","og_title":"Mais Esperto que o Diabo (Napoleon Hill) - Spring School - Loja Virtual","og_description":"Mais Esperto que o Diabo (Napoleon Hill) - Neste livro, in\u00e9dito no Brasil, voc\u00ea vai descobrir, ap\u00f3s 75 anos de segredo, por meio dessa entrevista exclusiva que Napoleon Hill fez, quebrando o c\u00f3digo secreto da mente do Diabo: Quem \u00e9 o Diabo? Onde ele habita?","og_url":"https:\/\/loja.springschool.me\/en\/product\/mais-esperto-que-o-diabo-napoleon-hill\/","og_site_name":"Spring School - Loja Virtual","article_modified_time":"2023-02-03T16:04:02+00:00","og_image":[{"width":1000,"height":1000,"url":"https:\/\/loja.springschool.me\/wp-content\/uploads\/2022\/11\/spring-loja-livro-14-1.jpg","type":"image\/jpeg"}],"twitter_card":"summary_large_image","twitter_misc":{"Est. reading time":"2 minutes"},"schema":{"@context":"https:\/\/schema.org","@graph":[{"@type":"WebPage","@id":"https:\/\/loja.springschool.me\/ja\/product\/mais-esperto-que-o-diabo-napoleon-hill\/","url":"https:\/\/loja.springschool.me\/ja\/product\/mais-esperto-que-o-diabo-napoleon-hill\/","name":"Mais Esperto que o Diabo (Napoleon Hill) - Spring School - Loja Virtual","isPartOf":{"@id":"https:\/\/loja.springschool.me\/#website"},"datePublished":"2022-11-30T15:09:36+00:00","dateModified":"2023-02-03T16:04:02+00:00","description":"Mais Esperto que o Diabo (Napoleon Hill) - Neste livro, in\u00e9dito no Brasil, voc\u00ea vai descobrir, ap\u00f3s 75 anos de segredo, por meio dessa entrevista exclusiva que Napoleon Hill fez, quebrando o c\u00f3digo secreto da mente do Diabo: Quem \u00e9 o Diabo? Onde ele habita?","breadcrumb":{"@id":"https:\/\/loja.springschool.me\/ja\/product\/mais-esperto-que-o-diabo-napoleon-hill\/#breadcrumb"},"inLanguage":"en-US","potentialAction":[{"@type":"ReadAction","target":["https:\/\/loja.springschool.me\/ja\/product\/mais-esperto-que-o-diabo-napoleon-hill\/"]}]},{"@type":"BreadcrumbList","@id":"https:\/\/loja.springschool.me\/ja\/product\/mais-esperto-que-o-diabo-napoleon-hill\/#breadcrumb","itemListElement":[{"@type":"ListItem","position":1,"name":"In\u00edcio","item":"https:\/\/loja.springschool.me\/"},{"@type":"ListItem","position":2,"name":"Shop","item":"https:\/\/loja.springschool.me\/shop\/"},{"@type":"ListItem","position":3,"name":"Mais Esperto que o Diabo (Napoleon Hill)"}]},{"@type":"WebSite","@id":"https:\/\/loja.springschool.me\/#website","url":"https:\/\/loja.springschool.me\/","name":"Spring School - Loja Virtual","description":"Just another WordPress site","potentialAction":[{"@type":"SearchAction","target":{"@type":"EntryPoint","urlTemplate":"https:\/\/loja.springschool.me\/?s={search_term_string}"},"query-input":"required name=search_term_string"}],"inLanguage":"en-US"}]}},"_links":{"self":[{"href":"https:\/\/loja.springschool.me\/en\/wp-json\/wp\/v2\/product\/526"}],"collection":[{"href":"https:\/\/loja.springschool.me\/en\/wp-json\/wp\/v2\/product"}],"about":[{"href":"https:\/\/loja.springschool.me\/en\/wp-json\/wp\/v2\/types\/product"}],"version-history":[{"count":2,"href":"https:\/\/loja.springschool.me\/en\/wp-json\/wp\/v2\/product\/526\/revisions"}],"predecessor-version":[{"id":1288,"href":"https:\/\/loja.springschool.me\/en\/wp-json\/wp\/v2\/product\/526\/revisions\/1288"}],"wp:featuredmedia":[{"embeddable":true,"href":"https:\/\/loja.springschool.me\/en\/wp-json\/wp\/v2\/media\/590"}],"wp:attachment":[{"href":"https:\/\/loja.springschool.me\/en\/wp-json\/wp\/v2\/media?parent=526"}],"wp:term":[{"taxonomy":"product_cat","embeddable":true,"href":"https:\/\/loja.springschool.me\/en\/wp-json\/wp\/v2\/product_cat?post=526"},{"taxonomy":"product_tag","embeddable":true,"href":"https:\/\/loja.springschool.me\/en\/wp-json\/wp\/v2\/product_tag?post=526"}],"curies":[{"name":"wp","href":"https:\/\/api.w.org\/{rel}","templated":true}]}}