{"id":523,"date":"2022-11-30T15:04:45","date_gmt":"2022-11-30T15:04:45","guid":{"rendered":"https:\/\/loja.springschool.me\/?post_type=product&#038;p=523"},"modified":"2023-02-03T16:02:07","modified_gmt":"2023-02-03T16:02:07","slug":"auto-produtividade-denis-ferreira","status":"publish","type":"product","link":"https:\/\/loja.springschool.me\/en\/product\/auto-produtividade-denis-ferreira\/","title":{"rendered":"Self Productivity (Denis Ferreira)"},"content":{"rendered":"<p>Why do we insist on goals that we know we won&#039;t be able to complete? Why are our goals abandoned and we can&#039;t accomplish what we want? How to turn bad habits into good habits that will take you from failure to success? The answer to all these questions is just one: SELF-PRODUCTIVITY. In this book you will learn how to manage your time, how to create and set concrete goals that can be achieved, how to create goals to achieve these goals and how to develop habits that will forever change the way you achieve your dreams.<\/p>","protected":false},"excerpt":{"rendered":"<p>The book &quot;Self-productivity&quot; addresses the question of why people fail in their goals and how to change this scenario.<\/p>","protected":false},"featured_media":589,"template":"","meta":[],"product_cat":[20],"product_tag":[],"yoast_head":"<!-- This site is optimized with the Yoast SEO plugin v20.11 - https:\/\/yoast.com\/wordpress\/plugins\/seo\/ -->\n<title>Auto Produtividade (Denis Ferreira) - Spring School - Loja Virtual<\/title>\n<meta name=\"description\" content=\"Auto Produtividade (Denis Ferreira) - Por que insistimos em objetivos que sabemos que n\u00e3o conseguiremos completar? Por que nossas metas s\u00e3o abandonadas e n\u00e3o conseguimos realizar aquilo que queremos?\" \/>\n<meta name=\"robots\" content=\"index, follow, max-snippet:-1, max-image-preview:large, max-video-preview:-1\" \/>\n<link rel=\"canonical\" href=\"https:\/\/loja.springschool.me\/en\/product\/auto-produtividade-denis-ferreira\/\" \/>\n<meta property=\"og:locale\" content=\"en_US\" \/>\n<meta property=\"og:type\" content=\"article\" \/>\n<meta property=\"og:title\" content=\"Auto Produtividade (Denis Ferreira) - Spring School - Loja Virtual\" \/>\n<meta property=\"og:description\" content=\"Auto Produtividade (Denis Ferreira) - Por que insistimos em objetivos que sabemos que n\u00e3o conseguiremos completar? Por que nossas metas s\u00e3o abandonadas e n\u00e3o conseguimos realizar aquilo que queremos?\" \/>\n<meta property=\"og:url\" content=\"https:\/\/loja.springschool.me\/en\/product\/auto-produtividade-denis-ferreira\/\" \/>\n<meta property=\"og:site_name\" content=\"Spring School - Loja Virtual\" \/>\n<meta property=\"article:modified_time\" content=\"2023-02-03T16:02:07+00:00\" \/>\n<meta property=\"og:image\" content=\"https:\/\/loja.springschool.me\/wp-content\/uploads\/2022\/11\/spring-loja-livro-13-1.jpg\" \/>\n\t<meta property=\"og:image:width\" content=\"1000\" \/>\n\t<meta property=\"og:image:height\" content=\"1000\" \/>\n\t<meta property=\"og:image:type\" content=\"image\/jpeg\" \/>\n<meta name=\"twitter:card\" content=\"summary_large_image\" \/>\n<meta name=\"twitter:label1\" content=\"Est. reading time\" \/>\n\t<meta name=\"twitter:data1\" content=\"1 minute\" \/>\n<script type=\"application\/ld+json\" class=\"yoast-schema-graph\">{\"@context\":\"https:\/\/schema.org\",\"@graph\":[{\"@type\":\"WebPage\",\"@id\":\"https:\/\/loja.springschool.me\/produto\/auto-produtividade-denis-ferreira\/\",\"url\":\"https:\/\/loja.springschool.me\/produto\/auto-produtividade-denis-ferreira\/\",\"name\":\"Auto Produtividade (Denis Ferreira) - Spring School - Loja Virtual\",\"isPartOf\":{\"@id\":\"https:\/\/loja.springschool.me\/#website\"},\"datePublished\":\"2022-11-30T15:04:45+00:00\",\"dateModified\":\"2023-02-03T16:02:07+00:00\",\"description\":\"Auto Produtividade (Denis Ferreira) - Por que insistimos em objetivos que sabemos que n\u00e3o conseguiremos completar? Por que nossas metas s\u00e3o abandonadas e n\u00e3o conseguimos realizar aquilo que queremos?\",\"breadcrumb\":{\"@id\":\"https:\/\/loja.springschool.me\/produto\/auto-produtividade-denis-ferreira\/#breadcrumb\"},\"inLanguage\":\"en-US\",\"potentialAction\":[{\"@type\":\"ReadAction\",\"target\":[\"https:\/\/loja.springschool.me\/produto\/auto-produtividade-denis-ferreira\/\"]}]},{\"@type\":\"BreadcrumbList\",\"@id\":\"https:\/\/loja.springschool.me\/produto\/auto-produtividade-denis-ferreira\/#breadcrumb\",\"itemListElement\":[{\"@type\":\"ListItem\",\"position\":1,\"name\":\"In\u00edcio\",\"item\":\"https:\/\/loja.springschool.me\/\"},{\"@type\":\"ListItem\",\"position\":2,\"name\":\"Shop\",\"item\":\"https:\/\/loja.springschool.me\/shop\/\"},{\"@type\":\"ListItem\",\"position\":3,\"name\":\"Auto Produtividade (Denis Ferreira)\"}]},{\"@type\":\"WebSite\",\"@id\":\"https:\/\/loja.springschool.me\/#website\",\"url\":\"https:\/\/loja.springschool.me\/\",\"name\":\"Spring School - Loja Virtual\",\"description\":\"Just another WordPress site\",\"potentialAction\":[{\"@type\":\"SearchAction\",\"target\":{\"@type\":\"EntryPoint\",\"urlTemplate\":\"https:\/\/loja.springschool.me\/?s={search_term_string}\"},\"query-input\":\"required name=search_term_string\"}],\"inLanguage\":\"en-US\"}]}<\/script>\n<!-- \/ Yoast SEO plugin. -->","yoast_head_json":{"title":"Auto Produtividade (Denis Ferreira) - Spring School - Loja Virtual","description":"Auto Produtividade (Denis Ferreira) - Por que insistimos em objetivos que sabemos que n\u00e3o conseguiremos completar? Por que nossas metas s\u00e3o abandonadas e n\u00e3o conseguimos realizar aquilo que queremos?","robots":{"index":"index","follow":"follow","max-snippet":"max-snippet:-1","max-image-preview":"max-image-preview:large","max-video-preview":"max-video-preview:-1"},"canonical":"https:\/\/loja.springschool.me\/en\/product\/auto-produtividade-denis-ferreira\/","og_locale":"en_US","og_type":"article","og_title":"Auto Produtividade (Denis Ferreira) - Spring School - Loja Virtual","og_description":"Auto Produtividade (Denis Ferreira) - Por que insistimos em objetivos que sabemos que n\u00e3o conseguiremos completar? Por que nossas metas s\u00e3o abandonadas e n\u00e3o conseguimos realizar aquilo que queremos?","og_url":"https:\/\/loja.springschool.me\/en\/product\/auto-produtividade-denis-ferreira\/","og_site_name":"Spring School - Loja Virtual","article_modified_time":"2023-02-03T16:02:07+00:00","og_image":[{"width":1000,"height":1000,"url":"https:\/\/loja.springschool.me\/wp-content\/uploads\/2022\/11\/spring-loja-livro-13-1.jpg","type":"image\/jpeg"}],"twitter_card":"summary_large_image","twitter_misc":{"Est. reading time":"1 minute"},"schema":{"@context":"https:\/\/schema.org","@graph":[{"@type":"WebPage","@id":"https:\/\/loja.springschool.me\/produto\/auto-produtividade-denis-ferreira\/","url":"https:\/\/loja.springschool.me\/produto\/auto-produtividade-denis-ferreira\/","name":"Auto Produtividade (Denis Ferreira) - Spring School - Loja Virtual","isPartOf":{"@id":"https:\/\/loja.springschool.me\/#website"},"datePublished":"2022-11-30T15:04:45+00:00","dateModified":"2023-02-03T16:02:07+00:00","description":"Auto Produtividade (Denis Ferreira) - Por que insistimos em objetivos que sabemos que n\u00e3o conseguiremos completar? Por que nossas metas s\u00e3o abandonadas e n\u00e3o conseguimos realizar aquilo que queremos?","breadcrumb":{"@id":"https:\/\/loja.springschool.me\/produto\/auto-produtividade-denis-ferreira\/#breadcrumb"},"inLanguage":"en-US","potentialAction":[{"@type":"ReadAction","target":["https:\/\/loja.springschool.me\/produto\/auto-produtividade-denis-ferreira\/"]}]},{"@type":"BreadcrumbList","@id":"https:\/\/loja.springschool.me\/produto\/auto-produtividade-denis-ferreira\/#breadcrumb","itemListElement":[{"@type":"ListItem","position":1,"name":"In\u00edcio","item":"https:\/\/loja.springschool.me\/"},{"@type":"ListItem","position":2,"name":"Shop","item":"https:\/\/loja.springschool.me\/shop\/"},{"@type":"ListItem","position":3,"name":"Auto Produtividade (Denis Ferreira)"}]},{"@type":"WebSite","@id":"https:\/\/loja.springschool.me\/#website","url":"https:\/\/loja.springschool.me\/","name":"Spring School - Loja Virtual","description":"Just another WordPress site","potentialAction":[{"@type":"SearchAction","target":{"@type":"EntryPoint","urlTemplate":"https:\/\/loja.springschool.me\/?s={search_term_string}"},"query-input":"required name=search_term_string"}],"inLanguage":"en-US"}]}},"_links":{"self":[{"href":"https:\/\/loja.springschool.me\/en\/wp-json\/wp\/v2\/product\/523"}],"collection":[{"href":"https:\/\/loja.springschool.me\/en\/wp-json\/wp\/v2\/product"}],"about":[{"href":"https:\/\/loja.springschool.me\/en\/wp-json\/wp\/v2\/types\/product"}],"version-history":[{"count":2,"href":"https:\/\/loja.springschool.me\/en\/wp-json\/wp\/v2\/product\/523\/revisions"}],"predecessor-version":[{"id":1287,"href":"https:\/\/loja.springschool.me\/en\/wp-json\/wp\/v2\/product\/523\/revisions\/1287"}],"wp:featuredmedia":[{"embeddable":true,"href":"https:\/\/loja.springschool.me\/en\/wp-json\/wp\/v2\/media\/589"}],"wp:attachment":[{"href":"https:\/\/loja.springschool.me\/en\/wp-json\/wp\/v2\/media?parent=523"}],"wp:term":[{"taxonomy":"product_cat","embeddable":true,"href":"https:\/\/loja.springschool.me\/en\/wp-json\/wp\/v2\/product_cat?post=523"},{"taxonomy":"product_tag","embeddable":true,"href":"https:\/\/loja.springschool.me\/en\/wp-json\/wp\/v2\/product_tag?post=523"}],"curies":[{"name":"wp","href":"https:\/\/api.w.org\/{rel}","templated":true}]}}