{"id":517,"date":"2022-11-30T14:45:03","date_gmt":"2022-11-30T14:45:03","guid":{"rendered":"https:\/\/loja.springschool.me\/?post_type=product&#038;p=517"},"modified":"2023-02-03T15:57:52","modified_gmt":"2023-02-03T15:57:52","slug":"estupida-eu-camila-coutinho","status":"publish","type":"product","link":"https:\/\/loja.springschool.me\/en\/product\/estupida-eu-camila-coutinho\/","title":{"rendered":"Stupid, me? (Camila Coutinho)"},"content":{"rendered":"<p>Camila Coutinho is a phenomenon. Creator of one of the most influential fashion blogs in the world, Garotas Est\u00fapidas, today she has millions of followers on social networks, partnerships with major global brands, a range of licensed products, prints on magazine covers and is a guaranteed presence in the front row of all the most important fashion weeks.<\/p>\n<p>Fashion designer by training and entrepreneur by destiny, Camila had the idea of creating the blog during a sleepless night to exchange information with her friends at a time when creative content on the internet was still in its infancy. Ten years later, she shares it in Stupid, Me? what he did to transform \u2015 with a lot of intelligence and flexibility \u2015 what was just a hobby into a big business, in addition to sharing his ideas about what we can expect from the future of fashion in an increasingly connected world.<\/p>\n<p>In 2015, Camila Coutinho was chosen by Forbes as one of the thirty most influential young Brazilians under the age of thirty, and, in 2017, she joined the Business of Fashion list, which annually selects the five hundred most important names in the market, accumulating prestige. and millions of followers.<\/p>\n<p>Camila Coutinho is today one of the most respected and innovative digital influencers in the fashion universe. Garotas Est\u00fapidas, the first fashion blog in Brazil, was created by her in 2006 and four years later, it was already listed among the 99 most influential blogs in the world by the Signature9 website.<\/p>","protected":false},"excerpt":{"rendered":"<p>Camila Coutinho, in this book, shares her journey of turning a hobby into a big business. Camila is one of the most respected and innovative digital influencers in the fashion world.<\/p>","protected":false},"featured_media":587,"template":"","meta":[],"product_cat":[20],"product_tag":[],"yoast_head":"<!-- This site is optimized with the Yoast SEO plugin v20.11 - https:\/\/yoast.com\/wordpress\/plugins\/seo\/ -->\n<title>Est\u00fapida, eu? (Camila Coutinho) - Spring School - Loja Virtual<\/title>\n<meta name=\"description\" content=\"Camila Coutinho \u00e9 um fen\u00f4meno. Criadora de um dos blogs de moda mais influentes do mundo, o Garotas Est\u00fapidas, hoje ela tem milh\u00f5es de seguidores nas...\" \/>\n<meta name=\"robots\" content=\"index, follow, max-snippet:-1, max-image-preview:large, max-video-preview:-1\" \/>\n<link rel=\"canonical\" href=\"https:\/\/loja.springschool.me\/en\/product\/estupida-eu-camila-coutinho\/\" \/>\n<meta property=\"og:locale\" content=\"en_US\" \/>\n<meta property=\"og:type\" content=\"article\" \/>\n<meta property=\"og:title\" content=\"Est\u00fapida, eu? (Camila Coutinho) - Spring School - Loja Virtual\" \/>\n<meta property=\"og:description\" content=\"Camila Coutinho \u00e9 um fen\u00f4meno. Criadora de um dos blogs de moda mais influentes do mundo, o Garotas Est\u00fapidas, hoje ela tem milh\u00f5es de seguidores nas...\" \/>\n<meta property=\"og:url\" content=\"https:\/\/loja.springschool.me\/en\/product\/estupida-eu-camila-coutinho\/\" \/>\n<meta property=\"og:site_name\" content=\"Spring School - Loja Virtual\" \/>\n<meta property=\"article:modified_time\" content=\"2023-02-03T15:57:52+00:00\" \/>\n<meta property=\"og:image\" content=\"https:\/\/loja.springschool.me\/wp-content\/uploads\/2022\/11\/spring-loja-livro-11-1.jpg\" \/>\n\t<meta property=\"og:image:width\" content=\"1000\" \/>\n\t<meta property=\"og:image:height\" content=\"1000\" \/>\n\t<meta property=\"og:image:type\" content=\"image\/jpeg\" \/>\n<meta name=\"twitter:card\" content=\"summary_large_image\" \/>\n<meta name=\"twitter:label1\" content=\"Est. reading time\" \/>\n\t<meta name=\"twitter:data1\" content=\"2 minutes\" \/>\n<script type=\"application\/ld+json\" class=\"yoast-schema-graph\">{\"@context\":\"https:\/\/schema.org\",\"@graph\":[{\"@type\":\"WebPage\",\"@id\":\"https:\/\/loja.springschool.me\/produto\/estupida-eu-camila-coutinho\/\",\"url\":\"https:\/\/loja.springschool.me\/produto\/estupida-eu-camila-coutinho\/\",\"name\":\"Est\u00fapida, eu? (Camila Coutinho) - Spring School - Loja Virtual\",\"isPartOf\":{\"@id\":\"https:\/\/loja.springschool.me\/#website\"},\"datePublished\":\"2022-11-30T14:45:03+00:00\",\"dateModified\":\"2023-02-03T15:57:52+00:00\",\"description\":\"Camila Coutinho \u00e9 um fen\u00f4meno. Criadora de um dos blogs de moda mais influentes do mundo, o Garotas Est\u00fapidas, hoje ela tem milh\u00f5es de seguidores nas...\",\"breadcrumb\":{\"@id\":\"https:\/\/loja.springschool.me\/produto\/estupida-eu-camila-coutinho\/#breadcrumb\"},\"inLanguage\":\"en-US\",\"potentialAction\":[{\"@type\":\"ReadAction\",\"target\":[\"https:\/\/loja.springschool.me\/produto\/estupida-eu-camila-coutinho\/\"]}]},{\"@type\":\"BreadcrumbList\",\"@id\":\"https:\/\/loja.springschool.me\/produto\/estupida-eu-camila-coutinho\/#breadcrumb\",\"itemListElement\":[{\"@type\":\"ListItem\",\"position\":1,\"name\":\"In\u00edcio\",\"item\":\"https:\/\/loja.springschool.me\/\"},{\"@type\":\"ListItem\",\"position\":2,\"name\":\"Shop\",\"item\":\"https:\/\/loja.springschool.me\/shop\/\"},{\"@type\":\"ListItem\",\"position\":3,\"name\":\"Est\u00fapida, eu? (Camila Coutinho)\"}]},{\"@type\":\"WebSite\",\"@id\":\"https:\/\/loja.springschool.me\/#website\",\"url\":\"https:\/\/loja.springschool.me\/\",\"name\":\"Spring School - Loja Virtual\",\"description\":\"Just another WordPress site\",\"potentialAction\":[{\"@type\":\"SearchAction\",\"target\":{\"@type\":\"EntryPoint\",\"urlTemplate\":\"https:\/\/loja.springschool.me\/?s={search_term_string}\"},\"query-input\":\"required name=search_term_string\"}],\"inLanguage\":\"en-US\"}]}<\/script>\n<!-- \/ Yoast SEO plugin. -->","yoast_head_json":{"title":"Est\u00fapida, eu? (Camila Coutinho) - Spring School - Loja Virtual","description":"Camila Coutinho \u00e9 um fen\u00f4meno. Criadora de um dos blogs de moda mais influentes do mundo, o Garotas Est\u00fapidas, hoje ela tem milh\u00f5es de seguidores nas...","robots":{"index":"index","follow":"follow","max-snippet":"max-snippet:-1","max-image-preview":"max-image-preview:large","max-video-preview":"max-video-preview:-1"},"canonical":"https:\/\/loja.springschool.me\/en\/product\/estupida-eu-camila-coutinho\/","og_locale":"en_US","og_type":"article","og_title":"Est\u00fapida, eu? (Camila Coutinho) - Spring School - Loja Virtual","og_description":"Camila Coutinho \u00e9 um fen\u00f4meno. Criadora de um dos blogs de moda mais influentes do mundo, o Garotas Est\u00fapidas, hoje ela tem milh\u00f5es de seguidores nas...","og_url":"https:\/\/loja.springschool.me\/en\/product\/estupida-eu-camila-coutinho\/","og_site_name":"Spring School - Loja Virtual","article_modified_time":"2023-02-03T15:57:52+00:00","og_image":[{"width":1000,"height":1000,"url":"https:\/\/loja.springschool.me\/wp-content\/uploads\/2022\/11\/spring-loja-livro-11-1.jpg","type":"image\/jpeg"}],"twitter_card":"summary_large_image","twitter_misc":{"Est. reading time":"2 minutes"},"schema":{"@context":"https:\/\/schema.org","@graph":[{"@type":"WebPage","@id":"https:\/\/loja.springschool.me\/produto\/estupida-eu-camila-coutinho\/","url":"https:\/\/loja.springschool.me\/produto\/estupida-eu-camila-coutinho\/","name":"Est\u00fapida, eu? (Camila Coutinho) - Spring School - Loja Virtual","isPartOf":{"@id":"https:\/\/loja.springschool.me\/#website"},"datePublished":"2022-11-30T14:45:03+00:00","dateModified":"2023-02-03T15:57:52+00:00","description":"Camila Coutinho \u00e9 um fen\u00f4meno. Criadora de um dos blogs de moda mais influentes do mundo, o Garotas Est\u00fapidas, hoje ela tem milh\u00f5es de seguidores nas...","breadcrumb":{"@id":"https:\/\/loja.springschool.me\/produto\/estupida-eu-camila-coutinho\/#breadcrumb"},"inLanguage":"en-US","potentialAction":[{"@type":"ReadAction","target":["https:\/\/loja.springschool.me\/produto\/estupida-eu-camila-coutinho\/"]}]},{"@type":"BreadcrumbList","@id":"https:\/\/loja.springschool.me\/produto\/estupida-eu-camila-coutinho\/#breadcrumb","itemListElement":[{"@type":"ListItem","position":1,"name":"In\u00edcio","item":"https:\/\/loja.springschool.me\/"},{"@type":"ListItem","position":2,"name":"Shop","item":"https:\/\/loja.springschool.me\/shop\/"},{"@type":"ListItem","position":3,"name":"Est\u00fapida, eu? (Camila Coutinho)"}]},{"@type":"WebSite","@id":"https:\/\/loja.springschool.me\/#website","url":"https:\/\/loja.springschool.me\/","name":"Spring School - Loja Virtual","description":"Just another WordPress site","potentialAction":[{"@type":"SearchAction","target":{"@type":"EntryPoint","urlTemplate":"https:\/\/loja.springschool.me\/?s={search_term_string}"},"query-input":"required name=search_term_string"}],"inLanguage":"en-US"}]}},"_links":{"self":[{"href":"https:\/\/loja.springschool.me\/en\/wp-json\/wp\/v2\/product\/517"}],"collection":[{"href":"https:\/\/loja.springschool.me\/en\/wp-json\/wp\/v2\/product"}],"about":[{"href":"https:\/\/loja.springschool.me\/en\/wp-json\/wp\/v2\/types\/product"}],"version-history":[{"count":2,"href":"https:\/\/loja.springschool.me\/en\/wp-json\/wp\/v2\/product\/517\/revisions"}],"predecessor-version":[{"id":1285,"href":"https:\/\/loja.springschool.me\/en\/wp-json\/wp\/v2\/product\/517\/revisions\/1285"}],"wp:featuredmedia":[{"embeddable":true,"href":"https:\/\/loja.springschool.me\/en\/wp-json\/wp\/v2\/media\/587"}],"wp:attachment":[{"href":"https:\/\/loja.springschool.me\/en\/wp-json\/wp\/v2\/media?parent=517"}],"wp:term":[{"taxonomy":"product_cat","embeddable":true,"href":"https:\/\/loja.springschool.me\/en\/wp-json\/wp\/v2\/product_cat?post=517"},{"taxonomy":"product_tag","embeddable":true,"href":"https:\/\/loja.springschool.me\/en\/wp-json\/wp\/v2\/product_tag?post=517"}],"curies":[{"name":"wp","href":"https:\/\/api.w.org\/{rel}","templated":true}]}}