{"id":514,"date":"2022-11-30T14:40:02","date_gmt":"2022-11-30T14:40:02","guid":{"rendered":"https:\/\/loja.springschool.me\/?post_type=product&#038;p=514"},"modified":"2023-02-03T15:56:23","modified_gmt":"2023-02-03T15:56:23","slug":"quem-mexeu-no-meu-dinheiro-robert-kiyosaki","status":"publish","type":"product","link":"https:\/\/loja.springschool.me\/en\/product\/quem-mexeu-no-meu-dinheiro-robert-kiyosaki\/","title":{"rendered":"Who Touched My Money? (Robert Kiyosaki)"},"content":{"rendered":"<p>The Rich Dad Guide - Who Handled My Money? \u2013 Revised and Updated Edition kiyosaki, robert t. alta books 9788550801018 portugues NBR31 This book is for people who want to exercise greater control over their money and obtain returns superior to those earned by the average investor. It won&#039;t say exactly what to do, because what you will do to get rich and how you will do it is up to you. However, this book will help you understand why some investors achieve much higher-than-average returns with less risk and in much less time. Ninety percent of investors fit the average and need to continue investing in mutual funds and retirement plans. The information in this book is intended for 10%s who want to become professional investors and accelerate the growth of their investment portfolios.<\/p>","protected":false},"excerpt":{"rendered":"<p>This book helps people gain more control over their money and earn returns greater than the average investor by understanding why some investors achieve better results with less risk and time.<\/p>","protected":false},"featured_media":585,"template":"","meta":[],"product_cat":[20],"product_tag":[],"yoast_head":"<!-- This site is optimized with the Yoast SEO plugin v20.11 - https:\/\/yoast.com\/wordpress\/plugins\/seo\/ -->\n<title>Quem mexeu no meu Dinheiro? (Robert Kiyosaki) - Spring School - Loja Virtual<\/title>\n<meta name=\"description\" content=\"Quem mexeu no meu Dinheiro? (Robert Kiyosaki) - O Guia do Pai Rico - Quem Mexeu no Meu Dinheiro? - Edi\u00e7\u00e3o Revista e Atualizada kiyosaki, robert t. alta books 9788550801018 portugues NBR31 Este livro \u00e9 para as pessoas que querem exercer maior controle sobre seu dinheiro e obter retornos superiores \u00e0queles auferidos pelo investidor m\u00e9dio.\" \/>\n<meta name=\"robots\" content=\"index, follow, max-snippet:-1, max-image-preview:large, max-video-preview:-1\" \/>\n<link rel=\"canonical\" href=\"https:\/\/loja.springschool.me\/en\/product\/quem-mexeu-no-meu-dinheiro-robert-kiyosaki\/\" \/>\n<meta property=\"og:locale\" content=\"en_US\" \/>\n<meta property=\"og:type\" content=\"article\" \/>\n<meta property=\"og:title\" content=\"Quem mexeu no meu Dinheiro? (Robert Kiyosaki) - Spring School - Loja Virtual\" \/>\n<meta property=\"og:description\" content=\"Quem mexeu no meu Dinheiro? (Robert Kiyosaki) - O Guia do Pai Rico - Quem Mexeu no Meu Dinheiro? - Edi\u00e7\u00e3o Revista e Atualizada kiyosaki, robert t. alta books 9788550801018 portugues NBR31 Este livro \u00e9 para as pessoas que querem exercer maior controle sobre seu dinheiro e obter retornos superiores \u00e0queles auferidos pelo investidor m\u00e9dio.\" \/>\n<meta property=\"og:url\" content=\"https:\/\/loja.springschool.me\/en\/product\/quem-mexeu-no-meu-dinheiro-robert-kiyosaki\/\" \/>\n<meta property=\"og:site_name\" content=\"Spring School - Loja Virtual\" \/>\n<meta property=\"article:modified_time\" content=\"2023-02-03T15:56:23+00:00\" \/>\n<meta property=\"og:image\" content=\"https:\/\/loja.springschool.me\/wp-content\/uploads\/2022\/11\/spring-loja-livro-10-1.jpg\" \/>\n\t<meta property=\"og:image:width\" content=\"1000\" \/>\n\t<meta property=\"og:image:height\" content=\"1000\" \/>\n\t<meta property=\"og:image:type\" content=\"image\/jpeg\" \/>\n<meta name=\"twitter:card\" content=\"summary_large_image\" \/>\n<meta name=\"twitter:label1\" content=\"Est. reading time\" \/>\n\t<meta name=\"twitter:data1\" content=\"1 minute\" \/>\n<script type=\"application\/ld+json\" class=\"yoast-schema-graph\">{\"@context\":\"https:\/\/schema.org\",\"@graph\":[{\"@type\":\"WebPage\",\"@id\":\"https:\/\/loja.springschool.me\/produto\/quem-mexeu-no-meu-dinheiro-robert-kiyosaki\/\",\"url\":\"https:\/\/loja.springschool.me\/produto\/quem-mexeu-no-meu-dinheiro-robert-kiyosaki\/\",\"name\":\"Quem mexeu no meu Dinheiro? (Robert Kiyosaki) - Spring School - Loja Virtual\",\"isPartOf\":{\"@id\":\"https:\/\/loja.springschool.me\/#website\"},\"datePublished\":\"2022-11-30T14:40:02+00:00\",\"dateModified\":\"2023-02-03T15:56:23+00:00\",\"description\":\"Quem mexeu no meu Dinheiro? (Robert Kiyosaki) - O Guia do Pai Rico - Quem Mexeu no Meu Dinheiro? - Edi\u00e7\u00e3o Revista e Atualizada kiyosaki, robert t. alta books 9788550801018 portugues NBR31 Este livro \u00e9 para as pessoas que querem exercer maior controle sobre seu dinheiro e obter retornos superiores \u00e0queles auferidos pelo investidor m\u00e9dio.\",\"breadcrumb\":{\"@id\":\"https:\/\/loja.springschool.me\/produto\/quem-mexeu-no-meu-dinheiro-robert-kiyosaki\/#breadcrumb\"},\"inLanguage\":\"en-US\",\"potentialAction\":[{\"@type\":\"ReadAction\",\"target\":[\"https:\/\/loja.springschool.me\/produto\/quem-mexeu-no-meu-dinheiro-robert-kiyosaki\/\"]}]},{\"@type\":\"BreadcrumbList\",\"@id\":\"https:\/\/loja.springschool.me\/produto\/quem-mexeu-no-meu-dinheiro-robert-kiyosaki\/#breadcrumb\",\"itemListElement\":[{\"@type\":\"ListItem\",\"position\":1,\"name\":\"In\u00edcio\",\"item\":\"https:\/\/loja.springschool.me\/\"},{\"@type\":\"ListItem\",\"position\":2,\"name\":\"Shop\",\"item\":\"https:\/\/loja.springschool.me\/shop\/\"},{\"@type\":\"ListItem\",\"position\":3,\"name\":\"Quem mexeu no meu Dinheiro? (Robert Kiyosaki)\"}]},{\"@type\":\"WebSite\",\"@id\":\"https:\/\/loja.springschool.me\/#website\",\"url\":\"https:\/\/loja.springschool.me\/\",\"name\":\"Spring School - Loja Virtual\",\"description\":\"Just another WordPress site\",\"potentialAction\":[{\"@type\":\"SearchAction\",\"target\":{\"@type\":\"EntryPoint\",\"urlTemplate\":\"https:\/\/loja.springschool.me\/?s={search_term_string}\"},\"query-input\":\"required name=search_term_string\"}],\"inLanguage\":\"en-US\"}]}<\/script>\n<!-- \/ Yoast SEO plugin. -->","yoast_head_json":{"title":"Quem mexeu no meu Dinheiro? (Robert Kiyosaki) - Spring School - Loja Virtual","description":"Quem mexeu no meu Dinheiro? (Robert Kiyosaki) - O Guia do Pai Rico - Quem Mexeu no Meu Dinheiro? - Edi\u00e7\u00e3o Revista e Atualizada kiyosaki, robert t. alta books 9788550801018 portugues NBR31 Este livro \u00e9 para as pessoas que querem exercer maior controle sobre seu dinheiro e obter retornos superiores \u00e0queles auferidos pelo investidor m\u00e9dio.","robots":{"index":"index","follow":"follow","max-snippet":"max-snippet:-1","max-image-preview":"max-image-preview:large","max-video-preview":"max-video-preview:-1"},"canonical":"https:\/\/loja.springschool.me\/en\/product\/quem-mexeu-no-meu-dinheiro-robert-kiyosaki\/","og_locale":"en_US","og_type":"article","og_title":"Quem mexeu no meu Dinheiro? (Robert Kiyosaki) - Spring School - Loja Virtual","og_description":"Quem mexeu no meu Dinheiro? (Robert Kiyosaki) - O Guia do Pai Rico - Quem Mexeu no Meu Dinheiro? - Edi\u00e7\u00e3o Revista e Atualizada kiyosaki, robert t. alta books 9788550801018 portugues NBR31 Este livro \u00e9 para as pessoas que querem exercer maior controle sobre seu dinheiro e obter retornos superiores \u00e0queles auferidos pelo investidor m\u00e9dio.","og_url":"https:\/\/loja.springschool.me\/en\/product\/quem-mexeu-no-meu-dinheiro-robert-kiyosaki\/","og_site_name":"Spring School - Loja Virtual","article_modified_time":"2023-02-03T15:56:23+00:00","og_image":[{"width":1000,"height":1000,"url":"https:\/\/loja.springschool.me\/wp-content\/uploads\/2022\/11\/spring-loja-livro-10-1.jpg","type":"image\/jpeg"}],"twitter_card":"summary_large_image","twitter_misc":{"Est. reading time":"1 minute"},"schema":{"@context":"https:\/\/schema.org","@graph":[{"@type":"WebPage","@id":"https:\/\/loja.springschool.me\/produto\/quem-mexeu-no-meu-dinheiro-robert-kiyosaki\/","url":"https:\/\/loja.springschool.me\/produto\/quem-mexeu-no-meu-dinheiro-robert-kiyosaki\/","name":"Quem mexeu no meu Dinheiro? (Robert Kiyosaki) - Spring School - Loja Virtual","isPartOf":{"@id":"https:\/\/loja.springschool.me\/#website"},"datePublished":"2022-11-30T14:40:02+00:00","dateModified":"2023-02-03T15:56:23+00:00","description":"Quem mexeu no meu Dinheiro? (Robert Kiyosaki) - O Guia do Pai Rico - Quem Mexeu no Meu Dinheiro? - Edi\u00e7\u00e3o Revista e Atualizada kiyosaki, robert t. alta books 9788550801018 portugues NBR31 Este livro \u00e9 para as pessoas que querem exercer maior controle sobre seu dinheiro e obter retornos superiores \u00e0queles auferidos pelo investidor m\u00e9dio.","breadcrumb":{"@id":"https:\/\/loja.springschool.me\/produto\/quem-mexeu-no-meu-dinheiro-robert-kiyosaki\/#breadcrumb"},"inLanguage":"en-US","potentialAction":[{"@type":"ReadAction","target":["https:\/\/loja.springschool.me\/produto\/quem-mexeu-no-meu-dinheiro-robert-kiyosaki\/"]}]},{"@type":"BreadcrumbList","@id":"https:\/\/loja.springschool.me\/produto\/quem-mexeu-no-meu-dinheiro-robert-kiyosaki\/#breadcrumb","itemListElement":[{"@type":"ListItem","position":1,"name":"In\u00edcio","item":"https:\/\/loja.springschool.me\/"},{"@type":"ListItem","position":2,"name":"Shop","item":"https:\/\/loja.springschool.me\/shop\/"},{"@type":"ListItem","position":3,"name":"Quem mexeu no meu Dinheiro? (Robert Kiyosaki)"}]},{"@type":"WebSite","@id":"https:\/\/loja.springschool.me\/#website","url":"https:\/\/loja.springschool.me\/","name":"Spring School - Loja Virtual","description":"Just another WordPress site","potentialAction":[{"@type":"SearchAction","target":{"@type":"EntryPoint","urlTemplate":"https:\/\/loja.springschool.me\/?s={search_term_string}"},"query-input":"required name=search_term_string"}],"inLanguage":"en-US"}]}},"_links":{"self":[{"href":"https:\/\/loja.springschool.me\/en\/wp-json\/wp\/v2\/product\/514"}],"collection":[{"href":"https:\/\/loja.springschool.me\/en\/wp-json\/wp\/v2\/product"}],"about":[{"href":"https:\/\/loja.springschool.me\/en\/wp-json\/wp\/v2\/types\/product"}],"version-history":[{"count":2,"href":"https:\/\/loja.springschool.me\/en\/wp-json\/wp\/v2\/product\/514\/revisions"}],"predecessor-version":[{"id":1284,"href":"https:\/\/loja.springschool.me\/en\/wp-json\/wp\/v2\/product\/514\/revisions\/1284"}],"wp:featuredmedia":[{"embeddable":true,"href":"https:\/\/loja.springschool.me\/en\/wp-json\/wp\/v2\/media\/585"}],"wp:attachment":[{"href":"https:\/\/loja.springschool.me\/en\/wp-json\/wp\/v2\/media?parent=514"}],"wp:term":[{"taxonomy":"product_cat","embeddable":true,"href":"https:\/\/loja.springschool.me\/en\/wp-json\/wp\/v2\/product_cat?post=514"},{"taxonomy":"product_tag","embeddable":true,"href":"https:\/\/loja.springschool.me\/en\/wp-json\/wp\/v2\/product_tag?post=514"}],"curies":[{"name":"wp","href":"https:\/\/api.w.org\/{rel}","templated":true}]}}