{"id":511,"date":"2022-11-30T14:36:59","date_gmt":"2022-11-30T14:36:59","guid":{"rendered":"https:\/\/loja.springschool.me\/?post_type=product&#038;p=511"},"modified":"2023-02-03T15:55:33","modified_gmt":"2023-02-03T15:55:33","slug":"descubra-o-seu-destino-thiago-brunet","status":"publish","type":"product","link":"https:\/\/loja.springschool.me\/en\/product\/descubra-o-seu-destino-thiago-brunet\/","title":{"rendered":"Discover Your Destiny (Thiago Brunet)"},"content":{"rendered":"<p>Where do you want to be in 10 years?<br \/>\nWho do you need to forgive today to live, in 10 years, the answer to the question above?<br \/>\nWhat&#039;s stopping you from starting over this week, even in the face of the crisis?<br \/>\nIs your current lifestyle consistent with your future plans?<br \/>\nBeing responsible for your destiny is the greatest gift anyone can receive, but it can also be your main problem.<br \/>\nTiago Brunet, from his experience as a coach, presents in this book tools for you to reach your goals once and for all. It doesn&#039;t matter how big your goal is. The idea is that it is possible to achieve it. No shortcuts, no confusion, but with focus, objectivity and motivation. The first step is to find out where you are. The next one is to run to the target.<\/p>","protected":false},"excerpt":{"rendered":"<p>Tiago Brunet, coach, presents tools to reach personal goals, based on his experience.<\/p>","protected":false},"featured_media":584,"template":"","meta":[],"product_cat":[20],"product_tag":[],"yoast_head":"<!-- This site is optimized with the Yoast SEO plugin v20.11 - https:\/\/yoast.com\/wordpress\/plugins\/seo\/ -->\n<title>Descubra o seu Destino (Thiago Brunet) - Spring School - Loja Virtual<\/title>\n<meta name=\"description\" content=\"Descubra o seu Destino (Thiago Brunet) - Onde voc\u00ea deseja estar daqui a 10 anos?Quem voc\u00ea precisa perdoar hoje para viver, em 10 anos, a resposta da pergunta acima?O que te impede de recome\u00e7ar essa semana, mesmo diante da crise?Seu estilo de vida atual \u00e9 coerente com seus planos futuros?\" \/>\n<meta name=\"robots\" content=\"index, follow, max-snippet:-1, max-image-preview:large, max-video-preview:-1\" \/>\n<link rel=\"canonical\" href=\"https:\/\/loja.springschool.me\/en\/product\/descubra-o-seu-destino-thiago-brunet\/\" \/>\n<meta property=\"og:locale\" content=\"en_US\" \/>\n<meta property=\"og:type\" content=\"article\" \/>\n<meta property=\"og:title\" content=\"Descubra o seu Destino (Thiago Brunet) - Spring School - Loja Virtual\" \/>\n<meta property=\"og:description\" content=\"Descubra o seu Destino (Thiago Brunet) - Onde voc\u00ea deseja estar daqui a 10 anos?Quem voc\u00ea precisa perdoar hoje para viver, em 10 anos, a resposta da pergunta acima?O que te impede de recome\u00e7ar essa semana, mesmo diante da crise?Seu estilo de vida atual \u00e9 coerente com seus planos futuros?\" \/>\n<meta property=\"og:url\" content=\"https:\/\/loja.springschool.me\/en\/product\/descubra-o-seu-destino-thiago-brunet\/\" \/>\n<meta property=\"og:site_name\" content=\"Spring School - Loja Virtual\" \/>\n<meta property=\"article:modified_time\" content=\"2023-02-03T15:55:33+00:00\" \/>\n<meta property=\"og:image\" content=\"https:\/\/loja.springschool.me\/wp-content\/uploads\/2022\/11\/spring-loja-livro-09-1.jpg\" \/>\n\t<meta property=\"og:image:width\" content=\"1000\" \/>\n\t<meta property=\"og:image:height\" content=\"1000\" \/>\n\t<meta property=\"og:image:type\" content=\"image\/jpeg\" \/>\n<meta name=\"twitter:card\" content=\"summary_large_image\" \/>\n<meta name=\"twitter:label1\" content=\"Est. reading time\" \/>\n\t<meta name=\"twitter:data1\" content=\"1 minute\" \/>\n<script type=\"application\/ld+json\" class=\"yoast-schema-graph\">{\"@context\":\"https:\/\/schema.org\",\"@graph\":[{\"@type\":\"WebPage\",\"@id\":\"https:\/\/loja.springschool.me\/produto\/descubra-o-seu-destino-thiago-brunet\/\",\"url\":\"https:\/\/loja.springschool.me\/produto\/descubra-o-seu-destino-thiago-brunet\/\",\"name\":\"Descubra o seu Destino (Thiago Brunet) - Spring School - Loja Virtual\",\"isPartOf\":{\"@id\":\"https:\/\/loja.springschool.me\/#website\"},\"datePublished\":\"2022-11-30T14:36:59+00:00\",\"dateModified\":\"2023-02-03T15:55:33+00:00\",\"description\":\"Descubra o seu Destino (Thiago Brunet) - Onde voc\u00ea deseja estar daqui a 10 anos?Quem voc\u00ea precisa perdoar hoje para viver, em 10 anos, a resposta da pergunta acima?O que te impede de recome\u00e7ar essa semana, mesmo diante da crise?Seu estilo de vida atual \u00e9 coerente com seus planos futuros?\",\"breadcrumb\":{\"@id\":\"https:\/\/loja.springschool.me\/produto\/descubra-o-seu-destino-thiago-brunet\/#breadcrumb\"},\"inLanguage\":\"en-US\",\"potentialAction\":[{\"@type\":\"ReadAction\",\"target\":[\"https:\/\/loja.springschool.me\/produto\/descubra-o-seu-destino-thiago-brunet\/\"]}]},{\"@type\":\"BreadcrumbList\",\"@id\":\"https:\/\/loja.springschool.me\/produto\/descubra-o-seu-destino-thiago-brunet\/#breadcrumb\",\"itemListElement\":[{\"@type\":\"ListItem\",\"position\":1,\"name\":\"In\u00edcio\",\"item\":\"https:\/\/loja.springschool.me\/\"},{\"@type\":\"ListItem\",\"position\":2,\"name\":\"Shop\",\"item\":\"https:\/\/loja.springschool.me\/shop\/\"},{\"@type\":\"ListItem\",\"position\":3,\"name\":\"Descubra o seu Destino (Thiago Brunet)\"}]},{\"@type\":\"WebSite\",\"@id\":\"https:\/\/loja.springschool.me\/#website\",\"url\":\"https:\/\/loja.springschool.me\/\",\"name\":\"Spring School - Loja Virtual\",\"description\":\"Just another WordPress site\",\"potentialAction\":[{\"@type\":\"SearchAction\",\"target\":{\"@type\":\"EntryPoint\",\"urlTemplate\":\"https:\/\/loja.springschool.me\/?s={search_term_string}\"},\"query-input\":\"required name=search_term_string\"}],\"inLanguage\":\"en-US\"}]}<\/script>\n<!-- \/ Yoast SEO plugin. -->","yoast_head_json":{"title":"Descubra o seu Destino (Thiago Brunet) - Spring School - Loja Virtual","description":"Descubra o seu Destino (Thiago Brunet) - Onde voc\u00ea deseja estar daqui a 10 anos?Quem voc\u00ea precisa perdoar hoje para viver, em 10 anos, a resposta da pergunta acima?O que te impede de recome\u00e7ar essa semana, mesmo diante da crise?Seu estilo de vida atual \u00e9 coerente com seus planos futuros?","robots":{"index":"index","follow":"follow","max-snippet":"max-snippet:-1","max-image-preview":"max-image-preview:large","max-video-preview":"max-video-preview:-1"},"canonical":"https:\/\/loja.springschool.me\/en\/product\/descubra-o-seu-destino-thiago-brunet\/","og_locale":"en_US","og_type":"article","og_title":"Descubra o seu Destino (Thiago Brunet) - Spring School - Loja Virtual","og_description":"Descubra o seu Destino (Thiago Brunet) - Onde voc\u00ea deseja estar daqui a 10 anos?Quem voc\u00ea precisa perdoar hoje para viver, em 10 anos, a resposta da pergunta acima?O que te impede de recome\u00e7ar essa semana, mesmo diante da crise?Seu estilo de vida atual \u00e9 coerente com seus planos futuros?","og_url":"https:\/\/loja.springschool.me\/en\/product\/descubra-o-seu-destino-thiago-brunet\/","og_site_name":"Spring School - Loja Virtual","article_modified_time":"2023-02-03T15:55:33+00:00","og_image":[{"width":1000,"height":1000,"url":"https:\/\/loja.springschool.me\/wp-content\/uploads\/2022\/11\/spring-loja-livro-09-1.jpg","type":"image\/jpeg"}],"twitter_card":"summary_large_image","twitter_misc":{"Est. reading time":"1 minute"},"schema":{"@context":"https:\/\/schema.org","@graph":[{"@type":"WebPage","@id":"https:\/\/loja.springschool.me\/produto\/descubra-o-seu-destino-thiago-brunet\/","url":"https:\/\/loja.springschool.me\/produto\/descubra-o-seu-destino-thiago-brunet\/","name":"Descubra o seu Destino (Thiago Brunet) - Spring School - Loja Virtual","isPartOf":{"@id":"https:\/\/loja.springschool.me\/#website"},"datePublished":"2022-11-30T14:36:59+00:00","dateModified":"2023-02-03T15:55:33+00:00","description":"Descubra o seu Destino (Thiago Brunet) - Onde voc\u00ea deseja estar daqui a 10 anos?Quem voc\u00ea precisa perdoar hoje para viver, em 10 anos, a resposta da pergunta acima?O que te impede de recome\u00e7ar essa semana, mesmo diante da crise?Seu estilo de vida atual \u00e9 coerente com seus planos futuros?","breadcrumb":{"@id":"https:\/\/loja.springschool.me\/produto\/descubra-o-seu-destino-thiago-brunet\/#breadcrumb"},"inLanguage":"en-US","potentialAction":[{"@type":"ReadAction","target":["https:\/\/loja.springschool.me\/produto\/descubra-o-seu-destino-thiago-brunet\/"]}]},{"@type":"BreadcrumbList","@id":"https:\/\/loja.springschool.me\/produto\/descubra-o-seu-destino-thiago-brunet\/#breadcrumb","itemListElement":[{"@type":"ListItem","position":1,"name":"In\u00edcio","item":"https:\/\/loja.springschool.me\/"},{"@type":"ListItem","position":2,"name":"Shop","item":"https:\/\/loja.springschool.me\/shop\/"},{"@type":"ListItem","position":3,"name":"Descubra o seu Destino (Thiago Brunet)"}]},{"@type":"WebSite","@id":"https:\/\/loja.springschool.me\/#website","url":"https:\/\/loja.springschool.me\/","name":"Spring School - Loja Virtual","description":"Just another WordPress site","potentialAction":[{"@type":"SearchAction","target":{"@type":"EntryPoint","urlTemplate":"https:\/\/loja.springschool.me\/?s={search_term_string}"},"query-input":"required name=search_term_string"}],"inLanguage":"en-US"}]}},"_links":{"self":[{"href":"https:\/\/loja.springschool.me\/en\/wp-json\/wp\/v2\/product\/511"}],"collection":[{"href":"https:\/\/loja.springschool.me\/en\/wp-json\/wp\/v2\/product"}],"about":[{"href":"https:\/\/loja.springschool.me\/en\/wp-json\/wp\/v2\/types\/product"}],"version-history":[{"count":2,"href":"https:\/\/loja.springschool.me\/en\/wp-json\/wp\/v2\/product\/511\/revisions"}],"predecessor-version":[{"id":1283,"href":"https:\/\/loja.springschool.me\/en\/wp-json\/wp\/v2\/product\/511\/revisions\/1283"}],"wp:featuredmedia":[{"embeddable":true,"href":"https:\/\/loja.springschool.me\/en\/wp-json\/wp\/v2\/media\/584"}],"wp:attachment":[{"href":"https:\/\/loja.springschool.me\/en\/wp-json\/wp\/v2\/media?parent=511"}],"wp:term":[{"taxonomy":"product_cat","embeddable":true,"href":"https:\/\/loja.springschool.me\/en\/wp-json\/wp\/v2\/product_cat?post=511"},{"taxonomy":"product_tag","embeddable":true,"href":"https:\/\/loja.springschool.me\/en\/wp-json\/wp\/v2\/product_tag?post=511"}],"curies":[{"name":"wp","href":"https:\/\/api.w.org\/{rel}","templated":true}]}}