{"id":505,"date":"2022-11-30T14:29:36","date_gmt":"2022-11-30T14:29:36","guid":{"rendered":"https:\/\/loja.springschool.me\/?post_type=product&#038;p=505"},"modified":"2023-02-03T15:52:50","modified_gmt":"2023-02-03T15:52:50","slug":"do-mil-ao-milhao-thiago-nigro","status":"publish","type":"product","link":"https:\/\/loja.springschool.me\/en\/product\/do-mil-ao-milhao-thiago-nigro\/","title":{"rendered":"From a thousand to a million (Thiago Nigro)"},"content":{"rendered":"<p>In his first book, Thiago Nigro, creator of the platform O Primo Rico, teaches readers the three pillars to achieve financial independence: spend well, invest better and earn more. Through data and his own experience as an investor and advisor, Nigro shows that wealth is possible for everyone \u2013 you just need to be willing to learn and dedicate yourself.<\/p>","protected":false},"excerpt":{"rendered":"<p>Thiago Nigro, creator of the platform O Primo Rico, teaches readers the three pillars to achieve financial independence: spend well, invest better and earn more<\/p>","protected":false},"featured_media":582,"template":"","meta":[],"product_cat":[20],"product_tag":[],"yoast_head":"<!-- This site is optimized with the Yoast SEO plugin v20.11 - https:\/\/yoast.com\/wordpress\/plugins\/seo\/ -->\n<title>Do mil ao Milh\u00e3o (Thiago Nigro) - Spring School - Loja Virtual<\/title>\n<meta name=\"description\" content=\"Em seu primeiro livro, Thiago Nigro, criador da plataforma O Primo Rico, ensina aos leitores os tr\u00eas pilares para atingir a independ\u00eancia financeira: gastar bem, investir melhor e ganhar mais. Por meio de dados e de sua pr\u00f3pria experi\u00eancia como investidor e assessor, Nigro mostra que a riqueza \u00e9 poss\u00edvel para todos \u2013 basta estar disposto a aprender e se dedicar.\" \/>\n<meta name=\"robots\" content=\"index, follow, max-snippet:-1, max-image-preview:large, max-video-preview:-1\" \/>\n<link rel=\"canonical\" href=\"https:\/\/loja.springschool.me\/en\/product\/do-mil-ao-milhao-thiago-nigro\/\" \/>\n<meta property=\"og:locale\" content=\"en_US\" \/>\n<meta property=\"og:type\" content=\"article\" \/>\n<meta property=\"og:title\" content=\"Do mil ao Milh\u00e3o (Thiago Nigro) - Spring School - Loja Virtual\" \/>\n<meta property=\"og:description\" content=\"Em seu primeiro livro, Thiago Nigro, criador da plataforma O Primo Rico, ensina aos leitores os tr\u00eas pilares para atingir a independ\u00eancia financeira: gastar bem, investir melhor e ganhar mais. Por meio de dados e de sua pr\u00f3pria experi\u00eancia como investidor e assessor, Nigro mostra que a riqueza \u00e9 poss\u00edvel para todos \u2013 basta estar disposto a aprender e se dedicar.\" \/>\n<meta property=\"og:url\" content=\"https:\/\/loja.springschool.me\/en\/product\/do-mil-ao-milhao-thiago-nigro\/\" \/>\n<meta property=\"og:site_name\" content=\"Spring School - Loja Virtual\" \/>\n<meta property=\"article:modified_time\" content=\"2023-02-03T15:52:50+00:00\" \/>\n<meta property=\"og:image\" content=\"https:\/\/loja.springschool.me\/wp-content\/uploads\/2022\/11\/spring-loja-livro-07-1.jpg\" \/>\n\t<meta property=\"og:image:width\" content=\"1000\" \/>\n\t<meta property=\"og:image:height\" content=\"1000\" \/>\n\t<meta property=\"og:image:type\" content=\"image\/jpeg\" \/>\n<meta name=\"twitter:card\" content=\"summary_large_image\" \/>\n<meta name=\"twitter:label1\" content=\"Est. reading time\" \/>\n\t<meta name=\"twitter:data1\" content=\"1 minute\" \/>\n<script type=\"application\/ld+json\" class=\"yoast-schema-graph\">{\"@context\":\"https:\/\/schema.org\",\"@graph\":[{\"@type\":\"WebPage\",\"@id\":\"https:\/\/loja.springschool.me\/produto\/do-mil-ao-milhao-thiago-nigro\/\",\"url\":\"https:\/\/loja.springschool.me\/produto\/do-mil-ao-milhao-thiago-nigro\/\",\"name\":\"Do mil ao Milh\u00e3o (Thiago Nigro) - Spring School - Loja Virtual\",\"isPartOf\":{\"@id\":\"https:\/\/loja.springschool.me\/#website\"},\"datePublished\":\"2022-11-30T14:29:36+00:00\",\"dateModified\":\"2023-02-03T15:52:50+00:00\",\"description\":\"Em seu primeiro livro, Thiago Nigro, criador da plataforma O Primo Rico, ensina aos leitores os tr\u00eas pilares para atingir a independ\u00eancia financeira: gastar bem, investir melhor e ganhar mais. Por meio de dados e de sua pr\u00f3pria experi\u00eancia como investidor e assessor, Nigro mostra que a riqueza \u00e9 poss\u00edvel para todos \u2013 basta estar disposto a aprender e se dedicar.\",\"breadcrumb\":{\"@id\":\"https:\/\/loja.springschool.me\/produto\/do-mil-ao-milhao-thiago-nigro\/#breadcrumb\"},\"inLanguage\":\"en-US\",\"potentialAction\":[{\"@type\":\"ReadAction\",\"target\":[\"https:\/\/loja.springschool.me\/produto\/do-mil-ao-milhao-thiago-nigro\/\"]}]},{\"@type\":\"BreadcrumbList\",\"@id\":\"https:\/\/loja.springschool.me\/produto\/do-mil-ao-milhao-thiago-nigro\/#breadcrumb\",\"itemListElement\":[{\"@type\":\"ListItem\",\"position\":1,\"name\":\"In\u00edcio\",\"item\":\"https:\/\/loja.springschool.me\/\"},{\"@type\":\"ListItem\",\"position\":2,\"name\":\"Shop\",\"item\":\"https:\/\/loja.springschool.me\/shop\/\"},{\"@type\":\"ListItem\",\"position\":3,\"name\":\"Do mil ao Milh\u00e3o (Thiago Nigro)\"}]},{\"@type\":\"WebSite\",\"@id\":\"https:\/\/loja.springschool.me\/#website\",\"url\":\"https:\/\/loja.springschool.me\/\",\"name\":\"Spring School - Loja Virtual\",\"description\":\"Just another WordPress site\",\"potentialAction\":[{\"@type\":\"SearchAction\",\"target\":{\"@type\":\"EntryPoint\",\"urlTemplate\":\"https:\/\/loja.springschool.me\/?s={search_term_string}\"},\"query-input\":\"required name=search_term_string\"}],\"inLanguage\":\"en-US\"}]}<\/script>\n<!-- \/ Yoast SEO plugin. -->","yoast_head_json":{"title":"Do mil ao Milh\u00e3o (Thiago Nigro) - Spring School - Loja Virtual","description":"Em seu primeiro livro, Thiago Nigro, criador da plataforma O Primo Rico, ensina aos leitores os tr\u00eas pilares para atingir a independ\u00eancia financeira: gastar bem, investir melhor e ganhar mais. Por meio de dados e de sua pr\u00f3pria experi\u00eancia como investidor e assessor, Nigro mostra que a riqueza \u00e9 poss\u00edvel para todos \u2013 basta estar disposto a aprender e se dedicar.","robots":{"index":"index","follow":"follow","max-snippet":"max-snippet:-1","max-image-preview":"max-image-preview:large","max-video-preview":"max-video-preview:-1"},"canonical":"https:\/\/loja.springschool.me\/en\/product\/do-mil-ao-milhao-thiago-nigro\/","og_locale":"en_US","og_type":"article","og_title":"Do mil ao Milh\u00e3o (Thiago Nigro) - Spring School - Loja Virtual","og_description":"Em seu primeiro livro, Thiago Nigro, criador da plataforma O Primo Rico, ensina aos leitores os tr\u00eas pilares para atingir a independ\u00eancia financeira: gastar bem, investir melhor e ganhar mais. Por meio de dados e de sua pr\u00f3pria experi\u00eancia como investidor e assessor, Nigro mostra que a riqueza \u00e9 poss\u00edvel para todos \u2013 basta estar disposto a aprender e se dedicar.","og_url":"https:\/\/loja.springschool.me\/en\/product\/do-mil-ao-milhao-thiago-nigro\/","og_site_name":"Spring School - Loja Virtual","article_modified_time":"2023-02-03T15:52:50+00:00","og_image":[{"width":1000,"height":1000,"url":"https:\/\/loja.springschool.me\/wp-content\/uploads\/2022\/11\/spring-loja-livro-07-1.jpg","type":"image\/jpeg"}],"twitter_card":"summary_large_image","twitter_misc":{"Est. reading time":"1 minute"},"schema":{"@context":"https:\/\/schema.org","@graph":[{"@type":"WebPage","@id":"https:\/\/loja.springschool.me\/produto\/do-mil-ao-milhao-thiago-nigro\/","url":"https:\/\/loja.springschool.me\/produto\/do-mil-ao-milhao-thiago-nigro\/","name":"Do mil ao Milh\u00e3o (Thiago Nigro) - Spring School - Loja Virtual","isPartOf":{"@id":"https:\/\/loja.springschool.me\/#website"},"datePublished":"2022-11-30T14:29:36+00:00","dateModified":"2023-02-03T15:52:50+00:00","description":"Em seu primeiro livro, Thiago Nigro, criador da plataforma O Primo Rico, ensina aos leitores os tr\u00eas pilares para atingir a independ\u00eancia financeira: gastar bem, investir melhor e ganhar mais. Por meio de dados e de sua pr\u00f3pria experi\u00eancia como investidor e assessor, Nigro mostra que a riqueza \u00e9 poss\u00edvel para todos \u2013 basta estar disposto a aprender e se dedicar.","breadcrumb":{"@id":"https:\/\/loja.springschool.me\/produto\/do-mil-ao-milhao-thiago-nigro\/#breadcrumb"},"inLanguage":"en-US","potentialAction":[{"@type":"ReadAction","target":["https:\/\/loja.springschool.me\/produto\/do-mil-ao-milhao-thiago-nigro\/"]}]},{"@type":"BreadcrumbList","@id":"https:\/\/loja.springschool.me\/produto\/do-mil-ao-milhao-thiago-nigro\/#breadcrumb","itemListElement":[{"@type":"ListItem","position":1,"name":"In\u00edcio","item":"https:\/\/loja.springschool.me\/"},{"@type":"ListItem","position":2,"name":"Shop","item":"https:\/\/loja.springschool.me\/shop\/"},{"@type":"ListItem","position":3,"name":"Do mil ao Milh\u00e3o (Thiago Nigro)"}]},{"@type":"WebSite","@id":"https:\/\/loja.springschool.me\/#website","url":"https:\/\/loja.springschool.me\/","name":"Spring School - Loja Virtual","description":"Just another WordPress site","potentialAction":[{"@type":"SearchAction","target":{"@type":"EntryPoint","urlTemplate":"https:\/\/loja.springschool.me\/?s={search_term_string}"},"query-input":"required name=search_term_string"}],"inLanguage":"en-US"}]}},"_links":{"self":[{"href":"https:\/\/loja.springschool.me\/en\/wp-json\/wp\/v2\/product\/505"}],"collection":[{"href":"https:\/\/loja.springschool.me\/en\/wp-json\/wp\/v2\/product"}],"about":[{"href":"https:\/\/loja.springschool.me\/en\/wp-json\/wp\/v2\/types\/product"}],"version-history":[{"count":2,"href":"https:\/\/loja.springschool.me\/en\/wp-json\/wp\/v2\/product\/505\/revisions"}],"predecessor-version":[{"id":1281,"href":"https:\/\/loja.springschool.me\/en\/wp-json\/wp\/v2\/product\/505\/revisions\/1281"}],"wp:featuredmedia":[{"embeddable":true,"href":"https:\/\/loja.springschool.me\/en\/wp-json\/wp\/v2\/media\/582"}],"wp:attachment":[{"href":"https:\/\/loja.springschool.me\/en\/wp-json\/wp\/v2\/media?parent=505"}],"wp:term":[{"taxonomy":"product_cat","embeddable":true,"href":"https:\/\/loja.springschool.me\/en\/wp-json\/wp\/v2\/product_cat?post=505"},{"taxonomy":"product_tag","embeddable":true,"href":"https:\/\/loja.springschool.me\/en\/wp-json\/wp\/v2\/product_tag?post=505"}],"curies":[{"name":"wp","href":"https:\/\/api.w.org\/{rel}","templated":true}]}}