{"id":502,"date":"2022-11-30T14:26:08","date_gmt":"2022-11-30T14:26:08","guid":{"rendered":"https:\/\/loja.springschool.me\/?post_type=product&#038;p=502"},"modified":"2023-02-03T15:51:26","modified_gmt":"2023-02-03T15:51:26","slug":"enfodere-se-caio-carneiro","status":"publish","type":"product","link":"https:\/\/loja.springschool.me\/en\/product\/enfodere-se-caio-carneiro\/","title":{"rendered":"Fuck off! (Gaius Carneiro)"},"content":{"rendered":"<p>Look ahead and speed up! In the 1st economic edition of the book Em Enfodere-se!, by Buzz Editora. In it, you will learn to focus on the road, respecting the tightest curves of the circuit of life, but always being ready to return with full force, putting your foot down! In this book, you will achieve real and definitive infatuation, and then just keep accelerating. It is necessary to put speed: success loves speed. Bestselling author Caio Carneiro presents here practical strategies so that you too can get bored once and for all, seeking the next level, be it personal or professional. Find within you all the energy necessary to put into practice the three C&#039;s of commitment: Start, Continue and Complete your plans and goals in all aspects of your life!<\/p>","protected":false},"excerpt":{"rendered":"<p>Caio Carneiro teaches practical strategies to achieve personal and professional success. The book talks about focusing on the road and accelerating, presenting the three C&#039;s of commitment (Start, Continue and Finish) to put plans and goals into practice.<\/p>","protected":false},"featured_media":581,"template":"","meta":[],"product_cat":[20],"product_tag":[],"yoast_head":"<!-- This site is optimized with the Yoast SEO plugin v20.11 - https:\/\/yoast.com\/wordpress\/plugins\/seo\/ -->\n<title>Enfodere-se! (Caio Carneiro) - Spring School - Loja Virtual<\/title>\n<meta name=\"description\" content=\"Enfodere-se! (Caio Carneiro) - Olhe para a frente e acelere! Na 1\u00aa edi\u00e7\u00e3o econ\u00f4mica do livro Em Enfodere-se!, da Buzz Editora. Nele, voc\u00ea vai aprender a focar na estrada, respeitando as curvas mais fechadas do circuito da vida, mas estando sempre pronto para uma retomada com for\u00e7a total, pisando fundo! Neste livro, voc\u00ea vai conquistar o enfoderamento real e definitivo, e depois \u00e9 s\u00f3 continuar a acelerar.\" \/>\n<meta name=\"robots\" content=\"index, follow, max-snippet:-1, max-image-preview:large, max-video-preview:-1\" \/>\n<link rel=\"canonical\" href=\"https:\/\/loja.springschool.me\/en\/product\/enfodere-se-caio-carneiro\/\" \/>\n<meta property=\"og:locale\" content=\"en_US\" \/>\n<meta property=\"og:type\" content=\"article\" \/>\n<meta property=\"og:title\" content=\"Enfodere-se! (Caio Carneiro) - Spring School - Loja Virtual\" \/>\n<meta property=\"og:description\" content=\"Enfodere-se! (Caio Carneiro) - Olhe para a frente e acelere! Na 1\u00aa edi\u00e7\u00e3o econ\u00f4mica do livro Em Enfodere-se!, da Buzz Editora. Nele, voc\u00ea vai aprender a focar na estrada, respeitando as curvas mais fechadas do circuito da vida, mas estando sempre pronto para uma retomada com for\u00e7a total, pisando fundo! Neste livro, voc\u00ea vai conquistar o enfoderamento real e definitivo, e depois \u00e9 s\u00f3 continuar a acelerar.\" \/>\n<meta property=\"og:url\" content=\"https:\/\/loja.springschool.me\/en\/product\/enfodere-se-caio-carneiro\/\" \/>\n<meta property=\"og:site_name\" content=\"Spring School - Loja Virtual\" \/>\n<meta property=\"article:modified_time\" content=\"2023-02-03T15:51:26+00:00\" \/>\n<meta property=\"og:image\" content=\"https:\/\/loja.springschool.me\/wp-content\/uploads\/2022\/11\/spring-loja-livro-06-1.jpg\" \/>\n\t<meta property=\"og:image:width\" content=\"1000\" \/>\n\t<meta property=\"og:image:height\" content=\"1000\" \/>\n\t<meta property=\"og:image:type\" content=\"image\/jpeg\" \/>\n<meta name=\"twitter:card\" content=\"summary_large_image\" \/>\n<meta name=\"twitter:label1\" content=\"Est. reading time\" \/>\n\t<meta name=\"twitter:data1\" content=\"1 minute\" \/>\n<script type=\"application\/ld+json\" class=\"yoast-schema-graph\">{\"@context\":\"https:\/\/schema.org\",\"@graph\":[{\"@type\":\"WebPage\",\"@id\":\"https:\/\/loja.springschool.me\/produto\/enfodere-se-caio-carneiro\/\",\"url\":\"https:\/\/loja.springschool.me\/produto\/enfodere-se-caio-carneiro\/\",\"name\":\"Enfodere-se! (Caio Carneiro) - Spring School - Loja Virtual\",\"isPartOf\":{\"@id\":\"https:\/\/loja.springschool.me\/#website\"},\"datePublished\":\"2022-11-30T14:26:08+00:00\",\"dateModified\":\"2023-02-03T15:51:26+00:00\",\"description\":\"Enfodere-se! (Caio Carneiro) - Olhe para a frente e acelere! Na 1\u00aa edi\u00e7\u00e3o econ\u00f4mica do livro Em Enfodere-se!, da Buzz Editora. Nele, voc\u00ea vai aprender a focar na estrada, respeitando as curvas mais fechadas do circuito da vida, mas estando sempre pronto para uma retomada com for\u00e7a total, pisando fundo! Neste livro, voc\u00ea vai conquistar o enfoderamento real e definitivo, e depois \u00e9 s\u00f3 continuar a acelerar.\",\"breadcrumb\":{\"@id\":\"https:\/\/loja.springschool.me\/produto\/enfodere-se-caio-carneiro\/#breadcrumb\"},\"inLanguage\":\"en-US\",\"potentialAction\":[{\"@type\":\"ReadAction\",\"target\":[\"https:\/\/loja.springschool.me\/produto\/enfodere-se-caio-carneiro\/\"]}]},{\"@type\":\"BreadcrumbList\",\"@id\":\"https:\/\/loja.springschool.me\/produto\/enfodere-se-caio-carneiro\/#breadcrumb\",\"itemListElement\":[{\"@type\":\"ListItem\",\"position\":1,\"name\":\"In\u00edcio\",\"item\":\"https:\/\/loja.springschool.me\/\"},{\"@type\":\"ListItem\",\"position\":2,\"name\":\"Shop\",\"item\":\"https:\/\/loja.springschool.me\/shop\/\"},{\"@type\":\"ListItem\",\"position\":3,\"name\":\"Enfodere-se! (Caio Carneiro)\"}]},{\"@type\":\"WebSite\",\"@id\":\"https:\/\/loja.springschool.me\/#website\",\"url\":\"https:\/\/loja.springschool.me\/\",\"name\":\"Spring School - Loja Virtual\",\"description\":\"Just another WordPress site\",\"potentialAction\":[{\"@type\":\"SearchAction\",\"target\":{\"@type\":\"EntryPoint\",\"urlTemplate\":\"https:\/\/loja.springschool.me\/?s={search_term_string}\"},\"query-input\":\"required name=search_term_string\"}],\"inLanguage\":\"en-US\"}]}<\/script>\n<!-- \/ Yoast SEO plugin. -->","yoast_head_json":{"title":"Enfodere-se! (Caio Carneiro) - Spring School - Loja Virtual","description":"Enfodere-se! (Caio Carneiro) - Olhe para a frente e acelere! Na 1\u00aa edi\u00e7\u00e3o econ\u00f4mica do livro Em Enfodere-se!, da Buzz Editora. Nele, voc\u00ea vai aprender a focar na estrada, respeitando as curvas mais fechadas do circuito da vida, mas estando sempre pronto para uma retomada com for\u00e7a total, pisando fundo! Neste livro, voc\u00ea vai conquistar o enfoderamento real e definitivo, e depois \u00e9 s\u00f3 continuar a acelerar.","robots":{"index":"index","follow":"follow","max-snippet":"max-snippet:-1","max-image-preview":"max-image-preview:large","max-video-preview":"max-video-preview:-1"},"canonical":"https:\/\/loja.springschool.me\/en\/product\/enfodere-se-caio-carneiro\/","og_locale":"en_US","og_type":"article","og_title":"Enfodere-se! (Caio Carneiro) - Spring School - Loja Virtual","og_description":"Enfodere-se! (Caio Carneiro) - Olhe para a frente e acelere! Na 1\u00aa edi\u00e7\u00e3o econ\u00f4mica do livro Em Enfodere-se!, da Buzz Editora. Nele, voc\u00ea vai aprender a focar na estrada, respeitando as curvas mais fechadas do circuito da vida, mas estando sempre pronto para uma retomada com for\u00e7a total, pisando fundo! Neste livro, voc\u00ea vai conquistar o enfoderamento real e definitivo, e depois \u00e9 s\u00f3 continuar a acelerar.","og_url":"https:\/\/loja.springschool.me\/en\/product\/enfodere-se-caio-carneiro\/","og_site_name":"Spring School - Loja Virtual","article_modified_time":"2023-02-03T15:51:26+00:00","og_image":[{"width":1000,"height":1000,"url":"https:\/\/loja.springschool.me\/wp-content\/uploads\/2022\/11\/spring-loja-livro-06-1.jpg","type":"image\/jpeg"}],"twitter_card":"summary_large_image","twitter_misc":{"Est. reading time":"1 minute"},"schema":{"@context":"https:\/\/schema.org","@graph":[{"@type":"WebPage","@id":"https:\/\/loja.springschool.me\/produto\/enfodere-se-caio-carneiro\/","url":"https:\/\/loja.springschool.me\/produto\/enfodere-se-caio-carneiro\/","name":"Enfodere-se! (Caio Carneiro) - Spring School - Loja Virtual","isPartOf":{"@id":"https:\/\/loja.springschool.me\/#website"},"datePublished":"2022-11-30T14:26:08+00:00","dateModified":"2023-02-03T15:51:26+00:00","description":"Enfodere-se! (Caio Carneiro) - Olhe para a frente e acelere! Na 1\u00aa edi\u00e7\u00e3o econ\u00f4mica do livro Em Enfodere-se!, da Buzz Editora. Nele, voc\u00ea vai aprender a focar na estrada, respeitando as curvas mais fechadas do circuito da vida, mas estando sempre pronto para uma retomada com for\u00e7a total, pisando fundo! Neste livro, voc\u00ea vai conquistar o enfoderamento real e definitivo, e depois \u00e9 s\u00f3 continuar a acelerar.","breadcrumb":{"@id":"https:\/\/loja.springschool.me\/produto\/enfodere-se-caio-carneiro\/#breadcrumb"},"inLanguage":"en-US","potentialAction":[{"@type":"ReadAction","target":["https:\/\/loja.springschool.me\/produto\/enfodere-se-caio-carneiro\/"]}]},{"@type":"BreadcrumbList","@id":"https:\/\/loja.springschool.me\/produto\/enfodere-se-caio-carneiro\/#breadcrumb","itemListElement":[{"@type":"ListItem","position":1,"name":"In\u00edcio","item":"https:\/\/loja.springschool.me\/"},{"@type":"ListItem","position":2,"name":"Shop","item":"https:\/\/loja.springschool.me\/shop\/"},{"@type":"ListItem","position":3,"name":"Enfodere-se! (Caio Carneiro)"}]},{"@type":"WebSite","@id":"https:\/\/loja.springschool.me\/#website","url":"https:\/\/loja.springschool.me\/","name":"Spring School - Loja Virtual","description":"Just another WordPress site","potentialAction":[{"@type":"SearchAction","target":{"@type":"EntryPoint","urlTemplate":"https:\/\/loja.springschool.me\/?s={search_term_string}"},"query-input":"required name=search_term_string"}],"inLanguage":"en-US"}]}},"_links":{"self":[{"href":"https:\/\/loja.springschool.me\/en\/wp-json\/wp\/v2\/product\/502"}],"collection":[{"href":"https:\/\/loja.springschool.me\/en\/wp-json\/wp\/v2\/product"}],"about":[{"href":"https:\/\/loja.springschool.me\/en\/wp-json\/wp\/v2\/types\/product"}],"version-history":[{"count":3,"href":"https:\/\/loja.springschool.me\/en\/wp-json\/wp\/v2\/product\/502\/revisions"}],"predecessor-version":[{"id":1280,"href":"https:\/\/loja.springschool.me\/en\/wp-json\/wp\/v2\/product\/502\/revisions\/1280"}],"wp:featuredmedia":[{"embeddable":true,"href":"https:\/\/loja.springschool.me\/en\/wp-json\/wp\/v2\/media\/581"}],"wp:attachment":[{"href":"https:\/\/loja.springschool.me\/en\/wp-json\/wp\/v2\/media?parent=502"}],"wp:term":[{"taxonomy":"product_cat","embeddable":true,"href":"https:\/\/loja.springschool.me\/en\/wp-json\/wp\/v2\/product_cat?post=502"},{"taxonomy":"product_tag","embeddable":true,"href":"https:\/\/loja.springschool.me\/en\/wp-json\/wp\/v2\/product_tag?post=502"}],"curies":[{"name":"wp","href":"https:\/\/api.w.org\/{rel}","templated":true}]}}