{"id":499,"date":"2022-11-30T14:21:42","date_gmt":"2022-11-30T14:21:42","guid":{"rendered":"https:\/\/loja.springschool.me\/?post_type=product&#038;p=499"},"modified":"2023-02-03T15:50:00","modified_gmt":"2023-02-03T15:50:00","slug":"anitta-o-livro-das-poderosas","status":"publish","type":"product","link":"https:\/\/loja.springschool.me\/en\/product\/anitta-o-livro-das-poderosas\/","title":{"rendered":"Anitta: The book of the powerful"},"content":{"rendered":"<p>In this unofficial biography, fully illustrated and made especially for the fans, we present all the power that surrounds the Anitta universe: her successful trajectory, her life, curiosities, remarkable moments, her keen eye for new trends, in addition to her strong and captivating personality. that makes her face any obstacle to conquer all her dreams.<\/p>\n<p>All this in a dynamic and modern book that is her face. So PRE-PA-RA that now it&#039;s time to enter Anitta&#039;s contagious universe!<\/p>","protected":false},"excerpt":{"rendered":"<p>This illustrated biography presents the universe of singer Anitta, from her successful career to her life, curiosities and strong personality. Made especially for fans, the book is dynamic and modern and portrays all the power of the singer.<\/p>","protected":false},"featured_media":579,"template":"","meta":[],"product_cat":[20],"product_tag":[],"yoast_head":"<!-- This site is optimized with the Yoast SEO plugin v20.11 - https:\/\/yoast.com\/wordpress\/plugins\/seo\/ -->\n<title>Anitta: O livro das poderosas - Spring School - Loja Virtual<\/title>\n<meta name=\"description\" content=\"Anitta: O livro das poderosas -Nesta biografia n\u00e3o oficial, totalmente ilustrada e feita especialmente para os f\u00e3s, apresentamos todo o poder que envolve o universo Anitta: sua trajet\u00f3ria de sucesso, sua vida, curiosidades, momentos marcantes...\" \/>\n<meta name=\"robots\" content=\"index, follow, max-snippet:-1, max-image-preview:large, max-video-preview:-1\" \/>\n<link rel=\"canonical\" href=\"https:\/\/loja.springschool.me\/en\/product\/anitta-o-livro-das-poderosas\/\" \/>\n<meta property=\"og:locale\" content=\"en_US\" \/>\n<meta property=\"og:type\" content=\"article\" \/>\n<meta property=\"og:title\" content=\"Anitta: O livro das poderosas - Spring School - Loja Virtual\" \/>\n<meta property=\"og:description\" content=\"Anitta: O livro das poderosas -Nesta biografia n\u00e3o oficial, totalmente ilustrada e feita especialmente para os f\u00e3s, apresentamos todo o poder que envolve o universo Anitta: sua trajet\u00f3ria de sucesso, sua vida, curiosidades, momentos marcantes...\" \/>\n<meta property=\"og:url\" content=\"https:\/\/loja.springschool.me\/en\/product\/anitta-o-livro-das-poderosas\/\" \/>\n<meta property=\"og:site_name\" content=\"Spring School - Loja Virtual\" \/>\n<meta property=\"article:modified_time\" content=\"2023-02-03T15:50:00+00:00\" \/>\n<meta property=\"og:image\" content=\"https:\/\/loja.springschool.me\/wp-content\/uploads\/2022\/11\/spring-loja-livro-05-1.jpg\" \/>\n\t<meta property=\"og:image:width\" content=\"1000\" \/>\n\t<meta property=\"og:image:height\" content=\"1000\" \/>\n\t<meta property=\"og:image:type\" content=\"image\/jpeg\" \/>\n<meta name=\"twitter:card\" content=\"summary_large_image\" \/>\n<meta name=\"twitter:label1\" content=\"Est. reading time\" \/>\n\t<meta name=\"twitter:data1\" content=\"1 minute\" \/>\n<script type=\"application\/ld+json\" class=\"yoast-schema-graph\">{\"@context\":\"https:\/\/schema.org\",\"@graph\":[{\"@type\":\"WebPage\",\"@id\":\"https:\/\/loja.springschool.me\/produto\/anitta-o-livro-das-poderosas\/\",\"url\":\"https:\/\/loja.springschool.me\/produto\/anitta-o-livro-das-poderosas\/\",\"name\":\"Anitta: O livro das poderosas - Spring School - Loja Virtual\",\"isPartOf\":{\"@id\":\"https:\/\/loja.springschool.me\/#website\"},\"datePublished\":\"2022-11-30T14:21:42+00:00\",\"dateModified\":\"2023-02-03T15:50:00+00:00\",\"description\":\"Anitta: O livro das poderosas -Nesta biografia n\u00e3o oficial, totalmente ilustrada e feita especialmente para os f\u00e3s, apresentamos todo o poder que envolve o universo Anitta: sua trajet\u00f3ria de sucesso, sua vida, curiosidades, momentos marcantes...\",\"breadcrumb\":{\"@id\":\"https:\/\/loja.springschool.me\/produto\/anitta-o-livro-das-poderosas\/#breadcrumb\"},\"inLanguage\":\"en-US\",\"potentialAction\":[{\"@type\":\"ReadAction\",\"target\":[\"https:\/\/loja.springschool.me\/produto\/anitta-o-livro-das-poderosas\/\"]}]},{\"@type\":\"BreadcrumbList\",\"@id\":\"https:\/\/loja.springschool.me\/produto\/anitta-o-livro-das-poderosas\/#breadcrumb\",\"itemListElement\":[{\"@type\":\"ListItem\",\"position\":1,\"name\":\"In\u00edcio\",\"item\":\"https:\/\/loja.springschool.me\/\"},{\"@type\":\"ListItem\",\"position\":2,\"name\":\"Shop\",\"item\":\"https:\/\/loja.springschool.me\/shop\/\"},{\"@type\":\"ListItem\",\"position\":3,\"name\":\"Anitta: O livro das poderosas\"}]},{\"@type\":\"WebSite\",\"@id\":\"https:\/\/loja.springschool.me\/#website\",\"url\":\"https:\/\/loja.springschool.me\/\",\"name\":\"Spring School - Loja Virtual\",\"description\":\"Just another WordPress site\",\"potentialAction\":[{\"@type\":\"SearchAction\",\"target\":{\"@type\":\"EntryPoint\",\"urlTemplate\":\"https:\/\/loja.springschool.me\/?s={search_term_string}\"},\"query-input\":\"required name=search_term_string\"}],\"inLanguage\":\"en-US\"}]}<\/script>\n<!-- \/ Yoast SEO plugin. -->","yoast_head_json":{"title":"Anitta: O livro das poderosas - Spring School - Loja Virtual","description":"Anitta: O livro das poderosas -Nesta biografia n\u00e3o oficial, totalmente ilustrada e feita especialmente para os f\u00e3s, apresentamos todo o poder que envolve o universo Anitta: sua trajet\u00f3ria de sucesso, sua vida, curiosidades, momentos marcantes...","robots":{"index":"index","follow":"follow","max-snippet":"max-snippet:-1","max-image-preview":"max-image-preview:large","max-video-preview":"max-video-preview:-1"},"canonical":"https:\/\/loja.springschool.me\/en\/product\/anitta-o-livro-das-poderosas\/","og_locale":"en_US","og_type":"article","og_title":"Anitta: O livro das poderosas - Spring School - Loja Virtual","og_description":"Anitta: O livro das poderosas -Nesta biografia n\u00e3o oficial, totalmente ilustrada e feita especialmente para os f\u00e3s, apresentamos todo o poder que envolve o universo Anitta: sua trajet\u00f3ria de sucesso, sua vida, curiosidades, momentos marcantes...","og_url":"https:\/\/loja.springschool.me\/en\/product\/anitta-o-livro-das-poderosas\/","og_site_name":"Spring School - Loja Virtual","article_modified_time":"2023-02-03T15:50:00+00:00","og_image":[{"width":1000,"height":1000,"url":"https:\/\/loja.springschool.me\/wp-content\/uploads\/2022\/11\/spring-loja-livro-05-1.jpg","type":"image\/jpeg"}],"twitter_card":"summary_large_image","twitter_misc":{"Est. reading time":"1 minute"},"schema":{"@context":"https:\/\/schema.org","@graph":[{"@type":"WebPage","@id":"https:\/\/loja.springschool.me\/produto\/anitta-o-livro-das-poderosas\/","url":"https:\/\/loja.springschool.me\/produto\/anitta-o-livro-das-poderosas\/","name":"Anitta: O livro das poderosas - Spring School - Loja Virtual","isPartOf":{"@id":"https:\/\/loja.springschool.me\/#website"},"datePublished":"2022-11-30T14:21:42+00:00","dateModified":"2023-02-03T15:50:00+00:00","description":"Anitta: O livro das poderosas -Nesta biografia n\u00e3o oficial, totalmente ilustrada e feita especialmente para os f\u00e3s, apresentamos todo o poder que envolve o universo Anitta: sua trajet\u00f3ria de sucesso, sua vida, curiosidades, momentos marcantes...","breadcrumb":{"@id":"https:\/\/loja.springschool.me\/produto\/anitta-o-livro-das-poderosas\/#breadcrumb"},"inLanguage":"en-US","potentialAction":[{"@type":"ReadAction","target":["https:\/\/loja.springschool.me\/produto\/anitta-o-livro-das-poderosas\/"]}]},{"@type":"BreadcrumbList","@id":"https:\/\/loja.springschool.me\/produto\/anitta-o-livro-das-poderosas\/#breadcrumb","itemListElement":[{"@type":"ListItem","position":1,"name":"In\u00edcio","item":"https:\/\/loja.springschool.me\/"},{"@type":"ListItem","position":2,"name":"Shop","item":"https:\/\/loja.springschool.me\/shop\/"},{"@type":"ListItem","position":3,"name":"Anitta: O livro das poderosas"}]},{"@type":"WebSite","@id":"https:\/\/loja.springschool.me\/#website","url":"https:\/\/loja.springschool.me\/","name":"Spring School - Loja Virtual","description":"Just another WordPress site","potentialAction":[{"@type":"SearchAction","target":{"@type":"EntryPoint","urlTemplate":"https:\/\/loja.springschool.me\/?s={search_term_string}"},"query-input":"required name=search_term_string"}],"inLanguage":"en-US"}]}},"_links":{"self":[{"href":"https:\/\/loja.springschool.me\/en\/wp-json\/wp\/v2\/product\/499"}],"collection":[{"href":"https:\/\/loja.springschool.me\/en\/wp-json\/wp\/v2\/product"}],"about":[{"href":"https:\/\/loja.springschool.me\/en\/wp-json\/wp\/v2\/types\/product"}],"version-history":[{"count":3,"href":"https:\/\/loja.springschool.me\/en\/wp-json\/wp\/v2\/product\/499\/revisions"}],"predecessor-version":[{"id":1279,"href":"https:\/\/loja.springschool.me\/en\/wp-json\/wp\/v2\/product\/499\/revisions\/1279"}],"wp:featuredmedia":[{"embeddable":true,"href":"https:\/\/loja.springschool.me\/en\/wp-json\/wp\/v2\/media\/579"}],"wp:attachment":[{"href":"https:\/\/loja.springschool.me\/en\/wp-json\/wp\/v2\/media?parent=499"}],"wp:term":[{"taxonomy":"product_cat","embeddable":true,"href":"https:\/\/loja.springschool.me\/en\/wp-json\/wp\/v2\/product_cat?post=499"},{"taxonomy":"product_tag","embeddable":true,"href":"https:\/\/loja.springschool.me\/en\/wp-json\/wp\/v2\/product_tag?post=499"}],"curies":[{"name":"wp","href":"https:\/\/api.w.org\/{rel}","templated":true}]}}