{"id":495,"date":"2022-11-30T14:18:02","date_gmt":"2022-11-30T14:18:02","guid":{"rendered":"https:\/\/loja.springschool.me\/?post_type=product&#038;p=495"},"modified":"2024-07-25T01:07:03","modified_gmt":"2024-07-25T01:07:03","slug":"ansiedade-como-enfrentar-o-mal-do-seculo","status":"publish","type":"product","link":"https:\/\/loja.springschool.me\/en\/product\/ansiedade-como-enfrentar-o-mal-do-seculo\/","title":{"rendered":"Anxiety: How to face the evil of the century (Augusto Cury)"},"content":{"rendered":"<p>We live in a society of excesses. We are bombarded by information that, most of the time, we cannot absorb. We are charged, pressured, we become hostage to our mind. This situation altered something that should be inviolable \u2013 the pace of construction of thoughts -, generating very serious consequences for emotional health, the pleasure of living, intelligence, creativity. Thinking is good, thinking with a critical conscience is even better, but thinking excessively is a bomb against the quality of life and a creative and productive intellect.In Anxiety: how to face the evil of the century, the renowned psychiatrist and psychotherapist Augusto Cury presents the of Accelerated Thinking (PAS), one of the most pervasive diseases today. Still little known by psychologists and psychopedagogues, PAS is often confused with hyperactivity or attention deficit disorder. In this book, you will learn about the symptoms and consequences of this evil, as well as the techniques to face it and regain your emotional and mental peace of mind.<\/p>","protected":false},"excerpt":{"rendered":"<p>This book by Augusto Cury presents SPA, its symptoms and techniques to deal with it. The book helps to understand the difference between SPA and hyperactivity or attention deficit disorder.<\/p>","protected":false},"featured_media":578,"template":"","meta":[],"product_cat":[20],"product_tag":[],"yoast_head":"<!-- This site is optimized with the Yoast SEO plugin v20.11 - https:\/\/yoast.com\/wordpress\/plugins\/seo\/ -->\n<title>Ansiedade: Como enfrentar o mal do s\u00e9culo (Augusto Cury) - Spring School - Loja Virtual<\/title>\n<meta name=\"description\" content=\"Livro Ansiedade,Vivemos em uma sociedade de excessos. Somos bombardeados por informa\u00e7\u00f5es que, na maior parte das vezes, n\u00e3o conseguimos absorver. Somos cobrados, pressionados, nos tornamos ref\u00e9ns da nossa mente.\" \/>\n<meta name=\"robots\" content=\"index, follow, max-snippet:-1, max-image-preview:large, max-video-preview:-1\" \/>\n<link rel=\"canonical\" href=\"https:\/\/loja.springschool.me\/en\/product\/ansiedade-como-enfrentar-o-mal-do-seculo\/\" \/>\n<meta property=\"og:locale\" content=\"en_US\" \/>\n<meta property=\"og:type\" content=\"article\" \/>\n<meta property=\"og:title\" content=\"Ansiedade: Como enfrentar o mal do s\u00e9culo (Augusto Cury) - Spring School - Loja Virtual\" \/>\n<meta property=\"og:description\" content=\"Livro Ansiedade,Vivemos em uma sociedade de excessos. Somos bombardeados por informa\u00e7\u00f5es que, na maior parte das vezes, n\u00e3o conseguimos absorver. Somos cobrados, pressionados, nos tornamos ref\u00e9ns da nossa mente.\" \/>\n<meta property=\"og:url\" content=\"https:\/\/loja.springschool.me\/en\/product\/ansiedade-como-enfrentar-o-mal-do-seculo\/\" \/>\n<meta property=\"og:site_name\" content=\"Spring School - Loja Virtual\" \/>\n<meta property=\"article:modified_time\" content=\"2024-07-25T01:07:03+00:00\" \/>\n<meta property=\"og:image\" content=\"https:\/\/loja.springschool.me\/wp-content\/uploads\/2022\/11\/spring-loja-livro-04-1.jpg\" \/>\n\t<meta property=\"og:image:width\" content=\"1000\" \/>\n\t<meta property=\"og:image:height\" content=\"1000\" \/>\n\t<meta property=\"og:image:type\" content=\"image\/jpeg\" \/>\n<meta name=\"twitter:card\" content=\"summary_large_image\" \/>\n<meta name=\"twitter:label1\" content=\"Est. reading time\" \/>\n\t<meta name=\"twitter:data1\" content=\"1 minute\" \/>\n<script type=\"application\/ld+json\" class=\"yoast-schema-graph\">{\"@context\":\"https:\/\/schema.org\",\"@graph\":[{\"@type\":\"WebPage\",\"@id\":\"https:\/\/loja.springschool.me\/produto\/ansiedade-como-enfrentar-o-mal-do-seculo\/\",\"url\":\"https:\/\/loja.springschool.me\/produto\/ansiedade-como-enfrentar-o-mal-do-seculo\/\",\"name\":\"Ansiedade: Como enfrentar o mal do s\u00e9culo (Augusto Cury) - Spring School - Loja Virtual\",\"isPartOf\":{\"@id\":\"https:\/\/loja.springschool.me\/#website\"},\"datePublished\":\"2022-11-30T14:18:02+00:00\",\"dateModified\":\"2024-07-25T01:07:03+00:00\",\"description\":\"Livro Ansiedade,Vivemos em uma sociedade de excessos. Somos bombardeados por informa\u00e7\u00f5es que, na maior parte das vezes, n\u00e3o conseguimos absorver. Somos cobrados, pressionados, nos tornamos ref\u00e9ns da nossa mente.\",\"breadcrumb\":{\"@id\":\"https:\/\/loja.springschool.me\/produto\/ansiedade-como-enfrentar-o-mal-do-seculo\/#breadcrumb\"},\"inLanguage\":\"en-US\",\"potentialAction\":[{\"@type\":\"ReadAction\",\"target\":[\"https:\/\/loja.springschool.me\/produto\/ansiedade-como-enfrentar-o-mal-do-seculo\/\"]}]},{\"@type\":\"BreadcrumbList\",\"@id\":\"https:\/\/loja.springschool.me\/produto\/ansiedade-como-enfrentar-o-mal-do-seculo\/#breadcrumb\",\"itemListElement\":[{\"@type\":\"ListItem\",\"position\":1,\"name\":\"In\u00edcio\",\"item\":\"https:\/\/loja.springschool.me\/\"},{\"@type\":\"ListItem\",\"position\":2,\"name\":\"Shop\",\"item\":\"https:\/\/loja.springschool.me\/shop\/\"},{\"@type\":\"ListItem\",\"position\":3,\"name\":\"Ansiedade: Como enfrentar o mal do s\u00e9culo (Augusto Cury)\"}]},{\"@type\":\"WebSite\",\"@id\":\"https:\/\/loja.springschool.me\/#website\",\"url\":\"https:\/\/loja.springschool.me\/\",\"name\":\"Spring School - Loja Virtual\",\"description\":\"Just another WordPress site\",\"potentialAction\":[{\"@type\":\"SearchAction\",\"target\":{\"@type\":\"EntryPoint\",\"urlTemplate\":\"https:\/\/loja.springschool.me\/?s={search_term_string}\"},\"query-input\":\"required name=search_term_string\"}],\"inLanguage\":\"en-US\"}]}<\/script>\n<!-- \/ Yoast SEO plugin. -->","yoast_head_json":{"title":"Ansiedade: Como enfrentar o mal do s\u00e9culo (Augusto Cury) - Spring School - Loja Virtual","description":"Livro Ansiedade,Vivemos em uma sociedade de excessos. Somos bombardeados por informa\u00e7\u00f5es que, na maior parte das vezes, n\u00e3o conseguimos absorver. Somos cobrados, pressionados, nos tornamos ref\u00e9ns da nossa mente.","robots":{"index":"index","follow":"follow","max-snippet":"max-snippet:-1","max-image-preview":"max-image-preview:large","max-video-preview":"max-video-preview:-1"},"canonical":"https:\/\/loja.springschool.me\/en\/product\/ansiedade-como-enfrentar-o-mal-do-seculo\/","og_locale":"en_US","og_type":"article","og_title":"Ansiedade: Como enfrentar o mal do s\u00e9culo (Augusto Cury) - Spring School - Loja Virtual","og_description":"Livro Ansiedade,Vivemos em uma sociedade de excessos. Somos bombardeados por informa\u00e7\u00f5es que, na maior parte das vezes, n\u00e3o conseguimos absorver. Somos cobrados, pressionados, nos tornamos ref\u00e9ns da nossa mente.","og_url":"https:\/\/loja.springschool.me\/en\/product\/ansiedade-como-enfrentar-o-mal-do-seculo\/","og_site_name":"Spring School - Loja Virtual","article_modified_time":"2024-07-25T01:07:03+00:00","og_image":[{"width":1000,"height":1000,"url":"https:\/\/loja.springschool.me\/wp-content\/uploads\/2022\/11\/spring-loja-livro-04-1.jpg","type":"image\/jpeg"}],"twitter_card":"summary_large_image","twitter_misc":{"Est. reading time":"1 minute"},"schema":{"@context":"https:\/\/schema.org","@graph":[{"@type":"WebPage","@id":"https:\/\/loja.springschool.me\/produto\/ansiedade-como-enfrentar-o-mal-do-seculo\/","url":"https:\/\/loja.springschool.me\/produto\/ansiedade-como-enfrentar-o-mal-do-seculo\/","name":"Ansiedade: Como enfrentar o mal do s\u00e9culo (Augusto Cury) - Spring School - Loja Virtual","isPartOf":{"@id":"https:\/\/loja.springschool.me\/#website"},"datePublished":"2022-11-30T14:18:02+00:00","dateModified":"2024-07-25T01:07:03+00:00","description":"Livro Ansiedade,Vivemos em uma sociedade de excessos. Somos bombardeados por informa\u00e7\u00f5es que, na maior parte das vezes, n\u00e3o conseguimos absorver. Somos cobrados, pressionados, nos tornamos ref\u00e9ns da nossa mente.","breadcrumb":{"@id":"https:\/\/loja.springschool.me\/produto\/ansiedade-como-enfrentar-o-mal-do-seculo\/#breadcrumb"},"inLanguage":"en-US","potentialAction":[{"@type":"ReadAction","target":["https:\/\/loja.springschool.me\/produto\/ansiedade-como-enfrentar-o-mal-do-seculo\/"]}]},{"@type":"BreadcrumbList","@id":"https:\/\/loja.springschool.me\/produto\/ansiedade-como-enfrentar-o-mal-do-seculo\/#breadcrumb","itemListElement":[{"@type":"ListItem","position":1,"name":"In\u00edcio","item":"https:\/\/loja.springschool.me\/"},{"@type":"ListItem","position":2,"name":"Shop","item":"https:\/\/loja.springschool.me\/shop\/"},{"@type":"ListItem","position":3,"name":"Ansiedade: Como enfrentar o mal do s\u00e9culo (Augusto Cury)"}]},{"@type":"WebSite","@id":"https:\/\/loja.springschool.me\/#website","url":"https:\/\/loja.springschool.me\/","name":"Spring School - Loja Virtual","description":"Just another WordPress site","potentialAction":[{"@type":"SearchAction","target":{"@type":"EntryPoint","urlTemplate":"https:\/\/loja.springschool.me\/?s={search_term_string}"},"query-input":"required name=search_term_string"}],"inLanguage":"en-US"}]}},"_links":{"self":[{"href":"https:\/\/loja.springschool.me\/en\/wp-json\/wp\/v2\/product\/495"}],"collection":[{"href":"https:\/\/loja.springschool.me\/en\/wp-json\/wp\/v2\/product"}],"about":[{"href":"https:\/\/loja.springschool.me\/en\/wp-json\/wp\/v2\/types\/product"}],"version-history":[{"count":3,"href":"https:\/\/loja.springschool.me\/en\/wp-json\/wp\/v2\/product\/495\/revisions"}],"predecessor-version":[{"id":1278,"href":"https:\/\/loja.springschool.me\/en\/wp-json\/wp\/v2\/product\/495\/revisions\/1278"}],"wp:featuredmedia":[{"embeddable":true,"href":"https:\/\/loja.springschool.me\/en\/wp-json\/wp\/v2\/media\/578"}],"wp:attachment":[{"href":"https:\/\/loja.springschool.me\/en\/wp-json\/wp\/v2\/media?parent=495"}],"wp:term":[{"taxonomy":"product_cat","embeddable":true,"href":"https:\/\/loja.springschool.me\/en\/wp-json\/wp\/v2\/product_cat?post=495"},{"taxonomy":"product_tag","embeddable":true,"href":"https:\/\/loja.springschool.me\/en\/wp-json\/wp\/v2\/product_tag?post=495"}],"curies":[{"name":"wp","href":"https:\/\/api.w.org\/{rel}","templated":true}]}}