{"id":492,"date":"2022-11-30T14:14:29","date_gmt":"2022-11-30T14:14:29","guid":{"rendered":"https:\/\/loja.springschool.me\/?post_type=product&#038;p=492"},"modified":"2023-02-03T15:41:45","modified_gmt":"2023-02-03T15:41:45","slug":"o-poder-do-habito-charles-duhigg","status":"publish","type":"product","link":"https:\/\/loja.springschool.me\/en\/product\/o-poder-do-habito-charles-duhigg\/","title":{"rendered":"The Power of Habit (Charles Duhigg)"},"content":{"rendered":"<p>The book O Poder do Habito by Objetiva is a must-have in your collection. Charles Duhigg, investigative reporter for the New York Times, shows that the key to success is understanding how habits work\u2014and how we can change them. During the past two years, a young woman has transformed almost every aspect of her life. Quit smoking, ran a marathon, and got promoted. In a lab, neurologists discovered that the patterns inside her brain had fundamentally changed. Advertisers for Procter &amp; Gamble watched videos of people making their beds. They were desperately trying to figure out how to sell a new product called Febreze, which was about to become one of the biggest flops in the company&#039;s history. Suddenly, one of them detects an almost imperceptible pattern - and, with a subtle change in the advertising campaign, Febreze starts selling a billion dollars for years. A little-known CEO takes over one of America&#039;s largest companies. His first step is to attack a single standard among employees \u2013 the way they handle safety in the workplace \u2013 and soon the company starts to be the top performer on the Dow Jones index. What do all these people have in common? They managed to succeed by focusing on patterns that shape every aspect of our lives. They were successful in changing habits. With insight and skill, Charles Duhigg presents a new understanding of human nature and its potential for transformation.<\/p>","protected":false},"excerpt":{"rendered":"<p>This book by Charles Duhigg, addresses how changing patterns of behavior can change our lives and presents a new understanding about human nature and its potential for transformation.<\/p>","protected":false},"featured_media":577,"template":"","meta":[],"product_cat":[20],"product_tag":[],"yoast_head":"<!-- This site is optimized with the Yoast SEO plugin v20.11 - https:\/\/yoast.com\/wordpress\/plugins\/seo\/ -->\n<title>O poder do H\u00e1bito (Charles Duhigg) - Spring School - Loja Virtual<\/title>\n<meta name=\"description\" content=\"O poder do H\u00e1bito (Charles Duhigg) - O livro O Poder do H\u00e1bito da editora Objetiva n\u00e3o pode faltar na sua cole\u00e7\u00e3o. Charles Duhigg, rep\u00f3rter investigativo do New York Times, mostra que a chave para o sucesso \u00e9 entender como os h\u00e1bitos funcionam - e como podemos transform\u00e1-los. Durante os \u00faltimos dois anos, uma jovem transformou quase todos os aspectos de sua vida. Parou de fumar, correu uma maratona e foi promovida.\" \/>\n<meta name=\"robots\" content=\"index, follow, max-snippet:-1, max-image-preview:large, max-video-preview:-1\" \/>\n<link rel=\"canonical\" href=\"https:\/\/loja.springschool.me\/en\/product\/o-poder-do-habito-charles-duhigg\/\" \/>\n<meta property=\"og:locale\" content=\"en_US\" \/>\n<meta property=\"og:type\" content=\"article\" \/>\n<meta property=\"og:title\" content=\"O poder do H\u00e1bito (Charles Duhigg) - Spring School - Loja Virtual\" \/>\n<meta property=\"og:description\" content=\"O poder do H\u00e1bito (Charles Duhigg) - O livro O Poder do H\u00e1bito da editora Objetiva n\u00e3o pode faltar na sua cole\u00e7\u00e3o. Charles Duhigg, rep\u00f3rter investigativo do New York Times, mostra que a chave para o sucesso \u00e9 entender como os h\u00e1bitos funcionam - e como podemos transform\u00e1-los. Durante os \u00faltimos dois anos, uma jovem transformou quase todos os aspectos de sua vida. Parou de fumar, correu uma maratona e foi promovida.\" \/>\n<meta property=\"og:url\" content=\"https:\/\/loja.springschool.me\/en\/product\/o-poder-do-habito-charles-duhigg\/\" \/>\n<meta property=\"og:site_name\" content=\"Spring School - Loja Virtual\" \/>\n<meta property=\"article:modified_time\" content=\"2023-02-03T15:41:45+00:00\" \/>\n<meta property=\"og:image\" content=\"https:\/\/loja.springschool.me\/wp-content\/uploads\/2022\/11\/spring-loja-livro-03-1.jpg\" \/>\n\t<meta property=\"og:image:width\" content=\"1000\" \/>\n\t<meta property=\"og:image:height\" content=\"1000\" \/>\n\t<meta property=\"og:image:type\" content=\"image\/jpeg\" \/>\n<meta name=\"twitter:card\" content=\"summary_large_image\" \/>\n<meta name=\"twitter:label1\" content=\"Est. reading time\" \/>\n\t<meta name=\"twitter:data1\" content=\"2 minutes\" \/>\n<script type=\"application\/ld+json\" class=\"yoast-schema-graph\">{\"@context\":\"https:\/\/schema.org\",\"@graph\":[{\"@type\":\"WebPage\",\"@id\":\"https:\/\/loja.springschool.me\/produto\/o-poder-do-habito-charles-duhigg\/\",\"url\":\"https:\/\/loja.springschool.me\/produto\/o-poder-do-habito-charles-duhigg\/\",\"name\":\"O poder do H\u00e1bito (Charles Duhigg) - Spring School - Loja Virtual\",\"isPartOf\":{\"@id\":\"https:\/\/loja.springschool.me\/#website\"},\"datePublished\":\"2022-11-30T14:14:29+00:00\",\"dateModified\":\"2023-02-03T15:41:45+00:00\",\"description\":\"O poder do H\u00e1bito (Charles Duhigg) - O livro O Poder do H\u00e1bito da editora Objetiva n\u00e3o pode faltar na sua cole\u00e7\u00e3o. Charles Duhigg, rep\u00f3rter investigativo do New York Times, mostra que a chave para o sucesso \u00e9 entender como os h\u00e1bitos funcionam - e como podemos transform\u00e1-los. Durante os \u00faltimos dois anos, uma jovem transformou quase todos os aspectos de sua vida. Parou de fumar, correu uma maratona e foi promovida.\",\"breadcrumb\":{\"@id\":\"https:\/\/loja.springschool.me\/produto\/o-poder-do-habito-charles-duhigg\/#breadcrumb\"},\"inLanguage\":\"en-US\",\"potentialAction\":[{\"@type\":\"ReadAction\",\"target\":[\"https:\/\/loja.springschool.me\/produto\/o-poder-do-habito-charles-duhigg\/\"]}]},{\"@type\":\"BreadcrumbList\",\"@id\":\"https:\/\/loja.springschool.me\/produto\/o-poder-do-habito-charles-duhigg\/#breadcrumb\",\"itemListElement\":[{\"@type\":\"ListItem\",\"position\":1,\"name\":\"In\u00edcio\",\"item\":\"https:\/\/loja.springschool.me\/\"},{\"@type\":\"ListItem\",\"position\":2,\"name\":\"Shop\",\"item\":\"https:\/\/loja.springschool.me\/shop\/\"},{\"@type\":\"ListItem\",\"position\":3,\"name\":\"O poder do H\u00e1bito (Charles Duhigg)\"}]},{\"@type\":\"WebSite\",\"@id\":\"https:\/\/loja.springschool.me\/#website\",\"url\":\"https:\/\/loja.springschool.me\/\",\"name\":\"Spring School - Loja Virtual\",\"description\":\"Just another WordPress site\",\"potentialAction\":[{\"@type\":\"SearchAction\",\"target\":{\"@type\":\"EntryPoint\",\"urlTemplate\":\"https:\/\/loja.springschool.me\/?s={search_term_string}\"},\"query-input\":\"required name=search_term_string\"}],\"inLanguage\":\"en-US\"}]}<\/script>\n<!-- \/ Yoast SEO plugin. -->","yoast_head_json":{"title":"O poder do H\u00e1bito (Charles Duhigg) - Spring School - Loja Virtual","description":"O poder do H\u00e1bito (Charles Duhigg) - O livro O Poder do H\u00e1bito da editora Objetiva n\u00e3o pode faltar na sua cole\u00e7\u00e3o. Charles Duhigg, rep\u00f3rter investigativo do New York Times, mostra que a chave para o sucesso \u00e9 entender como os h\u00e1bitos funcionam - e como podemos transform\u00e1-los. Durante os \u00faltimos dois anos, uma jovem transformou quase todos os aspectos de sua vida. Parou de fumar, correu uma maratona e foi promovida.","robots":{"index":"index","follow":"follow","max-snippet":"max-snippet:-1","max-image-preview":"max-image-preview:large","max-video-preview":"max-video-preview:-1"},"canonical":"https:\/\/loja.springschool.me\/en\/product\/o-poder-do-habito-charles-duhigg\/","og_locale":"en_US","og_type":"article","og_title":"O poder do H\u00e1bito (Charles Duhigg) - Spring School - Loja Virtual","og_description":"O poder do H\u00e1bito (Charles Duhigg) - O livro O Poder do H\u00e1bito da editora Objetiva n\u00e3o pode faltar na sua cole\u00e7\u00e3o. Charles Duhigg, rep\u00f3rter investigativo do New York Times, mostra que a chave para o sucesso \u00e9 entender como os h\u00e1bitos funcionam - e como podemos transform\u00e1-los. Durante os \u00faltimos dois anos, uma jovem transformou quase todos os aspectos de sua vida. Parou de fumar, correu uma maratona e foi promovida.","og_url":"https:\/\/loja.springschool.me\/en\/product\/o-poder-do-habito-charles-duhigg\/","og_site_name":"Spring School - Loja Virtual","article_modified_time":"2023-02-03T15:41:45+00:00","og_image":[{"width":1000,"height":1000,"url":"https:\/\/loja.springschool.me\/wp-content\/uploads\/2022\/11\/spring-loja-livro-03-1.jpg","type":"image\/jpeg"}],"twitter_card":"summary_large_image","twitter_misc":{"Est. reading time":"2 minutes"},"schema":{"@context":"https:\/\/schema.org","@graph":[{"@type":"WebPage","@id":"https:\/\/loja.springschool.me\/produto\/o-poder-do-habito-charles-duhigg\/","url":"https:\/\/loja.springschool.me\/produto\/o-poder-do-habito-charles-duhigg\/","name":"O poder do H\u00e1bito (Charles Duhigg) - Spring School - Loja Virtual","isPartOf":{"@id":"https:\/\/loja.springschool.me\/#website"},"datePublished":"2022-11-30T14:14:29+00:00","dateModified":"2023-02-03T15:41:45+00:00","description":"O poder do H\u00e1bito (Charles Duhigg) - O livro O Poder do H\u00e1bito da editora Objetiva n\u00e3o pode faltar na sua cole\u00e7\u00e3o. Charles Duhigg, rep\u00f3rter investigativo do New York Times, mostra que a chave para o sucesso \u00e9 entender como os h\u00e1bitos funcionam - e como podemos transform\u00e1-los. Durante os \u00faltimos dois anos, uma jovem transformou quase todos os aspectos de sua vida. Parou de fumar, correu uma maratona e foi promovida.","breadcrumb":{"@id":"https:\/\/loja.springschool.me\/produto\/o-poder-do-habito-charles-duhigg\/#breadcrumb"},"inLanguage":"en-US","potentialAction":[{"@type":"ReadAction","target":["https:\/\/loja.springschool.me\/produto\/o-poder-do-habito-charles-duhigg\/"]}]},{"@type":"BreadcrumbList","@id":"https:\/\/loja.springschool.me\/produto\/o-poder-do-habito-charles-duhigg\/#breadcrumb","itemListElement":[{"@type":"ListItem","position":1,"name":"In\u00edcio","item":"https:\/\/loja.springschool.me\/"},{"@type":"ListItem","position":2,"name":"Shop","item":"https:\/\/loja.springschool.me\/shop\/"},{"@type":"ListItem","position":3,"name":"O poder do H\u00e1bito (Charles Duhigg)"}]},{"@type":"WebSite","@id":"https:\/\/loja.springschool.me\/#website","url":"https:\/\/loja.springschool.me\/","name":"Spring School - Loja Virtual","description":"Just another WordPress site","potentialAction":[{"@type":"SearchAction","target":{"@type":"EntryPoint","urlTemplate":"https:\/\/loja.springschool.me\/?s={search_term_string}"},"query-input":"required name=search_term_string"}],"inLanguage":"en-US"}]}},"_links":{"self":[{"href":"https:\/\/loja.springschool.me\/en\/wp-json\/wp\/v2\/product\/492"}],"collection":[{"href":"https:\/\/loja.springschool.me\/en\/wp-json\/wp\/v2\/product"}],"about":[{"href":"https:\/\/loja.springschool.me\/en\/wp-json\/wp\/v2\/types\/product"}],"version-history":[{"count":2,"href":"https:\/\/loja.springschool.me\/en\/wp-json\/wp\/v2\/product\/492\/revisions"}],"predecessor-version":[{"id":1277,"href":"https:\/\/loja.springschool.me\/en\/wp-json\/wp\/v2\/product\/492\/revisions\/1277"}],"wp:featuredmedia":[{"embeddable":true,"href":"https:\/\/loja.springschool.me\/en\/wp-json\/wp\/v2\/media\/577"}],"wp:attachment":[{"href":"https:\/\/loja.springschool.me\/en\/wp-json\/wp\/v2\/media?parent=492"}],"wp:term":[{"taxonomy":"product_cat","embeddable":true,"href":"https:\/\/loja.springschool.me\/en\/wp-json\/wp\/v2\/product_cat?post=492"},{"taxonomy":"product_tag","embeddable":true,"href":"https:\/\/loja.springschool.me\/en\/wp-json\/wp\/v2\/product_tag?post=492"}],"curies":[{"name":"wp","href":"https:\/\/api.w.org\/{rel}","templated":true}]}}