{"id":489,"date":"2022-11-30T14:11:05","date_gmt":"2022-11-30T14:11:05","guid":{"rendered":"https:\/\/loja.springschool.me\/?post_type=product&#038;p=489"},"modified":"2023-02-03T15:36:29","modified_gmt":"2023-02-03T15:36:29","slug":"o-jeito-harvard-de-ser-feliz-o-curso-mais-concorrido-da-melhor-universidade-do-mundo","status":"publish","type":"product","link":"https:\/\/loja.springschool.me\/en\/product\/o-jeito-harvard-de-ser-feliz-o-curso-mais-concorrido-da-melhor-universidade-do-mundo\/","title":{"rendered":"The Harvard Way to Be Happy: The most popular course at the best university in the world"},"content":{"rendered":"<p>You don&#039;t have to be successful to be happy, but you need to be happy to be successful Popular wisdom says that if we work hard we will succeed, and if we succeed then we can be happy. If we could find that dream job, get one more promotion, lose those ten pounds, happiness would follow. But recent discoveries in the field of positive psychology have shown that this formula actually works the other way around: it&#039;s happiness that drives success, not the other way around. When we are positive, our brain becomes more engaged, becomes more creative, motivated, energized and productive at work. This is not a simple empty mantra. The finding has been proven repeatedly by rigorous research in the fields of psychology and neuroscience, management studies and financial results of organizations around the world. This book doesn&#039;t just discuss how to be happier, it tries to teach us how to reap the rewards of a more positive mental attitude that provides extraordinary effects in our work and in our lives, being mandatory reading for all those who seek excellence in a world where the workload, stress and negativism are increasing. \u201cShawn Achor is fun, aware of his limitations and easily knocks down my old ideas about this field of knowledge.\u201d Boston Globe \u201cShawn bases his training sessions on a growing body of research in the area of positive psychology, which emphasizes resilience and positive attitudes.\u201d Wall Street Journal.<\/p>","protected":false},"excerpt":{"rendered":"<p>Based on research in positive psychology, the book teaches how a positive mindset can bring about improvements in work and life. It is important reading for those seeking excellence in an increasingly stressful and negative world.<\/p>","protected":false},"featured_media":576,"template":"","meta":[],"product_cat":[20],"product_tag":[],"yoast_head":"<!-- This site is optimized with the Yoast SEO plugin v20.11 - https:\/\/yoast.com\/wordpress\/plugins\/seo\/ -->\n<title>O Jeito Harvard de Ser Feliz: O curso mais concorrido da melhor universidade do mundo - Spring School - Loja Virtual<\/title>\n<meta name=\"description\" content=\"O Jeito Harvard de Ser Feliz: O curso mais concorrido da melhor universidade do mundo - Voc\u00ea n\u00e3o precisa ter sucesso para ser feliz, mas precisa ser feliz para ter sucesso A sabedoria popular diz que se nos empenharmos teremos sucesso, e se tivermos sucesso, ent\u00e3o poderemos ser felizes. Se pud\u00e9ssemos encontrar aquele emprego dos sonhos, ter mais uma promo\u00e7\u00e3o, perder aqueles tr\u00eas quilos, a felicidade viria. Mas descobertas recentes no campo da psicologia positiva t\u00eam demonstrado que essa f\u00f3rmula funciona na verdade de maneira inversa: \u00e9 a felicidade que impulsiona o sucesso, e n\u00e3o o contr\u00e1rio.\" \/>\n<meta name=\"robots\" content=\"index, follow, max-snippet:-1, max-image-preview:large, max-video-preview:-1\" \/>\n<link rel=\"canonical\" href=\"https:\/\/loja.springschool.me\/en\/product\/o-jeito-harvard-de-ser-feliz-o-curso-mais-concorrido-da-melhor-universidade-do-mundo\/\" \/>\n<meta property=\"og:locale\" content=\"en_US\" \/>\n<meta property=\"og:type\" content=\"article\" \/>\n<meta property=\"og:title\" content=\"O Jeito Harvard de Ser Feliz: O curso mais concorrido da melhor universidade do mundo - Spring School - Loja Virtual\" \/>\n<meta property=\"og:description\" content=\"O Jeito Harvard de Ser Feliz: O curso mais concorrido da melhor universidade do mundo - Voc\u00ea n\u00e3o precisa ter sucesso para ser feliz, mas precisa ser feliz para ter sucesso A sabedoria popular diz que se nos empenharmos teremos sucesso, e se tivermos sucesso, ent\u00e3o poderemos ser felizes. Se pud\u00e9ssemos encontrar aquele emprego dos sonhos, ter mais uma promo\u00e7\u00e3o, perder aqueles tr\u00eas quilos, a felicidade viria. Mas descobertas recentes no campo da psicologia positiva t\u00eam demonstrado que essa f\u00f3rmula funciona na verdade de maneira inversa: \u00e9 a felicidade que impulsiona o sucesso, e n\u00e3o o contr\u00e1rio.\" \/>\n<meta property=\"og:url\" content=\"https:\/\/loja.springschool.me\/en\/product\/o-jeito-harvard-de-ser-feliz-o-curso-mais-concorrido-da-melhor-universidade-do-mundo\/\" \/>\n<meta property=\"og:site_name\" content=\"Spring School - Loja Virtual\" \/>\n<meta property=\"article:modified_time\" content=\"2023-02-03T15:36:29+00:00\" \/>\n<meta property=\"og:image\" content=\"https:\/\/loja.springschool.me\/wp-content\/uploads\/2022\/11\/spring-loja-livro-02.jpg\" \/>\n\t<meta property=\"og:image:width\" content=\"1000\" \/>\n\t<meta property=\"og:image:height\" content=\"1000\" \/>\n\t<meta property=\"og:image:type\" content=\"image\/jpeg\" \/>\n<meta name=\"twitter:card\" content=\"summary_large_image\" \/>\n<meta name=\"twitter:label1\" content=\"Est. reading time\" \/>\n\t<meta name=\"twitter:data1\" content=\"2 minutes\" \/>\n<script type=\"application\/ld+json\" class=\"yoast-schema-graph\">{\"@context\":\"https:\/\/schema.org\",\"@graph\":[{\"@type\":\"WebPage\",\"@id\":\"https:\/\/loja.springschool.me\/produto\/o-jeito-harvard-de-ser-feliz-o-curso-mais-concorrido-da-melhor-universidade-do-mundo\/\",\"url\":\"https:\/\/loja.springschool.me\/produto\/o-jeito-harvard-de-ser-feliz-o-curso-mais-concorrido-da-melhor-universidade-do-mundo\/\",\"name\":\"O Jeito Harvard de Ser Feliz: O curso mais concorrido da melhor universidade do mundo - Spring School - Loja Virtual\",\"isPartOf\":{\"@id\":\"https:\/\/loja.springschool.me\/#website\"},\"datePublished\":\"2022-11-30T14:11:05+00:00\",\"dateModified\":\"2023-02-03T15:36:29+00:00\",\"description\":\"O Jeito Harvard de Ser Feliz: O curso mais concorrido da melhor universidade do mundo - Voc\u00ea n\u00e3o precisa ter sucesso para ser feliz, mas precisa ser feliz para ter sucesso A sabedoria popular diz que se nos empenharmos teremos sucesso, e se tivermos sucesso, ent\u00e3o poderemos ser felizes. Se pud\u00e9ssemos encontrar aquele emprego dos sonhos, ter mais uma promo\u00e7\u00e3o, perder aqueles tr\u00eas quilos, a felicidade viria. Mas descobertas recentes no campo da psicologia positiva t\u00eam demonstrado que essa f\u00f3rmula funciona na verdade de maneira inversa: \u00e9 a felicidade que impulsiona o sucesso, e n\u00e3o o contr\u00e1rio.\",\"breadcrumb\":{\"@id\":\"https:\/\/loja.springschool.me\/produto\/o-jeito-harvard-de-ser-feliz-o-curso-mais-concorrido-da-melhor-universidade-do-mundo\/#breadcrumb\"},\"inLanguage\":\"en-US\",\"potentialAction\":[{\"@type\":\"ReadAction\",\"target\":[\"https:\/\/loja.springschool.me\/produto\/o-jeito-harvard-de-ser-feliz-o-curso-mais-concorrido-da-melhor-universidade-do-mundo\/\"]}]},{\"@type\":\"BreadcrumbList\",\"@id\":\"https:\/\/loja.springschool.me\/produto\/o-jeito-harvard-de-ser-feliz-o-curso-mais-concorrido-da-melhor-universidade-do-mundo\/#breadcrumb\",\"itemListElement\":[{\"@type\":\"ListItem\",\"position\":1,\"name\":\"In\u00edcio\",\"item\":\"https:\/\/loja.springschool.me\/\"},{\"@type\":\"ListItem\",\"position\":2,\"name\":\"Shop\",\"item\":\"https:\/\/loja.springschool.me\/shop\/\"},{\"@type\":\"ListItem\",\"position\":3,\"name\":\"O Jeito Harvard de Ser Feliz: O curso mais concorrido da melhor universidade do mundo\"}]},{\"@type\":\"WebSite\",\"@id\":\"https:\/\/loja.springschool.me\/#website\",\"url\":\"https:\/\/loja.springschool.me\/\",\"name\":\"Spring School - Loja Virtual\",\"description\":\"Just another WordPress site\",\"potentialAction\":[{\"@type\":\"SearchAction\",\"target\":{\"@type\":\"EntryPoint\",\"urlTemplate\":\"https:\/\/loja.springschool.me\/?s={search_term_string}\"},\"query-input\":\"required name=search_term_string\"}],\"inLanguage\":\"en-US\"}]}<\/script>\n<!-- \/ Yoast SEO plugin. -->","yoast_head_json":{"title":"O Jeito Harvard de Ser Feliz: O curso mais concorrido da melhor universidade do mundo - Spring School - Loja Virtual","description":"O Jeito Harvard de Ser Feliz: O curso mais concorrido da melhor universidade do mundo - Voc\u00ea n\u00e3o precisa ter sucesso para ser feliz, mas precisa ser feliz para ter sucesso A sabedoria popular diz que se nos empenharmos teremos sucesso, e se tivermos sucesso, ent\u00e3o poderemos ser felizes. Se pud\u00e9ssemos encontrar aquele emprego dos sonhos, ter mais uma promo\u00e7\u00e3o, perder aqueles tr\u00eas quilos, a felicidade viria. Mas descobertas recentes no campo da psicologia positiva t\u00eam demonstrado que essa f\u00f3rmula funciona na verdade de maneira inversa: \u00e9 a felicidade que impulsiona o sucesso, e n\u00e3o o contr\u00e1rio.","robots":{"index":"index","follow":"follow","max-snippet":"max-snippet:-1","max-image-preview":"max-image-preview:large","max-video-preview":"max-video-preview:-1"},"canonical":"https:\/\/loja.springschool.me\/en\/product\/o-jeito-harvard-de-ser-feliz-o-curso-mais-concorrido-da-melhor-universidade-do-mundo\/","og_locale":"en_US","og_type":"article","og_title":"O Jeito Harvard de Ser Feliz: O curso mais concorrido da melhor universidade do mundo - Spring School - Loja Virtual","og_description":"O Jeito Harvard de Ser Feliz: O curso mais concorrido da melhor universidade do mundo - Voc\u00ea n\u00e3o precisa ter sucesso para ser feliz, mas precisa ser feliz para ter sucesso A sabedoria popular diz que se nos empenharmos teremos sucesso, e se tivermos sucesso, ent\u00e3o poderemos ser felizes. Se pud\u00e9ssemos encontrar aquele emprego dos sonhos, ter mais uma promo\u00e7\u00e3o, perder aqueles tr\u00eas quilos, a felicidade viria. Mas descobertas recentes no campo da psicologia positiva t\u00eam demonstrado que essa f\u00f3rmula funciona na verdade de maneira inversa: \u00e9 a felicidade que impulsiona o sucesso, e n\u00e3o o contr\u00e1rio.","og_url":"https:\/\/loja.springschool.me\/en\/product\/o-jeito-harvard-de-ser-feliz-o-curso-mais-concorrido-da-melhor-universidade-do-mundo\/","og_site_name":"Spring School - Loja Virtual","article_modified_time":"2023-02-03T15:36:29+00:00","og_image":[{"width":1000,"height":1000,"url":"https:\/\/loja.springschool.me\/wp-content\/uploads\/2022\/11\/spring-loja-livro-02.jpg","type":"image\/jpeg"}],"twitter_card":"summary_large_image","twitter_misc":{"Est. reading time":"2 minutes"},"schema":{"@context":"https:\/\/schema.org","@graph":[{"@type":"WebPage","@id":"https:\/\/loja.springschool.me\/produto\/o-jeito-harvard-de-ser-feliz-o-curso-mais-concorrido-da-melhor-universidade-do-mundo\/","url":"https:\/\/loja.springschool.me\/produto\/o-jeito-harvard-de-ser-feliz-o-curso-mais-concorrido-da-melhor-universidade-do-mundo\/","name":"O Jeito Harvard de Ser Feliz: O curso mais concorrido da melhor universidade do mundo - Spring School - Loja Virtual","isPartOf":{"@id":"https:\/\/loja.springschool.me\/#website"},"datePublished":"2022-11-30T14:11:05+00:00","dateModified":"2023-02-03T15:36:29+00:00","description":"O Jeito Harvard de Ser Feliz: O curso mais concorrido da melhor universidade do mundo - Voc\u00ea n\u00e3o precisa ter sucesso para ser feliz, mas precisa ser feliz para ter sucesso A sabedoria popular diz que se nos empenharmos teremos sucesso, e se tivermos sucesso, ent\u00e3o poderemos ser felizes. Se pud\u00e9ssemos encontrar aquele emprego dos sonhos, ter mais uma promo\u00e7\u00e3o, perder aqueles tr\u00eas quilos, a felicidade viria. Mas descobertas recentes no campo da psicologia positiva t\u00eam demonstrado que essa f\u00f3rmula funciona na verdade de maneira inversa: \u00e9 a felicidade que impulsiona o sucesso, e n\u00e3o o contr\u00e1rio.","breadcrumb":{"@id":"https:\/\/loja.springschool.me\/produto\/o-jeito-harvard-de-ser-feliz-o-curso-mais-concorrido-da-melhor-universidade-do-mundo\/#breadcrumb"},"inLanguage":"en-US","potentialAction":[{"@type":"ReadAction","target":["https:\/\/loja.springschool.me\/produto\/o-jeito-harvard-de-ser-feliz-o-curso-mais-concorrido-da-melhor-universidade-do-mundo\/"]}]},{"@type":"BreadcrumbList","@id":"https:\/\/loja.springschool.me\/produto\/o-jeito-harvard-de-ser-feliz-o-curso-mais-concorrido-da-melhor-universidade-do-mundo\/#breadcrumb","itemListElement":[{"@type":"ListItem","position":1,"name":"In\u00edcio","item":"https:\/\/loja.springschool.me\/"},{"@type":"ListItem","position":2,"name":"Shop","item":"https:\/\/loja.springschool.me\/shop\/"},{"@type":"ListItem","position":3,"name":"O Jeito Harvard de Ser Feliz: O curso mais concorrido da melhor universidade do mundo"}]},{"@type":"WebSite","@id":"https:\/\/loja.springschool.me\/#website","url":"https:\/\/loja.springschool.me\/","name":"Spring School - Loja Virtual","description":"Just another WordPress site","potentialAction":[{"@type":"SearchAction","target":{"@type":"EntryPoint","urlTemplate":"https:\/\/loja.springschool.me\/?s={search_term_string}"},"query-input":"required name=search_term_string"}],"inLanguage":"en-US"}]}},"_links":{"self":[{"href":"https:\/\/loja.springschool.me\/en\/wp-json\/wp\/v2\/product\/489"}],"collection":[{"href":"https:\/\/loja.springschool.me\/en\/wp-json\/wp\/v2\/product"}],"about":[{"href":"https:\/\/loja.springschool.me\/en\/wp-json\/wp\/v2\/types\/product"}],"version-history":[{"count":2,"href":"https:\/\/loja.springschool.me\/en\/wp-json\/wp\/v2\/product\/489\/revisions"}],"predecessor-version":[{"id":1276,"href":"https:\/\/loja.springschool.me\/en\/wp-json\/wp\/v2\/product\/489\/revisions\/1276"}],"wp:featuredmedia":[{"embeddable":true,"href":"https:\/\/loja.springschool.me\/en\/wp-json\/wp\/v2\/media\/576"}],"wp:attachment":[{"href":"https:\/\/loja.springschool.me\/en\/wp-json\/wp\/v2\/media?parent=489"}],"wp:term":[{"taxonomy":"product_cat","embeddable":true,"href":"https:\/\/loja.springschool.me\/en\/wp-json\/wp\/v2\/product_cat?post=489"},{"taxonomy":"product_tag","embeddable":true,"href":"https:\/\/loja.springschool.me\/en\/wp-json\/wp\/v2\/product_tag?post=489"}],"curies":[{"name":"wp","href":"https:\/\/api.w.org\/{rel}","templated":true}]}}