{"id":475,"date":"2022-11-30T13:54:58","date_gmt":"2022-11-30T13:54:58","guid":{"rendered":"https:\/\/loja.springschool.me\/?post_type=product&#038;p=475"},"modified":"2023-02-03T15:11:00","modified_gmt":"2023-02-03T15:11:00","slug":"os-segredos-do-vale-do-silicio-deborah-perry-piscione","status":"publish","type":"product","link":"https:\/\/loja.springschool.me\/en\/product\/os-segredos-do-vale-do-silicio-deborah-perry-piscione\/","title":{"rendered":"Secrets of Silicon Valley by Deborah Perry Piscione"},"content":{"rendered":"<p>While the global economy is going through turbulent times and many investors remain risk-averse, a small corner of America, already responsible for some of the main innovations of the last decades, continues to fly high: Silicon Valley. In \u201cSecrets of Silicon Valley\u201d, Deborah Perry Piscione reveals the reason for the amazing success of this community. The book takes us inside a vibrant ecosystem that values innovative ideas, where meritocracy prevails, collaboration and information sharing are essential, and ideas are the main currency. Explores Silicon Valley&#039;s uniquely risk-tolerant culture and the special role of the area&#039;s immigrant population, showing how these factors drive progress regardless of global economic indicators. Based on interviews with venture capitalists, entrepreneurs, entrepreneurs, among others, and bringing a series of case studies, such as Google, Tesla and Paypal, Perry Piscione shows how the innovative culture of Silicon Valley can contribute to other communities and inspire change in entrenched industries that are unable to respond to today&#039;s global challenges.<\/p>","protected":false},"excerpt":{"rendered":"<p>\u201cThe Secrets of Silicon Valley\u201d is a book that highlights the success of the region despite the unstable global economy. The author explores innovative culture and the role of immigrants in creating progress. The book presents successful case studies, such as Google, Tesla and Paypal, and shows how the culture of the Valley can inspire changes in other communities.<\/p>","protected":false},"featured_media":575,"template":"","meta":[],"product_cat":[20],"product_tag":[],"yoast_head":"<!-- This site is optimized with the Yoast SEO plugin v20.11 - https:\/\/yoast.com\/wordpress\/plugins\/seo\/ -->\n<title>Os segredos do vale do Sil\u00edcio (Deborah Perry Piscione) - Spring School - Loja Virtual<\/title>\n<meta name=\"description\" content=\"Os segredos do vale do Sil\u00edcio (Deborah Perry Piscione) - Enquanto a economia global passa por momentos conturbados e muitos investidores continuam avessos ao risco, um pequeno canto da Am\u00e9rica, j\u00e1 respons\u00e1vel por algumas das principais inova\u00e7\u00f5es das \u00faltimas d\u00e9cadas, continua voando alto: o Vale do Sil\u00edcio. Em \u201cOs Segredos do Vale do Sil\u00edcio\u201d...\" \/>\n<meta name=\"robots\" content=\"index, follow, max-snippet:-1, max-image-preview:large, max-video-preview:-1\" \/>\n<link rel=\"canonical\" href=\"https:\/\/loja.springschool.me\/en\/product\/os-segredos-do-vale-do-silicio-deborah-perry-piscione\/\" \/>\n<meta property=\"og:locale\" content=\"en_US\" \/>\n<meta property=\"og:type\" content=\"article\" \/>\n<meta property=\"og:title\" content=\"Os segredos do vale do Sil\u00edcio (Deborah Perry Piscione) - Spring School - Loja Virtual\" \/>\n<meta property=\"og:description\" content=\"Os segredos do vale do Sil\u00edcio (Deborah Perry Piscione) - Enquanto a economia global passa por momentos conturbados e muitos investidores continuam avessos ao risco, um pequeno canto da Am\u00e9rica, j\u00e1 respons\u00e1vel por algumas das principais inova\u00e7\u00f5es das \u00faltimas d\u00e9cadas, continua voando alto: o Vale do Sil\u00edcio. Em \u201cOs Segredos do Vale do Sil\u00edcio\u201d...\" \/>\n<meta property=\"og:url\" content=\"https:\/\/loja.springschool.me\/en\/product\/os-segredos-do-vale-do-silicio-deborah-perry-piscione\/\" \/>\n<meta property=\"og:site_name\" content=\"Spring School - Loja Virtual\" \/>\n<meta property=\"article:modified_time\" content=\"2023-02-03T15:11:00+00:00\" \/>\n<meta property=\"og:image\" content=\"https:\/\/loja.springschool.me\/wp-content\/uploads\/2022\/11\/spring-loja-livro-01-1.jpg\" \/>\n\t<meta property=\"og:image:width\" content=\"1000\" \/>\n\t<meta property=\"og:image:height\" content=\"1000\" \/>\n\t<meta property=\"og:image:type\" content=\"image\/jpeg\" \/>\n<meta name=\"twitter:card\" content=\"summary_large_image\" \/>\n<meta name=\"twitter:label1\" content=\"Est. reading time\" \/>\n\t<meta name=\"twitter:data1\" content=\"1 minute\" \/>\n<script type=\"application\/ld+json\" class=\"yoast-schema-graph\">{\"@context\":\"https:\/\/schema.org\",\"@graph\":[{\"@type\":\"WebPage\",\"@id\":\"https:\/\/loja.springschool.me\/produto\/os-segredos-do-vale-do-silicio-deborah-perry-piscione\/\",\"url\":\"https:\/\/loja.springschool.me\/produto\/os-segredos-do-vale-do-silicio-deborah-perry-piscione\/\",\"name\":\"Os segredos do vale do Sil\u00edcio (Deborah Perry Piscione) - Spring School - Loja Virtual\",\"isPartOf\":{\"@id\":\"https:\/\/loja.springschool.me\/#website\"},\"datePublished\":\"2022-11-30T13:54:58+00:00\",\"dateModified\":\"2023-02-03T15:11:00+00:00\",\"description\":\"Os segredos do vale do Sil\u00edcio (Deborah Perry Piscione) - Enquanto a economia global passa por momentos conturbados e muitos investidores continuam avessos ao risco, um pequeno canto da Am\u00e9rica, j\u00e1 respons\u00e1vel por algumas das principais inova\u00e7\u00f5es das \u00faltimas d\u00e9cadas, continua voando alto: o Vale do Sil\u00edcio. Em \u201cOs Segredos do Vale do Sil\u00edcio\u201d...\",\"breadcrumb\":{\"@id\":\"https:\/\/loja.springschool.me\/produto\/os-segredos-do-vale-do-silicio-deborah-perry-piscione\/#breadcrumb\"},\"inLanguage\":\"en-US\",\"potentialAction\":[{\"@type\":\"ReadAction\",\"target\":[\"https:\/\/loja.springschool.me\/produto\/os-segredos-do-vale-do-silicio-deborah-perry-piscione\/\"]}]},{\"@type\":\"BreadcrumbList\",\"@id\":\"https:\/\/loja.springschool.me\/produto\/os-segredos-do-vale-do-silicio-deborah-perry-piscione\/#breadcrumb\",\"itemListElement\":[{\"@type\":\"ListItem\",\"position\":1,\"name\":\"In\u00edcio\",\"item\":\"https:\/\/loja.springschool.me\/\"},{\"@type\":\"ListItem\",\"position\":2,\"name\":\"Shop\",\"item\":\"https:\/\/loja.springschool.me\/shop\/\"},{\"@type\":\"ListItem\",\"position\":3,\"name\":\"Os segredos do vale do Sil\u00edcio (Deborah Perry Piscione)\"}]},{\"@type\":\"WebSite\",\"@id\":\"https:\/\/loja.springschool.me\/#website\",\"url\":\"https:\/\/loja.springschool.me\/\",\"name\":\"Spring School - Loja Virtual\",\"description\":\"Just another WordPress site\",\"potentialAction\":[{\"@type\":\"SearchAction\",\"target\":{\"@type\":\"EntryPoint\",\"urlTemplate\":\"https:\/\/loja.springschool.me\/?s={search_term_string}\"},\"query-input\":\"required name=search_term_string\"}],\"inLanguage\":\"en-US\"}]}<\/script>\n<!-- \/ Yoast SEO plugin. -->","yoast_head_json":{"title":"Os segredos do vale do Sil\u00edcio (Deborah Perry Piscione) - Spring School - Loja Virtual","description":"Os segredos do vale do Sil\u00edcio (Deborah Perry Piscione) - Enquanto a economia global passa por momentos conturbados e muitos investidores continuam avessos ao risco, um pequeno canto da Am\u00e9rica, j\u00e1 respons\u00e1vel por algumas das principais inova\u00e7\u00f5es das \u00faltimas d\u00e9cadas, continua voando alto: o Vale do Sil\u00edcio. Em \u201cOs Segredos do Vale do Sil\u00edcio\u201d...","robots":{"index":"index","follow":"follow","max-snippet":"max-snippet:-1","max-image-preview":"max-image-preview:large","max-video-preview":"max-video-preview:-1"},"canonical":"https:\/\/loja.springschool.me\/en\/product\/os-segredos-do-vale-do-silicio-deborah-perry-piscione\/","og_locale":"en_US","og_type":"article","og_title":"Os segredos do vale do Sil\u00edcio (Deborah Perry Piscione) - Spring School - Loja Virtual","og_description":"Os segredos do vale do Sil\u00edcio (Deborah Perry Piscione) - Enquanto a economia global passa por momentos conturbados e muitos investidores continuam avessos ao risco, um pequeno canto da Am\u00e9rica, j\u00e1 respons\u00e1vel por algumas das principais inova\u00e7\u00f5es das \u00faltimas d\u00e9cadas, continua voando alto: o Vale do Sil\u00edcio. Em \u201cOs Segredos do Vale do Sil\u00edcio\u201d...","og_url":"https:\/\/loja.springschool.me\/en\/product\/os-segredos-do-vale-do-silicio-deborah-perry-piscione\/","og_site_name":"Spring School - Loja Virtual","article_modified_time":"2023-02-03T15:11:00+00:00","og_image":[{"width":1000,"height":1000,"url":"https:\/\/loja.springschool.me\/wp-content\/uploads\/2022\/11\/spring-loja-livro-01-1.jpg","type":"image\/jpeg"}],"twitter_card":"summary_large_image","twitter_misc":{"Est. reading time":"1 minute"},"schema":{"@context":"https:\/\/schema.org","@graph":[{"@type":"WebPage","@id":"https:\/\/loja.springschool.me\/produto\/os-segredos-do-vale-do-silicio-deborah-perry-piscione\/","url":"https:\/\/loja.springschool.me\/produto\/os-segredos-do-vale-do-silicio-deborah-perry-piscione\/","name":"Os segredos do vale do Sil\u00edcio (Deborah Perry Piscione) - Spring School - Loja Virtual","isPartOf":{"@id":"https:\/\/loja.springschool.me\/#website"},"datePublished":"2022-11-30T13:54:58+00:00","dateModified":"2023-02-03T15:11:00+00:00","description":"Os segredos do vale do Sil\u00edcio (Deborah Perry Piscione) - Enquanto a economia global passa por momentos conturbados e muitos investidores continuam avessos ao risco, um pequeno canto da Am\u00e9rica, j\u00e1 respons\u00e1vel por algumas das principais inova\u00e7\u00f5es das \u00faltimas d\u00e9cadas, continua voando alto: o Vale do Sil\u00edcio. Em \u201cOs Segredos do Vale do Sil\u00edcio\u201d...","breadcrumb":{"@id":"https:\/\/loja.springschool.me\/produto\/os-segredos-do-vale-do-silicio-deborah-perry-piscione\/#breadcrumb"},"inLanguage":"en-US","potentialAction":[{"@type":"ReadAction","target":["https:\/\/loja.springschool.me\/produto\/os-segredos-do-vale-do-silicio-deborah-perry-piscione\/"]}]},{"@type":"BreadcrumbList","@id":"https:\/\/loja.springschool.me\/produto\/os-segredos-do-vale-do-silicio-deborah-perry-piscione\/#breadcrumb","itemListElement":[{"@type":"ListItem","position":1,"name":"In\u00edcio","item":"https:\/\/loja.springschool.me\/"},{"@type":"ListItem","position":2,"name":"Shop","item":"https:\/\/loja.springschool.me\/shop\/"},{"@type":"ListItem","position":3,"name":"Os segredos do vale do Sil\u00edcio (Deborah Perry Piscione)"}]},{"@type":"WebSite","@id":"https:\/\/loja.springschool.me\/#website","url":"https:\/\/loja.springschool.me\/","name":"Spring School - Loja Virtual","description":"Just another WordPress site","potentialAction":[{"@type":"SearchAction","target":{"@type":"EntryPoint","urlTemplate":"https:\/\/loja.springschool.me\/?s={search_term_string}"},"query-input":"required name=search_term_string"}],"inLanguage":"en-US"}]}},"_links":{"self":[{"href":"https:\/\/loja.springschool.me\/en\/wp-json\/wp\/v2\/product\/475"}],"collection":[{"href":"https:\/\/loja.springschool.me\/en\/wp-json\/wp\/v2\/product"}],"about":[{"href":"https:\/\/loja.springschool.me\/en\/wp-json\/wp\/v2\/types\/product"}],"version-history":[{"count":3,"href":"https:\/\/loja.springschool.me\/en\/wp-json\/wp\/v2\/product\/475\/revisions"}],"predecessor-version":[{"id":1275,"href":"https:\/\/loja.springschool.me\/en\/wp-json\/wp\/v2\/product\/475\/revisions\/1275"}],"wp:featuredmedia":[{"embeddable":true,"href":"https:\/\/loja.springschool.me\/en\/wp-json\/wp\/v2\/media\/575"}],"wp:attachment":[{"href":"https:\/\/loja.springschool.me\/en\/wp-json\/wp\/v2\/media?parent=475"}],"wp:term":[{"taxonomy":"product_cat","embeddable":true,"href":"https:\/\/loja.springschool.me\/en\/wp-json\/wp\/v2\/product_cat?post=475"},{"taxonomy":"product_tag","embeddable":true,"href":"https:\/\/loja.springschool.me\/en\/wp-json\/wp\/v2\/product_tag?post=475"}],"curies":[{"name":"wp","href":"https:\/\/api.w.org\/{rel}","templated":true}]}}