{"id":1564,"date":"2024-07-25T01:18:44","date_gmt":"2024-07-25T01:18:44","guid":{"rendered":"https:\/\/loja.springschool.me\/?post_type=product&#038;p=1564"},"modified":"2024-07-25T01:18:45","modified_gmt":"2024-07-25T01:18:45","slug":"box-o-essencial-da-estrategia-3-volumes","status":"publish","type":"product","link":"https:\/\/loja.springschool.me\/en\/product\/box-o-essencial-da-estrategia-3-volumes\/","title":{"rendered":"Box The Essentials of Strategy \u2013 3 Volumes"},"content":{"rendered":"<p>The Essential Strategy is a box with three titles that are famous around the world and, which complement each other, are indispensable for anyone who wants to break out of the ordinary and stand out in life. They are: \u201cThe Art of War\u201d, by Sun Tzu, \u201cThe Prince\u201d by Niccol\u00f2 Machiavelli and \u201cThe Book of Five Rings\u201d by Miyamoto Musashi brought together in a luxurious kit.<\/p>\n<p>The Art of War, this book is a military treatise written during the 4th century BC by the strategist Sun Tzu. Composed of thirteen chapters, each covering an aspect of war strategy, this book is believed to have been used by several military strategists throughout history.<\/p>\n<p>The Prince Written in 1513 by Niccol\u00f2 Machiavelli, the first edition of this book was published posthumously in 1532. It is, in fact, one of the most fundamental political treatises ever created by human thought. \u201cThe Prince\u201d plays a crucial role in building the concept of the Modern State and maps out how to conquer, lead and maintain power.<\/p>\n<p>The Book of Five Rings This book is a text about Kenjutsu and martial arts as a whole. Written in 1645 by Miyamoto Musashi, it is considered a classic treatise on Japanese military strategy.<\/p>","protected":false},"excerpt":{"rendered":"<p><strong>Super promotion with limited stock.<\/strong><\/p>\n<p>The Essential Strategy is a box with three titles that are famous around the world and, which complement each other, are indispensable for anyone who wants to break out of the ordinary and stand out in life. Are they:<\/p>\n<ul>\n<li>\u201cThe Art of War\u201d, by Sun Tzu;<\/li>\n<li>\u201cThe Prince\u201d by Niccol\u00f2 Machiavelli;<\/li>\n<li>\u201cThe Book of Five Rings\u201d by Miyamoto Musashi.<\/li>\n<\/ul>","protected":false},"featured_media":1565,"template":"","meta":[],"product_cat":[20],"product_tag":[99],"yoast_head":"<!-- This site is optimized with the Yoast SEO plugin v20.11 - https:\/\/yoast.com\/wordpress\/plugins\/seo\/ -->\n<title>Box O Essencial da Estrat\u00e9gia - 3 Volumes - Spring School - Loja Virtual<\/title>\n<meta name=\"description\" content=\"O Essencial da Estrat\u00e9gia \u00e9 um box com tr\u00eas t\u00edtulos famosos em todo o mundo, s\u00e3o eles: &quot;A Arte da Guerra&quot;, &quot;O Pr\u00edncipe&quot; e &quot;O Livro dos Cinco An\u00e9is&quot;.\" \/>\n<meta name=\"robots\" content=\"index, follow, max-snippet:-1, max-image-preview:large, max-video-preview:-1\" \/>\n<link rel=\"canonical\" href=\"https:\/\/loja.springschool.me\/en\/product\/box-o-essencial-da-estrategia-3-volumes\/\" \/>\n<meta property=\"og:locale\" content=\"en_US\" \/>\n<meta property=\"og:type\" content=\"article\" \/>\n<meta property=\"og:title\" content=\"Box O Essencial da Estrat\u00e9gia - 3 Volumes - Spring School - Loja Virtual\" \/>\n<meta property=\"og:description\" content=\"O Essencial da Estrat\u00e9gia \u00e9 um box com tr\u00eas t\u00edtulos famosos em todo o mundo, s\u00e3o eles: &quot;A Arte da Guerra&quot;, &quot;O Pr\u00edncipe&quot; e &quot;O Livro dos Cinco An\u00e9is&quot;.\" \/>\n<meta property=\"og:url\" content=\"https:\/\/loja.springschool.me\/en\/product\/box-o-essencial-da-estrategia-3-volumes\/\" \/>\n<meta property=\"og:site_name\" content=\"Spring School - Loja Virtual\" \/>\n<meta property=\"article:modified_time\" content=\"2024-07-25T01:18:45+00:00\" \/>\n<meta property=\"og:image\" content=\"https:\/\/loja.springschool.me\/wp-content\/uploads\/2024\/07\/spring-school-loja-estrategia-01.jpg\" \/>\n\t<meta property=\"og:image:width\" content=\"1000\" \/>\n\t<meta property=\"og:image:height\" content=\"1000\" \/>\n\t<meta property=\"og:image:type\" content=\"image\/jpeg\" \/>\n<meta name=\"twitter:card\" content=\"summary_large_image\" \/>\n<meta name=\"twitter:label1\" content=\"Est. reading time\" \/>\n\t<meta name=\"twitter:data1\" content=\"2 minutes\" \/>\n<script type=\"application\/ld+json\" class=\"yoast-schema-graph\">{\"@context\":\"https:\/\/schema.org\",\"@graph\":[{\"@type\":\"WebPage\",\"@id\":\"https:\/\/loja.springschool.me\/produto\/box-o-essencial-da-estrategia-3-volumes\/\",\"url\":\"https:\/\/loja.springschool.me\/produto\/box-o-essencial-da-estrategia-3-volumes\/\",\"name\":\"Box O Essencial da Estrat\u00e9gia - 3 Volumes - Spring School - Loja Virtual\",\"isPartOf\":{\"@id\":\"https:\/\/loja.springschool.me\/#website\"},\"datePublished\":\"2024-07-25T01:18:44+00:00\",\"dateModified\":\"2024-07-25T01:18:45+00:00\",\"description\":\"O Essencial da Estrat\u00e9gia \u00e9 um box com tr\u00eas t\u00edtulos famosos em todo o mundo, s\u00e3o eles: \\\"A Arte da Guerra\\\", \\\"O Pr\u00edncipe\\\" e \\\"O Livro dos Cinco An\u00e9is\\\".\",\"breadcrumb\":{\"@id\":\"https:\/\/loja.springschool.me\/produto\/box-o-essencial-da-estrategia-3-volumes\/#breadcrumb\"},\"inLanguage\":\"en-US\",\"potentialAction\":[{\"@type\":\"ReadAction\",\"target\":[\"https:\/\/loja.springschool.me\/produto\/box-o-essencial-da-estrategia-3-volumes\/\"]}]},{\"@type\":\"BreadcrumbList\",\"@id\":\"https:\/\/loja.springschool.me\/produto\/box-o-essencial-da-estrategia-3-volumes\/#breadcrumb\",\"itemListElement\":[{\"@type\":\"ListItem\",\"position\":1,\"name\":\"In\u00edcio\",\"item\":\"https:\/\/loja.springschool.me\/\"},{\"@type\":\"ListItem\",\"position\":2,\"name\":\"Shop\",\"item\":\"https:\/\/loja.springschool.me\/shop\/\"},{\"@type\":\"ListItem\",\"position\":3,\"name\":\"Box O Essencial da Estrat\u00e9gia &#8211; 3 Volumes\"}]},{\"@type\":\"WebSite\",\"@id\":\"https:\/\/loja.springschool.me\/#website\",\"url\":\"https:\/\/loja.springschool.me\/\",\"name\":\"Spring School - Loja Virtual\",\"description\":\"Just another WordPress site\",\"potentialAction\":[{\"@type\":\"SearchAction\",\"target\":{\"@type\":\"EntryPoint\",\"urlTemplate\":\"https:\/\/loja.springschool.me\/?s={search_term_string}\"},\"query-input\":\"required name=search_term_string\"}],\"inLanguage\":\"en-US\"}]}<\/script>\n<!-- \/ Yoast SEO plugin. -->","yoast_head_json":{"title":"Box O Essencial da Estrat\u00e9gia - 3 Volumes - Spring School - Loja Virtual","description":"O Essencial da Estrat\u00e9gia \u00e9 um box com tr\u00eas t\u00edtulos famosos em todo o mundo, s\u00e3o eles: \"A Arte da Guerra\", \"O Pr\u00edncipe\" e \"O Livro dos Cinco An\u00e9is\".","robots":{"index":"index","follow":"follow","max-snippet":"max-snippet:-1","max-image-preview":"max-image-preview:large","max-video-preview":"max-video-preview:-1"},"canonical":"https:\/\/loja.springschool.me\/en\/product\/box-o-essencial-da-estrategia-3-volumes\/","og_locale":"en_US","og_type":"article","og_title":"Box O Essencial da Estrat\u00e9gia - 3 Volumes - Spring School - Loja Virtual","og_description":"O Essencial da Estrat\u00e9gia \u00e9 um box com tr\u00eas t\u00edtulos famosos em todo o mundo, s\u00e3o eles: \"A Arte da Guerra\", \"O Pr\u00edncipe\" e \"O Livro dos Cinco An\u00e9is\".","og_url":"https:\/\/loja.springschool.me\/en\/product\/box-o-essencial-da-estrategia-3-volumes\/","og_site_name":"Spring School - Loja Virtual","article_modified_time":"2024-07-25T01:18:45+00:00","og_image":[{"width":1000,"height":1000,"url":"https:\/\/loja.springschool.me\/wp-content\/uploads\/2024\/07\/spring-school-loja-estrategia-01.jpg","type":"image\/jpeg"}],"twitter_card":"summary_large_image","twitter_misc":{"Est. reading time":"2 minutes"},"schema":{"@context":"https:\/\/schema.org","@graph":[{"@type":"WebPage","@id":"https:\/\/loja.springschool.me\/produto\/box-o-essencial-da-estrategia-3-volumes\/","url":"https:\/\/loja.springschool.me\/produto\/box-o-essencial-da-estrategia-3-volumes\/","name":"Box O Essencial da Estrat\u00e9gia - 3 Volumes - Spring School - Loja Virtual","isPartOf":{"@id":"https:\/\/loja.springschool.me\/#website"},"datePublished":"2024-07-25T01:18:44+00:00","dateModified":"2024-07-25T01:18:45+00:00","description":"O Essencial da Estrat\u00e9gia \u00e9 um box com tr\u00eas t\u00edtulos famosos em todo o mundo, s\u00e3o eles: \"A Arte da Guerra\", \"O Pr\u00edncipe\" e \"O Livro dos Cinco An\u00e9is\".","breadcrumb":{"@id":"https:\/\/loja.springschool.me\/produto\/box-o-essencial-da-estrategia-3-volumes\/#breadcrumb"},"inLanguage":"en-US","potentialAction":[{"@type":"ReadAction","target":["https:\/\/loja.springschool.me\/produto\/box-o-essencial-da-estrategia-3-volumes\/"]}]},{"@type":"BreadcrumbList","@id":"https:\/\/loja.springschool.me\/produto\/box-o-essencial-da-estrategia-3-volumes\/#breadcrumb","itemListElement":[{"@type":"ListItem","position":1,"name":"In\u00edcio","item":"https:\/\/loja.springschool.me\/"},{"@type":"ListItem","position":2,"name":"Shop","item":"https:\/\/loja.springschool.me\/shop\/"},{"@type":"ListItem","position":3,"name":"Box O Essencial da Estrat\u00e9gia &#8211; 3 Volumes"}]},{"@type":"WebSite","@id":"https:\/\/loja.springschool.me\/#website","url":"https:\/\/loja.springschool.me\/","name":"Spring School - Loja Virtual","description":"Just another WordPress site","potentialAction":[{"@type":"SearchAction","target":{"@type":"EntryPoint","urlTemplate":"https:\/\/loja.springschool.me\/?s={search_term_string}"},"query-input":"required name=search_term_string"}],"inLanguage":"en-US"}]}},"_links":{"self":[{"href":"https:\/\/loja.springschool.me\/en\/wp-json\/wp\/v2\/product\/1564"}],"collection":[{"href":"https:\/\/loja.springschool.me\/en\/wp-json\/wp\/v2\/product"}],"about":[{"href":"https:\/\/loja.springschool.me\/en\/wp-json\/wp\/v2\/types\/product"}],"version-history":[{"count":1,"href":"https:\/\/loja.springschool.me\/en\/wp-json\/wp\/v2\/product\/1564\/revisions"}],"predecessor-version":[{"id":1566,"href":"https:\/\/loja.springschool.me\/en\/wp-json\/wp\/v2\/product\/1564\/revisions\/1566"}],"wp:featuredmedia":[{"embeddable":true,"href":"https:\/\/loja.springschool.me\/en\/wp-json\/wp\/v2\/media\/1565"}],"wp:attachment":[{"href":"https:\/\/loja.springschool.me\/en\/wp-json\/wp\/v2\/media?parent=1564"}],"wp:term":[{"taxonomy":"product_cat","embeddable":true,"href":"https:\/\/loja.springschool.me\/en\/wp-json\/wp\/v2\/product_cat?post=1564"},{"taxonomy":"product_tag","embeddable":true,"href":"https:\/\/loja.springschool.me\/en\/wp-json\/wp\/v2\/product_tag?post=1564"}],"curies":[{"name":"wp","href":"https:\/\/api.w.org\/{rel}","templated":true}]}}