{"id":1558,"date":"2024-07-25T00:51:32","date_gmt":"2024-07-25T00:51:32","guid":{"rendered":"https:\/\/loja.springschool.me\/?post_type=product&#038;p=1558"},"modified":"2024-07-25T00:51:33","modified_gmt":"2024-07-25T00:51:33","slug":"educacao-a-distancia-desenvolvendo-a-capacidade-empreendedora","status":"publish","type":"product","link":"https:\/\/loja.springschool.me\/en\/product\/educacao-a-distancia-desenvolvendo-a-capacidade-empreendedora\/","title":{"rendered":"Distance education: developing entrepreneurial capacity"},"content":{"rendered":"<p>The book Distance Education: developing entrepreneurial capacity comprises an in-depth study of how the promotion of Entrepreneurship can be promoted by Distance Education, through new technologies and communication tools.<\/p>\n<p>This work is aimed at all those interested in the topic of Education, especially in distance learning, Entrepreneurship, Development and Sustainability.<\/p>\n<p>We know that promoting innovation and entrepreneurial attitudes contributes to the development of a nation or a small territory. Furthermore, we understand how sustainable activities can be decisive in the survival of these environments, both in economic and environmental, cultural or political aspects.<\/p>\n<p>In this work it is possible to understand how entrepreneurial capacity, obtained through qualification and Distance Education, can contribute to the sustainable development of territories by providing income generating opportunities and improving the quality of life of communities.<\/p>","protected":false},"excerpt":{"rendered":"<p><strong>Super promotion with limited stock.<\/strong><\/p>\n<p id=\"title\" class=\"a-spacing-none a-text-normal\"><span id=\"productTitle\" class=\"a-size-extra-large celwidget\" data-csa-c-id=\"k9vxxp-obct7w-h0gu8-vg5vf2\" data-cel-widget=\"productTitle\">Distance education: developing entrepreneurial capacity is a book by Ricardo Arruda Mauro that will take you out of your comfort zone and help you develop your entrepreneurial capacity through qualification and Distance Education.<\/span><\/p>","protected":false},"featured_media":1559,"template":"","meta":[],"product_cat":[20],"product_tag":[98],"yoast_head":"<!-- This site is optimized with the Yoast SEO plugin v20.11 - https:\/\/yoast.com\/wordpress\/plugins\/seo\/ -->\n<title>Educa\u00e7\u00e3o a dist\u00e2ncia: desenvolvendo a capacidade empreendedora - Spring School - Loja Virtual<\/title>\n<meta name=\"description\" content=\"Educa\u00e7\u00e3o a dist\u00e2ncia: desenvolvendo a capacidade empreendedora, de Mauro, Ricardo Arruda. Encontre diversos livros com \u00f3timos pre\u00e7os.\" \/>\n<meta name=\"robots\" content=\"index, follow, max-snippet:-1, max-image-preview:large, max-video-preview:-1\" \/>\n<link rel=\"canonical\" href=\"https:\/\/loja.springschool.me\/en\/product\/educacao-a-distancia-desenvolvendo-a-capacidade-empreendedora\/\" \/>\n<meta property=\"og:locale\" content=\"en_US\" \/>\n<meta property=\"og:type\" content=\"article\" \/>\n<meta property=\"og:title\" content=\"Educa\u00e7\u00e3o a dist\u00e2ncia: desenvolvendo a capacidade empreendedora - Spring School - Loja Virtual\" \/>\n<meta property=\"og:description\" content=\"Educa\u00e7\u00e3o a dist\u00e2ncia: desenvolvendo a capacidade empreendedora, de Mauro, Ricardo Arruda. Encontre diversos livros com \u00f3timos pre\u00e7os.\" \/>\n<meta property=\"og:url\" content=\"https:\/\/loja.springschool.me\/en\/product\/educacao-a-distancia-desenvolvendo-a-capacidade-empreendedora\/\" \/>\n<meta property=\"og:site_name\" content=\"Spring School - Loja Virtual\" \/>\n<meta property=\"article:modified_time\" content=\"2024-07-25T00:51:33+00:00\" \/>\n<meta property=\"og:image\" content=\"https:\/\/loja.springschool.me\/wp-content\/uploads\/2024\/07\/spring-school-loja-eduacao-a-distancia-01.jpg\" \/>\n\t<meta property=\"og:image:width\" content=\"1000\" \/>\n\t<meta property=\"og:image:height\" content=\"1000\" \/>\n\t<meta property=\"og:image:type\" content=\"image\/jpeg\" \/>\n<meta name=\"twitter:card\" content=\"summary_large_image\" \/>\n<meta name=\"twitter:label1\" content=\"Est. reading time\" \/>\n\t<meta name=\"twitter:data1\" content=\"1 minute\" \/>\n<script type=\"application\/ld+json\" class=\"yoast-schema-graph\">{\"@context\":\"https:\/\/schema.org\",\"@graph\":[{\"@type\":\"WebPage\",\"@id\":\"https:\/\/loja.springschool.me\/en\/product\/educacao-a-distancia-desenvolvendo-a-capacidade-empreendedora\/\",\"url\":\"https:\/\/loja.springschool.me\/en\/product\/educacao-a-distancia-desenvolvendo-a-capacidade-empreendedora\/\",\"name\":\"Educa\u00e7\u00e3o a dist\u00e2ncia: desenvolvendo a capacidade empreendedora - Spring School - Loja Virtual\",\"isPartOf\":{\"@id\":\"https:\/\/loja.springschool.me\/#website\"},\"datePublished\":\"2024-07-25T00:51:32+00:00\",\"dateModified\":\"2024-07-25T00:51:33+00:00\",\"description\":\"Educa\u00e7\u00e3o a dist\u00e2ncia: desenvolvendo a capacidade empreendedora, de Mauro, Ricardo Arruda. Encontre diversos livros com \u00f3timos pre\u00e7os.\",\"breadcrumb\":{\"@id\":\"https:\/\/loja.springschool.me\/en\/product\/educacao-a-distancia-desenvolvendo-a-capacidade-empreendedora\/#breadcrumb\"},\"inLanguage\":\"en-US\",\"potentialAction\":[{\"@type\":\"ReadAction\",\"target\":[\"https:\/\/loja.springschool.me\/en\/product\/educacao-a-distancia-desenvolvendo-a-capacidade-empreendedora\/\"]}]},{\"@type\":\"BreadcrumbList\",\"@id\":\"https:\/\/loja.springschool.me\/en\/product\/educacao-a-distancia-desenvolvendo-a-capacidade-empreendedora\/#breadcrumb\",\"itemListElement\":[{\"@type\":\"ListItem\",\"position\":1,\"name\":\"In\u00edcio\",\"item\":\"https:\/\/loja.springschool.me\/\"},{\"@type\":\"ListItem\",\"position\":2,\"name\":\"Shop\",\"item\":\"https:\/\/loja.springschool.me\/shop\/\"},{\"@type\":\"ListItem\",\"position\":3,\"name\":\"Educa\u00e7\u00e3o a dist\u00e2ncia: desenvolvendo a capacidade empreendedora\"}]},{\"@type\":\"WebSite\",\"@id\":\"https:\/\/loja.springschool.me\/#website\",\"url\":\"https:\/\/loja.springschool.me\/\",\"name\":\"Spring School - Loja Virtual\",\"description\":\"Just another WordPress site\",\"potentialAction\":[{\"@type\":\"SearchAction\",\"target\":{\"@type\":\"EntryPoint\",\"urlTemplate\":\"https:\/\/loja.springschool.me\/?s={search_term_string}\"},\"query-input\":\"required name=search_term_string\"}],\"inLanguage\":\"en-US\"}]}<\/script>\n<!-- \/ Yoast SEO plugin. -->","yoast_head_json":{"title":"Educa\u00e7\u00e3o a dist\u00e2ncia: desenvolvendo a capacidade empreendedora - Spring School - Loja Virtual","description":"Educa\u00e7\u00e3o a dist\u00e2ncia: desenvolvendo a capacidade empreendedora, de Mauro, Ricardo Arruda. Encontre diversos livros com \u00f3timos pre\u00e7os.","robots":{"index":"index","follow":"follow","max-snippet":"max-snippet:-1","max-image-preview":"max-image-preview:large","max-video-preview":"max-video-preview:-1"},"canonical":"https:\/\/loja.springschool.me\/en\/product\/educacao-a-distancia-desenvolvendo-a-capacidade-empreendedora\/","og_locale":"en_US","og_type":"article","og_title":"Educa\u00e7\u00e3o a dist\u00e2ncia: desenvolvendo a capacidade empreendedora - Spring School - Loja Virtual","og_description":"Educa\u00e7\u00e3o a dist\u00e2ncia: desenvolvendo a capacidade empreendedora, de Mauro, Ricardo Arruda. Encontre diversos livros com \u00f3timos pre\u00e7os.","og_url":"https:\/\/loja.springschool.me\/en\/product\/educacao-a-distancia-desenvolvendo-a-capacidade-empreendedora\/","og_site_name":"Spring School - Loja Virtual","article_modified_time":"2024-07-25T00:51:33+00:00","og_image":[{"width":1000,"height":1000,"url":"https:\/\/loja.springschool.me\/wp-content\/uploads\/2024\/07\/spring-school-loja-eduacao-a-distancia-01.jpg","type":"image\/jpeg"}],"twitter_card":"summary_large_image","twitter_misc":{"Est. reading time":"1 minute"},"schema":{"@context":"https:\/\/schema.org","@graph":[{"@type":"WebPage","@id":"https:\/\/loja.springschool.me\/en\/product\/educacao-a-distancia-desenvolvendo-a-capacidade-empreendedora\/","url":"https:\/\/loja.springschool.me\/en\/product\/educacao-a-distancia-desenvolvendo-a-capacidade-empreendedora\/","name":"Educa\u00e7\u00e3o a dist\u00e2ncia: desenvolvendo a capacidade empreendedora - Spring School - Loja Virtual","isPartOf":{"@id":"https:\/\/loja.springschool.me\/#website"},"datePublished":"2024-07-25T00:51:32+00:00","dateModified":"2024-07-25T00:51:33+00:00","description":"Educa\u00e7\u00e3o a dist\u00e2ncia: desenvolvendo a capacidade empreendedora, de Mauro, Ricardo Arruda. Encontre diversos livros com \u00f3timos pre\u00e7os.","breadcrumb":{"@id":"https:\/\/loja.springschool.me\/en\/product\/educacao-a-distancia-desenvolvendo-a-capacidade-empreendedora\/#breadcrumb"},"inLanguage":"en-US","potentialAction":[{"@type":"ReadAction","target":["https:\/\/loja.springschool.me\/en\/product\/educacao-a-distancia-desenvolvendo-a-capacidade-empreendedora\/"]}]},{"@type":"BreadcrumbList","@id":"https:\/\/loja.springschool.me\/en\/product\/educacao-a-distancia-desenvolvendo-a-capacidade-empreendedora\/#breadcrumb","itemListElement":[{"@type":"ListItem","position":1,"name":"In\u00edcio","item":"https:\/\/loja.springschool.me\/"},{"@type":"ListItem","position":2,"name":"Shop","item":"https:\/\/loja.springschool.me\/shop\/"},{"@type":"ListItem","position":3,"name":"Educa\u00e7\u00e3o a dist\u00e2ncia: desenvolvendo a capacidade empreendedora"}]},{"@type":"WebSite","@id":"https:\/\/loja.springschool.me\/#website","url":"https:\/\/loja.springschool.me\/","name":"Spring School - Loja Virtual","description":"Just another WordPress site","potentialAction":[{"@type":"SearchAction","target":{"@type":"EntryPoint","urlTemplate":"https:\/\/loja.springschool.me\/?s={search_term_string}"},"query-input":"required name=search_term_string"}],"inLanguage":"en-US"}]}},"_links":{"self":[{"href":"https:\/\/loja.springschool.me\/en\/wp-json\/wp\/v2\/product\/1558"}],"collection":[{"href":"https:\/\/loja.springschool.me\/en\/wp-json\/wp\/v2\/product"}],"about":[{"href":"https:\/\/loja.springschool.me\/en\/wp-json\/wp\/v2\/types\/product"}],"version-history":[{"count":1,"href":"https:\/\/loja.springschool.me\/en\/wp-json\/wp\/v2\/product\/1558\/revisions"}],"predecessor-version":[{"id":1560,"href":"https:\/\/loja.springschool.me\/en\/wp-json\/wp\/v2\/product\/1558\/revisions\/1560"}],"wp:featuredmedia":[{"embeddable":true,"href":"https:\/\/loja.springschool.me\/en\/wp-json\/wp\/v2\/media\/1559"}],"wp:attachment":[{"href":"https:\/\/loja.springschool.me\/en\/wp-json\/wp\/v2\/media?parent=1558"}],"wp:term":[{"taxonomy":"product_cat","embeddable":true,"href":"https:\/\/loja.springschool.me\/en\/wp-json\/wp\/v2\/product_cat?post=1558"},{"taxonomy":"product_tag","embeddable":true,"href":"https:\/\/loja.springschool.me\/en\/wp-json\/wp\/v2\/product_tag?post=1558"}],"curies":[{"name":"wp","href":"https:\/\/api.w.org\/{rel}","templated":true}]}}