{"id":1555,"date":"2024-07-25T00:38:08","date_gmt":"2024-07-25T00:38:08","guid":{"rendered":"https:\/\/loja.springschool.me\/?post_type=product&#038;p=1555"},"modified":"2024-07-25T00:38:10","modified_gmt":"2024-07-25T00:38:10","slug":"manual-do-empreendedor-inabalavel","status":"publish","type":"product","link":"https:\/\/loja.springschool.me\/en\/product\/manual-do-empreendedor-inabalavel\/","title":{"rendered":"Unshakable Entrepreneur&#039;s Handbook"},"content":{"rendered":"<div id=\"lp-pom-text-1290\" class=\"lp-element lp-pom-text nlh\">\n<p>The market will no longer be the same, consumption habits have changed and it is extremely important for those who undertake or want to undertake to be aware of what will really work in this new scenario.<\/p>\n<\/div>\n<div id=\"lp-pom-text-1291\" class=\"lp-element lp-pom-text nlh\">\n<p>Jos\u00e9 Roberto Marques, awarded businessman of the year by Top Of Mind, will share all his experience of success in his business, sharing with you the tips that made IBC reinvent itself in record time and continue solidly and safely during the closure of commerce in quarantine.<\/p>\n<p>The pandemic has been a challenge for global society, both from a health and economic perspective. More than 600 thousand companies closed their doors and more than 9 million professionals became unemployed.<\/p>\n<p>The reality has been harsh for most workers. You need to be constantly moving to keep up with market changes. The fact is that this pandemic has accelerated some developments that would have taken years to happen.<\/p>\n<p>Companies and professions are disappearing to make way for new business formats and careers. Demands did not disappear from the market, they just changed their order of relevance or adapted.<\/p>\n<p>We are living through a revolution and you have two paths: give up your leading role and surrender to stagnation or reinvent yourself and use this moment as an impulse for action.<\/p>\n<p>Being an unwavering entrepreneur means daring to do things differently and being attentive to market demands!<\/p>\n<\/div>","protected":false},"excerpt":{"rendered":"<p><strong>Super promotion with limited stock.<\/strong><\/p>\n<p>The Unshakable Entrepreneur&#039;s Manual by Jos\u00e9 Roberto Marques has theories and tools for an entrepreneurial mind with an innovative attitude.<\/p>\n<p>Being an unwavering entrepreneur means daring to do things differently and being attentive to market demands!<\/p>","protected":false},"featured_media":1556,"template":"","meta":[],"product_cat":[20],"product_tag":[61],"yoast_head":"<!-- This site is optimized with the Yoast SEO plugin v20.11 - https:\/\/yoast.com\/wordpress\/plugins\/seo\/ -->\n<title>Manual do Empreendedor Inabal\u00e1vel - Spring School - Loja Virtual<\/title>\n<meta name=\"description\" content=\"O Manual do Empreendedor Inabal\u00e1vel de Jos\u00e9 Roberto Marques tem teorias e ferramentas para uma mente empreendedora e atitude inovadora.\" \/>\n<meta name=\"robots\" content=\"index, follow, max-snippet:-1, max-image-preview:large, max-video-preview:-1\" \/>\n<link rel=\"canonical\" href=\"https:\/\/loja.springschool.me\/en\/product\/manual-do-empreendedor-inabalavel\/\" \/>\n<meta property=\"og:locale\" content=\"en_US\" \/>\n<meta property=\"og:type\" content=\"article\" \/>\n<meta property=\"og:title\" content=\"Manual do Empreendedor Inabal\u00e1vel - Spring School - Loja Virtual\" \/>\n<meta property=\"og:description\" content=\"O Manual do Empreendedor Inabal\u00e1vel de Jos\u00e9 Roberto Marques tem teorias e ferramentas para uma mente empreendedora e atitude inovadora.\" \/>\n<meta property=\"og:url\" content=\"https:\/\/loja.springschool.me\/en\/product\/manual-do-empreendedor-inabalavel\/\" \/>\n<meta property=\"og:site_name\" content=\"Spring School - Loja Virtual\" \/>\n<meta property=\"article:modified_time\" content=\"2024-07-25T00:38:10+00:00\" \/>\n<meta property=\"og:image\" content=\"https:\/\/loja.springschool.me\/wp-content\/uploads\/2024\/07\/spring-school-loja-manual-do-empreendedor-01.jpg\" \/>\n\t<meta property=\"og:image:width\" content=\"1000\" \/>\n\t<meta property=\"og:image:height\" content=\"1000\" \/>\n\t<meta property=\"og:image:type\" content=\"image\/jpeg\" \/>\n<meta name=\"twitter:card\" content=\"summary_large_image\" \/>\n<meta name=\"twitter:label1\" content=\"Est. reading time\" \/>\n\t<meta name=\"twitter:data1\" content=\"2 minutes\" \/>\n<script type=\"application\/ld+json\" class=\"yoast-schema-graph\">{\"@context\":\"https:\/\/schema.org\",\"@graph\":[{\"@type\":\"WebPage\",\"@id\":\"https:\/\/loja.springschool.me\/en\/product\/manual-do-empreendedor-inabalavel\/\",\"url\":\"https:\/\/loja.springschool.me\/en\/product\/manual-do-empreendedor-inabalavel\/\",\"name\":\"Manual do Empreendedor Inabal\u00e1vel - Spring School - Loja Virtual\",\"isPartOf\":{\"@id\":\"https:\/\/loja.springschool.me\/#website\"},\"datePublished\":\"2024-07-25T00:38:08+00:00\",\"dateModified\":\"2024-07-25T00:38:10+00:00\",\"description\":\"O Manual do Empreendedor Inabal\u00e1vel de Jos\u00e9 Roberto Marques tem teorias e ferramentas para uma mente empreendedora e atitude inovadora.\",\"breadcrumb\":{\"@id\":\"https:\/\/loja.springschool.me\/en\/product\/manual-do-empreendedor-inabalavel\/#breadcrumb\"},\"inLanguage\":\"en-US\",\"potentialAction\":[{\"@type\":\"ReadAction\",\"target\":[\"https:\/\/loja.springschool.me\/en\/product\/manual-do-empreendedor-inabalavel\/\"]}]},{\"@type\":\"BreadcrumbList\",\"@id\":\"https:\/\/loja.springschool.me\/en\/product\/manual-do-empreendedor-inabalavel\/#breadcrumb\",\"itemListElement\":[{\"@type\":\"ListItem\",\"position\":1,\"name\":\"In\u00edcio\",\"item\":\"https:\/\/loja.springschool.me\/\"},{\"@type\":\"ListItem\",\"position\":2,\"name\":\"Shop\",\"item\":\"https:\/\/loja.springschool.me\/shop\/\"},{\"@type\":\"ListItem\",\"position\":3,\"name\":\"Manual do Empreendedor Inabal\u00e1vel\"}]},{\"@type\":\"WebSite\",\"@id\":\"https:\/\/loja.springschool.me\/#website\",\"url\":\"https:\/\/loja.springschool.me\/\",\"name\":\"Spring School - Loja Virtual\",\"description\":\"Just another WordPress site\",\"potentialAction\":[{\"@type\":\"SearchAction\",\"target\":{\"@type\":\"EntryPoint\",\"urlTemplate\":\"https:\/\/loja.springschool.me\/?s={search_term_string}\"},\"query-input\":\"required name=search_term_string\"}],\"inLanguage\":\"en-US\"}]}<\/script>\n<!-- \/ Yoast SEO plugin. -->","yoast_head_json":{"title":"Manual do Empreendedor Inabal\u00e1vel - Spring School - Loja Virtual","description":"O Manual do Empreendedor Inabal\u00e1vel de Jos\u00e9 Roberto Marques tem teorias e ferramentas para uma mente empreendedora e atitude inovadora.","robots":{"index":"index","follow":"follow","max-snippet":"max-snippet:-1","max-image-preview":"max-image-preview:large","max-video-preview":"max-video-preview:-1"},"canonical":"https:\/\/loja.springschool.me\/en\/product\/manual-do-empreendedor-inabalavel\/","og_locale":"en_US","og_type":"article","og_title":"Manual do Empreendedor Inabal\u00e1vel - Spring School - Loja Virtual","og_description":"O Manual do Empreendedor Inabal\u00e1vel de Jos\u00e9 Roberto Marques tem teorias e ferramentas para uma mente empreendedora e atitude inovadora.","og_url":"https:\/\/loja.springschool.me\/en\/product\/manual-do-empreendedor-inabalavel\/","og_site_name":"Spring School - Loja Virtual","article_modified_time":"2024-07-25T00:38:10+00:00","og_image":[{"width":1000,"height":1000,"url":"https:\/\/loja.springschool.me\/wp-content\/uploads\/2024\/07\/spring-school-loja-manual-do-empreendedor-01.jpg","type":"image\/jpeg"}],"twitter_card":"summary_large_image","twitter_misc":{"Est. reading time":"2 minutes"},"schema":{"@context":"https:\/\/schema.org","@graph":[{"@type":"WebPage","@id":"https:\/\/loja.springschool.me\/en\/product\/manual-do-empreendedor-inabalavel\/","url":"https:\/\/loja.springschool.me\/en\/product\/manual-do-empreendedor-inabalavel\/","name":"Manual do Empreendedor Inabal\u00e1vel - Spring School - Loja Virtual","isPartOf":{"@id":"https:\/\/loja.springschool.me\/#website"},"datePublished":"2024-07-25T00:38:08+00:00","dateModified":"2024-07-25T00:38:10+00:00","description":"O Manual do Empreendedor Inabal\u00e1vel de Jos\u00e9 Roberto Marques tem teorias e ferramentas para uma mente empreendedora e atitude inovadora.","breadcrumb":{"@id":"https:\/\/loja.springschool.me\/en\/product\/manual-do-empreendedor-inabalavel\/#breadcrumb"},"inLanguage":"en-US","potentialAction":[{"@type":"ReadAction","target":["https:\/\/loja.springschool.me\/en\/product\/manual-do-empreendedor-inabalavel\/"]}]},{"@type":"BreadcrumbList","@id":"https:\/\/loja.springschool.me\/en\/product\/manual-do-empreendedor-inabalavel\/#breadcrumb","itemListElement":[{"@type":"ListItem","position":1,"name":"In\u00edcio","item":"https:\/\/loja.springschool.me\/"},{"@type":"ListItem","position":2,"name":"Shop","item":"https:\/\/loja.springschool.me\/shop\/"},{"@type":"ListItem","position":3,"name":"Manual do Empreendedor Inabal\u00e1vel"}]},{"@type":"WebSite","@id":"https:\/\/loja.springschool.me\/#website","url":"https:\/\/loja.springschool.me\/","name":"Spring School - Loja Virtual","description":"Just another WordPress site","potentialAction":[{"@type":"SearchAction","target":{"@type":"EntryPoint","urlTemplate":"https:\/\/loja.springschool.me\/?s={search_term_string}"},"query-input":"required name=search_term_string"}],"inLanguage":"en-US"}]}},"_links":{"self":[{"href":"https:\/\/loja.springschool.me\/en\/wp-json\/wp\/v2\/product\/1555"}],"collection":[{"href":"https:\/\/loja.springschool.me\/en\/wp-json\/wp\/v2\/product"}],"about":[{"href":"https:\/\/loja.springschool.me\/en\/wp-json\/wp\/v2\/types\/product"}],"version-history":[{"count":1,"href":"https:\/\/loja.springschool.me\/en\/wp-json\/wp\/v2\/product\/1555\/revisions"}],"predecessor-version":[{"id":1557,"href":"https:\/\/loja.springschool.me\/en\/wp-json\/wp\/v2\/product\/1555\/revisions\/1557"}],"wp:featuredmedia":[{"embeddable":true,"href":"https:\/\/loja.springschool.me\/en\/wp-json\/wp\/v2\/media\/1556"}],"wp:attachment":[{"href":"https:\/\/loja.springschool.me\/en\/wp-json\/wp\/v2\/media?parent=1555"}],"wp:term":[{"taxonomy":"product_cat","embeddable":true,"href":"https:\/\/loja.springschool.me\/en\/wp-json\/wp\/v2\/product_cat?post=1555"},{"taxonomy":"product_tag","embeddable":true,"href":"https:\/\/loja.springschool.me\/en\/wp-json\/wp\/v2\/product_tag?post=1555"}],"curies":[{"name":"wp","href":"https:\/\/api.w.org\/{rel}","templated":true}]}}