{"id":1552,"date":"2024-07-25T00:28:45","date_gmt":"2024-07-25T00:28:45","guid":{"rendered":"https:\/\/loja.springschool.me\/?post_type=product&#038;p=1552"},"modified":"2024-07-25T00:28:46","modified_gmt":"2024-07-25T00:28:46","slug":"o-papai-e-pop-2","status":"publish","type":"product","link":"https:\/\/loja.springschool.me\/en\/product\/o-papai-e-pop-2\/","title":{"rendered":"Daddy is Pop 2"},"content":{"rendered":"<p>Daddy is Pop is back!<\/p>\n<p>Marcos Piangers will put you in the back seat of the car, next to his daughters Anita and Aurora, to tell new stories \u2013 some moving, some funny and others perhaps a little disgusting \u2013 about this absolutely ordinary and extraordinary thing that is having a child.<\/p>\n<p>A feeling that cannot be explained, cannot be understood. One can only live. Because you&#039;re not going to have a child to get perks, discounts, income tax deductions or free balloons every time you go to the mall. A child will deplete your savings and reduce your night&#039;s sleep. It will get your new shirts dirty and draw on your walls.<\/p>\n<p>You are actually going to have a child for one reason only: to learn to love someone else more than yourself.<\/p>","protected":false},"excerpt":{"rendered":"<p><strong>Super discount with limited stock.<\/strong><\/p>\n<p>Daddy is Pop is back!<\/p>\n<p>Marcos Piangers will put you in the back seat of the car, alongside his daughters Anita and Aurora, to tell new stories in \u201cDaddy is Pop 2\u201d.<\/p>","protected":false},"featured_media":1553,"template":"","meta":[],"product_cat":[20],"product_tag":[97],"yoast_head":"<!-- This site is optimized with the Yoast SEO plugin v20.11 - https:\/\/yoast.com\/wordpress\/plugins\/seo\/ -->\n<title>O Papai \u00e9 Pop 2 - Spring School - Loja Virtual<\/title>\n<meta name=\"description\" content=\"Marcos Piangers vai colocar voc\u00ea no banco de tr\u00e1s do carro, ao lado das filhas Anita e Aurora, para contar novas hist\u00f3rias em &quot;O papai \u00e9 pop 2&quot;.\" \/>\n<meta name=\"robots\" content=\"index, follow, max-snippet:-1, max-image-preview:large, max-video-preview:-1\" \/>\n<link rel=\"canonical\" href=\"https:\/\/loja.springschool.me\/en\/product\/o-papai-e-pop-2\/\" \/>\n<meta property=\"og:locale\" content=\"en_US\" \/>\n<meta property=\"og:type\" content=\"article\" \/>\n<meta property=\"og:title\" content=\"O Papai \u00e9 Pop 2 - Spring School - Loja Virtual\" \/>\n<meta property=\"og:description\" content=\"Marcos Piangers vai colocar voc\u00ea no banco de tr\u00e1s do carro, ao lado das filhas Anita e Aurora, para contar novas hist\u00f3rias em &quot;O papai \u00e9 pop 2&quot;.\" \/>\n<meta property=\"og:url\" content=\"https:\/\/loja.springschool.me\/en\/product\/o-papai-e-pop-2\/\" \/>\n<meta property=\"og:site_name\" content=\"Spring School - Loja Virtual\" \/>\n<meta property=\"article:modified_time\" content=\"2024-07-25T00:28:46+00:00\" \/>\n<meta property=\"og:image\" content=\"https:\/\/loja.springschool.me\/wp-content\/uploads\/2024\/07\/spring-school-loja-o-papai-e-pop-2-01.jpg\" \/>\n\t<meta property=\"og:image:width\" content=\"1000\" \/>\n\t<meta property=\"og:image:height\" content=\"1000\" \/>\n\t<meta property=\"og:image:type\" content=\"image\/jpeg\" \/>\n<meta name=\"twitter:card\" content=\"summary_large_image\" \/>\n<meta name=\"twitter:label1\" content=\"Est. reading time\" \/>\n\t<meta name=\"twitter:data1\" content=\"1 minute\" \/>\n<script type=\"application\/ld+json\" class=\"yoast-schema-graph\">{\"@context\":\"https:\/\/schema.org\",\"@graph\":[{\"@type\":\"WebPage\",\"@id\":\"https:\/\/loja.springschool.me\/en\/product\/o-papai-e-pop-2\/\",\"url\":\"https:\/\/loja.springschool.me\/en\/product\/o-papai-e-pop-2\/\",\"name\":\"O Papai \u00e9 Pop 2 - Spring School - Loja Virtual\",\"isPartOf\":{\"@id\":\"https:\/\/loja.springschool.me\/#website\"},\"datePublished\":\"2024-07-25T00:28:45+00:00\",\"dateModified\":\"2024-07-25T00:28:46+00:00\",\"description\":\"Marcos Piangers vai colocar voc\u00ea no banco de tr\u00e1s do carro, ao lado das filhas Anita e Aurora, para contar novas hist\u00f3rias em \\\"O papai \u00e9 pop 2\\\".\",\"breadcrumb\":{\"@id\":\"https:\/\/loja.springschool.me\/en\/product\/o-papai-e-pop-2\/#breadcrumb\"},\"inLanguage\":\"en-US\",\"potentialAction\":[{\"@type\":\"ReadAction\",\"target\":[\"https:\/\/loja.springschool.me\/en\/product\/o-papai-e-pop-2\/\"]}]},{\"@type\":\"BreadcrumbList\",\"@id\":\"https:\/\/loja.springschool.me\/en\/product\/o-papai-e-pop-2\/#breadcrumb\",\"itemListElement\":[{\"@type\":\"ListItem\",\"position\":1,\"name\":\"In\u00edcio\",\"item\":\"https:\/\/loja.springschool.me\/\"},{\"@type\":\"ListItem\",\"position\":2,\"name\":\"Shop\",\"item\":\"https:\/\/loja.springschool.me\/shop\/\"},{\"@type\":\"ListItem\",\"position\":3,\"name\":\"O Papai \u00e9 Pop 2\"}]},{\"@type\":\"WebSite\",\"@id\":\"https:\/\/loja.springschool.me\/#website\",\"url\":\"https:\/\/loja.springschool.me\/\",\"name\":\"Spring School - Loja Virtual\",\"description\":\"Just another WordPress site\",\"potentialAction\":[{\"@type\":\"SearchAction\",\"target\":{\"@type\":\"EntryPoint\",\"urlTemplate\":\"https:\/\/loja.springschool.me\/?s={search_term_string}\"},\"query-input\":\"required name=search_term_string\"}],\"inLanguage\":\"en-US\"}]}<\/script>\n<!-- \/ Yoast SEO plugin. -->","yoast_head_json":{"title":"O Papai \u00e9 Pop 2 - Spring School - Loja Virtual","description":"Marcos Piangers vai colocar voc\u00ea no banco de tr\u00e1s do carro, ao lado das filhas Anita e Aurora, para contar novas hist\u00f3rias em \"O papai \u00e9 pop 2\".","robots":{"index":"index","follow":"follow","max-snippet":"max-snippet:-1","max-image-preview":"max-image-preview:large","max-video-preview":"max-video-preview:-1"},"canonical":"https:\/\/loja.springschool.me\/en\/product\/o-papai-e-pop-2\/","og_locale":"en_US","og_type":"article","og_title":"O Papai \u00e9 Pop 2 - Spring School - Loja Virtual","og_description":"Marcos Piangers vai colocar voc\u00ea no banco de tr\u00e1s do carro, ao lado das filhas Anita e Aurora, para contar novas hist\u00f3rias em \"O papai \u00e9 pop 2\".","og_url":"https:\/\/loja.springschool.me\/en\/product\/o-papai-e-pop-2\/","og_site_name":"Spring School - Loja Virtual","article_modified_time":"2024-07-25T00:28:46+00:00","og_image":[{"width":1000,"height":1000,"url":"https:\/\/loja.springschool.me\/wp-content\/uploads\/2024\/07\/spring-school-loja-o-papai-e-pop-2-01.jpg","type":"image\/jpeg"}],"twitter_card":"summary_large_image","twitter_misc":{"Est. reading time":"1 minute"},"schema":{"@context":"https:\/\/schema.org","@graph":[{"@type":"WebPage","@id":"https:\/\/loja.springschool.me\/en\/product\/o-papai-e-pop-2\/","url":"https:\/\/loja.springschool.me\/en\/product\/o-papai-e-pop-2\/","name":"O Papai \u00e9 Pop 2 - Spring School - Loja Virtual","isPartOf":{"@id":"https:\/\/loja.springschool.me\/#website"},"datePublished":"2024-07-25T00:28:45+00:00","dateModified":"2024-07-25T00:28:46+00:00","description":"Marcos Piangers vai colocar voc\u00ea no banco de tr\u00e1s do carro, ao lado das filhas Anita e Aurora, para contar novas hist\u00f3rias em \"O papai \u00e9 pop 2\".","breadcrumb":{"@id":"https:\/\/loja.springschool.me\/en\/product\/o-papai-e-pop-2\/#breadcrumb"},"inLanguage":"en-US","potentialAction":[{"@type":"ReadAction","target":["https:\/\/loja.springschool.me\/en\/product\/o-papai-e-pop-2\/"]}]},{"@type":"BreadcrumbList","@id":"https:\/\/loja.springschool.me\/en\/product\/o-papai-e-pop-2\/#breadcrumb","itemListElement":[{"@type":"ListItem","position":1,"name":"In\u00edcio","item":"https:\/\/loja.springschool.me\/"},{"@type":"ListItem","position":2,"name":"Shop","item":"https:\/\/loja.springschool.me\/shop\/"},{"@type":"ListItem","position":3,"name":"O Papai \u00e9 Pop 2"}]},{"@type":"WebSite","@id":"https:\/\/loja.springschool.me\/#website","url":"https:\/\/loja.springschool.me\/","name":"Spring School - Loja Virtual","description":"Just another WordPress site","potentialAction":[{"@type":"SearchAction","target":{"@type":"EntryPoint","urlTemplate":"https:\/\/loja.springschool.me\/?s={search_term_string}"},"query-input":"required name=search_term_string"}],"inLanguage":"en-US"}]}},"_links":{"self":[{"href":"https:\/\/loja.springschool.me\/en\/wp-json\/wp\/v2\/product\/1552"}],"collection":[{"href":"https:\/\/loja.springschool.me\/en\/wp-json\/wp\/v2\/product"}],"about":[{"href":"https:\/\/loja.springschool.me\/en\/wp-json\/wp\/v2\/types\/product"}],"version-history":[{"count":1,"href":"https:\/\/loja.springschool.me\/en\/wp-json\/wp\/v2\/product\/1552\/revisions"}],"predecessor-version":[{"id":1554,"href":"https:\/\/loja.springschool.me\/en\/wp-json\/wp\/v2\/product\/1552\/revisions\/1554"}],"wp:featuredmedia":[{"embeddable":true,"href":"https:\/\/loja.springschool.me\/en\/wp-json\/wp\/v2\/media\/1553"}],"wp:attachment":[{"href":"https:\/\/loja.springschool.me\/en\/wp-json\/wp\/v2\/media?parent=1552"}],"wp:term":[{"taxonomy":"product_cat","embeddable":true,"href":"https:\/\/loja.springschool.me\/en\/wp-json\/wp\/v2\/product_cat?post=1552"},{"taxonomy":"product_tag","embeddable":true,"href":"https:\/\/loja.springschool.me\/en\/wp-json\/wp\/v2\/product_tag?post=1552"}],"curies":[{"name":"wp","href":"https:\/\/api.w.org\/{rel}","templated":true}]}}