{"id":1549,"date":"2024-07-25T00:20:28","date_gmt":"2024-07-25T00:20:28","guid":{"rendered":"https:\/\/loja.springschool.me\/?post_type=product&#038;p=1549"},"modified":"2024-07-25T00:20:29","modified_gmt":"2024-07-25T00:20:29","slug":"o-papai-e-pop","status":"publish","type":"product","link":"https:\/\/loja.springschool.me\/en\/product\/o-papai-e-pop\/","title":{"rendered":"Daddy is pop"},"content":{"rendered":"<p>So, you&#039;re going to be a father. You know you need to buy a bigger house. There needs to be more space for children. There must be another bedroom in the apartment. There has to be a new crib, it can&#039;t be the one the neighbor was willing to lend. So you know you have to change cars, with at least six airbags, factory air conditioning.<\/p>\n<p>What comedian Marcos Piangers discovered when he became a young father is that these worries don&#039;t make any difference. What really matters is not paying for the best daycare if you are the last one to pick up your children. It&#039;s not about buying the best toys, because children really like games that don&#039;t cost anything.<\/p>\n<p>Deep down, what really matters, as the fun and exciting texts in Daddy is Pop show, is being with your children, not thinking about anything else, but being there. In truth!<\/p>","protected":false},"excerpt":{"rendered":"<p><strong>Super promotion with limited stock.<\/strong><\/p>\n<p>With more than 500,000 copies sold, comedian Marcos Piangers in \u201cO papa \u00e9 pop\u201d, discovered when he became a young father that material concerns don&#039;t make any difference.<\/p>\n<p>Deep down, what really matters, as the fun and exciting texts in \u201cDaddy is Pop\u201d show, is being with your children, not thinking about anything else, but being there!<\/p>","protected":false},"featured_media":1550,"template":"","meta":[],"product_cat":[20],"product_tag":[97],"yoast_head":"<!-- This site is optimized with the Yoast SEO plugin v20.11 - https:\/\/yoast.com\/wordpress\/plugins\/seo\/ -->\n<title>O papai \u00e9 pop - Spring School - Loja Virtual<\/title>\n<meta name=\"description\" content=\"O que o humorista Marcos Piangers em &quot;O papai \u00e9 pop&quot;, descobriu ao ser pai jovem \u00e9 que preocupa\u00e7\u00f5es materiais n\u00e3o fazem diferen\u00e7a nenhuma.\" \/>\n<meta name=\"robots\" content=\"index, follow, max-snippet:-1, max-image-preview:large, max-video-preview:-1\" \/>\n<link rel=\"canonical\" href=\"https:\/\/loja.springschool.me\/en\/product\/o-papai-e-pop\/\" \/>\n<meta property=\"og:locale\" content=\"en_US\" \/>\n<meta property=\"og:type\" content=\"article\" \/>\n<meta property=\"og:title\" content=\"O papai \u00e9 pop - Spring School - Loja Virtual\" \/>\n<meta property=\"og:description\" content=\"O que o humorista Marcos Piangers em &quot;O papai \u00e9 pop&quot;, descobriu ao ser pai jovem \u00e9 que preocupa\u00e7\u00f5es materiais n\u00e3o fazem diferen\u00e7a nenhuma.\" \/>\n<meta property=\"og:url\" content=\"https:\/\/loja.springschool.me\/en\/product\/o-papai-e-pop\/\" \/>\n<meta property=\"og:site_name\" content=\"Spring School - Loja Virtual\" \/>\n<meta property=\"article:modified_time\" content=\"2024-07-25T00:20:29+00:00\" \/>\n<meta property=\"og:image\" content=\"https:\/\/loja.springschool.me\/wp-content\/uploads\/2024\/07\/spring-school-loja-o-papai-e-pop-01.jpg\" \/>\n\t<meta property=\"og:image:width\" content=\"1000\" \/>\n\t<meta property=\"og:image:height\" content=\"1000\" \/>\n\t<meta property=\"og:image:type\" content=\"image\/jpeg\" \/>\n<meta name=\"twitter:card\" content=\"summary_large_image\" \/>\n<meta name=\"twitter:label1\" content=\"Est. reading time\" \/>\n\t<meta name=\"twitter:data1\" content=\"1 minute\" \/>\n<script type=\"application\/ld+json\" class=\"yoast-schema-graph\">{\"@context\":\"https:\/\/schema.org\",\"@graph\":[{\"@type\":\"WebPage\",\"@id\":\"https:\/\/loja.springschool.me\/produto\/o-papai-e-pop\/\",\"url\":\"https:\/\/loja.springschool.me\/produto\/o-papai-e-pop\/\",\"name\":\"O papai \u00e9 pop - Spring School - Loja Virtual\",\"isPartOf\":{\"@id\":\"https:\/\/loja.springschool.me\/#website\"},\"datePublished\":\"2024-07-25T00:20:28+00:00\",\"dateModified\":\"2024-07-25T00:20:29+00:00\",\"description\":\"O que o humorista Marcos Piangers em \\\"O papai \u00e9 pop\\\", descobriu ao ser pai jovem \u00e9 que preocupa\u00e7\u00f5es materiais n\u00e3o fazem diferen\u00e7a nenhuma.\",\"breadcrumb\":{\"@id\":\"https:\/\/loja.springschool.me\/produto\/o-papai-e-pop\/#breadcrumb\"},\"inLanguage\":\"en-US\",\"potentialAction\":[{\"@type\":\"ReadAction\",\"target\":[\"https:\/\/loja.springschool.me\/produto\/o-papai-e-pop\/\"]}]},{\"@type\":\"BreadcrumbList\",\"@id\":\"https:\/\/loja.springschool.me\/produto\/o-papai-e-pop\/#breadcrumb\",\"itemListElement\":[{\"@type\":\"ListItem\",\"position\":1,\"name\":\"In\u00edcio\",\"item\":\"https:\/\/loja.springschool.me\/\"},{\"@type\":\"ListItem\",\"position\":2,\"name\":\"Shop\",\"item\":\"https:\/\/loja.springschool.me\/shop\/\"},{\"@type\":\"ListItem\",\"position\":3,\"name\":\"O papai \u00e9 pop\"}]},{\"@type\":\"WebSite\",\"@id\":\"https:\/\/loja.springschool.me\/#website\",\"url\":\"https:\/\/loja.springschool.me\/\",\"name\":\"Spring School - Loja Virtual\",\"description\":\"Just another WordPress site\",\"potentialAction\":[{\"@type\":\"SearchAction\",\"target\":{\"@type\":\"EntryPoint\",\"urlTemplate\":\"https:\/\/loja.springschool.me\/?s={search_term_string}\"},\"query-input\":\"required name=search_term_string\"}],\"inLanguage\":\"en-US\"}]}<\/script>\n<!-- \/ Yoast SEO plugin. -->","yoast_head_json":{"title":"O papai \u00e9 pop - Spring School - Loja Virtual","description":"O que o humorista Marcos Piangers em \"O papai \u00e9 pop\", descobriu ao ser pai jovem \u00e9 que preocupa\u00e7\u00f5es materiais n\u00e3o fazem diferen\u00e7a nenhuma.","robots":{"index":"index","follow":"follow","max-snippet":"max-snippet:-1","max-image-preview":"max-image-preview:large","max-video-preview":"max-video-preview:-1"},"canonical":"https:\/\/loja.springschool.me\/en\/product\/o-papai-e-pop\/","og_locale":"en_US","og_type":"article","og_title":"O papai \u00e9 pop - Spring School - Loja Virtual","og_description":"O que o humorista Marcos Piangers em \"O papai \u00e9 pop\", descobriu ao ser pai jovem \u00e9 que preocupa\u00e7\u00f5es materiais n\u00e3o fazem diferen\u00e7a nenhuma.","og_url":"https:\/\/loja.springschool.me\/en\/product\/o-papai-e-pop\/","og_site_name":"Spring School - Loja Virtual","article_modified_time":"2024-07-25T00:20:29+00:00","og_image":[{"width":1000,"height":1000,"url":"https:\/\/loja.springschool.me\/wp-content\/uploads\/2024\/07\/spring-school-loja-o-papai-e-pop-01.jpg","type":"image\/jpeg"}],"twitter_card":"summary_large_image","twitter_misc":{"Est. reading time":"1 minute"},"schema":{"@context":"https:\/\/schema.org","@graph":[{"@type":"WebPage","@id":"https:\/\/loja.springschool.me\/produto\/o-papai-e-pop\/","url":"https:\/\/loja.springschool.me\/produto\/o-papai-e-pop\/","name":"O papai \u00e9 pop - Spring School - Loja Virtual","isPartOf":{"@id":"https:\/\/loja.springschool.me\/#website"},"datePublished":"2024-07-25T00:20:28+00:00","dateModified":"2024-07-25T00:20:29+00:00","description":"O que o humorista Marcos Piangers em \"O papai \u00e9 pop\", descobriu ao ser pai jovem \u00e9 que preocupa\u00e7\u00f5es materiais n\u00e3o fazem diferen\u00e7a nenhuma.","breadcrumb":{"@id":"https:\/\/loja.springschool.me\/produto\/o-papai-e-pop\/#breadcrumb"},"inLanguage":"en-US","potentialAction":[{"@type":"ReadAction","target":["https:\/\/loja.springschool.me\/produto\/o-papai-e-pop\/"]}]},{"@type":"BreadcrumbList","@id":"https:\/\/loja.springschool.me\/produto\/o-papai-e-pop\/#breadcrumb","itemListElement":[{"@type":"ListItem","position":1,"name":"In\u00edcio","item":"https:\/\/loja.springschool.me\/"},{"@type":"ListItem","position":2,"name":"Shop","item":"https:\/\/loja.springschool.me\/shop\/"},{"@type":"ListItem","position":3,"name":"O papai \u00e9 pop"}]},{"@type":"WebSite","@id":"https:\/\/loja.springschool.me\/#website","url":"https:\/\/loja.springschool.me\/","name":"Spring School - Loja Virtual","description":"Just another WordPress site","potentialAction":[{"@type":"SearchAction","target":{"@type":"EntryPoint","urlTemplate":"https:\/\/loja.springschool.me\/?s={search_term_string}"},"query-input":"required name=search_term_string"}],"inLanguage":"en-US"}]}},"_links":{"self":[{"href":"https:\/\/loja.springschool.me\/en\/wp-json\/wp\/v2\/product\/1549"}],"collection":[{"href":"https:\/\/loja.springschool.me\/en\/wp-json\/wp\/v2\/product"}],"about":[{"href":"https:\/\/loja.springschool.me\/en\/wp-json\/wp\/v2\/types\/product"}],"version-history":[{"count":1,"href":"https:\/\/loja.springschool.me\/en\/wp-json\/wp\/v2\/product\/1549\/revisions"}],"predecessor-version":[{"id":1551,"href":"https:\/\/loja.springschool.me\/en\/wp-json\/wp\/v2\/product\/1549\/revisions\/1551"}],"wp:featuredmedia":[{"embeddable":true,"href":"https:\/\/loja.springschool.me\/en\/wp-json\/wp\/v2\/media\/1550"}],"wp:attachment":[{"href":"https:\/\/loja.springschool.me\/en\/wp-json\/wp\/v2\/media?parent=1549"}],"wp:term":[{"taxonomy":"product_cat","embeddable":true,"href":"https:\/\/loja.springschool.me\/en\/wp-json\/wp\/v2\/product_cat?post=1549"},{"taxonomy":"product_tag","embeddable":true,"href":"https:\/\/loja.springschool.me\/en\/wp-json\/wp\/v2\/product_tag?post=1549"}],"curies":[{"name":"wp","href":"https:\/\/api.w.org\/{rel}","templated":true}]}}