{"id":1545,"date":"2024-07-24T23:55:57","date_gmt":"2024-07-24T23:55:57","guid":{"rendered":"https:\/\/loja.springschool.me\/?post_type=product&#038;p=1545"},"modified":"2024-07-24T23:57:32","modified_gmt":"2024-07-24T23:57:32","slug":"financial-peace-revisited","status":"publish","type":"product","link":"https:\/\/loja.springschool.me\/en\/product\/financial-peace-revisited\/","title":{"rendered":"Financial Peace Revisited"},"content":{"rendered":"<p>Dave Ramsey knows what it\u2019s like to have it all. By the age of twenty-six, he had built a $4 million real estate portfolio, only to lose it by the time he was thirty. Since then, he has rebuilt his financial life and, through his workshops and New York Times bestselling business books Financial Peace and More than Enough, has helped hundreds of thousands of people understand the forces behind their financial struggles and how to fix things financially, emotionally, and spiritually.<\/p>\n<p>In this new edition of Financial Peace, Ramsey has updated his tactics and philosophy to show readers even more:<\/p>\n<ul>\n<li>how to get out of debt and stay out;<\/li>\n<li>the KISS investing rule \u2013 \u201cKeep It Simple, Stupid\u201d;<\/li>\n<li>how to use the contentment principle to guide financial decision-making;<\/li>\n<li>how the flow of money can revolutionize relationships.<\/li>\n<\/ul>\n<p>With practical, easy-to-follow methods and personal anecdotes, Financial Peace is the roadmap to personal control, financial security, a new and vital family dynamic, and peace for life.<\/p>","protected":false},"excerpt":{"rendered":"<p><strong>Used book. Super promotion with limited stock.<\/strong><\/p>\n<p>Dave Ramsey knows what it&#039;s like to have it all!<\/p>\n<p>In this new edition of Financial Peace, Ramsey has updated his tactics and philosophy to show readers even more. With practical, easy-to-follow methods and personal anecdotes, Financial Peace is the roadmap to personal control and financial security.<\/p>","protected":false},"featured_media":1546,"template":"","meta":[],"product_cat":[20],"product_tag":[86,59],"yoast_head":"<!-- This site is optimized with the Yoast SEO plugin v20.11 - https:\/\/yoast.com\/wordpress\/plugins\/seo\/ -->\n<title>Financial Peace Revisited - Spring School - Loja Virtual<\/title>\n<meta name=\"description\" content=\"Dave Ramsey sabe o que \u00e9 ter tudo. Nesta nova edi\u00e7\u00e3o de Financial Peace, Ramsey atualizou suas t\u00e1ticas e filosofia para mostrar a ainda mais aos leitores.\" \/>\n<meta name=\"robots\" content=\"index, follow, max-snippet:-1, max-image-preview:large, max-video-preview:-1\" \/>\n<link rel=\"canonical\" href=\"https:\/\/loja.springschool.me\/en\/product\/financial-peace-revisited\/\" \/>\n<meta property=\"og:locale\" content=\"en_US\" \/>\n<meta property=\"og:type\" content=\"article\" \/>\n<meta property=\"og:title\" content=\"Financial Peace Revisited - Spring School - Loja Virtual\" \/>\n<meta property=\"og:description\" content=\"Dave Ramsey sabe o que \u00e9 ter tudo. Nesta nova edi\u00e7\u00e3o de Financial Peace, Ramsey atualizou suas t\u00e1ticas e filosofia para mostrar a ainda mais aos leitores.\" \/>\n<meta property=\"og:url\" content=\"https:\/\/loja.springschool.me\/en\/product\/financial-peace-revisited\/\" \/>\n<meta property=\"og:site_name\" content=\"Spring School - Loja Virtual\" \/>\n<meta property=\"article:modified_time\" content=\"2024-07-24T23:57:32+00:00\" \/>\n<meta property=\"og:image\" content=\"https:\/\/loja.springschool.me\/wp-content\/uploads\/2024\/07\/spring-school-loja-financial-peace-01.jpg\" \/>\n\t<meta property=\"og:image:width\" content=\"1000\" \/>\n\t<meta property=\"og:image:height\" content=\"1000\" \/>\n\t<meta property=\"og:image:type\" content=\"image\/jpeg\" \/>\n<meta name=\"twitter:card\" content=\"summary_large_image\" \/>\n<meta name=\"twitter:label1\" content=\"Est. reading time\" \/>\n\t<meta name=\"twitter:data1\" content=\"1 minute\" \/>\n<script type=\"application\/ld+json\" class=\"yoast-schema-graph\">{\"@context\":\"https:\/\/schema.org\",\"@graph\":[{\"@type\":\"WebPage\",\"@id\":\"https:\/\/loja.springschool.me\/produto\/financial-peace-revisited\/\",\"url\":\"https:\/\/loja.springschool.me\/produto\/financial-peace-revisited\/\",\"name\":\"Financial Peace Revisited - Spring School - Loja Virtual\",\"isPartOf\":{\"@id\":\"https:\/\/loja.springschool.me\/#website\"},\"datePublished\":\"2024-07-24T23:55:57+00:00\",\"dateModified\":\"2024-07-24T23:57:32+00:00\",\"description\":\"Dave Ramsey sabe o que \u00e9 ter tudo. Nesta nova edi\u00e7\u00e3o de Financial Peace, Ramsey atualizou suas t\u00e1ticas e filosofia para mostrar a ainda mais aos leitores.\",\"breadcrumb\":{\"@id\":\"https:\/\/loja.springschool.me\/produto\/financial-peace-revisited\/#breadcrumb\"},\"inLanguage\":\"en-US\",\"potentialAction\":[{\"@type\":\"ReadAction\",\"target\":[\"https:\/\/loja.springschool.me\/produto\/financial-peace-revisited\/\"]}]},{\"@type\":\"BreadcrumbList\",\"@id\":\"https:\/\/loja.springschool.me\/produto\/financial-peace-revisited\/#breadcrumb\",\"itemListElement\":[{\"@type\":\"ListItem\",\"position\":1,\"name\":\"In\u00edcio\",\"item\":\"https:\/\/loja.springschool.me\/\"},{\"@type\":\"ListItem\",\"position\":2,\"name\":\"Shop\",\"item\":\"https:\/\/loja.springschool.me\/shop\/\"},{\"@type\":\"ListItem\",\"position\":3,\"name\":\"Financial Peace Revisited\"}]},{\"@type\":\"WebSite\",\"@id\":\"https:\/\/loja.springschool.me\/#website\",\"url\":\"https:\/\/loja.springschool.me\/\",\"name\":\"Spring School - Loja Virtual\",\"description\":\"Just another WordPress site\",\"potentialAction\":[{\"@type\":\"SearchAction\",\"target\":{\"@type\":\"EntryPoint\",\"urlTemplate\":\"https:\/\/loja.springschool.me\/?s={search_term_string}\"},\"query-input\":\"required name=search_term_string\"}],\"inLanguage\":\"en-US\"}]}<\/script>\n<!-- \/ Yoast SEO plugin. -->","yoast_head_json":{"title":"Financial Peace Revisited - Spring School - Loja Virtual","description":"Dave Ramsey sabe o que \u00e9 ter tudo. Nesta nova edi\u00e7\u00e3o de Financial Peace, Ramsey atualizou suas t\u00e1ticas e filosofia para mostrar a ainda mais aos leitores.","robots":{"index":"index","follow":"follow","max-snippet":"max-snippet:-1","max-image-preview":"max-image-preview:large","max-video-preview":"max-video-preview:-1"},"canonical":"https:\/\/loja.springschool.me\/en\/product\/financial-peace-revisited\/","og_locale":"en_US","og_type":"article","og_title":"Financial Peace Revisited - Spring School - Loja Virtual","og_description":"Dave Ramsey sabe o que \u00e9 ter tudo. Nesta nova edi\u00e7\u00e3o de Financial Peace, Ramsey atualizou suas t\u00e1ticas e filosofia para mostrar a ainda mais aos leitores.","og_url":"https:\/\/loja.springschool.me\/en\/product\/financial-peace-revisited\/","og_site_name":"Spring School - Loja Virtual","article_modified_time":"2024-07-24T23:57:32+00:00","og_image":[{"width":1000,"height":1000,"url":"https:\/\/loja.springschool.me\/wp-content\/uploads\/2024\/07\/spring-school-loja-financial-peace-01.jpg","type":"image\/jpeg"}],"twitter_card":"summary_large_image","twitter_misc":{"Est. reading time":"1 minute"},"schema":{"@context":"https:\/\/schema.org","@graph":[{"@type":"WebPage","@id":"https:\/\/loja.springschool.me\/produto\/financial-peace-revisited\/","url":"https:\/\/loja.springschool.me\/produto\/financial-peace-revisited\/","name":"Financial Peace Revisited - Spring School - Loja Virtual","isPartOf":{"@id":"https:\/\/loja.springschool.me\/#website"},"datePublished":"2024-07-24T23:55:57+00:00","dateModified":"2024-07-24T23:57:32+00:00","description":"Dave Ramsey sabe o que \u00e9 ter tudo. Nesta nova edi\u00e7\u00e3o de Financial Peace, Ramsey atualizou suas t\u00e1ticas e filosofia para mostrar a ainda mais aos leitores.","breadcrumb":{"@id":"https:\/\/loja.springschool.me\/produto\/financial-peace-revisited\/#breadcrumb"},"inLanguage":"en-US","potentialAction":[{"@type":"ReadAction","target":["https:\/\/loja.springschool.me\/produto\/financial-peace-revisited\/"]}]},{"@type":"BreadcrumbList","@id":"https:\/\/loja.springschool.me\/produto\/financial-peace-revisited\/#breadcrumb","itemListElement":[{"@type":"ListItem","position":1,"name":"In\u00edcio","item":"https:\/\/loja.springschool.me\/"},{"@type":"ListItem","position":2,"name":"Shop","item":"https:\/\/loja.springschool.me\/shop\/"},{"@type":"ListItem","position":3,"name":"Financial Peace Revisited"}]},{"@type":"WebSite","@id":"https:\/\/loja.springschool.me\/#website","url":"https:\/\/loja.springschool.me\/","name":"Spring School - Loja Virtual","description":"Just another WordPress site","potentialAction":[{"@type":"SearchAction","target":{"@type":"EntryPoint","urlTemplate":"https:\/\/loja.springschool.me\/?s={search_term_string}"},"query-input":"required name=search_term_string"}],"inLanguage":"en-US"}]}},"_links":{"self":[{"href":"https:\/\/loja.springschool.me\/en\/wp-json\/wp\/v2\/product\/1545"}],"collection":[{"href":"https:\/\/loja.springschool.me\/en\/wp-json\/wp\/v2\/product"}],"about":[{"href":"https:\/\/loja.springschool.me\/en\/wp-json\/wp\/v2\/types\/product"}],"version-history":[{"count":2,"href":"https:\/\/loja.springschool.me\/en\/wp-json\/wp\/v2\/product\/1545\/revisions"}],"predecessor-version":[{"id":1548,"href":"https:\/\/loja.springschool.me\/en\/wp-json\/wp\/v2\/product\/1545\/revisions\/1548"}],"wp:featuredmedia":[{"embeddable":true,"href":"https:\/\/loja.springschool.me\/en\/wp-json\/wp\/v2\/media\/1546"}],"wp:attachment":[{"href":"https:\/\/loja.springschool.me\/en\/wp-json\/wp\/v2\/media?parent=1545"}],"wp:term":[{"taxonomy":"product_cat","embeddable":true,"href":"https:\/\/loja.springschool.me\/en\/wp-json\/wp\/v2\/product_cat?post=1545"},{"taxonomy":"product_tag","embeddable":true,"href":"https:\/\/loja.springschool.me\/en\/wp-json\/wp\/v2\/product_tag?post=1545"}],"curies":[{"name":"wp","href":"https:\/\/api.w.org\/{rel}","templated":true}]}}