{"id":1542,"date":"2024-07-24T13:53:26","date_gmt":"2024-07-24T13:53:26","guid":{"rendered":"https:\/\/loja.springschool.me\/?post_type=product&#038;p=1542"},"modified":"2024-07-24T13:55:14","modified_gmt":"2024-07-24T13:55:14","slug":"quem-disse-que-voce-nao-pode-mudar-o-mundo","status":"publish","type":"product","link":"https:\/\/loja.springschool.me\/en\/product\/quem-disse-que-voce-nao-pode-mudar-o-mundo\/","title":{"rendered":"Who said you can&#039;t change the world?"},"content":{"rendered":"<p>What really moves you, what is the voice of your Daemon, your gift and your purpose? And what will you do with it? In this inspiring book filled with personal and professional journeys, Schnaidman makes us reflect on our role in the world, how we can discover it and most importantly: how to generate a positive impact. It insinuates that true success is not just dressed up in titles and professional achievements, but something much greater, which brings us a sense of well-being and personal fulfillment. As the great thinkers said, our ideal as a human being is to obtain happiness. And this is only lasting when we live in alignment with our values and purpose, and in the service of collective improvements.\u201d An unmissable book! Very well-balanced and instructive mix of concepts, quotes, professional achievements and personal learning.\u201d \u2013 Max Gehringer \u2013 Lecturer, writer and commentator for CBN radio and the Fant\u00e1stico program, on TV Globo.\u201dAn inspiring book that motivates and informs all of us who believe in the transformative impact of a life centered on purpose and in the service of a greater good .\u201d \u2013 Roberto Funari \u2013 CEO Alpargatas.<\/p>","protected":false},"excerpt":{"rendered":"<p><strong>Super promotion with limited stock!<\/strong><\/p>\n<p>Mauro Schnaidman, CEO of global companies and mentor of\u00a0<em>startups\u00a0<\/em>will help you build a solid and most importantly, purposeful professional career. Get your copy of this unmissable book right now: Who said you can&#039;t change the world?<\/p>","protected":false},"featured_media":1543,"template":"","meta":[],"product_cat":[20],"product_tag":[78],"yoast_head":"<!-- This site is optimized with the Yoast SEO plugin v20.11 - https:\/\/yoast.com\/wordpress\/plugins\/seo\/ -->\n<title>Quem disse que voc\u00ea n\u00e3o pode mudar o mundo? - Spring School - Loja Virtual<\/title>\n<meta name=\"description\" content=\"O livro &quot;Quem disse que voc\u00ea n\u00e3o pode mudar o mundo?&quot; de Mauro Schnaidman, CEO de empresas globais ajudar\u00e1 voc\u00ea a construir uma carreira com prop\u00f3sito.\" \/>\n<meta name=\"robots\" content=\"index, follow, max-snippet:-1, max-image-preview:large, max-video-preview:-1\" \/>\n<link rel=\"canonical\" href=\"https:\/\/loja.springschool.me\/en\/product\/quem-disse-que-voce-nao-pode-mudar-o-mundo\/\" \/>\n<meta property=\"og:locale\" content=\"en_US\" \/>\n<meta property=\"og:type\" content=\"article\" \/>\n<meta property=\"og:title\" content=\"Quem disse que voc\u00ea n\u00e3o pode mudar o mundo? - Spring School - Loja Virtual\" \/>\n<meta property=\"og:description\" content=\"O livro &quot;Quem disse que voc\u00ea n\u00e3o pode mudar o mundo?&quot; de Mauro Schnaidman, CEO de empresas globais ajudar\u00e1 voc\u00ea a construir uma carreira com prop\u00f3sito.\" \/>\n<meta property=\"og:url\" content=\"https:\/\/loja.springschool.me\/en\/product\/quem-disse-que-voce-nao-pode-mudar-o-mundo\/\" \/>\n<meta property=\"og:site_name\" content=\"Spring School - Loja Virtual\" \/>\n<meta property=\"article:modified_time\" content=\"2024-07-24T13:55:14+00:00\" \/>\n<meta property=\"og:image\" content=\"https:\/\/loja.springschool.me\/wp-content\/uploads\/2024\/07\/spring-school-loja-quem-disse-que-voce-nao-pode-mudar-o-mundo-01.jpg\" \/>\n\t<meta property=\"og:image:width\" content=\"1000\" \/>\n\t<meta property=\"og:image:height\" content=\"1000\" \/>\n\t<meta property=\"og:image:type\" content=\"image\/jpeg\" \/>\n<meta name=\"twitter:card\" content=\"summary_large_image\" \/>\n<meta name=\"twitter:label1\" content=\"Est. reading time\" \/>\n\t<meta name=\"twitter:data1\" content=\"1 minute\" \/>\n<script type=\"application\/ld+json\" class=\"yoast-schema-graph\">{\"@context\":\"https:\/\/schema.org\",\"@graph\":[{\"@type\":\"WebPage\",\"@id\":\"https:\/\/loja.springschool.me\/en\/product\/quem-disse-que-voce-nao-pode-mudar-o-mundo\/\",\"url\":\"https:\/\/loja.springschool.me\/en\/product\/quem-disse-que-voce-nao-pode-mudar-o-mundo\/\",\"name\":\"Quem disse que voc\u00ea n\u00e3o pode mudar o mundo? - Spring School - Loja Virtual\",\"isPartOf\":{\"@id\":\"https:\/\/loja.springschool.me\/#website\"},\"datePublished\":\"2024-07-24T13:53:26+00:00\",\"dateModified\":\"2024-07-24T13:55:14+00:00\",\"description\":\"O livro \\\"Quem disse que voc\u00ea n\u00e3o pode mudar o mundo?\\\" de Mauro Schnaidman, CEO de empresas globais ajudar\u00e1 voc\u00ea a construir uma carreira com prop\u00f3sito.\",\"breadcrumb\":{\"@id\":\"https:\/\/loja.springschool.me\/en\/product\/quem-disse-que-voce-nao-pode-mudar-o-mundo\/#breadcrumb\"},\"inLanguage\":\"en-US\",\"potentialAction\":[{\"@type\":\"ReadAction\",\"target\":[\"https:\/\/loja.springschool.me\/en\/product\/quem-disse-que-voce-nao-pode-mudar-o-mundo\/\"]}]},{\"@type\":\"BreadcrumbList\",\"@id\":\"https:\/\/loja.springschool.me\/en\/product\/quem-disse-que-voce-nao-pode-mudar-o-mundo\/#breadcrumb\",\"itemListElement\":[{\"@type\":\"ListItem\",\"position\":1,\"name\":\"In\u00edcio\",\"item\":\"https:\/\/loja.springschool.me\/\"},{\"@type\":\"ListItem\",\"position\":2,\"name\":\"Shop\",\"item\":\"https:\/\/loja.springschool.me\/shop\/\"},{\"@type\":\"ListItem\",\"position\":3,\"name\":\"Quem disse que voc\u00ea n\u00e3o pode mudar o mundo?\"}]},{\"@type\":\"WebSite\",\"@id\":\"https:\/\/loja.springschool.me\/#website\",\"url\":\"https:\/\/loja.springschool.me\/\",\"name\":\"Spring School - Loja Virtual\",\"description\":\"Just another WordPress site\",\"potentialAction\":[{\"@type\":\"SearchAction\",\"target\":{\"@type\":\"EntryPoint\",\"urlTemplate\":\"https:\/\/loja.springschool.me\/?s={search_term_string}\"},\"query-input\":\"required name=search_term_string\"}],\"inLanguage\":\"en-US\"}]}<\/script>\n<!-- \/ Yoast SEO plugin. -->","yoast_head_json":{"title":"Quem disse que voc\u00ea n\u00e3o pode mudar o mundo? - Spring School - Loja Virtual","description":"O livro \"Quem disse que voc\u00ea n\u00e3o pode mudar o mundo?\" de Mauro Schnaidman, CEO de empresas globais ajudar\u00e1 voc\u00ea a construir uma carreira com prop\u00f3sito.","robots":{"index":"index","follow":"follow","max-snippet":"max-snippet:-1","max-image-preview":"max-image-preview:large","max-video-preview":"max-video-preview:-1"},"canonical":"https:\/\/loja.springschool.me\/en\/product\/quem-disse-que-voce-nao-pode-mudar-o-mundo\/","og_locale":"en_US","og_type":"article","og_title":"Quem disse que voc\u00ea n\u00e3o pode mudar o mundo? - Spring School - Loja Virtual","og_description":"O livro \"Quem disse que voc\u00ea n\u00e3o pode mudar o mundo?\" de Mauro Schnaidman, CEO de empresas globais ajudar\u00e1 voc\u00ea a construir uma carreira com prop\u00f3sito.","og_url":"https:\/\/loja.springschool.me\/en\/product\/quem-disse-que-voce-nao-pode-mudar-o-mundo\/","og_site_name":"Spring School - Loja Virtual","article_modified_time":"2024-07-24T13:55:14+00:00","og_image":[{"width":1000,"height":1000,"url":"https:\/\/loja.springschool.me\/wp-content\/uploads\/2024\/07\/spring-school-loja-quem-disse-que-voce-nao-pode-mudar-o-mundo-01.jpg","type":"image\/jpeg"}],"twitter_card":"summary_large_image","twitter_misc":{"Est. reading time":"1 minute"},"schema":{"@context":"https:\/\/schema.org","@graph":[{"@type":"WebPage","@id":"https:\/\/loja.springschool.me\/en\/product\/quem-disse-que-voce-nao-pode-mudar-o-mundo\/","url":"https:\/\/loja.springschool.me\/en\/product\/quem-disse-que-voce-nao-pode-mudar-o-mundo\/","name":"Quem disse que voc\u00ea n\u00e3o pode mudar o mundo? - Spring School - Loja Virtual","isPartOf":{"@id":"https:\/\/loja.springschool.me\/#website"},"datePublished":"2024-07-24T13:53:26+00:00","dateModified":"2024-07-24T13:55:14+00:00","description":"O livro \"Quem disse que voc\u00ea n\u00e3o pode mudar o mundo?\" de Mauro Schnaidman, CEO de empresas globais ajudar\u00e1 voc\u00ea a construir uma carreira com prop\u00f3sito.","breadcrumb":{"@id":"https:\/\/loja.springschool.me\/en\/product\/quem-disse-que-voce-nao-pode-mudar-o-mundo\/#breadcrumb"},"inLanguage":"en-US","potentialAction":[{"@type":"ReadAction","target":["https:\/\/loja.springschool.me\/en\/product\/quem-disse-que-voce-nao-pode-mudar-o-mundo\/"]}]},{"@type":"BreadcrumbList","@id":"https:\/\/loja.springschool.me\/en\/product\/quem-disse-que-voce-nao-pode-mudar-o-mundo\/#breadcrumb","itemListElement":[{"@type":"ListItem","position":1,"name":"In\u00edcio","item":"https:\/\/loja.springschool.me\/"},{"@type":"ListItem","position":2,"name":"Shop","item":"https:\/\/loja.springschool.me\/shop\/"},{"@type":"ListItem","position":3,"name":"Quem disse que voc\u00ea n\u00e3o pode mudar o mundo?"}]},{"@type":"WebSite","@id":"https:\/\/loja.springschool.me\/#website","url":"https:\/\/loja.springschool.me\/","name":"Spring School - Loja Virtual","description":"Just another WordPress site","potentialAction":[{"@type":"SearchAction","target":{"@type":"EntryPoint","urlTemplate":"https:\/\/loja.springschool.me\/?s={search_term_string}"},"query-input":"required name=search_term_string"}],"inLanguage":"en-US"}]}},"_links":{"self":[{"href":"https:\/\/loja.springschool.me\/en\/wp-json\/wp\/v2\/product\/1542"}],"collection":[{"href":"https:\/\/loja.springschool.me\/en\/wp-json\/wp\/v2\/product"}],"about":[{"href":"https:\/\/loja.springschool.me\/en\/wp-json\/wp\/v2\/types\/product"}],"version-history":[{"count":1,"href":"https:\/\/loja.springschool.me\/en\/wp-json\/wp\/v2\/product\/1542\/revisions"}],"predecessor-version":[{"id":1544,"href":"https:\/\/loja.springschool.me\/en\/wp-json\/wp\/v2\/product\/1542\/revisions\/1544"}],"wp:featuredmedia":[{"embeddable":true,"href":"https:\/\/loja.springschool.me\/en\/wp-json\/wp\/v2\/media\/1543"}],"wp:attachment":[{"href":"https:\/\/loja.springschool.me\/en\/wp-json\/wp\/v2\/media?parent=1542"}],"wp:term":[{"taxonomy":"product_cat","embeddable":true,"href":"https:\/\/loja.springschool.me\/en\/wp-json\/wp\/v2\/product_cat?post=1542"},{"taxonomy":"product_tag","embeddable":true,"href":"https:\/\/loja.springschool.me\/en\/wp-json\/wp\/v2\/product_tag?post=1542"}],"curies":[{"name":"wp","href":"https:\/\/api.w.org\/{rel}","templated":true}]}}