{"id":1534,"date":"2024-07-24T13:25:15","date_gmt":"2024-07-24T13:25:15","guid":{"rendered":"https:\/\/loja.springschool.me\/?post_type=product&#038;p=1534"},"modified":"2024-07-24T13:29:00","modified_gmt":"2024-07-24T13:29:00","slug":"mente-magra-corpo-magro","status":"publish","type":"product","link":"https:\/\/loja.springschool.me\/en\/product\/mente-magra-corpo-magro\/","title":{"rendered":"Lean Mind, Lean Body"},"content":{"rendered":"<p>Get your brain in shape and your body will too! Everyone says that to lose weight, all you have to do is eat less and exercise more. However, the large number of obese people in the world shows that the situation is not that simple\u2026 The most recent neuroscience studies prove that the brains of overweight people are different from those of people at their ideal weight. Fortunately, you can train your brain to think in a healthier way and lose those extra pounds. In Lean Mind, Lean Body, you will learn how to get in shape, feel good about your body and how to make this change permanent, starting with the most important part of your body: your mind.<\/p>","protected":false},"excerpt":{"rendered":"<p><strong>Used Book. Super discount with limited stock!<\/strong><\/p>\n<p>Get your brain in shape and your body will be too!<\/p>\n<p>The book Lean Mind, Lean Body by Melinda Boyd is a revolutionary program to help you lose weight naturally.<\/p>","protected":false},"featured_media":1535,"template":"","meta":[],"product_cat":[20],"product_tag":[],"yoast_head":"<!-- This site is optimized with the Yoast SEO plugin v20.11 - https:\/\/yoast.com\/wordpress\/plugins\/seo\/ -->\n<title>Mente Magra, Corpo Magro - Spring School - Loja Virtual<\/title>\n<meta name=\"description\" content=\"O livro Mente Magra, Corpo Magro \u00e9 um programa revolucion\u00e1rio para emagrecer naturalmente. Clique e compre j\u00e1 esse livro de Melinda Boyd.\" \/>\n<meta name=\"robots\" content=\"index, follow, max-snippet:-1, max-image-preview:large, max-video-preview:-1\" \/>\n<link rel=\"canonical\" href=\"https:\/\/loja.springschool.me\/en\/product\/mente-magra-corpo-magro\/\" \/>\n<meta property=\"og:locale\" content=\"en_US\" \/>\n<meta property=\"og:type\" content=\"article\" \/>\n<meta property=\"og:title\" content=\"Mente Magra, Corpo Magro - Spring School - Loja Virtual\" \/>\n<meta property=\"og:description\" content=\"O livro Mente Magra, Corpo Magro \u00e9 um programa revolucion\u00e1rio para emagrecer naturalmente. Clique e compre j\u00e1 esse livro de Melinda Boyd.\" \/>\n<meta property=\"og:url\" content=\"https:\/\/loja.springschool.me\/en\/product\/mente-magra-corpo-magro\/\" \/>\n<meta property=\"og:site_name\" content=\"Spring School - Loja Virtual\" \/>\n<meta property=\"article:modified_time\" content=\"2024-07-24T13:29:00+00:00\" \/>\n<meta property=\"og:image\" content=\"https:\/\/loja.springschool.me\/wp-content\/uploads\/2024\/07\/spring-school-loja-mente_magra_corpo_magro-01.jpg\" \/>\n\t<meta property=\"og:image:width\" content=\"1000\" \/>\n\t<meta property=\"og:image:height\" content=\"1000\" \/>\n\t<meta property=\"og:image:type\" content=\"image\/jpeg\" \/>\n<meta name=\"twitter:card\" content=\"summary_large_image\" \/>\n<meta name=\"twitter:label1\" content=\"Est. reading time\" \/>\n\t<meta name=\"twitter:data1\" content=\"1 minute\" \/>\n<script type=\"application\/ld+json\" class=\"yoast-schema-graph\">{\"@context\":\"https:\/\/schema.org\",\"@graph\":[{\"@type\":\"WebPage\",\"@id\":\"https:\/\/loja.springschool.me\/produto\/mente-magra-corpo-magro\/\",\"url\":\"https:\/\/loja.springschool.me\/produto\/mente-magra-corpo-magro\/\",\"name\":\"Mente Magra, Corpo Magro - Spring School - Loja Virtual\",\"isPartOf\":{\"@id\":\"https:\/\/loja.springschool.me\/#website\"},\"datePublished\":\"2024-07-24T13:25:15+00:00\",\"dateModified\":\"2024-07-24T13:29:00+00:00\",\"description\":\"O livro Mente Magra, Corpo Magro \u00e9 um programa revolucion\u00e1rio para emagrecer naturalmente. Clique e compre j\u00e1 esse livro de Melinda Boyd.\",\"breadcrumb\":{\"@id\":\"https:\/\/loja.springschool.me\/produto\/mente-magra-corpo-magro\/#breadcrumb\"},\"inLanguage\":\"en-US\",\"potentialAction\":[{\"@type\":\"ReadAction\",\"target\":[\"https:\/\/loja.springschool.me\/produto\/mente-magra-corpo-magro\/\"]}]},{\"@type\":\"BreadcrumbList\",\"@id\":\"https:\/\/loja.springschool.me\/produto\/mente-magra-corpo-magro\/#breadcrumb\",\"itemListElement\":[{\"@type\":\"ListItem\",\"position\":1,\"name\":\"In\u00edcio\",\"item\":\"https:\/\/loja.springschool.me\/\"},{\"@type\":\"ListItem\",\"position\":2,\"name\":\"Shop\",\"item\":\"https:\/\/loja.springschool.me\/shop\/\"},{\"@type\":\"ListItem\",\"position\":3,\"name\":\"Mente Magra, Corpo Magro\"}]},{\"@type\":\"WebSite\",\"@id\":\"https:\/\/loja.springschool.me\/#website\",\"url\":\"https:\/\/loja.springschool.me\/\",\"name\":\"Spring School - Loja Virtual\",\"description\":\"Just another WordPress site\",\"potentialAction\":[{\"@type\":\"SearchAction\",\"target\":{\"@type\":\"EntryPoint\",\"urlTemplate\":\"https:\/\/loja.springschool.me\/?s={search_term_string}\"},\"query-input\":\"required name=search_term_string\"}],\"inLanguage\":\"en-US\"}]}<\/script>\n<!-- \/ Yoast SEO plugin. -->","yoast_head_json":{"title":"Mente Magra, Corpo Magro - Spring School - Loja Virtual","description":"O livro Mente Magra, Corpo Magro \u00e9 um programa revolucion\u00e1rio para emagrecer naturalmente. Clique e compre j\u00e1 esse livro de Melinda Boyd.","robots":{"index":"index","follow":"follow","max-snippet":"max-snippet:-1","max-image-preview":"max-image-preview:large","max-video-preview":"max-video-preview:-1"},"canonical":"https:\/\/loja.springschool.me\/en\/product\/mente-magra-corpo-magro\/","og_locale":"en_US","og_type":"article","og_title":"Mente Magra, Corpo Magro - Spring School - Loja Virtual","og_description":"O livro Mente Magra, Corpo Magro \u00e9 um programa revolucion\u00e1rio para emagrecer naturalmente. Clique e compre j\u00e1 esse livro de Melinda Boyd.","og_url":"https:\/\/loja.springschool.me\/en\/product\/mente-magra-corpo-magro\/","og_site_name":"Spring School - Loja Virtual","article_modified_time":"2024-07-24T13:29:00+00:00","og_image":[{"width":1000,"height":1000,"url":"https:\/\/loja.springschool.me\/wp-content\/uploads\/2024\/07\/spring-school-loja-mente_magra_corpo_magro-01.jpg","type":"image\/jpeg"}],"twitter_card":"summary_large_image","twitter_misc":{"Est. reading time":"1 minute"},"schema":{"@context":"https:\/\/schema.org","@graph":[{"@type":"WebPage","@id":"https:\/\/loja.springschool.me\/produto\/mente-magra-corpo-magro\/","url":"https:\/\/loja.springschool.me\/produto\/mente-magra-corpo-magro\/","name":"Mente Magra, Corpo Magro - Spring School - Loja Virtual","isPartOf":{"@id":"https:\/\/loja.springschool.me\/#website"},"datePublished":"2024-07-24T13:25:15+00:00","dateModified":"2024-07-24T13:29:00+00:00","description":"O livro Mente Magra, Corpo Magro \u00e9 um programa revolucion\u00e1rio para emagrecer naturalmente. Clique e compre j\u00e1 esse livro de Melinda Boyd.","breadcrumb":{"@id":"https:\/\/loja.springschool.me\/produto\/mente-magra-corpo-magro\/#breadcrumb"},"inLanguage":"en-US","potentialAction":[{"@type":"ReadAction","target":["https:\/\/loja.springschool.me\/produto\/mente-magra-corpo-magro\/"]}]},{"@type":"BreadcrumbList","@id":"https:\/\/loja.springschool.me\/produto\/mente-magra-corpo-magro\/#breadcrumb","itemListElement":[{"@type":"ListItem","position":1,"name":"In\u00edcio","item":"https:\/\/loja.springschool.me\/"},{"@type":"ListItem","position":2,"name":"Shop","item":"https:\/\/loja.springschool.me\/shop\/"},{"@type":"ListItem","position":3,"name":"Mente Magra, Corpo Magro"}]},{"@type":"WebSite","@id":"https:\/\/loja.springschool.me\/#website","url":"https:\/\/loja.springschool.me\/","name":"Spring School - Loja Virtual","description":"Just another WordPress site","potentialAction":[{"@type":"SearchAction","target":{"@type":"EntryPoint","urlTemplate":"https:\/\/loja.springschool.me\/?s={search_term_string}"},"query-input":"required name=search_term_string"}],"inLanguage":"en-US"}]}},"_links":{"self":[{"href":"https:\/\/loja.springschool.me\/en\/wp-json\/wp\/v2\/product\/1534"}],"collection":[{"href":"https:\/\/loja.springschool.me\/en\/wp-json\/wp\/v2\/product"}],"about":[{"href":"https:\/\/loja.springschool.me\/en\/wp-json\/wp\/v2\/types\/product"}],"version-history":[{"count":2,"href":"https:\/\/loja.springschool.me\/en\/wp-json\/wp\/v2\/product\/1534\/revisions"}],"predecessor-version":[{"id":1537,"href":"https:\/\/loja.springschool.me\/en\/wp-json\/wp\/v2\/product\/1534\/revisions\/1537"}],"wp:featuredmedia":[{"embeddable":true,"href":"https:\/\/loja.springschool.me\/en\/wp-json\/wp\/v2\/media\/1535"}],"wp:attachment":[{"href":"https:\/\/loja.springschool.me\/en\/wp-json\/wp\/v2\/media?parent=1534"}],"wp:term":[{"taxonomy":"product_cat","embeddable":true,"href":"https:\/\/loja.springschool.me\/en\/wp-json\/wp\/v2\/product_cat?post=1534"},{"taxonomy":"product_tag","embeddable":true,"href":"https:\/\/loja.springschool.me\/en\/wp-json\/wp\/v2\/product_tag?post=1534"}],"curies":[{"name":"wp","href":"https:\/\/api.w.org\/{rel}","templated":true}]}}