{"id":1527,"date":"2024-07-17T18:43:33","date_gmt":"2024-07-17T18:43:33","guid":{"rendered":"https:\/\/loja.springschool.me\/?post_type=product&#038;p=1527"},"modified":"2024-07-17T18:43:34","modified_gmt":"2024-07-17T18:43:34","slug":"campo-de-batalha-da-mente","status":"publish","type":"product","link":"https:\/\/loja.springschool.me\/en\/product\/campo-de-batalha-da-mente\/","title":{"rendered":"Battlefield of the Mind"},"content":{"rendered":"<p>The book has white pages!!<\/p>\n<p>If you are one of the millions who suffer from worry, doubt, depression, anger or guilt, you are experiencing an attack on your mind. Overcoming negative thoughts that come against your mind brings freedom and peace.<\/p>\n<p>Discover how to recognize harmful thought patterns and put an end to their influence in your life. In this powerful book, popular author and speaker Joyce Meyer leads you through an honest self-examination by sharing the trials, tragedies, and major victories of her own marriage, family, and ministry\u2014including the truth she learned about what she was thinking and feeling. every step of the way.<\/p>\n<p>You will learn how Joyce won the battle in her own mind and how you can win too.<\/p>","protected":false},"excerpt":{"rendered":"<p><strong>Super discount with limited stock!<\/strong><\/p>\n<p>If you are one of the millions who suffer from worry, doubt, depression, anger or guilt, you are experiencing an attack on your mind. The book \u201cBattlefield in the Mind\u201d, by Joyce Meyer, with more than three million copies sold, will help you win these daily battles.<\/p>","protected":false},"featured_media":1528,"template":"","meta":[],"product_cat":[20],"product_tag":[95,94],"yoast_head":"<!-- This site is optimized with the Yoast SEO plugin v20.11 - https:\/\/yoast.com\/wordpress\/plugins\/seo\/ -->\n<title>Campo de Batalha da Mente - Spring School - Loja Virtual<\/title>\n<meta name=\"description\" content=\"O livro &quot;Campo de Batalha da Mente&quot;, com mais de tr\u00eas milh\u00f5es de c\u00f3pias vendidas, ajudar\u00e1 voc\u00ea a vencer a batalha em sua mente.\" \/>\n<meta name=\"robots\" content=\"index, follow, max-snippet:-1, max-image-preview:large, max-video-preview:-1\" \/>\n<link rel=\"canonical\" href=\"https:\/\/loja.springschool.me\/en\/product\/campo-de-batalha-da-mente\/\" \/>\n<meta property=\"og:locale\" content=\"en_US\" \/>\n<meta property=\"og:type\" content=\"article\" \/>\n<meta property=\"og:title\" content=\"Campo de Batalha da Mente - Spring School - Loja Virtual\" \/>\n<meta property=\"og:description\" content=\"O livro &quot;Campo de Batalha da Mente&quot;, com mais de tr\u00eas milh\u00f5es de c\u00f3pias vendidas, ajudar\u00e1 voc\u00ea a vencer a batalha em sua mente.\" \/>\n<meta property=\"og:url\" content=\"https:\/\/loja.springschool.me\/en\/product\/campo-de-batalha-da-mente\/\" \/>\n<meta property=\"og:site_name\" content=\"Spring School - Loja Virtual\" \/>\n<meta property=\"article:modified_time\" content=\"2024-07-17T18:43:34+00:00\" \/>\n<meta property=\"og:image\" content=\"https:\/\/loja.springschool.me\/wp-content\/uploads\/2024\/07\/spring-school-loja-campo-de-batalha-da-mente-01.jpg\" \/>\n\t<meta property=\"og:image:width\" content=\"1000\" \/>\n\t<meta property=\"og:image:height\" content=\"1000\" \/>\n\t<meta property=\"og:image:type\" content=\"image\/jpeg\" \/>\n<meta name=\"twitter:card\" content=\"summary_large_image\" \/>\n<meta name=\"twitter:label1\" content=\"Est. reading time\" \/>\n\t<meta name=\"twitter:data1\" content=\"1 minute\" \/>\n<script type=\"application\/ld+json\" class=\"yoast-schema-graph\">{\"@context\":\"https:\/\/schema.org\",\"@graph\":[{\"@type\":\"WebPage\",\"@id\":\"https:\/\/loja.springschool.me\/en\/product\/campo-de-batalha-da-mente\/\",\"url\":\"https:\/\/loja.springschool.me\/en\/product\/campo-de-batalha-da-mente\/\",\"name\":\"Campo de Batalha da Mente - Spring School - Loja Virtual\",\"isPartOf\":{\"@id\":\"https:\/\/loja.springschool.me\/#website\"},\"datePublished\":\"2024-07-17T18:43:33+00:00\",\"dateModified\":\"2024-07-17T18:43:34+00:00\",\"description\":\"O livro \\\"Campo de Batalha da Mente\\\", com mais de tr\u00eas milh\u00f5es de c\u00f3pias vendidas, ajudar\u00e1 voc\u00ea a vencer a batalha em sua mente.\",\"breadcrumb\":{\"@id\":\"https:\/\/loja.springschool.me\/en\/product\/campo-de-batalha-da-mente\/#breadcrumb\"},\"inLanguage\":\"en-US\",\"potentialAction\":[{\"@type\":\"ReadAction\",\"target\":[\"https:\/\/loja.springschool.me\/en\/product\/campo-de-batalha-da-mente\/\"]}]},{\"@type\":\"BreadcrumbList\",\"@id\":\"https:\/\/loja.springschool.me\/en\/product\/campo-de-batalha-da-mente\/#breadcrumb\",\"itemListElement\":[{\"@type\":\"ListItem\",\"position\":1,\"name\":\"In\u00edcio\",\"item\":\"https:\/\/loja.springschool.me\/\"},{\"@type\":\"ListItem\",\"position\":2,\"name\":\"Shop\",\"item\":\"https:\/\/loja.springschool.me\/shop\/\"},{\"@type\":\"ListItem\",\"position\":3,\"name\":\"Campo de Batalha da Mente\"}]},{\"@type\":\"WebSite\",\"@id\":\"https:\/\/loja.springschool.me\/#website\",\"url\":\"https:\/\/loja.springschool.me\/\",\"name\":\"Spring School - Loja Virtual\",\"description\":\"Just another WordPress site\",\"potentialAction\":[{\"@type\":\"SearchAction\",\"target\":{\"@type\":\"EntryPoint\",\"urlTemplate\":\"https:\/\/loja.springschool.me\/?s={search_term_string}\"},\"query-input\":\"required name=search_term_string\"}],\"inLanguage\":\"en-US\"}]}<\/script>\n<!-- \/ Yoast SEO plugin. -->","yoast_head_json":{"title":"Campo de Batalha da Mente - Spring School - Loja Virtual","description":"O livro \"Campo de Batalha da Mente\", com mais de tr\u00eas milh\u00f5es de c\u00f3pias vendidas, ajudar\u00e1 voc\u00ea a vencer a batalha em sua mente.","robots":{"index":"index","follow":"follow","max-snippet":"max-snippet:-1","max-image-preview":"max-image-preview:large","max-video-preview":"max-video-preview:-1"},"canonical":"https:\/\/loja.springschool.me\/en\/product\/campo-de-batalha-da-mente\/","og_locale":"en_US","og_type":"article","og_title":"Campo de Batalha da Mente - Spring School - Loja Virtual","og_description":"O livro \"Campo de Batalha da Mente\", com mais de tr\u00eas milh\u00f5es de c\u00f3pias vendidas, ajudar\u00e1 voc\u00ea a vencer a batalha em sua mente.","og_url":"https:\/\/loja.springschool.me\/en\/product\/campo-de-batalha-da-mente\/","og_site_name":"Spring School - Loja Virtual","article_modified_time":"2024-07-17T18:43:34+00:00","og_image":[{"width":1000,"height":1000,"url":"https:\/\/loja.springschool.me\/wp-content\/uploads\/2024\/07\/spring-school-loja-campo-de-batalha-da-mente-01.jpg","type":"image\/jpeg"}],"twitter_card":"summary_large_image","twitter_misc":{"Est. reading time":"1 minute"},"schema":{"@context":"https:\/\/schema.org","@graph":[{"@type":"WebPage","@id":"https:\/\/loja.springschool.me\/en\/product\/campo-de-batalha-da-mente\/","url":"https:\/\/loja.springschool.me\/en\/product\/campo-de-batalha-da-mente\/","name":"Campo de Batalha da Mente - Spring School - Loja Virtual","isPartOf":{"@id":"https:\/\/loja.springschool.me\/#website"},"datePublished":"2024-07-17T18:43:33+00:00","dateModified":"2024-07-17T18:43:34+00:00","description":"O livro \"Campo de Batalha da Mente\", com mais de tr\u00eas milh\u00f5es de c\u00f3pias vendidas, ajudar\u00e1 voc\u00ea a vencer a batalha em sua mente.","breadcrumb":{"@id":"https:\/\/loja.springschool.me\/en\/product\/campo-de-batalha-da-mente\/#breadcrumb"},"inLanguage":"en-US","potentialAction":[{"@type":"ReadAction","target":["https:\/\/loja.springschool.me\/en\/product\/campo-de-batalha-da-mente\/"]}]},{"@type":"BreadcrumbList","@id":"https:\/\/loja.springschool.me\/en\/product\/campo-de-batalha-da-mente\/#breadcrumb","itemListElement":[{"@type":"ListItem","position":1,"name":"In\u00edcio","item":"https:\/\/loja.springschool.me\/"},{"@type":"ListItem","position":2,"name":"Shop","item":"https:\/\/loja.springschool.me\/shop\/"},{"@type":"ListItem","position":3,"name":"Campo de Batalha da Mente"}]},{"@type":"WebSite","@id":"https:\/\/loja.springschool.me\/#website","url":"https:\/\/loja.springschool.me\/","name":"Spring School - Loja Virtual","description":"Just another WordPress site","potentialAction":[{"@type":"SearchAction","target":{"@type":"EntryPoint","urlTemplate":"https:\/\/loja.springschool.me\/?s={search_term_string}"},"query-input":"required name=search_term_string"}],"inLanguage":"en-US"}]}},"_links":{"self":[{"href":"https:\/\/loja.springschool.me\/en\/wp-json\/wp\/v2\/product\/1527"}],"collection":[{"href":"https:\/\/loja.springschool.me\/en\/wp-json\/wp\/v2\/product"}],"about":[{"href":"https:\/\/loja.springschool.me\/en\/wp-json\/wp\/v2\/types\/product"}],"version-history":[{"count":1,"href":"https:\/\/loja.springschool.me\/en\/wp-json\/wp\/v2\/product\/1527\/revisions"}],"predecessor-version":[{"id":1529,"href":"https:\/\/loja.springschool.me\/en\/wp-json\/wp\/v2\/product\/1527\/revisions\/1529"}],"wp:featuredmedia":[{"embeddable":true,"href":"https:\/\/loja.springschool.me\/en\/wp-json\/wp\/v2\/media\/1528"}],"wp:attachment":[{"href":"https:\/\/loja.springschool.me\/en\/wp-json\/wp\/v2\/media?parent=1527"}],"wp:term":[{"taxonomy":"product_cat","embeddable":true,"href":"https:\/\/loja.springschool.me\/en\/wp-json\/wp\/v2\/product_cat?post=1527"},{"taxonomy":"product_tag","embeddable":true,"href":"https:\/\/loja.springschool.me\/en\/wp-json\/wp\/v2\/product_tag?post=1527"}],"curies":[{"name":"wp","href":"https:\/\/api.w.org\/{rel}","templated":true}]}}