{"id":1523,"date":"2024-07-17T18:14:25","date_gmt":"2024-07-17T18:14:25","guid":{"rendered":"https:\/\/loja.springschool.me\/?post_type=product&#038;p=1523"},"modified":"2024-07-17T18:15:12","modified_gmt":"2024-07-17T18:15:12","slug":"10-mil-startups","status":"publish","type":"product","link":"https:\/\/loja.springschool.me\/en\/product\/10-mil-startups\/","title":{"rendered":"10 thousand startups"},"content":{"rendered":"<p>Everything to create and grow a startup. A guide on the step-by-step process from opening to the main growth phases of a startup. The author shares the history and real cases of dozens of Brazilian startups and addresses topics such as team building, acceleration and attracting investments. Readers receive access to an online portal with downloads of documents, videos and complementary material.<\/p>","protected":false},"excerpt":{"rendered":"<p><strong>Used Book. Super discount with limited stock!<\/strong><\/p>\n<p>Everything to create and grow a startup.<\/p>\n<p>Practical guide to start growing a new technology-based business in Brazil.<\/p>","protected":false},"featured_media":1524,"template":"","meta":[],"product_cat":[20],"product_tag":[61,74],"yoast_head":"<!-- This site is optimized with the Yoast SEO plugin v20.11 - https:\/\/yoast.com\/wordpress\/plugins\/seo\/ -->\n<title>10 mil startups - Spring School - Loja Virtual<\/title>\n<meta name=\"description\" content=\"O livro &quot;10 mil&quot; startups, de Felipe Matos \u00e9 um guia pr\u00e1tico para come\u00e7ar a crescer um novo neg\u00f3cio baseado em tecnologia no Brasil.\u00a0\" \/>\n<meta name=\"robots\" content=\"index, follow, max-snippet:-1, max-image-preview:large, max-video-preview:-1\" \/>\n<link rel=\"canonical\" href=\"https:\/\/loja.springschool.me\/en\/product\/10-mil-startups\/\" \/>\n<meta property=\"og:locale\" content=\"en_US\" \/>\n<meta property=\"og:type\" content=\"article\" \/>\n<meta property=\"og:title\" content=\"10 mil startups - Spring School - Loja Virtual\" \/>\n<meta property=\"og:description\" content=\"O livro &quot;10 mil&quot; startups, de Felipe Matos \u00e9 um guia pr\u00e1tico para come\u00e7ar a crescer um novo neg\u00f3cio baseado em tecnologia no Brasil.\u00a0\" \/>\n<meta property=\"og:url\" content=\"https:\/\/loja.springschool.me\/en\/product\/10-mil-startups\/\" \/>\n<meta property=\"og:site_name\" content=\"Spring School - Loja Virtual\" \/>\n<meta property=\"article:modified_time\" content=\"2024-07-17T18:15:12+00:00\" \/>\n<meta property=\"og:image\" content=\"https:\/\/loja.springschool.me\/wp-content\/uploads\/2024\/07\/spring-school-loja-10-mil-startups-01.jpg\" \/>\n\t<meta property=\"og:image:width\" content=\"1000\" \/>\n\t<meta property=\"og:image:height\" content=\"1000\" \/>\n\t<meta property=\"og:image:type\" content=\"image\/jpeg\" \/>\n<meta name=\"twitter:card\" content=\"summary_large_image\" \/>\n<meta name=\"twitter:label1\" content=\"Est. reading time\" \/>\n\t<meta name=\"twitter:data1\" content=\"1 minute\" \/>\n<script type=\"application\/ld+json\" class=\"yoast-schema-graph\">{\"@context\":\"https:\/\/schema.org\",\"@graph\":[{\"@type\":\"WebPage\",\"@id\":\"https:\/\/loja.springschool.me\/produto\/10-mil-startups\/\",\"url\":\"https:\/\/loja.springschool.me\/produto\/10-mil-startups\/\",\"name\":\"10 mil startups - Spring School - Loja Virtual\",\"isPartOf\":{\"@id\":\"https:\/\/loja.springschool.me\/#website\"},\"datePublished\":\"2024-07-17T18:14:25+00:00\",\"dateModified\":\"2024-07-17T18:15:12+00:00\",\"description\":\"O livro \\\"10 mil\\\" startups, de Felipe Matos \u00e9 um guia pr\u00e1tico para come\u00e7ar a crescer um novo neg\u00f3cio baseado em tecnologia no Brasil.\u00a0\",\"breadcrumb\":{\"@id\":\"https:\/\/loja.springschool.me\/produto\/10-mil-startups\/#breadcrumb\"},\"inLanguage\":\"en-US\",\"potentialAction\":[{\"@type\":\"ReadAction\",\"target\":[\"https:\/\/loja.springschool.me\/produto\/10-mil-startups\/\"]}]},{\"@type\":\"BreadcrumbList\",\"@id\":\"https:\/\/loja.springschool.me\/produto\/10-mil-startups\/#breadcrumb\",\"itemListElement\":[{\"@type\":\"ListItem\",\"position\":1,\"name\":\"In\u00edcio\",\"item\":\"https:\/\/loja.springschool.me\/\"},{\"@type\":\"ListItem\",\"position\":2,\"name\":\"Shop\",\"item\":\"https:\/\/loja.springschool.me\/shop\/\"},{\"@type\":\"ListItem\",\"position\":3,\"name\":\"10 mil startups\"}]},{\"@type\":\"WebSite\",\"@id\":\"https:\/\/loja.springschool.me\/#website\",\"url\":\"https:\/\/loja.springschool.me\/\",\"name\":\"Spring School - Loja Virtual\",\"description\":\"Just another WordPress site\",\"potentialAction\":[{\"@type\":\"SearchAction\",\"target\":{\"@type\":\"EntryPoint\",\"urlTemplate\":\"https:\/\/loja.springschool.me\/?s={search_term_string}\"},\"query-input\":\"required name=search_term_string\"}],\"inLanguage\":\"en-US\"}]}<\/script>\n<!-- \/ Yoast SEO plugin. -->","yoast_head_json":{"title":"10 mil startups - Spring School - Loja Virtual","description":"O livro \"10 mil\" startups, de Felipe Matos \u00e9 um guia pr\u00e1tico para come\u00e7ar a crescer um novo neg\u00f3cio baseado em tecnologia no Brasil.\u00a0","robots":{"index":"index","follow":"follow","max-snippet":"max-snippet:-1","max-image-preview":"max-image-preview:large","max-video-preview":"max-video-preview:-1"},"canonical":"https:\/\/loja.springschool.me\/en\/product\/10-mil-startups\/","og_locale":"en_US","og_type":"article","og_title":"10 mil startups - Spring School - Loja Virtual","og_description":"O livro \"10 mil\" startups, de Felipe Matos \u00e9 um guia pr\u00e1tico para come\u00e7ar a crescer um novo neg\u00f3cio baseado em tecnologia no Brasil.\u00a0","og_url":"https:\/\/loja.springschool.me\/en\/product\/10-mil-startups\/","og_site_name":"Spring School - Loja Virtual","article_modified_time":"2024-07-17T18:15:12+00:00","og_image":[{"width":1000,"height":1000,"url":"https:\/\/loja.springschool.me\/wp-content\/uploads\/2024\/07\/spring-school-loja-10-mil-startups-01.jpg","type":"image\/jpeg"}],"twitter_card":"summary_large_image","twitter_misc":{"Est. reading time":"1 minute"},"schema":{"@context":"https:\/\/schema.org","@graph":[{"@type":"WebPage","@id":"https:\/\/loja.springschool.me\/produto\/10-mil-startups\/","url":"https:\/\/loja.springschool.me\/produto\/10-mil-startups\/","name":"10 mil startups - Spring School - Loja Virtual","isPartOf":{"@id":"https:\/\/loja.springschool.me\/#website"},"datePublished":"2024-07-17T18:14:25+00:00","dateModified":"2024-07-17T18:15:12+00:00","description":"O livro \"10 mil\" startups, de Felipe Matos \u00e9 um guia pr\u00e1tico para come\u00e7ar a crescer um novo neg\u00f3cio baseado em tecnologia no Brasil.\u00a0","breadcrumb":{"@id":"https:\/\/loja.springschool.me\/produto\/10-mil-startups\/#breadcrumb"},"inLanguage":"en-US","potentialAction":[{"@type":"ReadAction","target":["https:\/\/loja.springschool.me\/produto\/10-mil-startups\/"]}]},{"@type":"BreadcrumbList","@id":"https:\/\/loja.springschool.me\/produto\/10-mil-startups\/#breadcrumb","itemListElement":[{"@type":"ListItem","position":1,"name":"In\u00edcio","item":"https:\/\/loja.springschool.me\/"},{"@type":"ListItem","position":2,"name":"Shop","item":"https:\/\/loja.springschool.me\/shop\/"},{"@type":"ListItem","position":3,"name":"10 mil startups"}]},{"@type":"WebSite","@id":"https:\/\/loja.springschool.me\/#website","url":"https:\/\/loja.springschool.me\/","name":"Spring School - Loja Virtual","description":"Just another WordPress site","potentialAction":[{"@type":"SearchAction","target":{"@type":"EntryPoint","urlTemplate":"https:\/\/loja.springschool.me\/?s={search_term_string}"},"query-input":"required name=search_term_string"}],"inLanguage":"en-US"}]}},"_links":{"self":[{"href":"https:\/\/loja.springschool.me\/en\/wp-json\/wp\/v2\/product\/1523"}],"collection":[{"href":"https:\/\/loja.springschool.me\/en\/wp-json\/wp\/v2\/product"}],"about":[{"href":"https:\/\/loja.springschool.me\/en\/wp-json\/wp\/v2\/types\/product"}],"version-history":[{"count":2,"href":"https:\/\/loja.springschool.me\/en\/wp-json\/wp\/v2\/product\/1523\/revisions"}],"predecessor-version":[{"id":1526,"href":"https:\/\/loja.springschool.me\/en\/wp-json\/wp\/v2\/product\/1523\/revisions\/1526"}],"wp:featuredmedia":[{"embeddable":true,"href":"https:\/\/loja.springschool.me\/en\/wp-json\/wp\/v2\/media\/1524"}],"wp:attachment":[{"href":"https:\/\/loja.springschool.me\/en\/wp-json\/wp\/v2\/media?parent=1523"}],"wp:term":[{"taxonomy":"product_cat","embeddable":true,"href":"https:\/\/loja.springschool.me\/en\/wp-json\/wp\/v2\/product_cat?post=1523"},{"taxonomy":"product_tag","embeddable":true,"href":"https:\/\/loja.springschool.me\/en\/wp-json\/wp\/v2\/product_tag?post=1523"}],"curies":[{"name":"wp","href":"https:\/\/api.w.org\/{rel}","templated":true}]}}