{"id":1519,"date":"2024-07-17T16:47:16","date_gmt":"2024-07-17T16:47:16","guid":{"rendered":"https:\/\/loja.springschool.me\/?post_type=product&#038;p=1519"},"modified":"2024-07-17T16:47:48","modified_gmt":"2024-07-17T16:47:48","slug":"como-integrar-fe-e-trabalho","status":"publish","type":"product","link":"https:\/\/loja.springschool.me\/en\/product\/como-integrar-fe-e-trabalho\/","title":{"rendered":"How to Integrate Faith and Work"},"content":{"rendered":"<p>How God calls us to express meaning and purpose through our work and careers.<\/p>\n<p>Tim Keller has taught and counseled students, young professionals, and seasoned leaders on the subject of work and Christian calling for over twenty years. Now he makes his insights available to readers worldwide in this book, which offers biblical perspectives on such pressing issues as:<\/p>\n<p>\u2013 What is the purpose of the work?<br \/>\n\u2013 How can I find meaning and serve people in a cutthroat, results-driven work environment?<br \/>\n\u2013 How can I use my skills in a vocation that has meaning and purpose?<br \/>\n\u2013 Can I stay true to my values and still grow professionally?<br \/>\n\u2013 How to make the difficult choices that must be made throughout a successful career?<\/p>","protected":false},"excerpt":{"rendered":"<p><strong>Super discount with limited stock!<\/strong><\/p>\n<p>Our profession in the service of the kingdom of God.<\/p>\n<p>How God calls us to express meaning and purpose through our work and careers.<\/p>\n<p>From New York Times bestselling author Timothy Keller.<\/p>","protected":false},"featured_media":1520,"template":"","meta":[],"product_cat":[20],"product_tag":[61,94],"yoast_head":"<!-- This site is optimized with the Yoast SEO plugin v20.11 - https:\/\/yoast.com\/wordpress\/plugins\/seo\/ -->\n<title>Como Integrar F\u00e9 e Trabalho - Spring School - Loja Virtual<\/title>\n<meta name=\"description\" content=\"Livro &quot;Como Integrar f\u00e9 e Trabalho, nossa profiss\u00e3o a servi\u00e7o de Deus&quot;, do autor beste-seller do The New York Times, Timothy Keller.\" \/>\n<meta name=\"robots\" content=\"index, follow, max-snippet:-1, max-image-preview:large, max-video-preview:-1\" \/>\n<link rel=\"canonical\" href=\"https:\/\/loja.springschool.me\/en\/product\/como-integrar-fe-e-trabalho\/\" \/>\n<meta property=\"og:locale\" content=\"en_US\" \/>\n<meta property=\"og:type\" content=\"article\" \/>\n<meta property=\"og:title\" content=\"Como Integrar F\u00e9 e Trabalho - Spring School - Loja Virtual\" \/>\n<meta property=\"og:description\" content=\"Livro &quot;Como Integrar f\u00e9 e Trabalho, nossa profiss\u00e3o a servi\u00e7o de Deus&quot;, do autor beste-seller do The New York Times, Timothy Keller.\" \/>\n<meta property=\"og:url\" content=\"https:\/\/loja.springschool.me\/en\/product\/como-integrar-fe-e-trabalho\/\" \/>\n<meta property=\"og:site_name\" content=\"Spring School - Loja Virtual\" \/>\n<meta property=\"article:modified_time\" content=\"2024-07-17T16:47:48+00:00\" \/>\n<meta property=\"og:image\" content=\"https:\/\/loja.springschool.me\/wp-content\/uploads\/2024\/07\/spring-school-loja-como-integrar-fe-no-trabalho-01.jpg\" \/>\n\t<meta property=\"og:image:width\" content=\"1000\" \/>\n\t<meta property=\"og:image:height\" content=\"1000\" \/>\n\t<meta property=\"og:image:type\" content=\"image\/jpeg\" \/>\n<meta name=\"twitter:card\" content=\"summary_large_image\" \/>\n<meta name=\"twitter:label1\" content=\"Est. reading time\" \/>\n\t<meta name=\"twitter:data1\" content=\"1 minute\" \/>\n<script type=\"application\/ld+json\" class=\"yoast-schema-graph\">{\"@context\":\"https:\/\/schema.org\",\"@graph\":[{\"@type\":\"WebPage\",\"@id\":\"https:\/\/loja.springschool.me\/en\/product\/como-integrar-fe-e-trabalho\/\",\"url\":\"https:\/\/loja.springschool.me\/en\/product\/como-integrar-fe-e-trabalho\/\",\"name\":\"Como Integrar F\u00e9 e Trabalho - Spring School - Loja Virtual\",\"isPartOf\":{\"@id\":\"https:\/\/loja.springschool.me\/#website\"},\"datePublished\":\"2024-07-17T16:47:16+00:00\",\"dateModified\":\"2024-07-17T16:47:48+00:00\",\"description\":\"Livro \\\"Como Integrar f\u00e9 e Trabalho, nossa profiss\u00e3o a servi\u00e7o de Deus\\\", do autor beste-seller do The New York Times, Timothy Keller.\",\"breadcrumb\":{\"@id\":\"https:\/\/loja.springschool.me\/en\/product\/como-integrar-fe-e-trabalho\/#breadcrumb\"},\"inLanguage\":\"en-US\",\"potentialAction\":[{\"@type\":\"ReadAction\",\"target\":[\"https:\/\/loja.springschool.me\/en\/product\/como-integrar-fe-e-trabalho\/\"]}]},{\"@type\":\"BreadcrumbList\",\"@id\":\"https:\/\/loja.springschool.me\/en\/product\/como-integrar-fe-e-trabalho\/#breadcrumb\",\"itemListElement\":[{\"@type\":\"ListItem\",\"position\":1,\"name\":\"In\u00edcio\",\"item\":\"https:\/\/loja.springschool.me\/\"},{\"@type\":\"ListItem\",\"position\":2,\"name\":\"Shop\",\"item\":\"https:\/\/loja.springschool.me\/shop\/\"},{\"@type\":\"ListItem\",\"position\":3,\"name\":\"Como Integrar F\u00e9 e Trabalho\"}]},{\"@type\":\"WebSite\",\"@id\":\"https:\/\/loja.springschool.me\/#website\",\"url\":\"https:\/\/loja.springschool.me\/\",\"name\":\"Spring School - Loja Virtual\",\"description\":\"Just another WordPress site\",\"potentialAction\":[{\"@type\":\"SearchAction\",\"target\":{\"@type\":\"EntryPoint\",\"urlTemplate\":\"https:\/\/loja.springschool.me\/?s={search_term_string}\"},\"query-input\":\"required name=search_term_string\"}],\"inLanguage\":\"en-US\"}]}<\/script>\n<!-- \/ Yoast SEO plugin. -->","yoast_head_json":{"title":"Como Integrar F\u00e9 e Trabalho - Spring School - Loja Virtual","description":"Livro \"Como Integrar f\u00e9 e Trabalho, nossa profiss\u00e3o a servi\u00e7o de Deus\", do autor beste-seller do The New York Times, Timothy Keller.","robots":{"index":"index","follow":"follow","max-snippet":"max-snippet:-1","max-image-preview":"max-image-preview:large","max-video-preview":"max-video-preview:-1"},"canonical":"https:\/\/loja.springschool.me\/en\/product\/como-integrar-fe-e-trabalho\/","og_locale":"en_US","og_type":"article","og_title":"Como Integrar F\u00e9 e Trabalho - Spring School - Loja Virtual","og_description":"Livro \"Como Integrar f\u00e9 e Trabalho, nossa profiss\u00e3o a servi\u00e7o de Deus\", do autor beste-seller do The New York Times, Timothy Keller.","og_url":"https:\/\/loja.springschool.me\/en\/product\/como-integrar-fe-e-trabalho\/","og_site_name":"Spring School - Loja Virtual","article_modified_time":"2024-07-17T16:47:48+00:00","og_image":[{"width":1000,"height":1000,"url":"https:\/\/loja.springschool.me\/wp-content\/uploads\/2024\/07\/spring-school-loja-como-integrar-fe-no-trabalho-01.jpg","type":"image\/jpeg"}],"twitter_card":"summary_large_image","twitter_misc":{"Est. reading time":"1 minute"},"schema":{"@context":"https:\/\/schema.org","@graph":[{"@type":"WebPage","@id":"https:\/\/loja.springschool.me\/en\/product\/como-integrar-fe-e-trabalho\/","url":"https:\/\/loja.springschool.me\/en\/product\/como-integrar-fe-e-trabalho\/","name":"Como Integrar F\u00e9 e Trabalho - Spring School - Loja Virtual","isPartOf":{"@id":"https:\/\/loja.springschool.me\/#website"},"datePublished":"2024-07-17T16:47:16+00:00","dateModified":"2024-07-17T16:47:48+00:00","description":"Livro \"Como Integrar f\u00e9 e Trabalho, nossa profiss\u00e3o a servi\u00e7o de Deus\", do autor beste-seller do The New York Times, Timothy Keller.","breadcrumb":{"@id":"https:\/\/loja.springschool.me\/en\/product\/como-integrar-fe-e-trabalho\/#breadcrumb"},"inLanguage":"en-US","potentialAction":[{"@type":"ReadAction","target":["https:\/\/loja.springschool.me\/en\/product\/como-integrar-fe-e-trabalho\/"]}]},{"@type":"BreadcrumbList","@id":"https:\/\/loja.springschool.me\/en\/product\/como-integrar-fe-e-trabalho\/#breadcrumb","itemListElement":[{"@type":"ListItem","position":1,"name":"In\u00edcio","item":"https:\/\/loja.springschool.me\/"},{"@type":"ListItem","position":2,"name":"Shop","item":"https:\/\/loja.springschool.me\/shop\/"},{"@type":"ListItem","position":3,"name":"Como Integrar F\u00e9 e Trabalho"}]},{"@type":"WebSite","@id":"https:\/\/loja.springschool.me\/#website","url":"https:\/\/loja.springschool.me\/","name":"Spring School - Loja Virtual","description":"Just another WordPress site","potentialAction":[{"@type":"SearchAction","target":{"@type":"EntryPoint","urlTemplate":"https:\/\/loja.springschool.me\/?s={search_term_string}"},"query-input":"required name=search_term_string"}],"inLanguage":"en-US"}]}},"_links":{"self":[{"href":"https:\/\/loja.springschool.me\/en\/wp-json\/wp\/v2\/product\/1519"}],"collection":[{"href":"https:\/\/loja.springschool.me\/en\/wp-json\/wp\/v2\/product"}],"about":[{"href":"https:\/\/loja.springschool.me\/en\/wp-json\/wp\/v2\/types\/product"}],"version-history":[{"count":2,"href":"https:\/\/loja.springschool.me\/en\/wp-json\/wp\/v2\/product\/1519\/revisions"}],"predecessor-version":[{"id":1522,"href":"https:\/\/loja.springschool.me\/en\/wp-json\/wp\/v2\/product\/1519\/revisions\/1522"}],"wp:featuredmedia":[{"embeddable":true,"href":"https:\/\/loja.springschool.me\/en\/wp-json\/wp\/v2\/media\/1520"}],"wp:attachment":[{"href":"https:\/\/loja.springschool.me\/en\/wp-json\/wp\/v2\/media?parent=1519"}],"wp:term":[{"taxonomy":"product_cat","embeddable":true,"href":"https:\/\/loja.springschool.me\/en\/wp-json\/wp\/v2\/product_cat?post=1519"},{"taxonomy":"product_tag","embeddable":true,"href":"https:\/\/loja.springschool.me\/en\/wp-json\/wp\/v2\/product_tag?post=1519"}],"curies":[{"name":"wp","href":"https:\/\/api.w.org\/{rel}","templated":true}]}}