{"id":1466,"date":"2024-05-24T22:02:49","date_gmt":"2024-05-24T22:02:49","guid":{"rendered":"https:\/\/loja.springschool.me\/?post_type=product&#038;p=1466"},"modified":"2024-05-24T23:50:12","modified_gmt":"2024-05-24T23:50:12","slug":"o-segredo-para-se-tornar-uma-marca-de-luxo","status":"publish","type":"product","link":"https:\/\/loja.springschool.me\/en\/product\/o-segredo-para-se-tornar-uma-marca-de-luxo\/","title":{"rendered":"The secret to becoming a Luxury Brand"},"content":{"rendered":"<p>By following the principles and strategies outlined in this eBook, you will be on your way to transforming your personal image into a luxury brand.<\/p>\n<p>Remember that the journey of building your personal brand is an ongoing journey of self-discovery, development and authenticity.<\/p>\n<p>Be willing to invest time, effort and dedication, and you will reap the rewards of a powerful and unforgettable personal image.<\/p>","protected":false},"excerpt":{"rendered":"<p>By following the principles and strategies outlined in the ebook \u201cThe Secret to Becoming a Luxury Brand\u201d, you will be on the right path to transforming your personal image into a luxury brand.<\/p>\n<p><strong>Reap the fruits of a powerful and unforgettable personal image!<\/strong><\/p>","protected":false},"featured_media":1469,"template":"","meta":[],"product_cat":[88],"product_tag":[92,91],"yoast_head":"<!-- This site is optimized with the Yoast SEO plugin v20.11 - https:\/\/yoast.com\/wordpress\/plugins\/seo\/ -->\n<title>O segredo para se tornar uma Marca de Luxo - Spring School - Loja Virtual<\/title>\n<meta name=\"description\" content=\"O segredo para se tornar uma Marca de Luxo delinear\u00e1 estrat\u00e9gias para voc\u00ea entrar no caminho da transforma\u00e7\u00e3o de sua imagem pessoal em uma marca de luxo\" \/>\n<meta name=\"robots\" content=\"index, follow, max-snippet:-1, max-image-preview:large, max-video-preview:-1\" \/>\n<link rel=\"canonical\" href=\"https:\/\/loja.springschool.me\/en\/product\/o-segredo-para-se-tornar-uma-marca-de-luxo\/\" \/>\n<meta property=\"og:locale\" content=\"en_US\" \/>\n<meta property=\"og:type\" content=\"article\" \/>\n<meta property=\"og:title\" content=\"O segredo para se tornar uma Marca de Luxo - Spring School - Loja Virtual\" \/>\n<meta property=\"og:description\" content=\"O segredo para se tornar uma Marca de Luxo delinear\u00e1 estrat\u00e9gias para voc\u00ea entrar no caminho da transforma\u00e7\u00e3o de sua imagem pessoal em uma marca de luxo\" \/>\n<meta property=\"og:url\" content=\"https:\/\/loja.springschool.me\/en\/product\/o-segredo-para-se-tornar-uma-marca-de-luxo\/\" \/>\n<meta property=\"og:site_name\" content=\"Spring School - Loja Virtual\" \/>\n<meta property=\"article:modified_time\" content=\"2024-05-24T23:50:12+00:00\" \/>\n<meta property=\"og:image\" content=\"https:\/\/loja.springschool.me\/wp-content\/uploads\/2024\/05\/spring-school-loja-ebook-O-SEGREDO-PARA-SE-TORNAR-MARCA-DE-LUXO-01.jpg\" \/>\n\t<meta property=\"og:image:width\" content=\"1000\" \/>\n\t<meta property=\"og:image:height\" content=\"1000\" \/>\n\t<meta property=\"og:image:type\" content=\"image\/jpeg\" \/>\n<meta name=\"twitter:card\" content=\"summary_large_image\" \/>\n<meta name=\"twitter:label1\" content=\"Est. reading time\" \/>\n\t<meta name=\"twitter:data1\" content=\"1 minute\" \/>\n<script type=\"application\/ld+json\" class=\"yoast-schema-graph\">{\"@context\":\"https:\/\/schema.org\",\"@graph\":[{\"@type\":\"WebPage\",\"@id\":\"https:\/\/loja.springschool.me\/produto\/o-segredo-para-se-tornar-uma-marca-de-luxo\/\",\"url\":\"https:\/\/loja.springschool.me\/produto\/o-segredo-para-se-tornar-uma-marca-de-luxo\/\",\"name\":\"O segredo para se tornar uma Marca de Luxo - Spring School - Loja Virtual\",\"isPartOf\":{\"@id\":\"https:\/\/loja.springschool.me\/#website\"},\"datePublished\":\"2024-05-24T22:02:49+00:00\",\"dateModified\":\"2024-05-24T23:50:12+00:00\",\"description\":\"O segredo para se tornar uma Marca de Luxo delinear\u00e1 estrat\u00e9gias para voc\u00ea entrar no caminho da transforma\u00e7\u00e3o de sua imagem pessoal em uma marca de luxo\",\"breadcrumb\":{\"@id\":\"https:\/\/loja.springschool.me\/produto\/o-segredo-para-se-tornar-uma-marca-de-luxo\/#breadcrumb\"},\"inLanguage\":\"en-US\",\"potentialAction\":[{\"@type\":\"ReadAction\",\"target\":[\"https:\/\/loja.springschool.me\/produto\/o-segredo-para-se-tornar-uma-marca-de-luxo\/\"]}]},{\"@type\":\"BreadcrumbList\",\"@id\":\"https:\/\/loja.springschool.me\/produto\/o-segredo-para-se-tornar-uma-marca-de-luxo\/#breadcrumb\",\"itemListElement\":[{\"@type\":\"ListItem\",\"position\":1,\"name\":\"In\u00edcio\",\"item\":\"https:\/\/loja.springschool.me\/\"},{\"@type\":\"ListItem\",\"position\":2,\"name\":\"Shop\",\"item\":\"https:\/\/loja.springschool.me\/shop\/\"},{\"@type\":\"ListItem\",\"position\":3,\"name\":\"O segredo para se tornar uma Marca de Luxo\"}]},{\"@type\":\"WebSite\",\"@id\":\"https:\/\/loja.springschool.me\/#website\",\"url\":\"https:\/\/loja.springschool.me\/\",\"name\":\"Spring School - Loja Virtual\",\"description\":\"Just another WordPress site\",\"potentialAction\":[{\"@type\":\"SearchAction\",\"target\":{\"@type\":\"EntryPoint\",\"urlTemplate\":\"https:\/\/loja.springschool.me\/?s={search_term_string}\"},\"query-input\":\"required name=search_term_string\"}],\"inLanguage\":\"en-US\"}]}<\/script>\n<!-- \/ Yoast SEO plugin. -->","yoast_head_json":{"title":"O segredo para se tornar uma Marca de Luxo - Spring School - Loja Virtual","description":"O segredo para se tornar uma Marca de Luxo delinear\u00e1 estrat\u00e9gias para voc\u00ea entrar no caminho da transforma\u00e7\u00e3o de sua imagem pessoal em uma marca de luxo","robots":{"index":"index","follow":"follow","max-snippet":"max-snippet:-1","max-image-preview":"max-image-preview:large","max-video-preview":"max-video-preview:-1"},"canonical":"https:\/\/loja.springschool.me\/en\/product\/o-segredo-para-se-tornar-uma-marca-de-luxo\/","og_locale":"en_US","og_type":"article","og_title":"O segredo para se tornar uma Marca de Luxo - Spring School - Loja Virtual","og_description":"O segredo para se tornar uma Marca de Luxo delinear\u00e1 estrat\u00e9gias para voc\u00ea entrar no caminho da transforma\u00e7\u00e3o de sua imagem pessoal em uma marca de luxo","og_url":"https:\/\/loja.springschool.me\/en\/product\/o-segredo-para-se-tornar-uma-marca-de-luxo\/","og_site_name":"Spring School - Loja Virtual","article_modified_time":"2024-05-24T23:50:12+00:00","og_image":[{"width":1000,"height":1000,"url":"https:\/\/loja.springschool.me\/wp-content\/uploads\/2024\/05\/spring-school-loja-ebook-O-SEGREDO-PARA-SE-TORNAR-MARCA-DE-LUXO-01.jpg","type":"image\/jpeg"}],"twitter_card":"summary_large_image","twitter_misc":{"Est. reading time":"1 minute"},"schema":{"@context":"https:\/\/schema.org","@graph":[{"@type":"WebPage","@id":"https:\/\/loja.springschool.me\/produto\/o-segredo-para-se-tornar-uma-marca-de-luxo\/","url":"https:\/\/loja.springschool.me\/produto\/o-segredo-para-se-tornar-uma-marca-de-luxo\/","name":"O segredo para se tornar uma Marca de Luxo - Spring School - Loja Virtual","isPartOf":{"@id":"https:\/\/loja.springschool.me\/#website"},"datePublished":"2024-05-24T22:02:49+00:00","dateModified":"2024-05-24T23:50:12+00:00","description":"O segredo para se tornar uma Marca de Luxo delinear\u00e1 estrat\u00e9gias para voc\u00ea entrar no caminho da transforma\u00e7\u00e3o de sua imagem pessoal em uma marca de luxo","breadcrumb":{"@id":"https:\/\/loja.springschool.me\/produto\/o-segredo-para-se-tornar-uma-marca-de-luxo\/#breadcrumb"},"inLanguage":"en-US","potentialAction":[{"@type":"ReadAction","target":["https:\/\/loja.springschool.me\/produto\/o-segredo-para-se-tornar-uma-marca-de-luxo\/"]}]},{"@type":"BreadcrumbList","@id":"https:\/\/loja.springschool.me\/produto\/o-segredo-para-se-tornar-uma-marca-de-luxo\/#breadcrumb","itemListElement":[{"@type":"ListItem","position":1,"name":"In\u00edcio","item":"https:\/\/loja.springschool.me\/"},{"@type":"ListItem","position":2,"name":"Shop","item":"https:\/\/loja.springschool.me\/shop\/"},{"@type":"ListItem","position":3,"name":"O segredo para se tornar uma Marca de Luxo"}]},{"@type":"WebSite","@id":"https:\/\/loja.springschool.me\/#website","url":"https:\/\/loja.springschool.me\/","name":"Spring School - Loja Virtual","description":"Just another WordPress site","potentialAction":[{"@type":"SearchAction","target":{"@type":"EntryPoint","urlTemplate":"https:\/\/loja.springschool.me\/?s={search_term_string}"},"query-input":"required name=search_term_string"}],"inLanguage":"en-US"}]}},"_links":{"self":[{"href":"https:\/\/loja.springschool.me\/en\/wp-json\/wp\/v2\/product\/1466"}],"collection":[{"href":"https:\/\/loja.springschool.me\/en\/wp-json\/wp\/v2\/product"}],"about":[{"href":"https:\/\/loja.springschool.me\/en\/wp-json\/wp\/v2\/types\/product"}],"version-history":[{"count":2,"href":"https:\/\/loja.springschool.me\/en\/wp-json\/wp\/v2\/product\/1466\/revisions"}],"predecessor-version":[{"id":1472,"href":"https:\/\/loja.springschool.me\/en\/wp-json\/wp\/v2\/product\/1466\/revisions\/1472"}],"wp:featuredmedia":[{"embeddable":true,"href":"https:\/\/loja.springschool.me\/en\/wp-json\/wp\/v2\/media\/1469"}],"wp:attachment":[{"href":"https:\/\/loja.springschool.me\/en\/wp-json\/wp\/v2\/media?parent=1466"}],"wp:term":[{"taxonomy":"product_cat","embeddable":true,"href":"https:\/\/loja.springschool.me\/en\/wp-json\/wp\/v2\/product_cat?post=1466"},{"taxonomy":"product_tag","embeddable":true,"href":"https:\/\/loja.springschool.me\/en\/wp-json\/wp\/v2\/product_tag?post=1466"}],"curies":[{"name":"wp","href":"https:\/\/api.w.org\/{rel}","templated":true}]}}