{"id":1456,"date":"2023-10-11T17:47:23","date_gmt":"2023-10-11T17:47:23","guid":{"rendered":"https:\/\/loja.springschool.me\/?post_type=product&#038;p=1456"},"modified":"2024-07-17T16:18:19","modified_gmt":"2024-07-17T16:18:19","slug":"a-arte-da-guerra-nos-negocios","status":"publish","type":"product","link":"https:\/\/loja.springschool.me\/en\/product\/a-arte-da-guerra-nos-negocios\/","title":{"rendered":"The art of war in business: Stories and lessons from the biggest confrontations in the corporate world"},"content":{"rendered":"<p>\u201cA masterful work that illuminates the true essence of business: ego, passion, ambition and all-out combat.\u201d \u2013\u00a0<span class=\"a-text-bold\">Bloomberg<\/span><\/p>\n<p>\u201cCorporate wars, after all, are not cold, lifeless affairs. They are stories about people with ideas that sometimes have the potential to change the world.\u201d \u2013\u00a0<span class=\"a-text-bold\">David Brown<\/span><\/p>\n<p>The business world is an arena where extraordinary battles are fought, such as Blockbuster versus Netix and BlackBerry versus Apple.<\/p>\n<p>Opponents design strategies and sharpen their weapons in search of victory. The goal is to outperform the competition and become unbeatable.<\/p>\n<p>In this book, David Brown, host of the podcast\u00a0<span class=\"a-text-italic\">Trade wars<\/span>, tells the story of the great confrontations in the corporate world. And it analyzes these rivalries in light of the tactics and advice of\u00a0<span class=\"a-text-italic\">The art of war<\/span>.<\/p>\n<p>Each conflict reveals a unique combination of cunning, strategy and use of resources. Brown reports on the rise of companies as they beat their competitors, invest in innovation and adapt to the new demands of society.<\/p>\n<p>More than just fascinating stories anchored in careful research, the book brings invaluable lessons in determination, patience, determination and ingenuity.<\/p>","protected":false},"excerpt":{"rendered":"<p><strong>USED book. Super discount with limited stock!<\/strong><\/p>\n<p><span class=\"a-text-bold\">Stories and lessons from the biggest confrontations in the corporate world. Using Sun Tzu&#039;s strategies as a guide, David Brown explains why some companies succeed while others fail.<\/span><\/p>","protected":false},"featured_media":1447,"template":"","meta":[],"product_cat":[20],"product_tag":[86,61],"yoast_head":"<!-- This site is optimized with the Yoast SEO plugin v20.11 - https:\/\/yoast.com\/wordpress\/plugins\/seo\/ -->\n<title>A arte da guerra nos neg\u00f3cios: Hist\u00f3rias e li\u00e7\u00f5es dos maiores confrontos do mundo corporativo<\/title>\n<meta name=\"description\" content=\"Super desconto com estoque limitado! A arte da guerra nos neg\u00f3cios: Hist\u00f3rias e li\u00e7\u00f5es dos maiores confrontos do mundo corporativo.\" \/>\n<meta name=\"robots\" content=\"index, follow, max-snippet:-1, max-image-preview:large, max-video-preview:-1\" \/>\n<link rel=\"canonical\" href=\"https:\/\/loja.springschool.me\/en\/product\/a-arte-da-guerra-nos-negocios\/\" \/>\n<meta property=\"og:locale\" content=\"en_US\" \/>\n<meta property=\"og:type\" content=\"article\" \/>\n<meta property=\"og:title\" content=\"A arte da guerra nos neg\u00f3cios: Hist\u00f3rias e li\u00e7\u00f5es dos maiores confrontos do mundo corporativo\" \/>\n<meta property=\"og:description\" content=\"Super desconto com estoque limitado! A arte da guerra nos neg\u00f3cios: Hist\u00f3rias e li\u00e7\u00f5es dos maiores confrontos do mundo corporativo.\" \/>\n<meta property=\"og:url\" content=\"https:\/\/loja.springschool.me\/en\/product\/a-arte-da-guerra-nos-negocios\/\" \/>\n<meta property=\"og:site_name\" content=\"Spring School - Loja Virtual\" \/>\n<meta property=\"article:modified_time\" content=\"2024-07-17T16:18:19+00:00\" \/>\n<meta property=\"og:image\" content=\"https:\/\/loja.springschool.me\/wp-content\/uploads\/2023\/10\/spring-school-loja-livro-a-arte-da-guerra-nos-negocios-01.jpg\" \/>\n\t<meta property=\"og:image:width\" content=\"1000\" \/>\n\t<meta property=\"og:image:height\" content=\"1000\" \/>\n\t<meta property=\"og:image:type\" content=\"image\/jpeg\" \/>\n<meta name=\"twitter:card\" content=\"summary_large_image\" \/>\n<meta name=\"twitter:label1\" content=\"Est. reading time\" \/>\n\t<meta name=\"twitter:data1\" content=\"2 minutes\" \/>\n<script type=\"application\/ld+json\" class=\"yoast-schema-graph\">{\"@context\":\"https:\/\/schema.org\",\"@graph\":[{\"@type\":\"WebPage\",\"@id\":\"https:\/\/loja.springschool.me\/en\/product\/a-arte-da-guerra-nos-negocios\/\",\"url\":\"https:\/\/loja.springschool.me\/en\/product\/a-arte-da-guerra-nos-negocios\/\",\"name\":\"A arte da guerra nos neg\u00f3cios: Hist\u00f3rias e li\u00e7\u00f5es dos maiores confrontos do mundo corporativo\",\"isPartOf\":{\"@id\":\"https:\/\/loja.springschool.me\/#website\"},\"datePublished\":\"2023-10-11T17:47:23+00:00\",\"dateModified\":\"2024-07-17T16:18:19+00:00\",\"description\":\"Super desconto com estoque limitado! A arte da guerra nos neg\u00f3cios: Hist\u00f3rias e li\u00e7\u00f5es dos maiores confrontos do mundo corporativo.\",\"breadcrumb\":{\"@id\":\"https:\/\/loja.springschool.me\/en\/product\/a-arte-da-guerra-nos-negocios\/#breadcrumb\"},\"inLanguage\":\"en-US\",\"potentialAction\":[{\"@type\":\"ReadAction\",\"target\":[\"https:\/\/loja.springschool.me\/en\/product\/a-arte-da-guerra-nos-negocios\/\"]}]},{\"@type\":\"BreadcrumbList\",\"@id\":\"https:\/\/loja.springschool.me\/en\/product\/a-arte-da-guerra-nos-negocios\/#breadcrumb\",\"itemListElement\":[{\"@type\":\"ListItem\",\"position\":1,\"name\":\"In\u00edcio\",\"item\":\"https:\/\/loja.springschool.me\/\"},{\"@type\":\"ListItem\",\"position\":2,\"name\":\"Shop\",\"item\":\"https:\/\/loja.springschool.me\/shop\/\"},{\"@type\":\"ListItem\",\"position\":3,\"name\":\"A arte da guerra nos neg\u00f3cios: Hist\u00f3rias e li\u00e7\u00f5es dos maiores confrontos do mundo corporativo\"}]},{\"@type\":\"WebSite\",\"@id\":\"https:\/\/loja.springschool.me\/#website\",\"url\":\"https:\/\/loja.springschool.me\/\",\"name\":\"Spring School - Loja Virtual\",\"description\":\"Just another WordPress site\",\"potentialAction\":[{\"@type\":\"SearchAction\",\"target\":{\"@type\":\"EntryPoint\",\"urlTemplate\":\"https:\/\/loja.springschool.me\/?s={search_term_string}\"},\"query-input\":\"required name=search_term_string\"}],\"inLanguage\":\"en-US\"}]}<\/script>\n<!-- \/ Yoast SEO plugin. -->","yoast_head_json":{"title":"A arte da guerra nos neg\u00f3cios: Hist\u00f3rias e li\u00e7\u00f5es dos maiores confrontos do mundo corporativo","description":"Super desconto com estoque limitado! A arte da guerra nos neg\u00f3cios: Hist\u00f3rias e li\u00e7\u00f5es dos maiores confrontos do mundo corporativo.","robots":{"index":"index","follow":"follow","max-snippet":"max-snippet:-1","max-image-preview":"max-image-preview:large","max-video-preview":"max-video-preview:-1"},"canonical":"https:\/\/loja.springschool.me\/en\/product\/a-arte-da-guerra-nos-negocios\/","og_locale":"en_US","og_type":"article","og_title":"A arte da guerra nos neg\u00f3cios: Hist\u00f3rias e li\u00e7\u00f5es dos maiores confrontos do mundo corporativo","og_description":"Super desconto com estoque limitado! A arte da guerra nos neg\u00f3cios: Hist\u00f3rias e li\u00e7\u00f5es dos maiores confrontos do mundo corporativo.","og_url":"https:\/\/loja.springschool.me\/en\/product\/a-arte-da-guerra-nos-negocios\/","og_site_name":"Spring School - Loja Virtual","article_modified_time":"2024-07-17T16:18:19+00:00","og_image":[{"width":1000,"height":1000,"url":"https:\/\/loja.springschool.me\/wp-content\/uploads\/2023\/10\/spring-school-loja-livro-a-arte-da-guerra-nos-negocios-01.jpg","type":"image\/jpeg"}],"twitter_card":"summary_large_image","twitter_misc":{"Est. reading time":"2 minutes"},"schema":{"@context":"https:\/\/schema.org","@graph":[{"@type":"WebPage","@id":"https:\/\/loja.springschool.me\/en\/product\/a-arte-da-guerra-nos-negocios\/","url":"https:\/\/loja.springschool.me\/en\/product\/a-arte-da-guerra-nos-negocios\/","name":"A arte da guerra nos neg\u00f3cios: Hist\u00f3rias e li\u00e7\u00f5es dos maiores confrontos do mundo corporativo","isPartOf":{"@id":"https:\/\/loja.springschool.me\/#website"},"datePublished":"2023-10-11T17:47:23+00:00","dateModified":"2024-07-17T16:18:19+00:00","description":"Super desconto com estoque limitado! A arte da guerra nos neg\u00f3cios: Hist\u00f3rias e li\u00e7\u00f5es dos maiores confrontos do mundo corporativo.","breadcrumb":{"@id":"https:\/\/loja.springschool.me\/en\/product\/a-arte-da-guerra-nos-negocios\/#breadcrumb"},"inLanguage":"en-US","potentialAction":[{"@type":"ReadAction","target":["https:\/\/loja.springschool.me\/en\/product\/a-arte-da-guerra-nos-negocios\/"]}]},{"@type":"BreadcrumbList","@id":"https:\/\/loja.springschool.me\/en\/product\/a-arte-da-guerra-nos-negocios\/#breadcrumb","itemListElement":[{"@type":"ListItem","position":1,"name":"In\u00edcio","item":"https:\/\/loja.springschool.me\/"},{"@type":"ListItem","position":2,"name":"Shop","item":"https:\/\/loja.springschool.me\/shop\/"},{"@type":"ListItem","position":3,"name":"A arte da guerra nos neg\u00f3cios: Hist\u00f3rias e li\u00e7\u00f5es dos maiores confrontos do mundo corporativo"}]},{"@type":"WebSite","@id":"https:\/\/loja.springschool.me\/#website","url":"https:\/\/loja.springschool.me\/","name":"Spring School - Loja Virtual","description":"Just another WordPress site","potentialAction":[{"@type":"SearchAction","target":{"@type":"EntryPoint","urlTemplate":"https:\/\/loja.springschool.me\/?s={search_term_string}"},"query-input":"required name=search_term_string"}],"inLanguage":"en-US"}]}},"_links":{"self":[{"href":"https:\/\/loja.springschool.me\/en\/wp-json\/wp\/v2\/product\/1456"}],"collection":[{"href":"https:\/\/loja.springschool.me\/en\/wp-json\/wp\/v2\/product"}],"about":[{"href":"https:\/\/loja.springschool.me\/en\/wp-json\/wp\/v2\/types\/product"}],"version-history":[{"count":2,"href":"https:\/\/loja.springschool.me\/en\/wp-json\/wp\/v2\/product\/1456\/revisions"}],"predecessor-version":[{"id":1515,"href":"https:\/\/loja.springschool.me\/en\/wp-json\/wp\/v2\/product\/1456\/revisions\/1515"}],"wp:featuredmedia":[{"embeddable":true,"href":"https:\/\/loja.springschool.me\/en\/wp-json\/wp\/v2\/media\/1447"}],"wp:attachment":[{"href":"https:\/\/loja.springschool.me\/en\/wp-json\/wp\/v2\/media?parent=1456"}],"wp:term":[{"taxonomy":"product_cat","embeddable":true,"href":"https:\/\/loja.springschool.me\/en\/wp-json\/wp\/v2\/product_cat?post=1456"},{"taxonomy":"product_tag","embeddable":true,"href":"https:\/\/loja.springschool.me\/en\/wp-json\/wp\/v2\/product_tag?post=1456"}],"curies":[{"name":"wp","href":"https:\/\/api.w.org\/{rel}","templated":true}]}}