{"id":1453,"date":"2023-10-11T17:38:22","date_gmt":"2023-10-11T17:38:22","guid":{"rendered":"https:\/\/loja.springschool.me\/?post_type=product&#038;p=1453"},"modified":"2023-10-11T17:39:11","modified_gmt":"2023-10-11T17:39:11","slug":"orcamento-sem-falhas","status":"publish","type":"product","link":"https:\/\/loja.springschool.me\/en\/product\/orcamento-sem-falhas\/","title":{"rendered":"No Fail Budget"},"content":{"rendered":"<p>When it comes to money, you can&#039;t think that one speech will work for everyone. After all, everyone&#039;s starting point is not the same: the path of someone born into a family with a good financial situation is very different from that of someone who has worked since they were teenagers to help around the house.<\/p>\n<p>But that doesn&#039;t mean that those who struggle every month to pay their bills can&#039;t organize themselves, learn to save, invest and have a healthy financial life. Quite the opposite. In fact, all it takes is financial education and guidance so that your dream \u2014 be it your own home, a car, an exchange, or even paying off a debt \u2014 is one step closer to becoming a reality.<\/p>\n<p>It was with this in mind that Nath\u00e1lia Rodrigues, who became known throughout Brazil as Nath Finan\u00e7as, became a prominent voice on the way we use money. With humor and accessible content, the financial administrator and advisor became an internet phenomenon by bringing simple and valuable tips that help thousands of people get out of the red and organize themselves financially.<\/p>\n<p>In\u00a0<span class=\"a-text-italic\">Flawless budgeting<\/span>, Nath addresses the main issues that plague our pockets \u2014 our relationship with credit cards, interest rates, shopping lists, planning, goals, the difference between desire and need, among others \u2014 to help once and for all those who If you get stuck in debt or only live to pay the bill.<\/p>\n<p>The book also has a modern and colorful graphic design, full of practical tools to help the reader, such as tables, lists and glossary. To top it off, the author is supported by illustrator Ric Sales, who brings fun cartoons about our relationship with money on a daily basis to the pages of the book.<\/p>","protected":false},"excerpt":{"rendered":"<p><strong>Super discount with limited stock!<\/strong><\/p>\n<p><span class=\"a-text-bold\">Get out of the red and learn how to save with little money. One of the biggest voices on the internet today, Nath Finance launches for the first time in book form its guidelines for those who need to achieve a healthy relationship with money even though they earn little.<\/span><\/p>","protected":false},"featured_media":1445,"template":"","meta":[],"product_cat":[20],"product_tag":[86],"yoast_head":"<!-- This site is optimized with the Yoast SEO plugin v20.11 - https:\/\/yoast.com\/wordpress\/plugins\/seo\/ -->\n<title>Or\u00e7amento Sem Falhas - Spring School - Loja Virtual<\/title>\n<meta name=\"description\" content=\"Super desconto com estoque limitado! Or\u00e7amento sem falhas de Nath Finan\u00e7as. Saia do vermelho e aprenda a poupar com pouco dinheiro.\" \/>\n<meta name=\"robots\" content=\"index, follow, max-snippet:-1, max-image-preview:large, max-video-preview:-1\" \/>\n<link rel=\"canonical\" href=\"https:\/\/loja.springschool.me\/en\/product\/orcamento-sem-falhas\/\" \/>\n<meta property=\"og:locale\" content=\"en_US\" \/>\n<meta property=\"og:type\" content=\"article\" \/>\n<meta property=\"og:title\" content=\"Or\u00e7amento Sem Falhas - Spring School - Loja Virtual\" \/>\n<meta property=\"og:description\" content=\"Super desconto com estoque limitado! Or\u00e7amento sem falhas de Nath Finan\u00e7as. Saia do vermelho e aprenda a poupar com pouco dinheiro.\" \/>\n<meta property=\"og:url\" content=\"https:\/\/loja.springschool.me\/en\/product\/orcamento-sem-falhas\/\" \/>\n<meta property=\"og:site_name\" content=\"Spring School - Loja Virtual\" \/>\n<meta property=\"article:modified_time\" content=\"2023-10-11T17:39:11+00:00\" \/>\n<meta property=\"og:image\" content=\"https:\/\/loja.springschool.me\/wp-content\/uploads\/2023\/10\/spring-school-loja-livro-orcamento-sem-falhas-01.jpg\" \/>\n\t<meta property=\"og:image:width\" content=\"1000\" \/>\n\t<meta property=\"og:image:height\" content=\"1000\" \/>\n\t<meta property=\"og:image:type\" content=\"image\/jpeg\" \/>\n<meta name=\"twitter:card\" content=\"summary_large_image\" \/>\n<meta name=\"twitter:label1\" content=\"Est. reading time\" \/>\n\t<meta name=\"twitter:data1\" content=\"2 minutes\" \/>\n<script type=\"application\/ld+json\" class=\"yoast-schema-graph\">{\"@context\":\"https:\/\/schema.org\",\"@graph\":[{\"@type\":\"WebPage\",\"@id\":\"https:\/\/loja.springschool.me\/produto\/orcamento-sem-falhas\/\",\"url\":\"https:\/\/loja.springschool.me\/produto\/orcamento-sem-falhas\/\",\"name\":\"Or\u00e7amento Sem Falhas - Spring School - Loja Virtual\",\"isPartOf\":{\"@id\":\"https:\/\/loja.springschool.me\/#website\"},\"datePublished\":\"2023-10-11T17:38:22+00:00\",\"dateModified\":\"2023-10-11T17:39:11+00:00\",\"description\":\"Super desconto com estoque limitado! Or\u00e7amento sem falhas de Nath Finan\u00e7as. Saia do vermelho e aprenda a poupar com pouco dinheiro.\",\"breadcrumb\":{\"@id\":\"https:\/\/loja.springschool.me\/produto\/orcamento-sem-falhas\/#breadcrumb\"},\"inLanguage\":\"en-US\",\"potentialAction\":[{\"@type\":\"ReadAction\",\"target\":[\"https:\/\/loja.springschool.me\/produto\/orcamento-sem-falhas\/\"]}]},{\"@type\":\"BreadcrumbList\",\"@id\":\"https:\/\/loja.springschool.me\/produto\/orcamento-sem-falhas\/#breadcrumb\",\"itemListElement\":[{\"@type\":\"ListItem\",\"position\":1,\"name\":\"In\u00edcio\",\"item\":\"https:\/\/loja.springschool.me\/\"},{\"@type\":\"ListItem\",\"position\":2,\"name\":\"Shop\",\"item\":\"https:\/\/loja.springschool.me\/shop\/\"},{\"@type\":\"ListItem\",\"position\":3,\"name\":\"Or\u00e7amento Sem Falhas\"}]},{\"@type\":\"WebSite\",\"@id\":\"https:\/\/loja.springschool.me\/#website\",\"url\":\"https:\/\/loja.springschool.me\/\",\"name\":\"Spring School - Loja Virtual\",\"description\":\"Just another WordPress site\",\"potentialAction\":[{\"@type\":\"SearchAction\",\"target\":{\"@type\":\"EntryPoint\",\"urlTemplate\":\"https:\/\/loja.springschool.me\/?s={search_term_string}\"},\"query-input\":\"required name=search_term_string\"}],\"inLanguage\":\"en-US\"}]}<\/script>\n<!-- \/ Yoast SEO plugin. -->","yoast_head_json":{"title":"Or\u00e7amento Sem Falhas - Spring School - Loja Virtual","description":"Super desconto com estoque limitado! Or\u00e7amento sem falhas de Nath Finan\u00e7as. Saia do vermelho e aprenda a poupar com pouco dinheiro.","robots":{"index":"index","follow":"follow","max-snippet":"max-snippet:-1","max-image-preview":"max-image-preview:large","max-video-preview":"max-video-preview:-1"},"canonical":"https:\/\/loja.springschool.me\/en\/product\/orcamento-sem-falhas\/","og_locale":"en_US","og_type":"article","og_title":"Or\u00e7amento Sem Falhas - Spring School - Loja Virtual","og_description":"Super desconto com estoque limitado! Or\u00e7amento sem falhas de Nath Finan\u00e7as. Saia do vermelho e aprenda a poupar com pouco dinheiro.","og_url":"https:\/\/loja.springschool.me\/en\/product\/orcamento-sem-falhas\/","og_site_name":"Spring School - Loja Virtual","article_modified_time":"2023-10-11T17:39:11+00:00","og_image":[{"width":1000,"height":1000,"url":"https:\/\/loja.springschool.me\/wp-content\/uploads\/2023\/10\/spring-school-loja-livro-orcamento-sem-falhas-01.jpg","type":"image\/jpeg"}],"twitter_card":"summary_large_image","twitter_misc":{"Est. reading time":"2 minutes"},"schema":{"@context":"https:\/\/schema.org","@graph":[{"@type":"WebPage","@id":"https:\/\/loja.springschool.me\/produto\/orcamento-sem-falhas\/","url":"https:\/\/loja.springschool.me\/produto\/orcamento-sem-falhas\/","name":"Or\u00e7amento Sem Falhas - Spring School - Loja Virtual","isPartOf":{"@id":"https:\/\/loja.springschool.me\/#website"},"datePublished":"2023-10-11T17:38:22+00:00","dateModified":"2023-10-11T17:39:11+00:00","description":"Super desconto com estoque limitado! Or\u00e7amento sem falhas de Nath Finan\u00e7as. Saia do vermelho e aprenda a poupar com pouco dinheiro.","breadcrumb":{"@id":"https:\/\/loja.springschool.me\/produto\/orcamento-sem-falhas\/#breadcrumb"},"inLanguage":"en-US","potentialAction":[{"@type":"ReadAction","target":["https:\/\/loja.springschool.me\/produto\/orcamento-sem-falhas\/"]}]},{"@type":"BreadcrumbList","@id":"https:\/\/loja.springschool.me\/produto\/orcamento-sem-falhas\/#breadcrumb","itemListElement":[{"@type":"ListItem","position":1,"name":"In\u00edcio","item":"https:\/\/loja.springschool.me\/"},{"@type":"ListItem","position":2,"name":"Shop","item":"https:\/\/loja.springschool.me\/shop\/"},{"@type":"ListItem","position":3,"name":"Or\u00e7amento Sem Falhas"}]},{"@type":"WebSite","@id":"https:\/\/loja.springschool.me\/#website","url":"https:\/\/loja.springschool.me\/","name":"Spring School - Loja Virtual","description":"Just another WordPress site","potentialAction":[{"@type":"SearchAction","target":{"@type":"EntryPoint","urlTemplate":"https:\/\/loja.springschool.me\/?s={search_term_string}"},"query-input":"required name=search_term_string"}],"inLanguage":"en-US"}]}},"_links":{"self":[{"href":"https:\/\/loja.springschool.me\/en\/wp-json\/wp\/v2\/product\/1453"}],"collection":[{"href":"https:\/\/loja.springschool.me\/en\/wp-json\/wp\/v2\/product"}],"about":[{"href":"https:\/\/loja.springschool.me\/en\/wp-json\/wp\/v2\/types\/product"}],"version-history":[{"count":2,"href":"https:\/\/loja.springschool.me\/en\/wp-json\/wp\/v2\/product\/1453\/revisions"}],"predecessor-version":[{"id":1455,"href":"https:\/\/loja.springschool.me\/en\/wp-json\/wp\/v2\/product\/1453\/revisions\/1455"}],"wp:featuredmedia":[{"embeddable":true,"href":"https:\/\/loja.springschool.me\/en\/wp-json\/wp\/v2\/media\/1445"}],"wp:attachment":[{"href":"https:\/\/loja.springschool.me\/en\/wp-json\/wp\/v2\/media?parent=1453"}],"wp:term":[{"taxonomy":"product_cat","embeddable":true,"href":"https:\/\/loja.springschool.me\/en\/wp-json\/wp\/v2\/product_cat?post=1453"},{"taxonomy":"product_tag","embeddable":true,"href":"https:\/\/loja.springschool.me\/en\/wp-json\/wp\/v2\/product_tag?post=1453"}],"curies":[{"name":"wp","href":"https:\/\/api.w.org\/{rel}","templated":true}]}}