{"id":1438,"date":"2023-10-10T14:26:28","date_gmt":"2023-10-10T14:26:28","guid":{"rendered":"https:\/\/loja.springschool.me\/?post_type=product&#038;p=1438"},"modified":"2024-07-25T00:07:01","modified_gmt":"2024-07-25T00:07:01","slug":"isso-nunca-vai-funcionar","status":"publish","type":"product","link":"https:\/\/loja.springschool.me\/en\/product\/isso-nunca-vai-funcionar\/","title":{"rendered":"This will never work"},"content":{"rendered":"<p>Once upon a time, traditional video stores were the kings of the field, with VHS tapes that had to be rewound and which resulted in fines if not returned by the stipulated date. Late fines were ubiquitous, video streaming was unheard of, and the widespread adoption of DVD seemed as imminent as flying cars. It was at this lost moment in history, in 1997, that Marc Randolph had an idea. What if they used the internet to rent movies? It wasn&#039;t the first idea of its kind. On the way to work, with business partner Reed Hastings, Marc had already talked about a shampoo delivery service and a website to develop personalized baseball bats, among other \u201cheurekas\u201d. But this time Hastings was intrigued, and the pair \u2013 Hastings as the lead investor and Randolph as the first CEO \u2013 founded a company. With more than 150 million subscribers, Netflix&#039;s triumph seems inevitable, but it all started with little faith and many setbacks along the way. This incredible journey is an example of how anyone with courage, instinct and determination can change the world \u2013 even if many think their idea will never work.<\/p>\n<h3>About the author<\/h3>\n<div class=\"a-section a-spacing-small a-padding-small\">Marc Randolph was a co-founder of Netflix, serving as the site&#039;s first CEO, executive producer and member of the board of directors until his retirement in 2004. Although best known for founding Netflix, Marc has a career spanning more than four decades as an entrepreneur of Silicon Valley. He has founded or co-founded more than half a dozen other successful startups, mentored emerging entrepreneurs, and invested in several successful technology ventures. He speaks at companies and at industry events, nationally and internationally. Randolph lives in Santa Cruz, California.<\/div>","protected":false},"excerpt":{"rendered":"<p><strong>Super Promotion with limited stock!<\/strong><\/p>\n<p>Discover the incredible story of how NETFLIX went from an idea to a company, told by its first CEO. This journey is an example of how anyone with courage, instinct and determination can change the world. Even if many think that their idea will NEVER WORK.<\/p>\n<p>&nbsp;<\/p>","protected":false},"featured_media":1406,"template":"","meta":[],"product_cat":[20],"product_tag":[78,83],"yoast_head":"<!-- This site is optimized with the Yoast SEO plugin v20.11 - https:\/\/yoast.com\/wordpress\/plugins\/seo\/ -->\n<title>Isso nunca vai funcionar - Spring School - Loja Virtual<\/title>\n<meta name=\"description\" content=\"Promo\u00e7\u00e3o com estoque limitado! Isso nunca vai funcionar: O nascimento da Netflix e a incr\u00edvel vida de uma ideia contada pelo seu cofundador e primeiro CEO.\" \/>\n<meta name=\"robots\" content=\"index, follow, max-snippet:-1, max-image-preview:large, max-video-preview:-1\" \/>\n<link rel=\"canonical\" href=\"https:\/\/loja.springschool.me\/en\/product\/isso-nunca-vai-funcionar\/\" \/>\n<meta property=\"og:locale\" content=\"en_US\" \/>\n<meta property=\"og:type\" content=\"article\" \/>\n<meta property=\"og:title\" content=\"Isso nunca vai funcionar - Spring School - Loja Virtual\" \/>\n<meta property=\"og:description\" content=\"Promo\u00e7\u00e3o com estoque limitado! Isso nunca vai funcionar: O nascimento da Netflix e a incr\u00edvel vida de uma ideia contada pelo seu cofundador e primeiro CEO.\" \/>\n<meta property=\"og:url\" content=\"https:\/\/loja.springschool.me\/en\/product\/isso-nunca-vai-funcionar\/\" \/>\n<meta property=\"og:site_name\" content=\"Spring School - Loja Virtual\" \/>\n<meta property=\"article:modified_time\" content=\"2024-07-25T00:07:01+00:00\" \/>\n<meta property=\"og:image\" content=\"https:\/\/loja.springschool.me\/wp-content\/uploads\/2023\/10\/spring-school-loja-livro-isso-nunca-vai-funcionar-01.jpg\" \/>\n\t<meta property=\"og:image:width\" content=\"1000\" \/>\n\t<meta property=\"og:image:height\" content=\"1000\" \/>\n\t<meta property=\"og:image:type\" content=\"image\/jpeg\" \/>\n<meta name=\"twitter:card\" content=\"summary_large_image\" \/>\n<meta name=\"twitter:label1\" content=\"Est. reading time\" \/>\n\t<meta name=\"twitter:data1\" content=\"2 minutes\" \/>\n<script type=\"application\/ld+json\" class=\"yoast-schema-graph\">{\"@context\":\"https:\/\/schema.org\",\"@graph\":[{\"@type\":\"WebPage\",\"@id\":\"https:\/\/loja.springschool.me\/produto\/isso-nunca-vai-funcionar\/\",\"url\":\"https:\/\/loja.springschool.me\/produto\/isso-nunca-vai-funcionar\/\",\"name\":\"Isso nunca vai funcionar - Spring School - Loja Virtual\",\"isPartOf\":{\"@id\":\"https:\/\/loja.springschool.me\/#website\"},\"datePublished\":\"2023-10-10T14:26:28+00:00\",\"dateModified\":\"2024-07-25T00:07:01+00:00\",\"description\":\"Promo\u00e7\u00e3o com estoque limitado! Isso nunca vai funcionar: O nascimento da Netflix e a incr\u00edvel vida de uma ideia contada pelo seu cofundador e primeiro CEO.\",\"breadcrumb\":{\"@id\":\"https:\/\/loja.springschool.me\/produto\/isso-nunca-vai-funcionar\/#breadcrumb\"},\"inLanguage\":\"en-US\",\"potentialAction\":[{\"@type\":\"ReadAction\",\"target\":[\"https:\/\/loja.springschool.me\/produto\/isso-nunca-vai-funcionar\/\"]}]},{\"@type\":\"BreadcrumbList\",\"@id\":\"https:\/\/loja.springschool.me\/produto\/isso-nunca-vai-funcionar\/#breadcrumb\",\"itemListElement\":[{\"@type\":\"ListItem\",\"position\":1,\"name\":\"In\u00edcio\",\"item\":\"https:\/\/loja.springschool.me\/\"},{\"@type\":\"ListItem\",\"position\":2,\"name\":\"Shop\",\"item\":\"https:\/\/loja.springschool.me\/shop\/\"},{\"@type\":\"ListItem\",\"position\":3,\"name\":\"Isso nunca vai funcionar\"}]},{\"@type\":\"WebSite\",\"@id\":\"https:\/\/loja.springschool.me\/#website\",\"url\":\"https:\/\/loja.springschool.me\/\",\"name\":\"Spring School - Loja Virtual\",\"description\":\"Just another WordPress site\",\"potentialAction\":[{\"@type\":\"SearchAction\",\"target\":{\"@type\":\"EntryPoint\",\"urlTemplate\":\"https:\/\/loja.springschool.me\/?s={search_term_string}\"},\"query-input\":\"required name=search_term_string\"}],\"inLanguage\":\"en-US\"}]}<\/script>\n<!-- \/ Yoast SEO plugin. -->","yoast_head_json":{"title":"Isso nunca vai funcionar - Spring School - Loja Virtual","description":"Promo\u00e7\u00e3o com estoque limitado! Isso nunca vai funcionar: O nascimento da Netflix e a incr\u00edvel vida de uma ideia contada pelo seu cofundador e primeiro CEO.","robots":{"index":"index","follow":"follow","max-snippet":"max-snippet:-1","max-image-preview":"max-image-preview:large","max-video-preview":"max-video-preview:-1"},"canonical":"https:\/\/loja.springschool.me\/en\/product\/isso-nunca-vai-funcionar\/","og_locale":"en_US","og_type":"article","og_title":"Isso nunca vai funcionar - Spring School - Loja Virtual","og_description":"Promo\u00e7\u00e3o com estoque limitado! Isso nunca vai funcionar: O nascimento da Netflix e a incr\u00edvel vida de uma ideia contada pelo seu cofundador e primeiro CEO.","og_url":"https:\/\/loja.springschool.me\/en\/product\/isso-nunca-vai-funcionar\/","og_site_name":"Spring School - Loja Virtual","article_modified_time":"2024-07-25T00:07:01+00:00","og_image":[{"width":1000,"height":1000,"url":"https:\/\/loja.springschool.me\/wp-content\/uploads\/2023\/10\/spring-school-loja-livro-isso-nunca-vai-funcionar-01.jpg","type":"image\/jpeg"}],"twitter_card":"summary_large_image","twitter_misc":{"Est. reading time":"2 minutes"},"schema":{"@context":"https:\/\/schema.org","@graph":[{"@type":"WebPage","@id":"https:\/\/loja.springschool.me\/produto\/isso-nunca-vai-funcionar\/","url":"https:\/\/loja.springschool.me\/produto\/isso-nunca-vai-funcionar\/","name":"Isso nunca vai funcionar - Spring School - Loja Virtual","isPartOf":{"@id":"https:\/\/loja.springschool.me\/#website"},"datePublished":"2023-10-10T14:26:28+00:00","dateModified":"2024-07-25T00:07:01+00:00","description":"Promo\u00e7\u00e3o com estoque limitado! Isso nunca vai funcionar: O nascimento da Netflix e a incr\u00edvel vida de uma ideia contada pelo seu cofundador e primeiro CEO.","breadcrumb":{"@id":"https:\/\/loja.springschool.me\/produto\/isso-nunca-vai-funcionar\/#breadcrumb"},"inLanguage":"en-US","potentialAction":[{"@type":"ReadAction","target":["https:\/\/loja.springschool.me\/produto\/isso-nunca-vai-funcionar\/"]}]},{"@type":"BreadcrumbList","@id":"https:\/\/loja.springschool.me\/produto\/isso-nunca-vai-funcionar\/#breadcrumb","itemListElement":[{"@type":"ListItem","position":1,"name":"In\u00edcio","item":"https:\/\/loja.springschool.me\/"},{"@type":"ListItem","position":2,"name":"Shop","item":"https:\/\/loja.springschool.me\/shop\/"},{"@type":"ListItem","position":3,"name":"Isso nunca vai funcionar"}]},{"@type":"WebSite","@id":"https:\/\/loja.springschool.me\/#website","url":"https:\/\/loja.springschool.me\/","name":"Spring School - Loja Virtual","description":"Just another WordPress site","potentialAction":[{"@type":"SearchAction","target":{"@type":"EntryPoint","urlTemplate":"https:\/\/loja.springschool.me\/?s={search_term_string}"},"query-input":"required name=search_term_string"}],"inLanguage":"en-US"}]}},"_links":{"self":[{"href":"https:\/\/loja.springschool.me\/en\/wp-json\/wp\/v2\/product\/1438"}],"collection":[{"href":"https:\/\/loja.springschool.me\/en\/wp-json\/wp\/v2\/product"}],"about":[{"href":"https:\/\/loja.springschool.me\/en\/wp-json\/wp\/v2\/types\/product"}],"version-history":[{"count":1,"href":"https:\/\/loja.springschool.me\/en\/wp-json\/wp\/v2\/product\/1438\/revisions"}],"predecessor-version":[{"id":1439,"href":"https:\/\/loja.springschool.me\/en\/wp-json\/wp\/v2\/product\/1438\/revisions\/1439"}],"wp:featuredmedia":[{"embeddable":true,"href":"https:\/\/loja.springschool.me\/en\/wp-json\/wp\/v2\/media\/1406"}],"wp:attachment":[{"href":"https:\/\/loja.springschool.me\/en\/wp-json\/wp\/v2\/media?parent=1438"}],"wp:term":[{"taxonomy":"product_cat","embeddable":true,"href":"https:\/\/loja.springschool.me\/en\/wp-json\/wp\/v2\/product_cat?post=1438"},{"taxonomy":"product_tag","embeddable":true,"href":"https:\/\/loja.springschool.me\/en\/wp-json\/wp\/v2\/product_tag?post=1438"}],"curies":[{"name":"wp","href":"https:\/\/api.w.org\/{rel}","templated":true}]}}