{"id":1435,"date":"2023-10-10T14:16:27","date_gmt":"2023-10-10T14:16:27","guid":{"rendered":"https:\/\/loja.springschool.me\/?post_type=product&#038;p=1435"},"modified":"2024-07-17T16:35:20","modified_gmt":"2024-07-17T16:35:20","slug":"alegria-no-trabalho","status":"publish","type":"product","link":"https:\/\/loja.springschool.me\/en\/product\/alegria-no-trabalho\/","title":{"rendered":"Joy at work: Transform your professional life with the focus, organization and harmony of the magic of tidying"},"content":{"rendered":"<p>Learn to double your productivity and enjoy the peace of mind and success that an organized desk and mind can bring.<\/p>\n<p>The workplace is always a magnet for clutter, whether in the home office or at the company.<\/p>\n<p>But if you simplify and thoroughly organize your work life once, you&#039;ll never have to do it again.<\/p>\n<p>Marie Kondo, best-selling author\u00a0<span class=\"a-text-italic\">The magic of tidying<\/span>, and psychologist Scott Sonenshein have teamed up to offer brilliant strategies for eliminating clutter and making the most of your time by only doing the activities that really matter.<\/p>\n<p>Based on the renowned KonMari Method and valuable research, this book includes real stories of successful changes and a step-by-step guide to discarding everything that does not bring productivity and joy at work.<\/p>\n<h3>Specialized Review<\/h3>\n<div class=\"a-section a-spacing-small a-padding-small\">\n<p>\u201cFinding joy in work isn\u2019t magic \u2013 it takes effort. But it can seem like child\u2019s play with practical advice from Marie Kondo and Scott Sonenshein.\u201d \u2013\u00a0<span class=\"a-text-bold\">Adam Grant<\/span>, author of\u00a0<span class=\"a-text-italic\">Originals<\/span>\u00a0It is\u00a0<span class=\"a-text-italic\">Think again<\/span><\/p>\n<p>\u201cMarie Kondo and Scott Sonenshein are superheroes of modern life \u2013 the dynamic duo of efficiency and job satisfaction. This timely book gives you the tools you need to free yourself from the clutter that\u2019s piling up on your desk, clogging up your schedule, and even infiltrating your networks.\u201d \u2013\u00a0<span class=\"a-text-bold\">Daniel H. Pink<\/span>, author of\u00a0<span class=\"a-text-italic\">Motivation 3.0<\/span>\u00a0It is\u00a0<span class=\"a-text-italic\">Selling is human<\/span><\/p>\n<p>\u201cMarie Kondo and Scott Sonenshein understand something very important about life and work: often, the key to success is eliminating, not adding. For anyone looking to bring more joy and focus to their office and career, Joy at Work is the book you&#039;ve been waiting for.\u201d \u2013\u00a0<span class=\"a-text-bold\">Alex Banayan<\/span>, author of\u00a0<span class=\"a-text-italic\">The third door<\/span><\/p>\n<p>\u201cA wonderful antidote to the confusion of organizational life. This book helps you to be happier, waste less time and lead other people, in addition to providing an extremely pleasurable read.\u201d\u201d ?\u00a0<span class=\"a-text-bold\">Bob Sutton<\/span>, professor at Stanford University, organizational psychologist and author of\u00a0<span class=\"a-text-italic\">Good boss, bad boss<\/span><\/p>\n<\/div>\n<h3>About the author<\/h3>\n<div class=\"a-section a-spacing-small a-padding-small\">Marie Kondo, founder of KonMari Media Inc., has been obsessed with organization since she was 5 years old. From the age of 15, he began to study the subject seriously, which made him one of the greatest exponents in the art of tidying. Author of The Magic of Tidying Up and Isso Me Tra Joy (Editora Sextante), her books have sold more than 13 million copies worldwide. Elected by Time magazine as one of the 100 Most Influential People in the World, she constantly appears on TV shows and won a series on Netflix, Order in the House with Marie Kondo.<\/p>\n<p>Scott Sonenshein is a professor of management at Rice University and author of The Power of Less. With a doctorate in organizational behavior from the University of Michigan and a postgraduate degree in psychology from the University of Cambridge, Scott has had his research published in the main academic journals. He also worked as a strategy consultant for companies such as Microsoft and AT&amp;T and wrote for The New York Times and Time, Fast Company and Harvard Business Review magazines.<\/p><\/div>","protected":false},"excerpt":{"rendered":"<p><strong>Super promotion with limited stock!<\/strong><\/p>\n<p><span class=\"a-text-bold\">Organize your desk and your mind, making your work much easier and more productive, with tips from an organizational psychologist and the renowned author of\u00a0<\/span><span class=\"a-text-bold a-text-italic\">The Magic of Tidying Up<\/span><span class=\"a-text-bold\">.<\/span><\/p>\n<p><em>\u201cA guide full of psychological wisdom and practical tips.\u201d <\/em><\/p>\n<p><span class=\"a-text-bold\"><strong>Angela Duckworth<\/strong>,<\/span>\u00a0author of\u00a0<span class=\"a-text-italic\">Claw<\/span><\/p>","protected":false},"featured_media":1407,"template":"","meta":[],"product_cat":[20],"product_tag":[78],"yoast_head":"<!-- This site is optimized with the Yoast SEO plugin v20.11 - https:\/\/yoast.com\/wordpress\/plugins\/seo\/ -->\n<title>Alegria no trabalho: Transforme sua vida profissional com o foco, a organiza\u00e7\u00e3o e a harmonia da m\u00e1gica da arruma\u00e7\u00e3o<\/title>\n<meta name=\"description\" content=\"Super promo\u00e7\u00e3o com estoque limitado! Alegria no trabalho: Transforme sua vida profissional com o foco, a organiza\u00e7\u00e3o e a harmonia da m\u00e1gica da arruma\u00e7\u00e3o\" \/>\n<meta name=\"robots\" content=\"index, follow, max-snippet:-1, max-image-preview:large, max-video-preview:-1\" \/>\n<link rel=\"canonical\" href=\"https:\/\/loja.springschool.me\/en\/product\/alegria-no-trabalho\/\" \/>\n<meta property=\"og:locale\" content=\"en_US\" \/>\n<meta property=\"og:type\" content=\"article\" \/>\n<meta property=\"og:title\" content=\"Alegria no trabalho: Transforme sua vida profissional com o foco, a organiza\u00e7\u00e3o e a harmonia da m\u00e1gica da arruma\u00e7\u00e3o\" \/>\n<meta property=\"og:description\" content=\"Super promo\u00e7\u00e3o com estoque limitado! Alegria no trabalho: Transforme sua vida profissional com o foco, a organiza\u00e7\u00e3o e a harmonia da m\u00e1gica da arruma\u00e7\u00e3o\" \/>\n<meta property=\"og:url\" content=\"https:\/\/loja.springschool.me\/en\/product\/alegria-no-trabalho\/\" \/>\n<meta property=\"og:site_name\" content=\"Spring School - Loja Virtual\" \/>\n<meta property=\"article:modified_time\" content=\"2024-07-17T16:35:20+00:00\" \/>\n<meta property=\"og:image\" content=\"https:\/\/loja.springschool.me\/wp-content\/uploads\/2023\/10\/spring-school-loja-livro-alegria-no-trabalho-01.jpg\" \/>\n\t<meta property=\"og:image:width\" content=\"1000\" \/>\n\t<meta property=\"og:image:height\" content=\"1000\" \/>\n\t<meta property=\"og:image:type\" content=\"image\/jpeg\" \/>\n<meta name=\"twitter:card\" content=\"summary_large_image\" \/>\n<meta name=\"twitter:label1\" content=\"Est. reading time\" \/>\n\t<meta name=\"twitter:data1\" content=\"3 minutes\" \/>\n<script type=\"application\/ld+json\" class=\"yoast-schema-graph\">{\"@context\":\"https:\/\/schema.org\",\"@graph\":[{\"@type\":\"WebPage\",\"@id\":\"https:\/\/loja.springschool.me\/produto\/alegria-no-trabalho\/\",\"url\":\"https:\/\/loja.springschool.me\/produto\/alegria-no-trabalho\/\",\"name\":\"Alegria no trabalho: Transforme sua vida profissional com o foco, a organiza\u00e7\u00e3o e a harmonia da m\u00e1gica da arruma\u00e7\u00e3o\",\"isPartOf\":{\"@id\":\"https:\/\/loja.springschool.me\/#website\"},\"datePublished\":\"2023-10-10T14:16:27+00:00\",\"dateModified\":\"2024-07-17T16:35:20+00:00\",\"description\":\"Super promo\u00e7\u00e3o com estoque limitado! Alegria no trabalho: Transforme sua vida profissional com o foco, a organiza\u00e7\u00e3o e a harmonia da m\u00e1gica da arruma\u00e7\u00e3o\",\"breadcrumb\":{\"@id\":\"https:\/\/loja.springschool.me\/produto\/alegria-no-trabalho\/#breadcrumb\"},\"inLanguage\":\"en-US\",\"potentialAction\":[{\"@type\":\"ReadAction\",\"target\":[\"https:\/\/loja.springschool.me\/produto\/alegria-no-trabalho\/\"]}]},{\"@type\":\"BreadcrumbList\",\"@id\":\"https:\/\/loja.springschool.me\/produto\/alegria-no-trabalho\/#breadcrumb\",\"itemListElement\":[{\"@type\":\"ListItem\",\"position\":1,\"name\":\"In\u00edcio\",\"item\":\"https:\/\/loja.springschool.me\/\"},{\"@type\":\"ListItem\",\"position\":2,\"name\":\"Shop\",\"item\":\"https:\/\/loja.springschool.me\/shop\/\"},{\"@type\":\"ListItem\",\"position\":3,\"name\":\"Alegria no trabalho: Transforme sua vida profissional com o foco, a organiza\u00e7\u00e3o e a harmonia da m\u00e1gica da arruma\u00e7\u00e3o\"}]},{\"@type\":\"WebSite\",\"@id\":\"https:\/\/loja.springschool.me\/#website\",\"url\":\"https:\/\/loja.springschool.me\/\",\"name\":\"Spring School - Loja Virtual\",\"description\":\"Just another WordPress site\",\"potentialAction\":[{\"@type\":\"SearchAction\",\"target\":{\"@type\":\"EntryPoint\",\"urlTemplate\":\"https:\/\/loja.springschool.me\/?s={search_term_string}\"},\"query-input\":\"required name=search_term_string\"}],\"inLanguage\":\"en-US\"}]}<\/script>\n<!-- \/ Yoast SEO plugin. -->","yoast_head_json":{"title":"Alegria no trabalho: Transforme sua vida profissional com o foco, a organiza\u00e7\u00e3o e a harmonia da m\u00e1gica da arruma\u00e7\u00e3o","description":"Super promo\u00e7\u00e3o com estoque limitado! Alegria no trabalho: Transforme sua vida profissional com o foco, a organiza\u00e7\u00e3o e a harmonia da m\u00e1gica da arruma\u00e7\u00e3o","robots":{"index":"index","follow":"follow","max-snippet":"max-snippet:-1","max-image-preview":"max-image-preview:large","max-video-preview":"max-video-preview:-1"},"canonical":"https:\/\/loja.springschool.me\/en\/product\/alegria-no-trabalho\/","og_locale":"en_US","og_type":"article","og_title":"Alegria no trabalho: Transforme sua vida profissional com o foco, a organiza\u00e7\u00e3o e a harmonia da m\u00e1gica da arruma\u00e7\u00e3o","og_description":"Super promo\u00e7\u00e3o com estoque limitado! Alegria no trabalho: Transforme sua vida profissional com o foco, a organiza\u00e7\u00e3o e a harmonia da m\u00e1gica da arruma\u00e7\u00e3o","og_url":"https:\/\/loja.springschool.me\/en\/product\/alegria-no-trabalho\/","og_site_name":"Spring School - Loja Virtual","article_modified_time":"2024-07-17T16:35:20+00:00","og_image":[{"width":1000,"height":1000,"url":"https:\/\/loja.springschool.me\/wp-content\/uploads\/2023\/10\/spring-school-loja-livro-alegria-no-trabalho-01.jpg","type":"image\/jpeg"}],"twitter_card":"summary_large_image","twitter_misc":{"Est. reading time":"3 minutes"},"schema":{"@context":"https:\/\/schema.org","@graph":[{"@type":"WebPage","@id":"https:\/\/loja.springschool.me\/produto\/alegria-no-trabalho\/","url":"https:\/\/loja.springschool.me\/produto\/alegria-no-trabalho\/","name":"Alegria no trabalho: Transforme sua vida profissional com o foco, a organiza\u00e7\u00e3o e a harmonia da m\u00e1gica da arruma\u00e7\u00e3o","isPartOf":{"@id":"https:\/\/loja.springschool.me\/#website"},"datePublished":"2023-10-10T14:16:27+00:00","dateModified":"2024-07-17T16:35:20+00:00","description":"Super promo\u00e7\u00e3o com estoque limitado! Alegria no trabalho: Transforme sua vida profissional com o foco, a organiza\u00e7\u00e3o e a harmonia da m\u00e1gica da arruma\u00e7\u00e3o","breadcrumb":{"@id":"https:\/\/loja.springschool.me\/produto\/alegria-no-trabalho\/#breadcrumb"},"inLanguage":"en-US","potentialAction":[{"@type":"ReadAction","target":["https:\/\/loja.springschool.me\/produto\/alegria-no-trabalho\/"]}]},{"@type":"BreadcrumbList","@id":"https:\/\/loja.springschool.me\/produto\/alegria-no-trabalho\/#breadcrumb","itemListElement":[{"@type":"ListItem","position":1,"name":"In\u00edcio","item":"https:\/\/loja.springschool.me\/"},{"@type":"ListItem","position":2,"name":"Shop","item":"https:\/\/loja.springschool.me\/shop\/"},{"@type":"ListItem","position":3,"name":"Alegria no trabalho: Transforme sua vida profissional com o foco, a organiza\u00e7\u00e3o e a harmonia da m\u00e1gica da arruma\u00e7\u00e3o"}]},{"@type":"WebSite","@id":"https:\/\/loja.springschool.me\/#website","url":"https:\/\/loja.springschool.me\/","name":"Spring School - Loja Virtual","description":"Just another WordPress site","potentialAction":[{"@type":"SearchAction","target":{"@type":"EntryPoint","urlTemplate":"https:\/\/loja.springschool.me\/?s={search_term_string}"},"query-input":"required name=search_term_string"}],"inLanguage":"en-US"}]}},"_links":{"self":[{"href":"https:\/\/loja.springschool.me\/en\/wp-json\/wp\/v2\/product\/1435"}],"collection":[{"href":"https:\/\/loja.springschool.me\/en\/wp-json\/wp\/v2\/product"}],"about":[{"href":"https:\/\/loja.springschool.me\/en\/wp-json\/wp\/v2\/types\/product"}],"version-history":[{"count":2,"href":"https:\/\/loja.springschool.me\/en\/wp-json\/wp\/v2\/product\/1435\/revisions"}],"predecessor-version":[{"id":1437,"href":"https:\/\/loja.springschool.me\/en\/wp-json\/wp\/v2\/product\/1435\/revisions\/1437"}],"wp:featuredmedia":[{"embeddable":true,"href":"https:\/\/loja.springschool.me\/en\/wp-json\/wp\/v2\/media\/1407"}],"wp:attachment":[{"href":"https:\/\/loja.springschool.me\/en\/wp-json\/wp\/v2\/media?parent=1435"}],"wp:term":[{"taxonomy":"product_cat","embeddable":true,"href":"https:\/\/loja.springschool.me\/en\/wp-json\/wp\/v2\/product_cat?post=1435"},{"taxonomy":"product_tag","embeddable":true,"href":"https:\/\/loja.springschool.me\/en\/wp-json\/wp\/v2\/product_tag?post=1435"}],"curies":[{"name":"wp","href":"https:\/\/api.w.org\/{rel}","templated":true}]}}