{"id":1430,"date":"2023-10-10T14:01:41","date_gmt":"2023-10-10T14:01:41","guid":{"rendered":"https:\/\/loja.springschool.me\/?post_type=product&#038;p=1430"},"modified":"2024-07-17T16:36:46","modified_gmt":"2024-07-17T16:36:46","slug":"nietzsche-um-guia-grafico","status":"publish","type":"product","link":"https:\/\/loja.springschool.me\/en\/product\/nietzsche-um-guia-grafico\/","title":{"rendered":"Nietzsche: A Graphic Guide"},"content":{"rendered":"<p>\u201cMy ambition is to say in ten sentences what anyone else says in a book \u2013 what anyone else doesn\u2019t say in a book.\u201d NIETZSCHE<\/p>\n<p>Nietzsche is one of the greatest intellectuals of the 19th century and his relevance to today&#039;s times is indisputable.<\/p>\n<p>Many have difficulty understanding his writings, but\u00a0<span class=\"a-text-italic\">Nietzsche: A Graphic Guide<\/span>\u00a0will clarify what you have already read or heard about the theories of the misunderstood philosopher.<\/p>\n<p>With airs of\u00a0<span class=\"a-text-italic\">graphic novel<\/span>, full of curiosities about Nietzsche&#039;s personal trajectory and his famous aphorisms, this is an indispensable book for anyone who wants to know the critical rebellion of the German genius.<\/p>\n<p><span class=\"a-text-italic\">Nietzsche<\/span>\u00a0is part of the \u201cA graphic guide\u201d collection, written by experts and illustrated by renowned artists, presenting in an uncomplicated way subjects from the most diverse areas of human knowledge, such as philosophy, politics, psychology, science, sociology and much more.<\/p>\n<h3>About the author<\/h3>\n<div class=\"a-section a-spacing-small a-padding-small\">LAURENCE GANE studied Philosophy at University College London and King&#039;s College, London. Today he lives in the Snowdonia region of Wales, where he runs a recording studio.<\/p>\n<p>PIERO is an artist and graphic designer who was twice considered the best British illustrator by the Royal College of Art.<\/p><\/div>","protected":false},"excerpt":{"rendered":"<p><strong>Super promotion with limited stock!<\/strong><\/p>\n<p><span class=\"a-text-bold\">THE \u201cA GRAPHIC GUIDE\u201d COLLECTION HAS ALREADY SOLD MORE THAN 4 MILLION BOOKS.<\/span><\/p>\n<p><span class=\"a-text-bold\">With airs of\u00a0<\/span><span class=\"a-text-bold a-text-italic\">graphic novel<\/span><span class=\"a-text-bold\">, full of curiosities about Nietzsche&#039;s personal trajectory and his famous aphorisms, this is an indispensable book for anyone who wants to know the critical rebellion of the German genius.<\/span><\/p>","protected":false},"featured_media":1409,"template":"","meta":[],"product_cat":[20],"product_tag":[81,69,80],"yoast_head":"<!-- This site is optimized with the Yoast SEO plugin v20.11 - https:\/\/yoast.com\/wordpress\/plugins\/seo\/ -->\n<title>Nietzsche: Um guia gr\u00e1fico - Spring School - Loja Virtual<\/title>\n<meta name=\"description\" content=\"Super promo\u00e7\u00e3o com estoque limitado! Nietzsche: Um guia gr\u00e1fico. A COLE\u00c7\u00c3O &quot;UM GUIA GR\u00c1FICO&quot; J\u00c1 VENDEU MAIS DE 4 MILH\u00d5ES DE LIVROS.\" \/>\n<meta name=\"robots\" content=\"index, follow, max-snippet:-1, max-image-preview:large, max-video-preview:-1\" \/>\n<link rel=\"canonical\" href=\"https:\/\/loja.springschool.me\/en\/product\/nietzsche-um-guia-grafico\/\" \/>\n<meta property=\"og:locale\" content=\"en_US\" \/>\n<meta property=\"og:type\" content=\"article\" \/>\n<meta property=\"og:title\" content=\"Nietzsche: Um guia gr\u00e1fico - Spring School - Loja Virtual\" \/>\n<meta property=\"og:description\" content=\"Super promo\u00e7\u00e3o com estoque limitado! Nietzsche: Um guia gr\u00e1fico. A COLE\u00c7\u00c3O &quot;UM GUIA GR\u00c1FICO&quot; J\u00c1 VENDEU MAIS DE 4 MILH\u00d5ES DE LIVROS.\" \/>\n<meta property=\"og:url\" content=\"https:\/\/loja.springschool.me\/en\/product\/nietzsche-um-guia-grafico\/\" \/>\n<meta property=\"og:site_name\" content=\"Spring School - Loja Virtual\" \/>\n<meta property=\"article:modified_time\" content=\"2024-07-17T16:36:46+00:00\" \/>\n<meta property=\"og:image\" content=\"https:\/\/loja.springschool.me\/wp-content\/uploads\/2023\/10\/spring-school-loja-livro-nietzche-um-guia-grafico-01.jpg\" \/>\n\t<meta property=\"og:image:width\" content=\"1000\" \/>\n\t<meta property=\"og:image:height\" content=\"1000\" \/>\n\t<meta property=\"og:image:type\" content=\"image\/jpeg\" \/>\n<meta name=\"twitter:card\" content=\"summary_large_image\" \/>\n<meta name=\"twitter:label1\" content=\"Est. reading time\" \/>\n\t<meta name=\"twitter:data1\" content=\"2 minutes\" \/>\n<script type=\"application\/ld+json\" class=\"yoast-schema-graph\">{\"@context\":\"https:\/\/schema.org\",\"@graph\":[{\"@type\":\"WebPage\",\"@id\":\"https:\/\/loja.springschool.me\/produto\/nietzsche-um-guia-grafico\/\",\"url\":\"https:\/\/loja.springschool.me\/produto\/nietzsche-um-guia-grafico\/\",\"name\":\"Nietzsche: Um guia gr\u00e1fico - Spring School - Loja Virtual\",\"isPartOf\":{\"@id\":\"https:\/\/loja.springschool.me\/#website\"},\"datePublished\":\"2023-10-10T14:01:41+00:00\",\"dateModified\":\"2024-07-17T16:36:46+00:00\",\"description\":\"Super promo\u00e7\u00e3o com estoque limitado! Nietzsche: Um guia gr\u00e1fico. A COLE\u00c7\u00c3O \\\"UM GUIA GR\u00c1FICO\\\" J\u00c1 VENDEU MAIS DE 4 MILH\u00d5ES DE LIVROS.\",\"breadcrumb\":{\"@id\":\"https:\/\/loja.springschool.me\/produto\/nietzsche-um-guia-grafico\/#breadcrumb\"},\"inLanguage\":\"en-US\",\"potentialAction\":[{\"@type\":\"ReadAction\",\"target\":[\"https:\/\/loja.springschool.me\/produto\/nietzsche-um-guia-grafico\/\"]}]},{\"@type\":\"BreadcrumbList\",\"@id\":\"https:\/\/loja.springschool.me\/produto\/nietzsche-um-guia-grafico\/#breadcrumb\",\"itemListElement\":[{\"@type\":\"ListItem\",\"position\":1,\"name\":\"In\u00edcio\",\"item\":\"https:\/\/loja.springschool.me\/\"},{\"@type\":\"ListItem\",\"position\":2,\"name\":\"Shop\",\"item\":\"https:\/\/loja.springschool.me\/shop\/\"},{\"@type\":\"ListItem\",\"position\":3,\"name\":\"Nietzsche: Um guia gr\u00e1fico\"}]},{\"@type\":\"WebSite\",\"@id\":\"https:\/\/loja.springschool.me\/#website\",\"url\":\"https:\/\/loja.springschool.me\/\",\"name\":\"Spring School - Loja Virtual\",\"description\":\"Just another WordPress site\",\"potentialAction\":[{\"@type\":\"SearchAction\",\"target\":{\"@type\":\"EntryPoint\",\"urlTemplate\":\"https:\/\/loja.springschool.me\/?s={search_term_string}\"},\"query-input\":\"required name=search_term_string\"}],\"inLanguage\":\"en-US\"}]}<\/script>\n<!-- \/ Yoast SEO plugin. -->","yoast_head_json":{"title":"Nietzsche: Um guia gr\u00e1fico - Spring School - Loja Virtual","description":"Super promo\u00e7\u00e3o com estoque limitado! Nietzsche: Um guia gr\u00e1fico. A COLE\u00c7\u00c3O \"UM GUIA GR\u00c1FICO\" J\u00c1 VENDEU MAIS DE 4 MILH\u00d5ES DE LIVROS.","robots":{"index":"index","follow":"follow","max-snippet":"max-snippet:-1","max-image-preview":"max-image-preview:large","max-video-preview":"max-video-preview:-1"},"canonical":"https:\/\/loja.springschool.me\/en\/product\/nietzsche-um-guia-grafico\/","og_locale":"en_US","og_type":"article","og_title":"Nietzsche: Um guia gr\u00e1fico - Spring School - Loja Virtual","og_description":"Super promo\u00e7\u00e3o com estoque limitado! Nietzsche: Um guia gr\u00e1fico. A COLE\u00c7\u00c3O \"UM GUIA GR\u00c1FICO\" J\u00c1 VENDEU MAIS DE 4 MILH\u00d5ES DE LIVROS.","og_url":"https:\/\/loja.springschool.me\/en\/product\/nietzsche-um-guia-grafico\/","og_site_name":"Spring School - Loja Virtual","article_modified_time":"2024-07-17T16:36:46+00:00","og_image":[{"width":1000,"height":1000,"url":"https:\/\/loja.springschool.me\/wp-content\/uploads\/2023\/10\/spring-school-loja-livro-nietzche-um-guia-grafico-01.jpg","type":"image\/jpeg"}],"twitter_card":"summary_large_image","twitter_misc":{"Est. reading time":"2 minutes"},"schema":{"@context":"https:\/\/schema.org","@graph":[{"@type":"WebPage","@id":"https:\/\/loja.springschool.me\/produto\/nietzsche-um-guia-grafico\/","url":"https:\/\/loja.springschool.me\/produto\/nietzsche-um-guia-grafico\/","name":"Nietzsche: Um guia gr\u00e1fico - Spring School - Loja Virtual","isPartOf":{"@id":"https:\/\/loja.springschool.me\/#website"},"datePublished":"2023-10-10T14:01:41+00:00","dateModified":"2024-07-17T16:36:46+00:00","description":"Super promo\u00e7\u00e3o com estoque limitado! Nietzsche: Um guia gr\u00e1fico. A COLE\u00c7\u00c3O \"UM GUIA GR\u00c1FICO\" J\u00c1 VENDEU MAIS DE 4 MILH\u00d5ES DE LIVROS.","breadcrumb":{"@id":"https:\/\/loja.springschool.me\/produto\/nietzsche-um-guia-grafico\/#breadcrumb"},"inLanguage":"en-US","potentialAction":[{"@type":"ReadAction","target":["https:\/\/loja.springschool.me\/produto\/nietzsche-um-guia-grafico\/"]}]},{"@type":"BreadcrumbList","@id":"https:\/\/loja.springschool.me\/produto\/nietzsche-um-guia-grafico\/#breadcrumb","itemListElement":[{"@type":"ListItem","position":1,"name":"In\u00edcio","item":"https:\/\/loja.springschool.me\/"},{"@type":"ListItem","position":2,"name":"Shop","item":"https:\/\/loja.springschool.me\/shop\/"},{"@type":"ListItem","position":3,"name":"Nietzsche: Um guia gr\u00e1fico"}]},{"@type":"WebSite","@id":"https:\/\/loja.springschool.me\/#website","url":"https:\/\/loja.springschool.me\/","name":"Spring School - Loja Virtual","description":"Just another WordPress site","potentialAction":[{"@type":"SearchAction","target":{"@type":"EntryPoint","urlTemplate":"https:\/\/loja.springschool.me\/?s={search_term_string}"},"query-input":"required name=search_term_string"}],"inLanguage":"en-US"}]}},"_links":{"self":[{"href":"https:\/\/loja.springschool.me\/en\/wp-json\/wp\/v2\/product\/1430"}],"collection":[{"href":"https:\/\/loja.springschool.me\/en\/wp-json\/wp\/v2\/product"}],"about":[{"href":"https:\/\/loja.springschool.me\/en\/wp-json\/wp\/v2\/types\/product"}],"version-history":[{"count":1,"href":"https:\/\/loja.springschool.me\/en\/wp-json\/wp\/v2\/product\/1430\/revisions"}],"predecessor-version":[{"id":1431,"href":"https:\/\/loja.springschool.me\/en\/wp-json\/wp\/v2\/product\/1430\/revisions\/1431"}],"wp:featuredmedia":[{"embeddable":true,"href":"https:\/\/loja.springschool.me\/en\/wp-json\/wp\/v2\/media\/1409"}],"wp:attachment":[{"href":"https:\/\/loja.springschool.me\/en\/wp-json\/wp\/v2\/media?parent=1430"}],"wp:term":[{"taxonomy":"product_cat","embeddable":true,"href":"https:\/\/loja.springschool.me\/en\/wp-json\/wp\/v2\/product_cat?post=1430"},{"taxonomy":"product_tag","embeddable":true,"href":"https:\/\/loja.springschool.me\/en\/wp-json\/wp\/v2\/product_tag?post=1430"}],"curies":[{"name":"wp","href":"https:\/\/api.w.org\/{rel}","templated":true}]}}