{"id":1426,"date":"2023-10-10T13:43:48","date_gmt":"2023-10-10T13:43:48","guid":{"rendered":"https:\/\/loja.springschool.me\/?post_type=product&#038;p=1426"},"modified":"2024-07-25T00:09:30","modified_gmt":"2024-07-25T00:09:30","slug":"ha-um-diamante-em-voce","status":"publish","type":"product","link":"https:\/\/loja.springschool.me\/en\/product\/ha-um-diamante-em-voce\/","title":{"rendered":"There&#039;s a diamond in you"},"content":{"rendered":"<p>When evaluating the countless testimonials from successful people that are part of this book, I often read, re-read and pause, paralyzed by emotion and in awe of the strength and courage with which many face life. Sometimes I reflect, moved, and hold back the tears with difficulty, given the greatness of each person. Few can imagine the incredible feeling of writing each account of these incredible leaders, of hearing their stories, difficulties, challenges, dreams and achievements. Above all, you need to understand that this is a book about overcoming and achieving. There are people who lose everything (or almost everything) and find themselves at rock bottom, almost accepting failure, but emerging victorious. These stories serve as inspiration for everyone who is looking for renewed energy, new horizons and personal fulfillment. I can tell you in advance: You will love this book!<\/p>\n<h3>About the author<\/h3>\n<div class=\"a-section a-spacing-small a-padding-small\">Professor Carlos Wizard Martins is one of the main educational leaders in Brazil. After a 30-year career in the education sector, he heads twenty companies, including Mundo Verde, Pizza Hut, KFC, Taco Bell, WiseUp, and Aloha. He is on Forbes magazine&#039;s list of Brazilian billionaires. He is married to V\u00e2nia, has six children and eighteen grandchildren.<\/div>","protected":false},"excerpt":{"rendered":"<p><strong>Super promotion with limited stock! <\/strong><\/p>\n<p>There is a diamond in you, it is a book about overcoming and achieving. There are people who lose everything (or almost everything) and find themselves at rock bottom, almost accepting failure, but emerging victorious. These stories serve as inspiration for everyone who is looking for renewed energy, new horizons and personal fulfillment. I can tell you in advance: You will love this book!<\/p>","protected":false},"featured_media":1411,"template":"","meta":[],"product_cat":[20],"product_tag":[79,78],"yoast_head":"<!-- This site is optimized with the Yoast SEO plugin v20.11 - https:\/\/yoast.com\/wordpress\/plugins\/seo\/ -->\n<title>H\u00e1 um diamante em voc\u00ea - Spring School - Loja Virtual<\/title>\n<meta name=\"description\" content=\"Super promo\u00e7\u00e3o com estoque limitado! H\u00e1 um diamante em voc\u00ea, \u00e9 um livro sobre supera\u00e7\u00e3o e conquistas. Posso lhe antecipar: Voc\u00ea vai amar este livro!\" \/>\n<meta name=\"robots\" content=\"index, follow, max-snippet:-1, max-image-preview:large, max-video-preview:-1\" \/>\n<link rel=\"canonical\" href=\"https:\/\/loja.springschool.me\/en\/product\/ha-um-diamante-em-voce\/\" \/>\n<meta property=\"og:locale\" content=\"en_US\" \/>\n<meta property=\"og:type\" content=\"article\" \/>\n<meta property=\"og:title\" content=\"H\u00e1 um diamante em voc\u00ea - Spring School - Loja Virtual\" \/>\n<meta property=\"og:description\" content=\"Super promo\u00e7\u00e3o com estoque limitado! H\u00e1 um diamante em voc\u00ea, \u00e9 um livro sobre supera\u00e7\u00e3o e conquistas. Posso lhe antecipar: Voc\u00ea vai amar este livro!\" \/>\n<meta property=\"og:url\" content=\"https:\/\/loja.springschool.me\/en\/product\/ha-um-diamante-em-voce\/\" \/>\n<meta property=\"og:site_name\" content=\"Spring School - Loja Virtual\" \/>\n<meta property=\"article:modified_time\" content=\"2024-07-25T00:09:30+00:00\" \/>\n<meta property=\"og:image\" content=\"https:\/\/loja.springschool.me\/wp-content\/uploads\/2023\/10\/spring-school-loja-livro-ha-um-diamante-em-voce-01.jpg\" \/>\n\t<meta property=\"og:image:width\" content=\"1000\" \/>\n\t<meta property=\"og:image:height\" content=\"1000\" \/>\n\t<meta property=\"og:image:type\" content=\"image\/jpeg\" \/>\n<meta name=\"twitter:card\" content=\"summary_large_image\" \/>\n<meta name=\"twitter:label1\" content=\"Est. reading time\" \/>\n\t<meta name=\"twitter:data1\" content=\"2 minutes\" \/>\n<script type=\"application\/ld+json\" class=\"yoast-schema-graph\">{\"@context\":\"https:\/\/schema.org\",\"@graph\":[{\"@type\":\"WebPage\",\"@id\":\"https:\/\/loja.springschool.me\/ja\/product\/ha-um-diamante-em-voce\/\",\"url\":\"https:\/\/loja.springschool.me\/ja\/product\/ha-um-diamante-em-voce\/\",\"name\":\"H\u00e1 um diamante em voc\u00ea - Spring School - Loja Virtual\",\"isPartOf\":{\"@id\":\"https:\/\/loja.springschool.me\/#website\"},\"datePublished\":\"2023-10-10T13:43:48+00:00\",\"dateModified\":\"2024-07-25T00:09:30+00:00\",\"description\":\"Super promo\u00e7\u00e3o com estoque limitado! H\u00e1 um diamante em voc\u00ea, \u00e9 um livro sobre supera\u00e7\u00e3o e conquistas. Posso lhe antecipar: Voc\u00ea vai amar este livro!\",\"breadcrumb\":{\"@id\":\"https:\/\/loja.springschool.me\/ja\/product\/ha-um-diamante-em-voce\/#breadcrumb\"},\"inLanguage\":\"en-US\",\"potentialAction\":[{\"@type\":\"ReadAction\",\"target\":[\"https:\/\/loja.springschool.me\/ja\/product\/ha-um-diamante-em-voce\/\"]}]},{\"@type\":\"BreadcrumbList\",\"@id\":\"https:\/\/loja.springschool.me\/ja\/product\/ha-um-diamante-em-voce\/#breadcrumb\",\"itemListElement\":[{\"@type\":\"ListItem\",\"position\":1,\"name\":\"In\u00edcio\",\"item\":\"https:\/\/loja.springschool.me\/\"},{\"@type\":\"ListItem\",\"position\":2,\"name\":\"Shop\",\"item\":\"https:\/\/loja.springschool.me\/shop\/\"},{\"@type\":\"ListItem\",\"position\":3,\"name\":\"H\u00e1 um diamante em voc\u00ea\"}]},{\"@type\":\"WebSite\",\"@id\":\"https:\/\/loja.springschool.me\/#website\",\"url\":\"https:\/\/loja.springschool.me\/\",\"name\":\"Spring School - Loja Virtual\",\"description\":\"Just another WordPress site\",\"potentialAction\":[{\"@type\":\"SearchAction\",\"target\":{\"@type\":\"EntryPoint\",\"urlTemplate\":\"https:\/\/loja.springschool.me\/?s={search_term_string}\"},\"query-input\":\"required name=search_term_string\"}],\"inLanguage\":\"en-US\"}]}<\/script>\n<!-- \/ Yoast SEO plugin. -->","yoast_head_json":{"title":"H\u00e1 um diamante em voc\u00ea - Spring School - Loja Virtual","description":"Super promo\u00e7\u00e3o com estoque limitado! H\u00e1 um diamante em voc\u00ea, \u00e9 um livro sobre supera\u00e7\u00e3o e conquistas. Posso lhe antecipar: Voc\u00ea vai amar este livro!","robots":{"index":"index","follow":"follow","max-snippet":"max-snippet:-1","max-image-preview":"max-image-preview:large","max-video-preview":"max-video-preview:-1"},"canonical":"https:\/\/loja.springschool.me\/en\/product\/ha-um-diamante-em-voce\/","og_locale":"en_US","og_type":"article","og_title":"H\u00e1 um diamante em voc\u00ea - Spring School - Loja Virtual","og_description":"Super promo\u00e7\u00e3o com estoque limitado! H\u00e1 um diamante em voc\u00ea, \u00e9 um livro sobre supera\u00e7\u00e3o e conquistas. Posso lhe antecipar: Voc\u00ea vai amar este livro!","og_url":"https:\/\/loja.springschool.me\/en\/product\/ha-um-diamante-em-voce\/","og_site_name":"Spring School - Loja Virtual","article_modified_time":"2024-07-25T00:09:30+00:00","og_image":[{"width":1000,"height":1000,"url":"https:\/\/loja.springschool.me\/wp-content\/uploads\/2023\/10\/spring-school-loja-livro-ha-um-diamante-em-voce-01.jpg","type":"image\/jpeg"}],"twitter_card":"summary_large_image","twitter_misc":{"Est. reading time":"2 minutes"},"schema":{"@context":"https:\/\/schema.org","@graph":[{"@type":"WebPage","@id":"https:\/\/loja.springschool.me\/ja\/product\/ha-um-diamante-em-voce\/","url":"https:\/\/loja.springschool.me\/ja\/product\/ha-um-diamante-em-voce\/","name":"H\u00e1 um diamante em voc\u00ea - Spring School - Loja Virtual","isPartOf":{"@id":"https:\/\/loja.springschool.me\/#website"},"datePublished":"2023-10-10T13:43:48+00:00","dateModified":"2024-07-25T00:09:30+00:00","description":"Super promo\u00e7\u00e3o com estoque limitado! H\u00e1 um diamante em voc\u00ea, \u00e9 um livro sobre supera\u00e7\u00e3o e conquistas. Posso lhe antecipar: Voc\u00ea vai amar este livro!","breadcrumb":{"@id":"https:\/\/loja.springschool.me\/ja\/product\/ha-um-diamante-em-voce\/#breadcrumb"},"inLanguage":"en-US","potentialAction":[{"@type":"ReadAction","target":["https:\/\/loja.springschool.me\/ja\/product\/ha-um-diamante-em-voce\/"]}]},{"@type":"BreadcrumbList","@id":"https:\/\/loja.springschool.me\/ja\/product\/ha-um-diamante-em-voce\/#breadcrumb","itemListElement":[{"@type":"ListItem","position":1,"name":"In\u00edcio","item":"https:\/\/loja.springschool.me\/"},{"@type":"ListItem","position":2,"name":"Shop","item":"https:\/\/loja.springschool.me\/shop\/"},{"@type":"ListItem","position":3,"name":"H\u00e1 um diamante em voc\u00ea"}]},{"@type":"WebSite","@id":"https:\/\/loja.springschool.me\/#website","url":"https:\/\/loja.springschool.me\/","name":"Spring School - Loja Virtual","description":"Just another WordPress site","potentialAction":[{"@type":"SearchAction","target":{"@type":"EntryPoint","urlTemplate":"https:\/\/loja.springschool.me\/?s={search_term_string}"},"query-input":"required name=search_term_string"}],"inLanguage":"en-US"}]}},"_links":{"self":[{"href":"https:\/\/loja.springschool.me\/en\/wp-json\/wp\/v2\/product\/1426"}],"collection":[{"href":"https:\/\/loja.springschool.me\/en\/wp-json\/wp\/v2\/product"}],"about":[{"href":"https:\/\/loja.springschool.me\/en\/wp-json\/wp\/v2\/types\/product"}],"version-history":[{"count":1,"href":"https:\/\/loja.springschool.me\/en\/wp-json\/wp\/v2\/product\/1426\/revisions"}],"predecessor-version":[{"id":1427,"href":"https:\/\/loja.springschool.me\/en\/wp-json\/wp\/v2\/product\/1426\/revisions\/1427"}],"wp:featuredmedia":[{"embeddable":true,"href":"https:\/\/loja.springschool.me\/en\/wp-json\/wp\/v2\/media\/1411"}],"wp:attachment":[{"href":"https:\/\/loja.springschool.me\/en\/wp-json\/wp\/v2\/media?parent=1426"}],"wp:term":[{"taxonomy":"product_cat","embeddable":true,"href":"https:\/\/loja.springschool.me\/en\/wp-json\/wp\/v2\/product_cat?post=1426"},{"taxonomy":"product_tag","embeddable":true,"href":"https:\/\/loja.springschool.me\/en\/wp-json\/wp\/v2\/product_tag?post=1426"}],"curies":[{"name":"wp","href":"https:\/\/api.w.org\/{rel}","templated":true}]}}