{"id":1405,"date":"2023-10-10T12:51:03","date_gmt":"2023-10-10T12:51:03","guid":{"rendered":"https:\/\/loja.springschool.me\/?post_type=product&#038;p=1405"},"modified":"2023-10-10T12:51:54","modified_gmt":"2023-10-10T12:51:54","slug":"as-5-habilidades-essenciais-do-relacionamento","status":"publish","type":"product","link":"https:\/\/loja.springschool.me\/en\/product\/as-5-habilidades-essenciais-do-relacionamento\/","title":{"rendered":"The 5 essential relationship skills"},"content":{"rendered":"<p>The business supervisors and trainers at Dale Carnegie Training have discovered that the most efficient way to become a career winner is to correctly apply assertiveness in all of our interactions. The five essential relationship skills will help you become the most prosperous, most inspired and proactive professional you can be.<\/p>","protected":false},"excerpt":{"rendered":"<p><strong>Super promotion with limited stock!<\/strong><\/p>\n<p>The five essential relationship skills will help you become the most prosperous, most inspired and proactive professional you can be.<\/p>","protected":false},"featured_media":1415,"template":"","meta":[],"product_cat":[20],"product_tag":[72],"yoast_head":"<!-- This site is optimized with the Yoast SEO plugin v20.11 - https:\/\/yoast.com\/wordpress\/plugins\/seo\/ -->\n<title>As 5 habilidades essenciais do relacionamento - Spring School - Loja Virtual<\/title>\n<meta name=\"description\" content=\"As cinco habilidades essenciais do relacionamento o ajudar\u00e1 a tornar-se o profissional mais pr\u00f3spero, mais inspirado e pr\u00f3-ativo que voc\u00ea pode ser.\" \/>\n<meta name=\"robots\" content=\"index, follow, max-snippet:-1, max-image-preview:large, max-video-preview:-1\" \/>\n<link rel=\"canonical\" href=\"https:\/\/loja.springschool.me\/en\/product\/as-5-habilidades-essenciais-do-relacionamento\/\" \/>\n<meta property=\"og:locale\" content=\"en_US\" \/>\n<meta property=\"og:type\" content=\"article\" \/>\n<meta property=\"og:title\" content=\"As 5 habilidades essenciais do relacionamento - Spring School - Loja Virtual\" \/>\n<meta property=\"og:description\" content=\"As cinco habilidades essenciais do relacionamento o ajudar\u00e1 a tornar-se o profissional mais pr\u00f3spero, mais inspirado e pr\u00f3-ativo que voc\u00ea pode ser.\" \/>\n<meta property=\"og:url\" content=\"https:\/\/loja.springschool.me\/en\/product\/as-5-habilidades-essenciais-do-relacionamento\/\" \/>\n<meta property=\"og:site_name\" content=\"Spring School - Loja Virtual\" \/>\n<meta property=\"article:modified_time\" content=\"2023-10-10T12:51:54+00:00\" \/>\n<meta property=\"og:image\" content=\"https:\/\/loja.springschool.me\/wp-content\/uploads\/2023\/10\/spring-school-loja-livro-as-5-habilidades-essenciais-do-relacionamento-01.jpg\" \/>\n\t<meta property=\"og:image:width\" content=\"1000\" \/>\n\t<meta property=\"og:image:height\" content=\"1000\" \/>\n\t<meta property=\"og:image:type\" content=\"image\/jpeg\" \/>\n<meta name=\"twitter:card\" content=\"summary_large_image\" \/>\n<meta name=\"twitter:label1\" content=\"Est. reading time\" \/>\n\t<meta name=\"twitter:data1\" content=\"1 minute\" \/>\n<script type=\"application\/ld+json\" class=\"yoast-schema-graph\">{\"@context\":\"https:\/\/schema.org\",\"@graph\":[{\"@type\":\"WebPage\",\"@id\":\"https:\/\/loja.springschool.me\/produto\/as-5-habilidades-essenciais-do-relacionamento\/\",\"url\":\"https:\/\/loja.springschool.me\/produto\/as-5-habilidades-essenciais-do-relacionamento\/\",\"name\":\"As 5 habilidades essenciais do relacionamento - Spring School - Loja Virtual\",\"isPartOf\":{\"@id\":\"https:\/\/loja.springschool.me\/#website\"},\"datePublished\":\"2023-10-10T12:51:03+00:00\",\"dateModified\":\"2023-10-10T12:51:54+00:00\",\"description\":\"As cinco habilidades essenciais do relacionamento o ajudar\u00e1 a tornar-se o profissional mais pr\u00f3spero, mais inspirado e pr\u00f3-ativo que voc\u00ea pode ser.\",\"breadcrumb\":{\"@id\":\"https:\/\/loja.springschool.me\/produto\/as-5-habilidades-essenciais-do-relacionamento\/#breadcrumb\"},\"inLanguage\":\"en-US\",\"potentialAction\":[{\"@type\":\"ReadAction\",\"target\":[\"https:\/\/loja.springschool.me\/produto\/as-5-habilidades-essenciais-do-relacionamento\/\"]}]},{\"@type\":\"BreadcrumbList\",\"@id\":\"https:\/\/loja.springschool.me\/produto\/as-5-habilidades-essenciais-do-relacionamento\/#breadcrumb\",\"itemListElement\":[{\"@type\":\"ListItem\",\"position\":1,\"name\":\"In\u00edcio\",\"item\":\"https:\/\/loja.springschool.me\/\"},{\"@type\":\"ListItem\",\"position\":2,\"name\":\"Shop\",\"item\":\"https:\/\/loja.springschool.me\/shop\/\"},{\"@type\":\"ListItem\",\"position\":3,\"name\":\"As 5 habilidades essenciais do relacionamento\"}]},{\"@type\":\"WebSite\",\"@id\":\"https:\/\/loja.springschool.me\/#website\",\"url\":\"https:\/\/loja.springschool.me\/\",\"name\":\"Spring School - Loja Virtual\",\"description\":\"Just another WordPress site\",\"potentialAction\":[{\"@type\":\"SearchAction\",\"target\":{\"@type\":\"EntryPoint\",\"urlTemplate\":\"https:\/\/loja.springschool.me\/?s={search_term_string}\"},\"query-input\":\"required name=search_term_string\"}],\"inLanguage\":\"en-US\"}]}<\/script>\n<!-- \/ Yoast SEO plugin. -->","yoast_head_json":{"title":"As 5 habilidades essenciais do relacionamento - Spring School - Loja Virtual","description":"As cinco habilidades essenciais do relacionamento o ajudar\u00e1 a tornar-se o profissional mais pr\u00f3spero, mais inspirado e pr\u00f3-ativo que voc\u00ea pode ser.","robots":{"index":"index","follow":"follow","max-snippet":"max-snippet:-1","max-image-preview":"max-image-preview:large","max-video-preview":"max-video-preview:-1"},"canonical":"https:\/\/loja.springschool.me\/en\/product\/as-5-habilidades-essenciais-do-relacionamento\/","og_locale":"en_US","og_type":"article","og_title":"As 5 habilidades essenciais do relacionamento - Spring School - Loja Virtual","og_description":"As cinco habilidades essenciais do relacionamento o ajudar\u00e1 a tornar-se o profissional mais pr\u00f3spero, mais inspirado e pr\u00f3-ativo que voc\u00ea pode ser.","og_url":"https:\/\/loja.springschool.me\/en\/product\/as-5-habilidades-essenciais-do-relacionamento\/","og_site_name":"Spring School - Loja Virtual","article_modified_time":"2023-10-10T12:51:54+00:00","og_image":[{"width":1000,"height":1000,"url":"https:\/\/loja.springschool.me\/wp-content\/uploads\/2023\/10\/spring-school-loja-livro-as-5-habilidades-essenciais-do-relacionamento-01.jpg","type":"image\/jpeg"}],"twitter_card":"summary_large_image","twitter_misc":{"Est. reading time":"1 minute"},"schema":{"@context":"https:\/\/schema.org","@graph":[{"@type":"WebPage","@id":"https:\/\/loja.springschool.me\/produto\/as-5-habilidades-essenciais-do-relacionamento\/","url":"https:\/\/loja.springschool.me\/produto\/as-5-habilidades-essenciais-do-relacionamento\/","name":"As 5 habilidades essenciais do relacionamento - Spring School - Loja Virtual","isPartOf":{"@id":"https:\/\/loja.springschool.me\/#website"},"datePublished":"2023-10-10T12:51:03+00:00","dateModified":"2023-10-10T12:51:54+00:00","description":"As cinco habilidades essenciais do relacionamento o ajudar\u00e1 a tornar-se o profissional mais pr\u00f3spero, mais inspirado e pr\u00f3-ativo que voc\u00ea pode ser.","breadcrumb":{"@id":"https:\/\/loja.springschool.me\/produto\/as-5-habilidades-essenciais-do-relacionamento\/#breadcrumb"},"inLanguage":"en-US","potentialAction":[{"@type":"ReadAction","target":["https:\/\/loja.springschool.me\/produto\/as-5-habilidades-essenciais-do-relacionamento\/"]}]},{"@type":"BreadcrumbList","@id":"https:\/\/loja.springschool.me\/produto\/as-5-habilidades-essenciais-do-relacionamento\/#breadcrumb","itemListElement":[{"@type":"ListItem","position":1,"name":"In\u00edcio","item":"https:\/\/loja.springschool.me\/"},{"@type":"ListItem","position":2,"name":"Shop","item":"https:\/\/loja.springschool.me\/shop\/"},{"@type":"ListItem","position":3,"name":"As 5 habilidades essenciais do relacionamento"}]},{"@type":"WebSite","@id":"https:\/\/loja.springschool.me\/#website","url":"https:\/\/loja.springschool.me\/","name":"Spring School - Loja Virtual","description":"Just another WordPress site","potentialAction":[{"@type":"SearchAction","target":{"@type":"EntryPoint","urlTemplate":"https:\/\/loja.springschool.me\/?s={search_term_string}"},"query-input":"required name=search_term_string"}],"inLanguage":"en-US"}]}},"_links":{"self":[{"href":"https:\/\/loja.springschool.me\/en\/wp-json\/wp\/v2\/product\/1405"}],"collection":[{"href":"https:\/\/loja.springschool.me\/en\/wp-json\/wp\/v2\/product"}],"about":[{"href":"https:\/\/loja.springschool.me\/en\/wp-json\/wp\/v2\/types\/product"}],"version-history":[{"count":2,"href":"https:\/\/loja.springschool.me\/en\/wp-json\/wp\/v2\/product\/1405\/revisions"}],"predecessor-version":[{"id":1417,"href":"https:\/\/loja.springschool.me\/en\/wp-json\/wp\/v2\/product\/1405\/revisions\/1417"}],"wp:featuredmedia":[{"embeddable":true,"href":"https:\/\/loja.springschool.me\/en\/wp-json\/wp\/v2\/media\/1415"}],"wp:attachment":[{"href":"https:\/\/loja.springschool.me\/en\/wp-json\/wp\/v2\/media?parent=1405"}],"wp:term":[{"taxonomy":"product_cat","embeddable":true,"href":"https:\/\/loja.springschool.me\/en\/wp-json\/wp\/v2\/product_cat?post=1405"},{"taxonomy":"product_tag","embeddable":true,"href":"https:\/\/loja.springschool.me\/en\/wp-json\/wp\/v2\/product_tag?post=1405"}],"curies":[{"name":"wp","href":"https:\/\/api.w.org\/{rel}","templated":true}]}}