{"id":1402,"date":"2023-10-09T17:58:04","date_gmt":"2023-10-09T17:58:04","guid":{"rendered":"https:\/\/loja.springschool.me\/?post_type=product&#038;p=1402"},"modified":"2024-07-17T16:13:53","modified_gmt":"2024-07-17T16:13:53","slug":"7-semanas-para-emagrecer-mudar-o-pensamento-e-a-vida","status":"publish","type":"product","link":"https:\/\/loja.springschool.me\/en\/product\/7-semanas-para-emagrecer-mudar-o-pensamento-e-a-vida\/","title":{"rendered":"7 weeks to lose weight, change your thoughts and your life!"},"content":{"rendered":"<p>You know what everyone says about thin heads? It exists! Thought patterns greatly change the way of life and health. If you want to look in the mirror and feel happy with what you see, you want to change your lifestyle to be healthier and fuller, you need to overcome your own fears and face your goal. Doctor Liliane Oppermann brings a book to change your mentality regarding health in just seven weeks! You need to focus, eat well, exercise and change the way you face these challenges. Here you will learn how to: 1. Face reality and face the numbers 2. Identify and face the ghosts of difficulty in losing weight 3. Overcome challenges with creativity 4. Rescue your self-love 5. Change your life with healthy eating 6. Use self-coaching tools to stay on track Through the method that consists of seven weeks to do a mind detox using self-coaching tools, the author will take the reader towards a life transformation!<\/p>\n<h3>About the author<\/h3>\n<div class=\"a-section a-spacing-small a-padding-small\">Liliane Oppermann is a doctor specializing in Nutrology, with a degree from the Brazilian Association of Nutrology (ABRAN), and former director of the Brazilian Medical Association of Orthomolecular Practice (AMBO). She is trained in sports nutrition, diabetes, childhood obesity and pre- and post-bariatric surgery monitoring. She has a master&#039;s degree in neurolinguistic programming from the Brazilian Society of NLP and a postgraduate degree in Aesthetic Medicine and Cosmetics and in Functional Gastronomy. She is also a coach by the Brazilian Coaching Society and an integral systemic coach by Febracis. She was a beauty and health consultant for the Eliana Program for five years. She is also one of the consultants on the Voc\u00ea Bonita program, on TV Gazeta. He actively participates in programs on TV Record, TV Globo and Band. She was also the official beauty and health life coach of Miss Brazil for two consecutive years. She is an experienced speaker on various topics in the area of physical and emotional health and healthy eating for lay audiences or professionals in the field. He developed the DC Diet Weight Loss Method in 2008 and, together with the practice of Integrative Medicine, has been monitoring his patients. Its clinic and SPA is in S\u00e3o Paulo, with a complete and multidisciplinary team. She is the creator of the Opperlife Mind Detox method.<\/div>","protected":false},"excerpt":{"rendered":"<p><strong>Super promotion with limited stock!<\/strong><\/p>\n<p>If you want to look in the mirror and feel happy with what you see, you want to change your lifestyle to be healthier and fuller, you need to overcome your own fears and face your goal. Doctor Liliane Oppermann brings a book to change your mentality regarding health in just seven weeks!<\/p>","protected":false},"featured_media":1403,"template":"","meta":[],"product_cat":[20],"product_tag":[70,71],"yoast_head":"<!-- This site is optimized with the Yoast SEO plugin v20.11 - https:\/\/yoast.com\/wordpress\/plugins\/seo\/ -->\n<title>7 semanas para emagrecer, mudar o pensamento e a vida! - Spring School - Loja Virtual<\/title>\n<meta name=\"description\" content=\"7 semanas para emagrecer, mudar o pensamento e a vida! Se voc\u00ea quer olhar no espelho e se sentir feliz, esse \u00e9 o livro certo para alcan\u00e7ar seus objetivos.\" \/>\n<meta name=\"robots\" content=\"index, follow, max-snippet:-1, max-image-preview:large, max-video-preview:-1\" \/>\n<link rel=\"canonical\" href=\"https:\/\/loja.springschool.me\/en\/product\/7-semanas-para-emagrecer-mudar-o-pensamento-e-a-vida\/\" \/>\n<meta property=\"og:locale\" content=\"en_US\" \/>\n<meta property=\"og:type\" content=\"article\" \/>\n<meta property=\"og:title\" content=\"7 semanas para emagrecer, mudar o pensamento e a vida! - Spring School - Loja Virtual\" \/>\n<meta property=\"og:description\" content=\"7 semanas para emagrecer, mudar o pensamento e a vida! Se voc\u00ea quer olhar no espelho e se sentir feliz, esse \u00e9 o livro certo para alcan\u00e7ar seus objetivos.\" \/>\n<meta property=\"og:url\" content=\"https:\/\/loja.springschool.me\/en\/product\/7-semanas-para-emagrecer-mudar-o-pensamento-e-a-vida\/\" \/>\n<meta property=\"og:site_name\" content=\"Spring School - Loja Virtual\" \/>\n<meta property=\"article:modified_time\" content=\"2024-07-17T16:13:53+00:00\" \/>\n<meta property=\"og:image\" content=\"https:\/\/loja.springschool.me\/wp-content\/uploads\/2023\/10\/spring-school-loja-7-semanas-para-emagrecer-01.jpg\" \/>\n\t<meta property=\"og:image:width\" content=\"1000\" \/>\n\t<meta property=\"og:image:height\" content=\"1000\" \/>\n\t<meta property=\"og:image:type\" content=\"image\/jpeg\" \/>\n<meta name=\"twitter:card\" content=\"summary_large_image\" \/>\n<meta name=\"twitter:label1\" content=\"Est. reading time\" \/>\n\t<meta name=\"twitter:data1\" content=\"3 minutes\" \/>\n<script type=\"application\/ld+json\" class=\"yoast-schema-graph\">{\"@context\":\"https:\/\/schema.org\",\"@graph\":[{\"@type\":\"WebPage\",\"@id\":\"https:\/\/loja.springschool.me\/produto\/7-semanas-para-emagrecer-mudar-o-pensamento-e-a-vida\/\",\"url\":\"https:\/\/loja.springschool.me\/produto\/7-semanas-para-emagrecer-mudar-o-pensamento-e-a-vida\/\",\"name\":\"7 semanas para emagrecer, mudar o pensamento e a vida! - Spring School - Loja Virtual\",\"isPartOf\":{\"@id\":\"https:\/\/loja.springschool.me\/#website\"},\"datePublished\":\"2023-10-09T17:58:04+00:00\",\"dateModified\":\"2024-07-17T16:13:53+00:00\",\"description\":\"7 semanas para emagrecer, mudar o pensamento e a vida! Se voc\u00ea quer olhar no espelho e se sentir feliz, esse \u00e9 o livro certo para alcan\u00e7ar seus objetivos.\",\"breadcrumb\":{\"@id\":\"https:\/\/loja.springschool.me\/produto\/7-semanas-para-emagrecer-mudar-o-pensamento-e-a-vida\/#breadcrumb\"},\"inLanguage\":\"en-US\",\"potentialAction\":[{\"@type\":\"ReadAction\",\"target\":[\"https:\/\/loja.springschool.me\/produto\/7-semanas-para-emagrecer-mudar-o-pensamento-e-a-vida\/\"]}]},{\"@type\":\"BreadcrumbList\",\"@id\":\"https:\/\/loja.springschool.me\/produto\/7-semanas-para-emagrecer-mudar-o-pensamento-e-a-vida\/#breadcrumb\",\"itemListElement\":[{\"@type\":\"ListItem\",\"position\":1,\"name\":\"In\u00edcio\",\"item\":\"https:\/\/loja.springschool.me\/\"},{\"@type\":\"ListItem\",\"position\":2,\"name\":\"Shop\",\"item\":\"https:\/\/loja.springschool.me\/shop\/\"},{\"@type\":\"ListItem\",\"position\":3,\"name\":\"7 semanas para emagrecer, mudar o pensamento e a vida!\"}]},{\"@type\":\"WebSite\",\"@id\":\"https:\/\/loja.springschool.me\/#website\",\"url\":\"https:\/\/loja.springschool.me\/\",\"name\":\"Spring School - Loja Virtual\",\"description\":\"Just another WordPress site\",\"potentialAction\":[{\"@type\":\"SearchAction\",\"target\":{\"@type\":\"EntryPoint\",\"urlTemplate\":\"https:\/\/loja.springschool.me\/?s={search_term_string}\"},\"query-input\":\"required name=search_term_string\"}],\"inLanguage\":\"en-US\"}]}<\/script>\n<!-- \/ Yoast SEO plugin. -->","yoast_head_json":{"title":"7 semanas para emagrecer, mudar o pensamento e a vida! - Spring School - Loja Virtual","description":"7 semanas para emagrecer, mudar o pensamento e a vida! Se voc\u00ea quer olhar no espelho e se sentir feliz, esse \u00e9 o livro certo para alcan\u00e7ar seus objetivos.","robots":{"index":"index","follow":"follow","max-snippet":"max-snippet:-1","max-image-preview":"max-image-preview:large","max-video-preview":"max-video-preview:-1"},"canonical":"https:\/\/loja.springschool.me\/en\/product\/7-semanas-para-emagrecer-mudar-o-pensamento-e-a-vida\/","og_locale":"en_US","og_type":"article","og_title":"7 semanas para emagrecer, mudar o pensamento e a vida! - Spring School - Loja Virtual","og_description":"7 semanas para emagrecer, mudar o pensamento e a vida! Se voc\u00ea quer olhar no espelho e se sentir feliz, esse \u00e9 o livro certo para alcan\u00e7ar seus objetivos.","og_url":"https:\/\/loja.springschool.me\/en\/product\/7-semanas-para-emagrecer-mudar-o-pensamento-e-a-vida\/","og_site_name":"Spring School - Loja Virtual","article_modified_time":"2024-07-17T16:13:53+00:00","og_image":[{"width":1000,"height":1000,"url":"https:\/\/loja.springschool.me\/wp-content\/uploads\/2023\/10\/spring-school-loja-7-semanas-para-emagrecer-01.jpg","type":"image\/jpeg"}],"twitter_card":"summary_large_image","twitter_misc":{"Est. reading time":"3 minutes"},"schema":{"@context":"https:\/\/schema.org","@graph":[{"@type":"WebPage","@id":"https:\/\/loja.springschool.me\/produto\/7-semanas-para-emagrecer-mudar-o-pensamento-e-a-vida\/","url":"https:\/\/loja.springschool.me\/produto\/7-semanas-para-emagrecer-mudar-o-pensamento-e-a-vida\/","name":"7 semanas para emagrecer, mudar o pensamento e a vida! - Spring School - Loja Virtual","isPartOf":{"@id":"https:\/\/loja.springschool.me\/#website"},"datePublished":"2023-10-09T17:58:04+00:00","dateModified":"2024-07-17T16:13:53+00:00","description":"7 semanas para emagrecer, mudar o pensamento e a vida! Se voc\u00ea quer olhar no espelho e se sentir feliz, esse \u00e9 o livro certo para alcan\u00e7ar seus objetivos.","breadcrumb":{"@id":"https:\/\/loja.springschool.me\/produto\/7-semanas-para-emagrecer-mudar-o-pensamento-e-a-vida\/#breadcrumb"},"inLanguage":"en-US","potentialAction":[{"@type":"ReadAction","target":["https:\/\/loja.springschool.me\/produto\/7-semanas-para-emagrecer-mudar-o-pensamento-e-a-vida\/"]}]},{"@type":"BreadcrumbList","@id":"https:\/\/loja.springschool.me\/produto\/7-semanas-para-emagrecer-mudar-o-pensamento-e-a-vida\/#breadcrumb","itemListElement":[{"@type":"ListItem","position":1,"name":"In\u00edcio","item":"https:\/\/loja.springschool.me\/"},{"@type":"ListItem","position":2,"name":"Shop","item":"https:\/\/loja.springschool.me\/shop\/"},{"@type":"ListItem","position":3,"name":"7 semanas para emagrecer, mudar o pensamento e a vida!"}]},{"@type":"WebSite","@id":"https:\/\/loja.springschool.me\/#website","url":"https:\/\/loja.springschool.me\/","name":"Spring School - Loja Virtual","description":"Just another WordPress site","potentialAction":[{"@type":"SearchAction","target":{"@type":"EntryPoint","urlTemplate":"https:\/\/loja.springschool.me\/?s={search_term_string}"},"query-input":"required name=search_term_string"}],"inLanguage":"en-US"}]}},"_links":{"self":[{"href":"https:\/\/loja.springschool.me\/en\/wp-json\/wp\/v2\/product\/1402"}],"collection":[{"href":"https:\/\/loja.springschool.me\/en\/wp-json\/wp\/v2\/product"}],"about":[{"href":"https:\/\/loja.springschool.me\/en\/wp-json\/wp\/v2\/types\/product"}],"version-history":[{"count":1,"href":"https:\/\/loja.springschool.me\/en\/wp-json\/wp\/v2\/product\/1402\/revisions"}],"predecessor-version":[{"id":1404,"href":"https:\/\/loja.springschool.me\/en\/wp-json\/wp\/v2\/product\/1402\/revisions\/1404"}],"wp:featuredmedia":[{"embeddable":true,"href":"https:\/\/loja.springschool.me\/en\/wp-json\/wp\/v2\/media\/1403"}],"wp:attachment":[{"href":"https:\/\/loja.springschool.me\/en\/wp-json\/wp\/v2\/media?parent=1402"}],"wp:term":[{"taxonomy":"product_cat","embeddable":true,"href":"https:\/\/loja.springschool.me\/en\/wp-json\/wp\/v2\/product_cat?post=1402"},{"taxonomy":"product_tag","embeddable":true,"href":"https:\/\/loja.springschool.me\/en\/wp-json\/wp\/v2\/product_tag?post=1402"}],"curies":[{"name":"wp","href":"https:\/\/api.w.org\/{rel}","templated":true}]}}