{"id":1396,"date":"2023-10-09T17:03:17","date_gmt":"2023-10-09T17:03:17","guid":{"rendered":"https:\/\/loja.springschool.me\/?post_type=product&#038;p=1396"},"modified":"2024-07-17T16:19:51","modified_gmt":"2024-07-17T16:19:51","slug":"a-empresa-360","status":"publish","type":"product","link":"https:\/\/loja.springschool.me\/en\/product\/a-empresa-360\/","title":{"rendered":"The Company 360\u00b0"},"content":{"rendered":"<div class=\"a-expander-content a-expander-partial-collapse-content a-expander-content-expanded\" aria-expanded=\"true\">Companies are increasingly facing intense pressure to deal with the demands of diverse stakeholders: customers want socially responsible products; employees want meaningful work; investors evaluate companies based on environmental and social criteria; Activists follow every misstep of organizations. CEOs know that companies must have a role that is not only commercial, but also social; The point is that pressure from stakeholders often creates choices (or trade-offs) that are difficult to resolve, especially when they conflict with shareholder returns. How to deal with demands from all sides and still keep the business successful? The 360\u00b0 company offers a roadmap to help leaders take a panoramic look at all parties involved in a company, showing how to face trade-offs The best way is often through innovation. Using the cases of Nike and Walmart, Sarah Kaplan reveals that these difficult company choices can actually be a source of resilience and transformation.<\/div>\n<div class=\"a-expander-header a-expander-partial-collapse-header\">\n<div id=\"aplus_feature_div\" class=\"celwidget\" data-feature-name=\"aplus\" data-csa-c-type=\"widget\" data-csa-c-content-id=\"aplus\" data-csa-c-slot-id=\"aplus_feature_div\" data-csa-c-asin=\"\" data-csa-c-is-in-initial-active-row=\"false\" data-csa-c-id=\"fl9zq7-phr62j-e2c7fm-5znrpi\" data-cel-widget=\"aplus_feature_div\">\n<div id=\"aplus\" class=\"a-section a-spacing-large bucket\">\n<div class=\"aplus-v2 desktop celwidget\" data-csa-c-id=\"fm94f2-8c4p38-s0n7ui-xv4bur\" data-cel-widget=\"aplus\">\n<div class=\"celwidget aplus-module module-7 aplus-standard\" data-csa-c-id=\"gskr35-etw8yv-z4b3ma-ji71nf\" data-cel-widget=\"aplus-module-7\">\n<div class=\"aplus-module-wrapper apm-fixed-width\">\n<div class=\"apm-spacing apm-wrap\">\n<div class=\"apm-floatleft apm-wrap\">\n<div class=\"apm-centerthirdcol\">\n<h4 class=\"a-spacing-mini\">About Benvir\u00e1 | Saraiva Educa\u00e7\u00e3o business book publisher<\/h4>\n<p class=\"a-spacing-base\">Benvir\u00e1 promotes culture and entertainment to different audiences through fiction and non-fiction works. In the fiction line, the highlights are the novels and short stories written by digital influencers (such as Mica Rocha and Fred Elboni) and the books that gave rise to TV series, films and games \u2013 in addition to children&#039;s books, such as the Terra de Hist\u00f3rias series, by Chris Colfer.<\/p>\n<p class=\"a-spacing-base\">The non-fiction line is known for biographies (mainly those linked to the world of music), personal development books (with Augusto Cury as the main author) and titles focused on management, career, personal finances and innovation (bringing authors- reference like Shawn Achor and Samy Dana).<\/p>\n<\/div>\n<\/div>\n<\/div>\n<\/div>\n<h4>About the author<\/h4>\n<div>Sarah Kaplan is one of the most respected professors at the Rotman School of Management, at the University of Toronto, where she also serves as founding director of the Institute for Gender and the Economy (GATE). He is a senior fellow at the Wharton School (University of Pennsylvania) and has over a decade of experience at the McKinsey &amp; Company consultancy. She has published several academic articles \u2013 many of which have won awards for their relevance \u2013 and is the author of the best-seller Creative Destruction.<\/div>\n<\/div>\n<\/div>\n<\/div>\n<\/div>\n<\/div>","protected":false},"excerpt":{"rendered":"<p><strong>Super Promotion with limited stock!<\/strong><\/p>\n<p id=\"title\" class=\"a-spacing-none a-text-normal\"><span id=\"productTitle\" class=\"a-size-extra-large celwidget\" data-csa-c-id=\"65u3ox-eyzikv-iuc8n6-mof89\" data-cel-widget=\"productTitle\">The 360\u00b0 Company: How to take into account the interests of all stakeholders and lead your company along a path of transformation.<\/span><\/p>","protected":false},"featured_media":1397,"template":"","meta":[],"product_cat":[20],"product_tag":[68],"yoast_head":"<!-- This site is optimized with the Yoast SEO plugin v20.11 - https:\/\/yoast.com\/wordpress\/plugins\/seo\/ -->\n<title>A Empresa 360\u00b0 - Spring School - Loja Virtual<\/title>\n<meta name=\"description\" content=\"A Empresa 360\u00b0: Como levar em conta os interesses de todos os stakeholders e conduzir sua empresa por um caminho de transforma\u00e7\u00e3o.\" \/>\n<meta name=\"robots\" content=\"index, follow, max-snippet:-1, max-image-preview:large, max-video-preview:-1\" \/>\n<link rel=\"canonical\" href=\"https:\/\/loja.springschool.me\/en\/product\/a-empresa-360\/\" \/>\n<meta property=\"og:locale\" content=\"en_US\" \/>\n<meta property=\"og:type\" content=\"article\" \/>\n<meta property=\"og:title\" content=\"A Empresa 360\u00b0 - Spring School - Loja Virtual\" \/>\n<meta property=\"og:description\" content=\"A Empresa 360\u00b0: Como levar em conta os interesses de todos os stakeholders e conduzir sua empresa por um caminho de transforma\u00e7\u00e3o.\" \/>\n<meta property=\"og:url\" content=\"https:\/\/loja.springschool.me\/en\/product\/a-empresa-360\/\" \/>\n<meta property=\"og:site_name\" content=\"Spring School - Loja Virtual\" \/>\n<meta property=\"article:modified_time\" content=\"2024-07-17T16:19:51+00:00\" \/>\n<meta property=\"og:image\" content=\"https:\/\/loja.springschool.me\/wp-content\/uploads\/2023\/10\/spring-school-loja-a-empresa-360-01.jpg\" \/>\n\t<meta property=\"og:image:width\" content=\"1000\" \/>\n\t<meta property=\"og:image:height\" content=\"1000\" \/>\n\t<meta property=\"og:image:type\" content=\"image\/jpeg\" \/>\n<meta name=\"twitter:card\" content=\"summary_large_image\" \/>\n<meta name=\"twitter:label1\" content=\"Est. reading time\" \/>\n\t<meta name=\"twitter:data1\" content=\"3 minutes\" \/>\n<script type=\"application\/ld+json\" class=\"yoast-schema-graph\">{\"@context\":\"https:\/\/schema.org\",\"@graph\":[{\"@type\":\"WebPage\",\"@id\":\"https:\/\/loja.springschool.me\/en\/product\/a-empresa-360\/\",\"url\":\"https:\/\/loja.springschool.me\/en\/product\/a-empresa-360\/\",\"name\":\"A Empresa 360\u00b0 - Spring School - Loja Virtual\",\"isPartOf\":{\"@id\":\"https:\/\/loja.springschool.me\/#website\"},\"datePublished\":\"2023-10-09T17:03:17+00:00\",\"dateModified\":\"2024-07-17T16:19:51+00:00\",\"description\":\"A Empresa 360\u00b0: Como levar em conta os interesses de todos os stakeholders e conduzir sua empresa por um caminho de transforma\u00e7\u00e3o.\",\"breadcrumb\":{\"@id\":\"https:\/\/loja.springschool.me\/en\/product\/a-empresa-360\/#breadcrumb\"},\"inLanguage\":\"en-US\",\"potentialAction\":[{\"@type\":\"ReadAction\",\"target\":[\"https:\/\/loja.springschool.me\/en\/product\/a-empresa-360\/\"]}]},{\"@type\":\"BreadcrumbList\",\"@id\":\"https:\/\/loja.springschool.me\/en\/product\/a-empresa-360\/#breadcrumb\",\"itemListElement\":[{\"@type\":\"ListItem\",\"position\":1,\"name\":\"In\u00edcio\",\"item\":\"https:\/\/loja.springschool.me\/\"},{\"@type\":\"ListItem\",\"position\":2,\"name\":\"Shop\",\"item\":\"https:\/\/loja.springschool.me\/shop\/\"},{\"@type\":\"ListItem\",\"position\":3,\"name\":\"A Empresa 360\u00b0\"}]},{\"@type\":\"WebSite\",\"@id\":\"https:\/\/loja.springschool.me\/#website\",\"url\":\"https:\/\/loja.springschool.me\/\",\"name\":\"Spring School - Loja Virtual\",\"description\":\"Just another WordPress site\",\"potentialAction\":[{\"@type\":\"SearchAction\",\"target\":{\"@type\":\"EntryPoint\",\"urlTemplate\":\"https:\/\/loja.springschool.me\/?s={search_term_string}\"},\"query-input\":\"required name=search_term_string\"}],\"inLanguage\":\"en-US\"}]}<\/script>\n<!-- \/ Yoast SEO plugin. -->","yoast_head_json":{"title":"A Empresa 360\u00b0 - Spring School - Loja Virtual","description":"A Empresa 360\u00b0: Como levar em conta os interesses de todos os stakeholders e conduzir sua empresa por um caminho de transforma\u00e7\u00e3o.","robots":{"index":"index","follow":"follow","max-snippet":"max-snippet:-1","max-image-preview":"max-image-preview:large","max-video-preview":"max-video-preview:-1"},"canonical":"https:\/\/loja.springschool.me\/en\/product\/a-empresa-360\/","og_locale":"en_US","og_type":"article","og_title":"A Empresa 360\u00b0 - Spring School - Loja Virtual","og_description":"A Empresa 360\u00b0: Como levar em conta os interesses de todos os stakeholders e conduzir sua empresa por um caminho de transforma\u00e7\u00e3o.","og_url":"https:\/\/loja.springschool.me\/en\/product\/a-empresa-360\/","og_site_name":"Spring School - Loja Virtual","article_modified_time":"2024-07-17T16:19:51+00:00","og_image":[{"width":1000,"height":1000,"url":"https:\/\/loja.springschool.me\/wp-content\/uploads\/2023\/10\/spring-school-loja-a-empresa-360-01.jpg","type":"image\/jpeg"}],"twitter_card":"summary_large_image","twitter_misc":{"Est. reading time":"3 minutes"},"schema":{"@context":"https:\/\/schema.org","@graph":[{"@type":"WebPage","@id":"https:\/\/loja.springschool.me\/en\/product\/a-empresa-360\/","url":"https:\/\/loja.springschool.me\/en\/product\/a-empresa-360\/","name":"A Empresa 360\u00b0 - Spring School - Loja Virtual","isPartOf":{"@id":"https:\/\/loja.springschool.me\/#website"},"datePublished":"2023-10-09T17:03:17+00:00","dateModified":"2024-07-17T16:19:51+00:00","description":"A Empresa 360\u00b0: Como levar em conta os interesses de todos os stakeholders e conduzir sua empresa por um caminho de transforma\u00e7\u00e3o.","breadcrumb":{"@id":"https:\/\/loja.springschool.me\/en\/product\/a-empresa-360\/#breadcrumb"},"inLanguage":"en-US","potentialAction":[{"@type":"ReadAction","target":["https:\/\/loja.springschool.me\/en\/product\/a-empresa-360\/"]}]},{"@type":"BreadcrumbList","@id":"https:\/\/loja.springschool.me\/en\/product\/a-empresa-360\/#breadcrumb","itemListElement":[{"@type":"ListItem","position":1,"name":"In\u00edcio","item":"https:\/\/loja.springschool.me\/"},{"@type":"ListItem","position":2,"name":"Shop","item":"https:\/\/loja.springschool.me\/shop\/"},{"@type":"ListItem","position":3,"name":"A Empresa 360\u00b0"}]},{"@type":"WebSite","@id":"https:\/\/loja.springschool.me\/#website","url":"https:\/\/loja.springschool.me\/","name":"Spring School - Loja Virtual","description":"Just another WordPress site","potentialAction":[{"@type":"SearchAction","target":{"@type":"EntryPoint","urlTemplate":"https:\/\/loja.springschool.me\/?s={search_term_string}"},"query-input":"required name=search_term_string"}],"inLanguage":"en-US"}]}},"_links":{"self":[{"href":"https:\/\/loja.springschool.me\/en\/wp-json\/wp\/v2\/product\/1396"}],"collection":[{"href":"https:\/\/loja.springschool.me\/en\/wp-json\/wp\/v2\/product"}],"about":[{"href":"https:\/\/loja.springschool.me\/en\/wp-json\/wp\/v2\/types\/product"}],"version-history":[{"count":1,"href":"https:\/\/loja.springschool.me\/en\/wp-json\/wp\/v2\/product\/1396\/revisions"}],"predecessor-version":[{"id":1398,"href":"https:\/\/loja.springschool.me\/en\/wp-json\/wp\/v2\/product\/1396\/revisions\/1398"}],"wp:featuredmedia":[{"embeddable":true,"href":"https:\/\/loja.springschool.me\/en\/wp-json\/wp\/v2\/media\/1397"}],"wp:attachment":[{"href":"https:\/\/loja.springschool.me\/en\/wp-json\/wp\/v2\/media?parent=1396"}],"wp:term":[{"taxonomy":"product_cat","embeddable":true,"href":"https:\/\/loja.springschool.me\/en\/wp-json\/wp\/v2\/product_cat?post=1396"},{"taxonomy":"product_tag","embeddable":true,"href":"https:\/\/loja.springschool.me\/en\/wp-json\/wp\/v2\/product_tag?post=1396"}],"curies":[{"name":"wp","href":"https:\/\/api.w.org\/{rel}","templated":true}]}}