{"id":1392,"date":"2023-10-09T16:52:43","date_gmt":"2023-10-09T16:52:43","guid":{"rendered":"https:\/\/loja.springschool.me\/?post_type=product&#038;p=1392"},"modified":"2024-07-17T16:11:37","modified_gmt":"2024-07-17T16:11:37","slug":"estrategia-conectada","status":"publish","type":"product","link":"https:\/\/loja.springschool.me\/en\/product\/estrategia-conectada\/","title":{"rendered":"Connected Strategy"},"content":{"rendered":"<p>Connectivity is transforming the way companies deliver their products and services, some even anticipating their customers&#039; wishes. How can you create a competitive advantage in this scenario and find the best tools and models to build a connected strategy for your organization? In this book, strategy and operations experts Nicolaj Siggelkow and Christian Terwiesch show, using examples from large companies such as Nike and Disney, how any executive can adapt their business to this new management model, which is based on an ever-changing relationship. closer to the customer. Connected strategies are, after all, win-win: customers get a vastly improved experience while companies achieve greater operational efficiency and, consequently, greater financial success.<\/p>\n<h4 class=\"a-spacing-mini\">About Benvir\u00e1<\/h4>\n<p class=\"a-spacing-base\">Benvir\u00e1 promotes culture and entertainment to different audiences through fiction and non-fiction works. In the fiction line, the highlights are the novels and short stories written by digital influencers (such as Mica Rocha and Fred Elboni) and the books that gave rise to TV series, films and games \u2013 in addition to children&#039;s books, such as the Terra de Hist\u00f3rias series, by Chris Colfer.<\/p>\n<p class=\"a-spacing-base\">The non-fiction line is known for biographies (mainly those linked to the world of music), personal development books (with Augusto Cury as the main author) and titles focused on management, career, personal finances and innovation (bringing authors- reference like Shawn Achor and Samy Dana).<\/p>\n<h4>About the authors | Nicolaj Siggelkowe Christian Terwiesch<\/h4>\n<p class=\"a-spacing-small a-size-small\">They are professors at the Wharton School, a business school linked to the University of Pennsylvania, where they also serve as co-directors of the Mack Institute for Innovation Management. His research has already been published in important academic journals.<\/p>\n<p class=\"a-spacing-small a-size-small\"><span class=\"a-text-bold\">Siggelkow\u00a0<\/span>He has won more than thirty academic awards and directs many executive education programs on strategy at Wharton. He also works with companies around the world to help them create differentiated strategies.<\/p>\n<p class=\"a-spacing-small a-size-small\"><span class=\"a-text-bold\">Terwiesch<\/span>\u00a0is an award-winning professor with extensive experience in MBAs, online courses and executive education.<\/p>","protected":false},"excerpt":{"rendered":"<p><strong>Super Promotion with limited stock! <\/strong><\/p>\n<p>Connected Strategy: how to build ongoing customer relationships and achieve competitive advantage.<\/p>\n<p><em>\u201cThis inspiring book blends academic rigor with practical tools that can help you create innovative business models for the Intercepted Era. Read this book if you want to build a future business model.\u201d<\/em><\/p>\n<p><strong>Reid Hoffman<\/strong>, co-founder of LinkedIn and co-author of Blitzscaling.<\/p>","protected":false},"featured_media":1393,"template":"","meta":[],"product_cat":[20],"product_tag":[66,67],"yoast_head":"<!-- This site is optimized with the Yoast SEO plugin v20.11 - https:\/\/yoast.com\/wordpress\/plugins\/seo\/ -->\n<title>Estrat\u00e9gia Conectada - Spring School - Loja Virtual<\/title>\n<meta name=\"description\" content=\"Promo\u00e7\u00e3o com estoque limitado! Estrat\u00e9gia Conectada: como construir relacionamentos cont\u00ednuos com clientes e alcan\u00e7ar vantagem competitiva.\" \/>\n<meta name=\"robots\" content=\"index, follow, max-snippet:-1, max-image-preview:large, max-video-preview:-1\" \/>\n<link rel=\"canonical\" href=\"https:\/\/loja.springschool.me\/en\/product\/estrategia-conectada\/\" \/>\n<meta property=\"og:locale\" content=\"en_US\" \/>\n<meta property=\"og:type\" content=\"article\" \/>\n<meta property=\"og:title\" content=\"Estrat\u00e9gia Conectada - Spring School - Loja Virtual\" \/>\n<meta property=\"og:description\" content=\"Promo\u00e7\u00e3o com estoque limitado! Estrat\u00e9gia Conectada: como construir relacionamentos cont\u00ednuos com clientes e alcan\u00e7ar vantagem competitiva.\" \/>\n<meta property=\"og:url\" content=\"https:\/\/loja.springschool.me\/en\/product\/estrategia-conectada\/\" \/>\n<meta property=\"og:site_name\" content=\"Spring School - Loja Virtual\" \/>\n<meta property=\"article:modified_time\" content=\"2024-07-17T16:11:37+00:00\" \/>\n<meta property=\"og:image\" content=\"https:\/\/loja.springschool.me\/wp-content\/uploads\/2023\/10\/spring-school-loja-livro-estrategia-conectada-01.jpg\" \/>\n\t<meta property=\"og:image:width\" content=\"1000\" \/>\n\t<meta property=\"og:image:height\" content=\"1000\" \/>\n\t<meta property=\"og:image:type\" content=\"image\/jpeg\" \/>\n<meta name=\"twitter:card\" content=\"summary_large_image\" \/>\n<meta name=\"twitter:label1\" content=\"Est. reading time\" \/>\n\t<meta name=\"twitter:data1\" content=\"2 minutes\" \/>\n<script type=\"application\/ld+json\" class=\"yoast-schema-graph\">{\"@context\":\"https:\/\/schema.org\",\"@graph\":[{\"@type\":\"WebPage\",\"@id\":\"https:\/\/loja.springschool.me\/ja\/product\/estrategia-conectada\/\",\"url\":\"https:\/\/loja.springschool.me\/ja\/product\/estrategia-conectada\/\",\"name\":\"Estrat\u00e9gia Conectada - Spring School - Loja Virtual\",\"isPartOf\":{\"@id\":\"https:\/\/loja.springschool.me\/#website\"},\"datePublished\":\"2023-10-09T16:52:43+00:00\",\"dateModified\":\"2024-07-17T16:11:37+00:00\",\"description\":\"Promo\u00e7\u00e3o com estoque limitado! Estrat\u00e9gia Conectada: como construir relacionamentos cont\u00ednuos com clientes e alcan\u00e7ar vantagem competitiva.\",\"breadcrumb\":{\"@id\":\"https:\/\/loja.springschool.me\/ja\/product\/estrategia-conectada\/#breadcrumb\"},\"inLanguage\":\"en-US\",\"potentialAction\":[{\"@type\":\"ReadAction\",\"target\":[\"https:\/\/loja.springschool.me\/ja\/product\/estrategia-conectada\/\"]}]},{\"@type\":\"BreadcrumbList\",\"@id\":\"https:\/\/loja.springschool.me\/ja\/product\/estrategia-conectada\/#breadcrumb\",\"itemListElement\":[{\"@type\":\"ListItem\",\"position\":1,\"name\":\"In\u00edcio\",\"item\":\"https:\/\/loja.springschool.me\/\"},{\"@type\":\"ListItem\",\"position\":2,\"name\":\"Shop\",\"item\":\"https:\/\/loja.springschool.me\/shop\/\"},{\"@type\":\"ListItem\",\"position\":3,\"name\":\"Estrat\u00e9gia Conectada\"}]},{\"@type\":\"WebSite\",\"@id\":\"https:\/\/loja.springschool.me\/#website\",\"url\":\"https:\/\/loja.springschool.me\/\",\"name\":\"Spring School - Loja Virtual\",\"description\":\"Just another WordPress site\",\"potentialAction\":[{\"@type\":\"SearchAction\",\"target\":{\"@type\":\"EntryPoint\",\"urlTemplate\":\"https:\/\/loja.springschool.me\/?s={search_term_string}\"},\"query-input\":\"required name=search_term_string\"}],\"inLanguage\":\"en-US\"}]}<\/script>\n<!-- \/ Yoast SEO plugin. -->","yoast_head_json":{"title":"Estrat\u00e9gia Conectada - Spring School - Loja Virtual","description":"Promo\u00e7\u00e3o com estoque limitado! Estrat\u00e9gia Conectada: como construir relacionamentos cont\u00ednuos com clientes e alcan\u00e7ar vantagem competitiva.","robots":{"index":"index","follow":"follow","max-snippet":"max-snippet:-1","max-image-preview":"max-image-preview:large","max-video-preview":"max-video-preview:-1"},"canonical":"https:\/\/loja.springschool.me\/en\/product\/estrategia-conectada\/","og_locale":"en_US","og_type":"article","og_title":"Estrat\u00e9gia Conectada - Spring School - Loja Virtual","og_description":"Promo\u00e7\u00e3o com estoque limitado! Estrat\u00e9gia Conectada: como construir relacionamentos cont\u00ednuos com clientes e alcan\u00e7ar vantagem competitiva.","og_url":"https:\/\/loja.springschool.me\/en\/product\/estrategia-conectada\/","og_site_name":"Spring School - Loja Virtual","article_modified_time":"2024-07-17T16:11:37+00:00","og_image":[{"width":1000,"height":1000,"url":"https:\/\/loja.springschool.me\/wp-content\/uploads\/2023\/10\/spring-school-loja-livro-estrategia-conectada-01.jpg","type":"image\/jpeg"}],"twitter_card":"summary_large_image","twitter_misc":{"Est. reading time":"2 minutes"},"schema":{"@context":"https:\/\/schema.org","@graph":[{"@type":"WebPage","@id":"https:\/\/loja.springschool.me\/ja\/product\/estrategia-conectada\/","url":"https:\/\/loja.springschool.me\/ja\/product\/estrategia-conectada\/","name":"Estrat\u00e9gia Conectada - Spring School - Loja Virtual","isPartOf":{"@id":"https:\/\/loja.springschool.me\/#website"},"datePublished":"2023-10-09T16:52:43+00:00","dateModified":"2024-07-17T16:11:37+00:00","description":"Promo\u00e7\u00e3o com estoque limitado! Estrat\u00e9gia Conectada: como construir relacionamentos cont\u00ednuos com clientes e alcan\u00e7ar vantagem competitiva.","breadcrumb":{"@id":"https:\/\/loja.springschool.me\/ja\/product\/estrategia-conectada\/#breadcrumb"},"inLanguage":"en-US","potentialAction":[{"@type":"ReadAction","target":["https:\/\/loja.springschool.me\/ja\/product\/estrategia-conectada\/"]}]},{"@type":"BreadcrumbList","@id":"https:\/\/loja.springschool.me\/ja\/product\/estrategia-conectada\/#breadcrumb","itemListElement":[{"@type":"ListItem","position":1,"name":"In\u00edcio","item":"https:\/\/loja.springschool.me\/"},{"@type":"ListItem","position":2,"name":"Shop","item":"https:\/\/loja.springschool.me\/shop\/"},{"@type":"ListItem","position":3,"name":"Estrat\u00e9gia Conectada"}]},{"@type":"WebSite","@id":"https:\/\/loja.springschool.me\/#website","url":"https:\/\/loja.springschool.me\/","name":"Spring School - Loja Virtual","description":"Just another WordPress site","potentialAction":[{"@type":"SearchAction","target":{"@type":"EntryPoint","urlTemplate":"https:\/\/loja.springschool.me\/?s={search_term_string}"},"query-input":"required name=search_term_string"}],"inLanguage":"en-US"}]}},"_links":{"self":[{"href":"https:\/\/loja.springschool.me\/en\/wp-json\/wp\/v2\/product\/1392"}],"collection":[{"href":"https:\/\/loja.springschool.me\/en\/wp-json\/wp\/v2\/product"}],"about":[{"href":"https:\/\/loja.springschool.me\/en\/wp-json\/wp\/v2\/types\/product"}],"version-history":[{"count":2,"href":"https:\/\/loja.springschool.me\/en\/wp-json\/wp\/v2\/product\/1392\/revisions"}],"predecessor-version":[{"id":1395,"href":"https:\/\/loja.springschool.me\/en\/wp-json\/wp\/v2\/product\/1392\/revisions\/1395"}],"wp:featuredmedia":[{"embeddable":true,"href":"https:\/\/loja.springschool.me\/en\/wp-json\/wp\/v2\/media\/1393"}],"wp:attachment":[{"href":"https:\/\/loja.springschool.me\/en\/wp-json\/wp\/v2\/media?parent=1392"}],"wp:term":[{"taxonomy":"product_cat","embeddable":true,"href":"https:\/\/loja.springschool.me\/en\/wp-json\/wp\/v2\/product_cat?post=1392"},{"taxonomy":"product_tag","embeddable":true,"href":"https:\/\/loja.springschool.me\/en\/wp-json\/wp\/v2\/product_tag?post=1392"}],"curies":[{"name":"wp","href":"https:\/\/api.w.org\/{rel}","templated":true}]}}